{"id":269,"date":"2016-10-07T20:29:41","date_gmt":"2016-10-07T18:29:41","guid":{"rendered":"http:\/\/www.muenster.org\/zwar-wolbeck\/?page_id=269"},"modified":"2019-09-04T11:44:47","modified_gmt":"2019-09-04T09:44:47","slug":"planung","status":"publish","type":"page","link":"https:\/\/www.muenster.org\/zwar-wolbeck\/planung\/","title":{"rendered":"Kunst &#038; Handwerk"},"content":{"rendered":"<p><span style=\"font-family: helvetica, arial, sans-serif;\">\n<table id=\"tablepress-6\" class=\"tablepress tablepress-id-6\">\n<tbody class=\"row-hover\">\n<tr class=\"row-1\">\n\t<td class=\"column-1\">Termin<\/td><td class=\"column-2\">Alle drei bis vier Wochen<\/td>\n<\/tr>\n<tr class=\"row-2\">\n\t<td class=\"column-1\">Uhrzeit<\/td><td class=\"column-2\">Nach Vereinbarung<\/td>\n<\/tr>\n<tr class=\"row-3\">\n\t<td class=\"column-1\">Ort<\/td><td class=\"column-2\">Entweder Privat oder Zoom-Treffen<\/td>\n<\/tr>\n<tr class=\"row-4\">\n\t<td class=\"column-1\">Kontakt<\/td><td class=\"column-2\">Gabi             -          [g.hausmann(at)web.de]<\/td>\n<\/tr>\n<tr class=\"row-5\">\n\t<td class=\"column-1\">Besonderes<\/td><td class=\"column-2\">Thema: Verschiedenes \/ Aquarell<\/td>\n<\/tr>\n<\/tbody>\n<\/table>\n<!-- #tablepress-6 from cache --><\/span><\/p>\n<p style=\"text-align: justify;\"><span style=\"color: #003300; font-size: 14pt; font-family: helvetica, arial, sans-serif;\">Die Gruppe \u201eKunst &amp; Handwerk\u201c richtet sich an alle k\u00fcnstlerisch und kreativ Interessierte. Hier kann jede eigene\u00a0 oder originelle Fertigkeit und Idee ausprobiert und getestet werden: Acryl- oder Aquarellmalerei, Kreide- und Bleistiftzeichnungen, Papiersch\u00f6pfen, Specksteinarbeiten und Postkarten gestalten, alles ist m\u00f6glich. Unsere Interessen und Ideen sind vielf\u00e4ltig. Entdecken Sie mit uns ihre kreativen Fertigkeiten und Einf\u00e4lle!<\/span><\/p>\n<p><span style=\"font-family: helvetica, arial, sans-serif; font-size: 12pt; color: #003300;\">\u00a0<\/span><\/p>\n","protected":false},"excerpt":{"rendered":"<p>Die Gruppe \u201eKunst &amp; Handwerk\u201c richtet sich an alle k\u00fcnstlerisch und kreativ Interessierte. Hier kann jede eigene\u00a0 oder originelle Fertigkeit und Idee ausprobiert und getestet werden: Acryl- oder Aquarellmalerei, Kreide- und Bleistiftzeichnungen, Papiersch\u00f6pfen, Specksteinarbeiten und Postkarten gestalten, alles ist m\u00f6glich. &hellip; <a href=\"https:\/\/www.muenster.org\/zwar-wolbeck\/planung\/\">Weiterlesen <span class=\"meta-nav\">&rarr;<\/span><\/a><\/p>\n","protected":false},"author":1,"featured_media":0,"parent":0,"menu_order":0,"comment_status":"closed","ping_status":"closed","template":"","meta":{"_bbp_topic_count":0,"_bbp_reply_count":0,"_bbp_total_topic_count":0,"_bbp_total_reply_count":0,"_bbp_voice_count":0,"_bbp_anonymous_reply_count":0,"_bbp_topic_count_hidden":0,"_bbp_reply_count_hidden":0,"_bbp_forum_subforum_count":0,"footnotes":""},"class_list":["post-269","page","type-page","status-publish","hentry"],"_links":{"self":[{"href":"https:\/\/www.muenster.org\/zwar-wolbeck\/wp-json\/wp\/v2\/pages\/269","targetHints":{"allow":["GET"]}}],"collection":[{"href":"https:\/\/www.muenster.org\/zwar-wolbeck\/wp-json\/wp\/v2\/pages"}],"about":[{"href":"https:\/\/www.muenster.org\/zwar-wolbeck\/wp-json\/wp\/v2\/types\/page"}],"author":[{"embeddable":true,"href":"https:\/\/www.muenster.org\/zwar-wolbeck\/wp-json\/wp\/v2\/users\/1"}],"replies":[{"embeddable":true,"href":"https:\/\/www.muenster.org\/zwar-wolbeck\/wp-json\/wp\/v2\/comments?post=269"}],"version-history":[{"count":41,"href":"https:\/\/www.muenster.org\/zwar-wolbeck\/wp-json\/wp\/v2\/pages\/269\/revisions"}],"predecessor-version":[{"id":2033,"href":"https:\/\/www.muenster.org\/zwar-wolbeck\/wp-json\/wp\/v2\/pages\/269\/revisions\/2033"}],"wp:attachment":[{"href":"https:\/\/www.muenster.org\/zwar-wolbeck\/wp-json\/wp\/v2\/media?parent=269"}],"curies":[{"name":"wp","href":"https:\/\/api.w.org\/{rel}","templated":true}]}}