{"id":565,"date":"2018-07-10T13:55:07","date_gmt":"2018-07-10T11:55:07","guid":{"rendered":"http:\/\/www.muenster.org\/wolbeckentdecken\/?page_id=565"},"modified":"2022-02-04T17:37:05","modified_gmt":"2022-02-04T16:37:05","slug":"impressum","status":"publish","type":"page","link":"https:\/\/www.muenster.org\/wolbeckentdecken\/impressum\/","title":{"rendered":"Impressum"},"content":{"rendered":"<p style=\"margin: 0.14em 0em 0em 0.57em;\">&nbsp;<\/p>\n<p style=\"padding-left: 30px;\">Inhaltlich Verantwortlicher: Willi Schriek, Silberbrink 29<\/p>\n<p style=\"padding-left: 30px;\">E-Mail (inhaltlich): vorstand@buergerforum-wolbeck.de<\/p>\n<p style=\"padding-left: 30px;\">Technisch Verantwortlicher: Rolf M\u00fcller<\/p>\n<p style=\"padding-left: 30px;\">&nbsp;<\/p>\n<p style=\"padding-left: 30px;\"><strong>Die auf den Webseiten gezeigten Bilder wurden von Vereinsmitgliedern und von Freunden zur Verf\u00fcgung gestellt.<\/strong><\/p>\n<p style=\"padding-left: 30px;\"><strong>Vielen Dank!<\/strong><\/p>\n<p>&nbsp;<\/p>\n<p style=\"padding-left: 30px;\">Disclaimer<\/p>\n<p style=\"padding-left: 30px;\">* Haftungsbeschr\u00e4nkung f\u00fcr eigene Inhalte<\/p>\n<p style=\"padding-left: 30px;\">Die Inhalte unserer Webseiten wurden sorgf\u00e4ltig und nach bestem Gewissen erstellt. Gleichwohl kann f\u00fcr die Aktualit\u00e4t, Vollst\u00e4ndigkeit und Richtigkeit s\u00e4mtlicher Seiten keine Gew\u00e4hr \u00fcbernommen werden. Gem\u00e4\u00df \u00a7 7 Abs. 1 TMG sind wir als Diensteanbieter f\u00fcr eigene Inhalte auf diesen Seiten nach den allgemeinen Gesetzen verantwortlich. Wir sind als Diensteanbieter nach den \u00a7\u00a7 8 bis 10 TMG jedoch nicht verpflichtet, \u00fcbermittelte oder gespeicherte fremde Informationen zu \u00fcberwachen. Ab dem Zeitpunkt der Kenntnis einer konkreten Rechtsverletzung erfolgt eine umgehende Entfernung dieser Inhalte durch uns. Eine diesbez\u00fcgliche Haftung kann erst ab dem Zeitpunkt der Kenntniserlangung \u00fcbernommen werden.<\/p>\n<p style=\"padding-left: 30px;\">* Haftungsbeschr\u00e4nkung f\u00fcr externe Links<\/p>\n<p style=\"padding-left: 30px;\">Unsere Webseite enth\u00e4lt Verkn\u00fcpfungen zu Webseiten Dritter (sog. \u017eexterne Links). Da wir auf deren Inhalte keinen Einfluss haben, kann f\u00fcr die fremden Inhalte keine Gew\u00e4hr \u00fcbernommen werden. F\u00fcr die Inhalte und Richtigkeit der Informationen ist stets der jeweilige Informationsanbieter der verlinkten Webseite verantwortlich. Zum Zeitpunkt der Verlinkung waren keine Rechtsverst\u00f6\u00dfe erkennbar. Sobald uns eine Rechtsverletzung bekannt wird, werden wir den jeweiligen Link umgehend entfernen.<\/p>\n<p style=\"padding-left: 30px;\">* Urheberrecht<\/p>\n<p style=\"padding-left: 30px;\">Die auf dieser Webseite ver\u00f6ffentlichten Inhalte und Werke unterliegen dem deutschen Urheberrecht. Jede Vervielf\u00e4ltigung, Bearbeitung, Verbreitung und jede Art der Verwertung au\u00dferhalb der Grenzen des Urheberrechts bed\u00fcrfen der vorherigen schriftlichen Zustimmung des jeweiligen Urhebers bzw. Autors.<\/p>\n<p style=\"padding-left: 30px;\">Weitere Rechte Dritter:<\/p>\n<p style=\"padding-left: 30px;\">Alle auf den Webseiten gezeigten oder genannten Firmen- und Vereinsnamen, Firmen- und Vereinslogos, Markennamen, Handelsmarken und andere Embleme sind Eigentum der jeweiligen Inhaber und unterliegen als solche dem gesetzlichen Warenzeichen-, Marken- und patentrechtlichen Schutz.<\/p>\n","protected":false},"excerpt":{"rendered":"<p>&nbsp; Inhaltlich Verantwortlicher: Willi Schriek, Silberbrink 29 E-Mail (inhaltlich): vorstand@buergerforum-wolbeck.de Technisch Verantwortlicher: Rolf M\u00fcller &nbsp; Die auf den Webseiten gezeigten Bilder wurden von Vereinsmitgliedern und von Freunden zur Verf\u00fcgung gestellt. Vielen Dank! &nbsp; Disclaimer * Haftungsbeschr\u00e4nkung f\u00fcr eigene Inhalte Die &hellip;<\/p>\n<p><a href=\"https:\/\/www.muenster.org\/wolbeckentdecken\/impressum\/\">Continue Reading<span class=\"meta-nav\">&rarr;<\/span><\/a><\/p>\n","protected":false},"author":2,"featured_media":0,"parent":0,"menu_order":0,"comment_status":"closed","ping_status":"closed","template":"","meta":{"ngg_post_thumbnail":0,"spay_email":""},"jetpack_sharing_enabled":true,"jetpack_shortlink":"https:\/\/wp.me\/Pa2lO4-97","_links":{"self":[{"href":"https:\/\/www.muenster.org\/wolbeckentdecken\/wp-json\/wp\/v2\/pages\/565"}],"collection":[{"href":"https:\/\/www.muenster.org\/wolbeckentdecken\/wp-json\/wp\/v2\/pages"}],"about":[{"href":"https:\/\/www.muenster.org\/wolbeckentdecken\/wp-json\/wp\/v2\/types\/page"}],"author":[{"embeddable":true,"href":"https:\/\/www.muenster.org\/wolbeckentdecken\/wp-json\/wp\/v2\/users\/2"}],"replies":[{"embeddable":true,"href":"https:\/\/www.muenster.org\/wolbeckentdecken\/wp-json\/wp\/v2\/comments?post=565"}],"version-history":[{"count":7,"href":"https:\/\/www.muenster.org\/wolbeckentdecken\/wp-json\/wp\/v2\/pages\/565\/revisions"}],"predecessor-version":[{"id":1201,"href":"https:\/\/www.muenster.org\/wolbeckentdecken\/wp-json\/wp\/v2\/pages\/565\/revisions\/1201"}],"wp:attachment":[{"href":"https:\/\/www.muenster.org\/wolbeckentdecken\/wp-json\/wp\/v2\/media?parent=565"}],"curies":[{"name":"wp","href":"https:\/\/api.w.org\/{rel}","templated":true}]}}