{"id":133,"date":"2018-06-16T10:45:55","date_gmt":"2018-06-16T08:45:55","guid":{"rendered":"http:\/\/www.muenster.org\/wolbeckentdecken\/?page_id=133"},"modified":"2022-03-09T18:59:55","modified_gmt":"2022-03-09T17:59:55","slug":"radtouren","status":"publish","type":"page","link":"https:\/\/www.muenster.org\/wolbeckentdecken\/radtouren\/","title":{"rendered":"Radtouren"},"content":{"rendered":"<p><a href=\"https:\/\/www.muenster.org\/wolbeckentdecken\/wp-content\/uploads\/2018\/07\/1.1-Wolbeck-M\u00fcnster-\u00dcbersichtskarte.pdf\">1.1&nbsp; Wolbeck &#8211; M\u00fcnster&nbsp; (\u00dcbersichtskarte)<\/a><\/p>\n<p><a href=\"https:\/\/www.muenster.org\/wolbeckentdecken\/wp-content\/uploads\/2018\/07\/1.2-Wolbeck-M\u00fcnster-Beschereibung.pdf\">1.2&nbsp; Wolbeck &#8211; M\u00fcnster&nbsp; (Beschereibung)<\/a><\/p>\n<p><a href=\"https:\/\/www.muenster.org\/wolbeckentdecken\/wp-content\/uploads\/2018\/07\/2.1-Wolbeck-Sendenhorst-\u00dcbersichtskarte.pdf\">2.1&nbsp; Wolbeck &#8211; Hoetmar &#8211; Sendenhorst&nbsp; (\u00dcbersichtskarte)<\/a><\/p>\n<p><a href=\"https:\/\/www.muenster.org\/wolbeckentdecken\/wp-content\/uploads\/2018\/07\/2.3-Vorderseite-Wolbeck-Sendenhorst.pdf\">2.2&nbsp; Wolbeck &#8211; Hoetmar &#8211; Sendenhorst&nbsp; &nbsp;(Beschreibung)<\/a><\/p>\n<p><a href=\"https:\/\/www.muenster.org\/wolbeckentdecken\/wp-content\/uploads\/2018\/07\/3.1-Wolbeck-Drensteinfurt-\u00dcbersichtskarte.pdf\">3.1&nbsp; Wolbeck &#8211; Rinkerode &#8211; Drensteinfurt&nbsp; (\u00dcbersichtskarte)<\/a><\/p>\n<p><a href=\"https:\/\/www.muenster.org\/wolbeckentdecken\/wp-content\/uploads\/2018\/07\/3.2-Wolbeck-Drensteinfurt-Beschreibung.pdf\">3.2&nbsp; Wolbeck &#8211; Rinkerode &#8211; Drensteinfurt&nbsp; (Beschreibung)<\/a><\/p>\n<p><a href=\"https:\/\/www.muenster.org\/wolbeckentdecken\/wp-content\/uploads\/2018\/07\/4.1-Wolbeck-Handorf-Telgte-\u00dcbersichtskarte-1.pdf\">4.1&nbsp; Wolbeck &#8211; Telgte &#8211; Handorf&nbsp; &nbsp;(\u00dcbersichtskarte)<\/a><\/p>\n<p><a href=\"https:\/\/www.muenster.org\/wolbeckentdecken\/wp-content\/uploads\/2018\/07\/4.2-Wolbeck-Handorf-Telgte-Beschreibung-1.pdf\">4.2&nbsp; Wolbeck &#8211; Telgte &#8211; Handorf&nbsp; (Beschreibung)<\/a><\/p>\n<p><a href=\"https:\/\/www.muenster.org\/wolbeckentdecken\/wp-content\/uploads\/2018\/07\/5.-Wolbeck-Rundum.pdf\">5.&nbsp; &nbsp; Rund um Wolbeck&nbsp; (\u00dcbersichtskarte und Beschreibung)<\/a><\/p>\n<p><a href=\"https:\/\/www.muenster.org\/wolbeckentdecken\/wp-content\/uploads\/2018\/07\/6.-Wolbeck-Davensberg.pdf\">6.&nbsp; &nbsp; Wolbeck &#8211; Davensberg und Wolbeck &#8211; Venner Moor&nbsp; (\u00dcbersichtskarte und Beschreibung)<\/a><\/p>\n<p><a href=\"https:\/\/www.muenster.org\/wolbeckentdecken\/wp-content\/uploads\/2018\/07\/7.-Wolbeck-Warendorf.pdf\">7.&nbsp; &nbsp; Wolbeck &#8211; Warendorf, alternativ \u00fcber Telgte&nbsp; (\u00dcbersichtskarte und Beschreibung)<\/a><\/p>\n<p><a href=\"https:\/\/www.muenster.org\/wolbeckentdecken\/wp-content\/uploads\/2018\/07\/8.-Wolbeck-Gimbte-Rieselfelder.pdf\">8.&nbsp; &nbsp; Wolbeck &#8211; Gimbte &#8211; Rieselfelder&nbsp; (2 \u00dcbersichtskarten und Beschreibung)<\/a><\/p>\n<p><a href=\"https:\/\/www.muenster.org\/wolbeckentdecken\/wp-content\/uploads\/2018\/07\/9.-Spazierfahrt.pdf\">9.&nbsp; &nbsp; Spazierfahrt zu interessanten St\u00e4tten in Wolbeck&nbsp; (\u00fcbersichtskarte mit Beschreibung)<\/a><\/p>\n<p><a href=\"https:\/\/www.muenster.org\/wolbeckentdecken\/wp-content\/uploads\/2018\/07\/10.-Radregion-um-Wolbeck.pdf\">10.&nbsp; Radregion um Wolbeck&nbsp; (\u00dcbersichtskarte und Beschreibung)<\/a><\/p>\n<p>&nbsp;<\/p>\n<h4 style=\"padding-left: 30px;\"><span style=\"color: #ff0000;\">Die Hinweise auf Hotels, Gastst\u00e4tten und Caf\u00e9s sind nicht mehr aktuell.<\/span><\/h4>\n","protected":false},"excerpt":{"rendered":"<p>1.1&nbsp; Wolbeck &#8211; M\u00fcnster&nbsp; (\u00dcbersichtskarte) 1.2&nbsp; Wolbeck &#8211; M\u00fcnster&nbsp; (Beschereibung) 2.1&nbsp; Wolbeck &#8211; Hoetmar &#8211; Sendenhorst&nbsp; (\u00dcbersichtskarte) 2.2&nbsp; Wolbeck &#8211; Hoetmar &#8211; Sendenhorst&nbsp; &nbsp;(Beschreibung) 3.1&nbsp; Wolbeck &#8211; Rinkerode &#8211; Drensteinfurt&nbsp; (\u00dcbersichtskarte) 3.2&nbsp; Wolbeck &#8211; Rinkerode &#8211; Drensteinfurt&nbsp; (Beschreibung) 4.1&nbsp; Wolbeck &hellip;<\/p>\n<p><a href=\"https:\/\/www.muenster.org\/wolbeckentdecken\/radtouren\/\">Continue Reading<span class=\"meta-nav\">&rarr;<\/span><\/a><\/p>\n","protected":false},"author":2,"featured_media":0,"parent":0,"menu_order":0,"comment_status":"closed","ping_status":"closed","template":"","meta":{"ngg_post_thumbnail":0,"spay_email":""},"jetpack_sharing_enabled":true,"jetpack_shortlink":"https:\/\/wp.me\/Pa2lO4-29","_links":{"self":[{"href":"https:\/\/www.muenster.org\/wolbeckentdecken\/wp-json\/wp\/v2\/pages\/133"}],"collection":[{"href":"https:\/\/www.muenster.org\/wolbeckentdecken\/wp-json\/wp\/v2\/pages"}],"about":[{"href":"https:\/\/www.muenster.org\/wolbeckentdecken\/wp-json\/wp\/v2\/types\/page"}],"author":[{"embeddable":true,"href":"https:\/\/www.muenster.org\/wolbeckentdecken\/wp-json\/wp\/v2\/users\/2"}],"replies":[{"embeddable":true,"href":"https:\/\/www.muenster.org\/wolbeckentdecken\/wp-json\/wp\/v2\/comments?post=133"}],"version-history":[{"count":38,"href":"https:\/\/www.muenster.org\/wolbeckentdecken\/wp-json\/wp\/v2\/pages\/133\/revisions"}],"predecessor-version":[{"id":1334,"href":"https:\/\/www.muenster.org\/wolbeckentdecken\/wp-json\/wp\/v2\/pages\/133\/revisions\/1334"}],"wp:attachment":[{"href":"https:\/\/www.muenster.org\/wolbeckentdecken\/wp-json\/wp\/v2\/media?parent=133"}],"curies":[{"name":"wp","href":"https:\/\/api.w.org\/{rel}","templated":true}]}}