{"id":816,"date":"2016-04-23T15:08:01","date_gmt":"2016-04-23T13:08:01","guid":{"rendered":"http:\/\/www.muenster.org\/wigwam\/?page_id=816"},"modified":"2026-01-08T21:59:02","modified_gmt":"2026-01-08T20:59:02","slug":"direktkredite-konkret","status":"publish","type":"page","link":"https:\/\/www.muenster.org\/wigwam\/?page_id=816","title":{"rendered":"Direktkredite konkret"},"content":{"rendered":"<p>Unser Wohnprojekt will mit dem Wohnraum und dem Grundst\u00fcck keinen Gewinn erzielen sondern \u2013 das ist die Grundidee des Mietsh\u00e4user Syndikats \u2013 die Immobilie dem Markt und damit der Spekulation entziehen. So geht&#8217;s:<\/p>\n<p><strong>Wir bieten die M\u00f6glichkeit Geld transparent, regional und sozial im WAM-Hausprojekt anzulegen.<\/strong><\/p>\n<p>Wir bieten festverzinsliche Anlagen ab 500,- \u20ac mit unterschiedlichen Verzinsungen und Laufzeiten an.<\/p>\n<p>Die Direktkredite k\u00f6nnen befristet mit einer festgelegten Laufzeit oder unbefristet gegeben werden. Mindestlaufzeit ist mindestens 2 Jahre. Kredite mit langen Laufzeiten helfen uns besonders, weil sie gro\u00dfe Planungssicherheit und einen niedrigen Verwaltungsaufwand mit sich bringen. <span lang=\"de-DE\">Unbefristete Kredite haben eine K\u00fcndigungsfrist von 3 (bis 5.000 \u20ac), 6 (bis 20.000 \u20ac) oder 12 (ab 20.000 \u20ac) Monate. <\/span><\/p>\n<p>Folgende Anlagem\u00f6glichkeiten bieten wir an:<\/p>\n<p><strong>Das Freund*innen-Paket\u00a0\u00a0\u00a0\u00a0\u00a0\u00a0\u00a0\u00a0\u00a0\u00a0\u00a0\u00a0\u00a0\u00a0\u00a0 <\/strong><\/p>\n<p>F\u00fcr Direktkreditgeber*innen, die sich besonders solidarisch zeigen m\u00f6chten, bieten wir vier Anlagem\u00f6glichkeiten mit Zinss\u00e4tzen bis zu 0,3% an:<\/p>\n<ul>\n<li>Angebot &#8222;Nullkommanix&#8220; = 0,0 %<\/li>\n<li>Angebot &#8222;Erst&#8220; \u00a0 \u00a0 \u00a0 \u00a0 \u00a0 \u00a0 \u00a0 \u00a0 \u00a0\u00a0\u00a0\u00a0\u00a0 = 0,1 %<\/li>\n<li>Angebot &#8222;Zweit&#8220;\u00a0\u00a0\u00a0\u00a0\u00a0\u00a0\u00a0\u00a0\u00a0\u00a0\u00a0\u00a0\u00a0 \u00a0 \u00a0\u00a0 = 0,2 %<\/li>\n<li>Angebot &#8222;Dritt&#8220;\u00a0\u00a0\u00a0\u00a0\u00a0\u00a0\u00a0\u00a0\u00a0\u00a0\u00a0\u00a0\u00a0\u00a0\u00a0\u00a0\u00a0\u00a0\u00a0\u00a0 = 0,3 %<\/li>\n<\/ul>\n<p><strong>Das Unterst\u00fctzer*innen-Paket<\/strong><\/p>\n<p><span lang=\"de-DE\">F\u00fcr Direktkreditgeber*innen, die uns zu einem ausgewogenen Zinssatz unterst\u00fctzen m\u00f6chten. Das Unterst\u00fctzer*innen-Paket beinhaltet vier Anlagem\u00f6glichkeiten mit Zinss\u00e4tzen zwischen 0,4% und 0,7 %:<\/span><\/p>\n<ul>\n<li><span lang=\"de-DE\">Angebot &#8222;Kobel&#8220;\u00a0\u00a0\u00a0\u00a0\u00a0\u00a0\u00a0\u00a0\u00a0\u00a0\u00a0\u00a0\u00a0\u00a0\u00a0\u00a0 = 0,4 %<\/span><\/li>\n<li><span lang=\"de-DE\">Angebot &#8222;Nest&#8220;\u00a0\u00a0\u00a0\u00a0\u00a0\u00a0\u00a0\u00a0\u00a0\u00a0\u00a0\u00a0\u00a0\u00a0\u00a0\u00a0\u00a0\u00a0\u00a0 = 0,5 %<\/span><\/li>\n<li><span lang=\"de-DE\">Angebot &#8222;Horst&#8220;\u00a0\u00a0\u00a0\u00a0\u00a0\u00a0\u00a0\u00a0\u00a0\u00a0\u00a0 \u00a0 \u00a0 \u00a0 = 0,6 %<\/span><\/li>\n<li><span lang=\"de-DE\">Angebot &#8222;Bau&#8220;\u00a0\u00a0\u00a0\u00a0\u00a0\u00a0\u00a0\u00a0\u00a0\u00a0\u00a0\u00a0\u00a0\u00a0\u00a0\u00a0\u00a0\u00a0\u00a0\u00a0 = 0,7 %<\/span><\/li>\n<\/ul>\n<p><strong>Das Sparer*innen-Paket<\/strong><\/p>\n<p>F\u00fcr Direktkreditgeber*innen, die ihr Geld sozial und nachhaltig anlegen m\u00f6chten. Das Sparer*innen-Paket beinhaltet drei Anlagem\u00f6glichkeiten mit Zinss\u00e4tzen bis 1,5% Prozent:<\/p>\n<ul>\n<li>Angebot &#8222;Meck&#8220;\u00a0\u00a0\u00a0\u00a0\u00a0\u00a0\u00a0\u00a0\u00a0\u00a0\u00a0\u00a0\u00a0\u00a0\u00a0\u00a0 = 0,8 %<\/li>\n<li>Angebot &#8222;Len&#8220;\u00a0\u00a0\u00a0\u00a0\u00a0\u00a0\u00a0\u00a0\u00a0\u00a0\u00a0\u00a0\u00a0\u00a0\u00a0\u00a0\u00a0\u00a0\u00a0 = 0,9 %<\/li>\n<li>Angebot &#8222;Beck&#8220;\u00a0\u00a0\u00a0\u00a0\u00a0\u00a0\u00a0\u00a0\u00a0\u00a0\u00a0\u00a0\u00a0\u00a0\u00a0\u00a0 = 1,0 %<\/li>\n<li>Angebot &#8222;AahSeh&#8220;\u00a0 \u00a0 \u00a0 \u00a0 \u00a0 \u00a0 = 1,1 % &#8211; 1,5 %<\/li>\n<\/ul>\n<h2><strong>Schritt f\u00fcr Schritt zum Direktkredit<\/strong><\/h2>\n<ol>\n<li>Sende eine Email an <a href=\"mailto:dkwigwam@muenster.org\">dkwigwam@muenster.org<\/a>, wir beantworten gerne deine Fragen und kl\u00e4ren die Details mit dir.<\/li>\n<li>Den Direktkreditvertrag erstellen wir in zweifacher Ausf\u00fchrung, unterzeichnen diese und senden sie dir zu. Im Vertrag steht unsere Bankverbindung f\u00fcr die Einzahlung des Kredits durch dich.<\/li>\n<li>Du unterzeichnest dann die Vertr\u00e4ge und schickst ein Exemplar des Vertrags an uns zur\u00fcck.\u00a0<\/li>\n<li>Einmal j\u00e4hrlich schicken wir dir einen Kontoauszug \u00fcber den Kredit zu. Die jeweiligen Zinsertr\u00e4ge werden am Jahresende ausgezahlt.<\/li>\n<\/ol>\n<hr \/>\n<p><span style=\"color: #ff0000;\"><strong>Info,<\/strong> <strong>Risiken und Sicherheiten<\/strong><\/span><br \/>Bank\u00fcbliche Sicherheiten k\u00f6nnen wir nicht garantieren. Nachrangdarlehen haben eine qualifizierte Rangr\u00fccktrittsklausel. Diese besagt, dass eine R\u00fcckzahlung des Kredits oder eine Auszahlung der Zinsen nicht m\u00f6glich ist, wenn dadurch das Projekt bzw. die GmbH zahlungsunf\u00e4hig w\u00fcrde und andere Verbindlichkeiten nicht bedienen k\u00f6nnte.<br \/>Weiterhin werden im Falle einer Insolvenz erst der Bankkredit und die Forderungen aller anderen nicht nachrangigen Gl\u00e4ubiger*innen bedient und dann erst die Darlehensgeber*innen. Das hei\u00dft, dass es im schlimmsten Fall zu einem vollst\u00e4ndigen Verlust des von Ihnen angelegten Geldes kommen kann.<\/p>\n<p>Die Annahme von Nachrangdarlehen unterliegt dem Verm\u00f6gensanlagegesetz (VermAnlG). Die Wohnalternative Mecklenbeck GmbH ist demnach Emittentin von verschiedenen Verm\u00f6gensanlagen, die sich nur durch ihren Zinssatz unterscheiden. Zu demselben Zinssatz schlie\u00dfen wir entweder nur maximal 20 Vertr\u00e4ge oder nur Vertr\u00e4ge bis zu einer Gesamtsumme von 100.000 Euro in 12 Monaten ab. Somit machen wir von der Ausnahmeregelung nach \u00a7 2<br \/>Abs. 1 Nr. 3a &amp; \u00a7 2 Abs. 1 Nr. 3b VermAnlG Gebrauch und sind von der Prospektpflicht f\u00fcr<br \/>Verm\u00f6gensanlagen befreit.<\/p>\n<p><strong>Kapitalertragssteuer:<\/strong> Im Gegensatz zu Banken sind wir nicht berechtigt, Kapitalertragssteuer einzubehalten und abzuf\u00fchren. Das bedeutet, dass Sie selbst daf\u00fcr verantwortlich sind, Ertr\u00e4ge aus Direktkrediten im Zuge Ihrer Einkommenssteuererkl\u00e4rung anzugeben. Dazu wird auf Wunsch eine Bescheinigung \u00fcber die Zinseinnahmen ausgestellt.<\/p>\n<p><strong>Datenschutz: <\/strong>Verantwortlicher im Sinne des Datenschutzes ist die Wohnalternative Mecklenbeck GmbH mit Sitz in M\u00fcnster. Rechtsgrundlage f\u00fcr die Datenerhebung, -verarbeitung und -weitergabe ist die DSGVO, insbesondere der Art. 6 Abs. 1 DSGVO.<br \/>Sofern ein Direktkreditvertrag zustande kommt, speichern wir au\u00dferdem Ihre Kontoverbindung.<br \/>Sie haben das Recht, \u00fcber Ihre bei uns gespeicherten Daten Auskunft und eine elektronische \u00dcbermittlung dieser Daten zu verlangen. Sie d\u00fcrfen auch eine Einschr\u00e4nkung der Verarbeitung sowie die L\u00f6schung der Daten verlangen oder der Verarbeitung widersprechen. In diesem Fall ist aber die Durchf\u00fchrung des Vertrags mit Ihnen gef\u00e4hrdet. Dasselbe gilt, wenn Sie uns die erbetenen Daten nicht vollst\u00e4ndig zur Verf\u00fcgung stellen.<br \/>Sie haben das Recht zur Beschwerde bei einer Datenschutz-Aufsichtsbeh\u00f6rde, wenn Sie der Ansicht sind, dass die Verarbeitung Ihrer Daten gegen die DSGVO verst\u00f6\u00dft. Sie k\u00f6nnen sich daf\u00fcr beispielsweise an den Landesbeauftragten f\u00fcr den Datenschutz und die Informationsfreiheit wenden.<br \/>\u2026\u2026\u2026\u2026\u2026\u2026\u2026\u2026\u2026\u2026..<br \/>Bei Fragen zu den hier aufgef\u00fchrten Informationen oder Direktkrediten wenden Sie sich bitte via Email an uns: wigwam [\u00e4t] muenster.org<del><\/del><\/p>\n\n\n<\/p>\n<p>\n\n\n<\/p>","protected":false},"excerpt":{"rendered":"<p>Unser Wohnprojekt will mit dem Wohnraum und dem Grundst\u00fcck keinen Gewinn erzielen sondern \u2013 das ist die Grundidee des Mietsh\u00e4user Syndikats \u2013 die Immobilie dem Markt und damit der Spekulation entziehen. So geht&#8217;s: Wir bieten die M\u00f6glichkeit Geld transparent, regional und sozial im WAM-Hausprojekt anzulegen. Wir bieten festverzinsliche Anlagen ab 500,- \u20ac mit unterschiedlichen Verzinsungen &hellip; <a href=\"https:\/\/www.muenster.org\/wigwam\/?page_id=816\" class=\"more-link\"><span class=\"screen-reader-text\">Direktkredite konkret<\/span> weiterlesen <span class=\"meta-nav\">&rarr;<\/span><\/a><\/p>\n","protected":false},"author":1,"featured_media":0,"parent":0,"menu_order":0,"comment_status":"closed","ping_status":"closed","template":"","meta":{"footnotes":""},"class_list":["post-816","page","type-page","status-publish","hentry"],"_links":{"self":[{"href":"https:\/\/www.muenster.org\/wigwam\/index.php?rest_route=\/wp\/v2\/pages\/816","targetHints":{"allow":["GET"]}}],"collection":[{"href":"https:\/\/www.muenster.org\/wigwam\/index.php?rest_route=\/wp\/v2\/pages"}],"about":[{"href":"https:\/\/www.muenster.org\/wigwam\/index.php?rest_route=\/wp\/v2\/types\/page"}],"author":[{"embeddable":true,"href":"https:\/\/www.muenster.org\/wigwam\/index.php?rest_route=\/wp\/v2\/users\/1"}],"replies":[{"embeddable":true,"href":"https:\/\/www.muenster.org\/wigwam\/index.php?rest_route=%2Fwp%2Fv2%2Fcomments&post=816"}],"version-history":[{"count":53,"href":"https:\/\/www.muenster.org\/wigwam\/index.php?rest_route=\/wp\/v2\/pages\/816\/revisions"}],"predecessor-version":[{"id":2583,"href":"https:\/\/www.muenster.org\/wigwam\/index.php?rest_route=\/wp\/v2\/pages\/816\/revisions\/2583"}],"wp:attachment":[{"href":"https:\/\/www.muenster.org\/wigwam\/index.php?rest_route=%2Fwp%2Fv2%2Fmedia&parent=816"}],"curies":[{"name":"wp","href":"https:\/\/api.w.org\/{rel}","templated":true}]}}