{"id":706,"date":"2016-02-14T19:06:42","date_gmt":"2016-02-14T18:06:42","guid":{"rendered":"http:\/\/www.muenster.org\/wigwam\/?page_id=706"},"modified":"2024-02-02T21:21:01","modified_gmt":"2024-02-02T20:21:01","slug":"links-presse","status":"publish","type":"page","link":"https:\/\/www.muenster.org\/wigwam\/?page_id=706","title":{"rendered":"Links &#038; Presse"},"content":{"rendered":"<p>Presse und Berichte<\/p>\n<ul>\n<li>Anhandgabe f\u00fcr WIGWAM &#8211; <a href=\"https:\/\/www.muenster.de\/stadt\/presseservice\/pressemeldungen\/web\/frontend\/output\/standard\/design\/standard\/page\/1\/show\/1057788\">Pressebericht Stadt M\u00fcnster<\/a><\/li>\n<li>Erster Spatenstich &#8211; <a href=\"https:\/\/www.wn.de\/muenster\/stadtteile\/mecklenbeck\/begeisterung-trotz-dauerregens-2690367?pid=true\" target=\"_blank\" rel=\"noopener\">WN+ Artikel<\/a><\/li>\n<li>WIGWAM im WDR (kurz, aber sehr telegen!) <a href=\"https:\/\/www1.wdr.de\/mediathek\/video\/sendungen\/markt\/video-solidarisches-wohnen-100.html\">WDR_Klick<\/a><\/li>\n<li>ausf\u00fchrlicher TV-Bericht des WDR \u00fcber das MHS und die Grafschaft31 <a href=\"https:\/\/www.youtube.com\/watch?time_continue=11&amp;v=OrljQKiOM_s&amp;feature=emb_title\">KLICK<\/a>youtube<\/li>\n<li>Bericht \u00fcber WIGWAM in WN und MZ vom 06.01.2017: <a href=\"http:\/\/www.wn.de\/Muenster\/2652220-Mieter-und-Eigentuemer-zugleich-Sie-wollen-ins-Wigwam\">WN_Klick<\/a> \/ <a href=\"http:\/\/www.muensterschezeitung.de\/Lokales\/Staedte\/Muenster\/2652220-Mieter-und-Eigentuemer-zugleich-Sie-wollen-ins-Wigwam\">MZ_Klick<\/a><\/li>\n<li>kurzer Bericht \u00fcber uns und Hiltrup <a href=\"https:\/\/www.muenster.org\/wigwam\/wp-content\/uploads\/WN_Artikel_WIGWAM-in-Hiltrup_11_2017_.jpg\">KLICKHIER<\/a><\/li>\n<li><a href=\"https:\/\/www.syndikat.org\/de\/presse\/\">Pressespiegel des Mietsh\u00e4user Syndikats<\/a><\/li>\n<\/ul>\n<p>Das Mietsh\u00e4user Syndikat &amp; einige Projekte in MS<\/p>\n<ul>\n<li><a href=\"http:\/\/www.syndikat.org\/de\">Mietsh\u00e4user Syndikat<\/a><\/li>\n<li><a href=\"https:\/\/www.syndikatstiftung.org\/\">Syndikatstiftung<\/a><\/li>\n<li><a href=\"http:\/\/grafschaft31.org\/\">Grafschaft31<\/a> &#8211; M\u00fcnster<\/li>\n<li><a href=\"https:\/\/grafschaft30.noblogs.org\/\">Grafschaft30<\/a> &#8211; M\u00fcnster<\/li>\n<li><a href=\"http:\/\/nieberdingstrasse.de\">Das Nieberding e.V. \/ Nieberdingstra\u00dfe<\/a> &#8211; M\u00fcnster<\/li>\n<li><a href=\"https:\/\/drubbel-muenster.de\/\">Drubbel<\/a> &#8211; M\u00fcnster<\/li>\n<li><a href=\"https:\/\/www.kuneterakete.de\/\">Betriebsk\u00fcche<\/a> &#8211; Dresden (unser Patenprojekt!!!)<\/li>\n<\/ul>\n<p>Wohnprojekte &#8211; Infos &amp; Vernetzungen<\/p>\n<ul>\n<li><a href=\"http:\/\/www.muenster.org\/buwo\">B\u00fcndnis urbane Wohnformen<\/a> &#8211; M\u00fcnster<\/li>\n<li><a href=\"http:\/\/msgua.de\/\">M\u00fcnster geh\u00f6rt uns allen<\/a> &#8211; M\u00fcnster<\/li>\n<li><a href=\"http:\/\/id22.net\/\">id22: Institut f\u00fcr kreative Nachhaltigkeit<\/a> &#8211; Berlin<\/li>\n<li><a href=\"http:\/\/habitat.servus.at\/?page_id=14\">HabiTAT<\/a> &#8211; \u00d6sterreich<\/li>\n<li><a href=\"http:\/\/www.leerstandsmelder.de\/muenster\">Leerstandsmelder<\/a> &#8211; M\u00fcnster<\/li>\n<\/ul>\n<p>Initativen &amp; Co.<\/p>\n<ul>\n<li><a href=\"https:\/\/lastenrad-ms.de\/\">Lasse &#8211; dein Lastenrad<\/a> &#8211; M\u00fcnster<\/li>\n<li><a href=\"http:\/\/stadtlab.dzudzek.net\/\">Stadtlabor<\/a> &#8211; <span class=\"header-tagline \">Experimentierraum f\u00fcr kritische Stadtforschung und tranformatives Lernen <\/span><\/li>\n<li><a href=\"https:\/\/repaircafe-muenster.de\/\">Repair-Caf\u00e9s<\/a> in M\u00fcnster<\/li>\n<li><a href=\"https:\/\/ms-alternativ.de\/\">m\u00fcnster alternativ<\/a><\/li>\n<li><a href=\"http:\/\/www.latienda-weltladen.de\/news\/\">LaTienda<\/a> &#8211; M\u00fcnster<\/li>\n<li><a href=\"http:\/\/www.weltladenmuenster.de\/\">Weltladen<\/a> &#8211; M\u00fcnster<\/li>\n<li><a href=\"https:\/\/de-de.facebook.com\/criticalmass.ms\/\">Critical Mass &#8211; M\u00fcnster <\/a><\/li>\n<li><a href=\"http:\/\/www.muenster.org\/medienforum\/\">Medienforum M\u00fcnster e.V. &#8211; B\u00fcrgerfunk<\/a><\/li>\n<li><a href=\"http:\/\/www.sofa-ms.de\/home.html\">Sofa<\/a> &#8211; M\u00fcnster gegen Atom!<\/li>\n<li><a href=\"https:\/\/keinenmeter.noblogs.org\/\">KeinenMeter-B\u00fcndnis<\/a> &#8211; M\u00fcnster<\/li>\n<li><a href=\"https:\/\/www.kulturquartier-muenster.de\/\">Kultur Quartier<\/a> &#8211; M\u00fcnster<\/li>\n<li><a href=\"http:\/\/b-side.ms\/\">b-side<\/a> &#8211; M\u00fcnster (<a href=\"https:\/\/de-de.facebook.com\/bsidemuenster\">fb<\/a>)<\/li>\n<li><a href=\"http:\/\/natuerlich-unverpackt.de\/\">nat\u00fcrlich unverpackt<\/a> &amp; <a href=\"http:\/\/www.einzelhandel.ms\/\">Einzelhandel &#8211; zum Wohlf\u00fcllen<\/a><\/li>\n<li><a href=\"https:\/\/www.adfc-nrw.de\/kreisverbaende\/kv-muenster\/willkommen-beim-adfcnbspim-muensterland.html\">ADFC M\u00fcnsterland<\/a> &#8211; der FahrradClub<\/li>\n<li><a href=\"http:\/\/muenster-nachhaltig.de\/\">M\u00fcnster nachhaltig e.V.<\/a><\/li>\n<li><a href=\"http:\/\/www.umweltforum-muenster.de\/\">Umweltforum M\u00fcnster<\/a><\/li>\n<\/ul>\n","protected":false},"excerpt":{"rendered":"<p>Presse und Berichte Anhandgabe f\u00fcr WIGWAM &#8211; Pressebericht Stadt M\u00fcnster Erster Spatenstich &#8211; WN+ Artikel WIGWAM im WDR (kurz, aber sehr telegen!) WDR_Klick ausf\u00fchrlicher TV-Bericht des WDR \u00fcber das MHS und die Grafschaft31 KLICKyoutube Bericht \u00fcber WIGWAM in WN und MZ vom 06.01.2017: WN_Klick \/ MZ_Klick kurzer Bericht \u00fcber uns und Hiltrup KLICKHIER Pressespiegel des &hellip; <a href=\"https:\/\/www.muenster.org\/wigwam\/?page_id=706\" class=\"more-link\"><span class=\"screen-reader-text\">Links &#038; Presse<\/span> weiterlesen <span class=\"meta-nav\">&rarr;<\/span><\/a><\/p>\n","protected":false},"author":1,"featured_media":0,"parent":0,"menu_order":0,"comment_status":"closed","ping_status":"closed","template":"","meta":{"footnotes":""},"class_list":["post-706","page","type-page","status-publish","hentry"],"_links":{"self":[{"href":"https:\/\/www.muenster.org\/wigwam\/index.php?rest_route=\/wp\/v2\/pages\/706","targetHints":{"allow":["GET"]}}],"collection":[{"href":"https:\/\/www.muenster.org\/wigwam\/index.php?rest_route=\/wp\/v2\/pages"}],"about":[{"href":"https:\/\/www.muenster.org\/wigwam\/index.php?rest_route=\/wp\/v2\/types\/page"}],"author":[{"embeddable":true,"href":"https:\/\/www.muenster.org\/wigwam\/index.php?rest_route=\/wp\/v2\/users\/1"}],"replies":[{"embeddable":true,"href":"https:\/\/www.muenster.org\/wigwam\/index.php?rest_route=%2Fwp%2Fv2%2Fcomments&post=706"}],"version-history":[{"count":34,"href":"https:\/\/www.muenster.org\/wigwam\/index.php?rest_route=\/wp\/v2\/pages\/706\/revisions"}],"predecessor-version":[{"id":2398,"href":"https:\/\/www.muenster.org\/wigwam\/index.php?rest_route=\/wp\/v2\/pages\/706\/revisions\/2398"}],"wp:attachment":[{"href":"https:\/\/www.muenster.org\/wigwam\/index.php?rest_route=%2Fwp%2Fv2%2Fmedia&parent=706"}],"curies":[{"name":"wp","href":"https:\/\/api.w.org\/{rel}","templated":true}]}}