{"id":488,"date":"2015-05-07T00:08:46","date_gmt":"2015-05-06T22:08:46","guid":{"rendered":"http:\/\/www.muenster.org\/wigwam\/?page_id=488"},"modified":"2024-02-02T20:27:05","modified_gmt":"2024-02-02T19:27:05","slug":"das-syndikats-modell","status":"publish","type":"page","link":"https:\/\/www.muenster.org\/wigwam\/?page_id=488","title":{"rendered":"Das Mietsh\u00e4user Syndikat &#038; wir"},"content":{"rendered":"<p>Um unser Haus selbst zu verwalten, bezahlbare Mieten zu realisieren und dem Renditewahnsinn ein Schnippchen zu schlagen, realisieren wir unser Hausprojekt nach dem &#8222;Syndikats-Modell&#8220;. Wir bieten dar\u00fcber hinaus auch eine solidarische, soziale und \u00f6kologische Geld-Anlagem\u00f6glichkeit in ein Hausprojekt in M\u00fcnster.<\/p>\n<p><strong>Wie funktioniert das?<\/strong><\/p>\n<p>Der Hausverein WIGWAM e.V. und das Mietsh\u00e4user Syndikat (Verbund von 190 Wohnprojekten \/ <a href=\"http:\/\/www.syndikat.org\">www.syndikat.org<\/a>) haben eine &#8222;Haus-GmbH&#8220; gegr\u00fcndet.<\/p>\n<p>Diese &#8222;Haus-GmbH&#8220; (in unserem Fall die <strong>Wohnalternative Mecklenbeck GmbH<\/strong>) kauft und baut unser Wohnobjekt und verwaltet dieses dann. Das bedeutet, dass wir &#8211; als Hausverein und Gesellschafter in der &#8222;Haus-GmbH&#8220; &#8211; daf\u00fcr zust\u00e4ndig sind, eine solide Finanzierung zu schaffen und alles rund um das Wohnen und die dazugeh\u00f6rige Verwaltung zu erledigen. Wir bestimmen selbst was im und am Haus passiert, wer dort wohnt, wie dort gewohnt wird und sehen zu, dass die Mieten stabil bleiben.<img fetchpriority=\"high\" decoding=\"async\" class=\"alignnone size-full wp-image-1621\" src=\"https:\/\/www.muenster.org\/wigwam\/wp-content\/uploads\/WAM-GmbH-Konstrukt.jpg\" alt=\"\" width=\"621\" height=\"152\" srcset=\"https:\/\/www.muenster.org\/wigwam\/wp-content\/uploads\/WAM-GmbH-Konstrukt.jpg 621w, https:\/\/www.muenster.org\/wigwam\/wp-content\/uploads\/WAM-GmbH-Konstrukt-300x73.jpg 300w\" sizes=\"(max-width: 621px) 100vw, 621px\" \/><\/p>\n<p>Das Mietsh\u00e4user Syndikat ist dann im Boot, wenn es z.B. darum gehen sollte das Haus zu verkaufen oder zu privatisieren &#8211; was wir ja prinzipiell nicht wollen. Dann wird das Mietsh\u00e4user Syndikat als Gesellschafterin der &#8222;Haus-GmbH&#8220; aktiv und macht vom Vetorecht gebrauch, um eine R\u00fcckkehr des Hauses auf den spekulativen Wohnungsmarkt zu verhindern.<\/p>\n<p>Das Mietsh\u00e4user Syndikat hat also eine wichtige Funktion, damit unsere Ideale &amp; Ziele, die wir in unserer <a href=\"https:\/\/www.muenster.org\/wigwam\/?page_id=474\">Hausvereins-Satzung<\/a> festgeschrieben haben, auch nachhaltig verwirklicht sind.<\/p>\n<p><strong>Wie wird das Haus finanziert?<\/strong><\/p>\n<p>Um ein Haus zu bauen oder zu kaufen brauchen wir nat\u00fcrlich Geld.<\/p>\n<p>Um Kredite bei Banken zu bekommen, brauchen wir Eigenkapital. Das bringen die zuk\u00fcnftigen Bewohner zum Teil mit, was aber kein &#8222;Mitmachkriterium&#8220; wie in vielen anderen Wohnprojekten ist. In unserem Haus k\u00f6nnen insbesondere auch Menschen leben, die nicht soviel oder kein Geld haben.<\/p>\n<p>Um dieses Ziel zu erreichen, bieten wir an, in unser Projekt solidarisch Geld anzulegen. Jede*r kann durch sog. Direktkredite unser Projekt unterst\u00fctzen. Es wird ein Kreditvertrag mit der &#8222;Haus-GmbH&#8220; geschlossen, in dem Geldbetrag, Zinsen, K\u00fcndigungsfrist, Laufzeit und Rangr\u00fccktrittsklauseln klar geregelt sind. Transparenz ist absolut gewollt und jede*r Unterst\u00fctzer*in kann sich auf die Leeze schwingen und vor Ort sehen wie Geld sinnvoll angelegt werden kann.<\/p>\n<p>Die Direktdarlehn sammeln wir dauerhaft von vielen Menschen, um dann weitere Kredite f\u00fcr das Haus bei Banken aufzunehmen oder Bankkredite abzul\u00f6sen. So ist es m\u00f6glich, das die Bewohner*innen des Hauses keine Stammeinlage oder \u00e4hnliches als &#8222;Eintrittsgeld&#8220; zahlen m\u00fcssen, sondern auch nicht verm\u00f6gende Menschen ihr Recht auf guten Wohnraum umsetzen k\u00f6nnen.<\/p>\n<blockquote>\n<p>Direktkredite sind Geldbetr\u00e4ge, die dem Projekt \u2013 ohne den Umweg \u00fcber eine Bank \u2013 direkt geliehen werden. Sie bieten Einzelpersonen und Gruppierungen die M\u00f6glichkeit einer sinnvollen, sozialen, \u00f6kologischen und nachhaltigen Geldanlage. (www.syndikat.org)<\/p>\n<\/blockquote>\n<p>Weitere Infos gibt es unter <a href=\"https:\/\/www.muenster.org\/wigwam\/?page_id=816\">Direktkredite konkret<\/a> oder via Email: <strong>wigwam (\u00e4tt) muenster.org<\/strong><\/p>\n\n\n<figure class=\"wp-block-embed is-type-video is-provider-youtube wp-block-embed-youtube wp-embed-aspect-16-9 wp-has-aspect-ratio\"><div class=\"wp-block-embed__wrapper\">\n<iframe title=\"Markt (WDR): Solidarisches Wohnen\" width=\"604\" height=\"340\" src=\"https:\/\/www.youtube.com\/embed\/g6Zb29RMyHk?feature=oembed\" frameborder=\"0\" allow=\"accelerometer; autoplay; clipboard-write; encrypted-media; gyroscope; picture-in-picture; web-share\" referrerpolicy=\"strict-origin-when-cross-origin\" allowfullscreen><\/iframe>\n<\/div><figcaption class=\"wp-element-caption\"><strong>Ein Erkl\u00e4rfilm vom WDR unter anderem mit einen Beitrag aus M\u00fcnster!<\/strong><\/figcaption><\/figure>\n\n\n\n<p><\/p>\n","protected":false},"excerpt":{"rendered":"<p>Um unser Haus selbst zu verwalten, bezahlbare Mieten zu realisieren und dem Renditewahnsinn ein Schnippchen zu schlagen, realisieren wir unser Hausprojekt nach dem &#8222;Syndikats-Modell&#8220;. Wir bieten dar\u00fcber hinaus auch eine solidarische, soziale und \u00f6kologische Geld-Anlagem\u00f6glichkeit in ein Hausprojekt in M\u00fcnster. Wie funktioniert das? Der Hausverein WIGWAM e.V. und das Mietsh\u00e4user Syndikat (Verbund von 190 Wohnprojekten &hellip; <a href=\"https:\/\/www.muenster.org\/wigwam\/?page_id=488\" class=\"more-link\"><span class=\"screen-reader-text\">Das Mietsh\u00e4user Syndikat &#038; wir<\/span> weiterlesen <span class=\"meta-nav\">&rarr;<\/span><\/a><\/p>\n","protected":false},"author":1,"featured_media":0,"parent":0,"menu_order":0,"comment_status":"open","ping_status":"closed","template":"","meta":{"footnotes":""},"class_list":["post-488","page","type-page","status-publish","hentry"],"_links":{"self":[{"href":"https:\/\/www.muenster.org\/wigwam\/index.php?rest_route=\/wp\/v2\/pages\/488","targetHints":{"allow":["GET"]}}],"collection":[{"href":"https:\/\/www.muenster.org\/wigwam\/index.php?rest_route=\/wp\/v2\/pages"}],"about":[{"href":"https:\/\/www.muenster.org\/wigwam\/index.php?rest_route=\/wp\/v2\/types\/page"}],"author":[{"embeddable":true,"href":"https:\/\/www.muenster.org\/wigwam\/index.php?rest_route=\/wp\/v2\/users\/1"}],"replies":[{"embeddable":true,"href":"https:\/\/www.muenster.org\/wigwam\/index.php?rest_route=%2Fwp%2Fv2%2Fcomments&post=488"}],"version-history":[{"count":45,"href":"https:\/\/www.muenster.org\/wigwam\/index.php?rest_route=\/wp\/v2\/pages\/488\/revisions"}],"predecessor-version":[{"id":2371,"href":"https:\/\/www.muenster.org\/wigwam\/index.php?rest_route=\/wp\/v2\/pages\/488\/revisions\/2371"}],"wp:attachment":[{"href":"https:\/\/www.muenster.org\/wigwam\/index.php?rest_route=%2Fwp%2Fv2%2Fmedia&parent=488"}],"curies":[{"name":"wp","href":"https:\/\/api.w.org\/{rel}","templated":true}]}}