{"id":194,"date":"2014-02-27T18:00:10","date_gmt":"2014-02-27T17:00:10","guid":{"rendered":"http:\/\/www.muenster.org\/wigwam\/?page_id=194"},"modified":"2024-02-02T20:48:10","modified_gmt":"2024-02-02T19:48:10","slug":"unsere-ziele","status":"publish","type":"page","link":"https:\/\/www.muenster.org\/wigwam\/?page_id=194","title":{"rendered":"Unsere Ziele &#038; Ideen"},"content":{"rendered":"<p><span style=\"color: #ff0000;\"><strong><span style=\"color: #000000;\">Die <span style=\"color: #ff6600;\">WIGWAM-Formel<\/span>: <\/span><\/strong><\/span><span style=\"color: #ff0000;\"><strong><span style=\"color: #000000;\">altersgemischt, non-profit, ressourcenschonend, gemeinschaftlich, solidarisch und selbstbestimmt!<\/span><\/strong><\/span><\/p>\n<p><em><strong> <span style=\"color: #ff6600;\">Unsere Ideen und Ziele:<\/span><\/strong><\/em><\/p>\n<p><strong>Wohnen mu\u00df f\u00fcr alle<span style=\"color: #ff6600;\"> bezahlbar <\/span>sein!<\/strong> Wir wollen ein Wohnprojekt schaffen, in das jede*r &#8211; unabh\u00e4ngig von Einkommen und Verm\u00f6gen &#8211; einziehen kann. Wir wollen dauerhaft Mietraum schaffen, der bezahlbar ist und bleibt. Wir wollen Modell sein f\u00fcr eine Stadt, die gepr\u00e4gt wird durch die Menschen die in ihr leben und nicht durch ihr Verm\u00f6gen. Au\u00dferdem denken wir das solidarisch zu leben &amp; gemeinschaftlich zu wohnen allen gut tut und so ein gutes Leben viel besser m\u00f6glich ist. Deshalb wollen wir kein Eigentum einiger weniger Leute, sondern ein Haus das allen geh\u00f6rt die darin gemeinsam wohnen!<\/p>\n<p><strong><span style=\"color: #ff6600;\">Solidarit\u00e4t<\/span> unter Nachbarn! <\/strong>Wir wollen ein Wohnprojekt schaffen, in dem die Bewohner*innen solidarisch miteinander leben. Das setzt voraus, dass alle respektvoll und wertsch\u00e4tzend miteinander umgehen &#8211; auch wenn es Meinungsverschiedenheiten und verschiedene Ansichten gibt. Wir wollen eine Nachbarschaft im Wohnprojekt etabilieren, die sich kennt, gegenseitig hilft, aber auch das Private erlaubt und die verschiedenen Bed\u00fcrfnisse und Ressourcen sieht, f\u00f6rdert und akzeptiert &#8211; auch \u00fcber den eigenen Gartenzaun hinaus!<\/p>\n<p><strong><span style=\"color: #008000;\">\u00d6kologie<\/span> im Alltag! <\/strong>Wir wollen den ganz normalen Alltag \u00f6kologisch gestalten. Das hei\u00dft, m\u00f6glichst wenig endliche Ressourcen zu verbrauchen, nicht nur beim sp\u00e4teren Wohnen, sondern auch schon w\u00e4hrend der Erstellung des Projektes. Wir wollen mit dem Platz der uns zur Verf\u00fcgung steht verantwortlich ungehen. Daher bauen wir ausschlie\u00dflich Wohnungen nach den Gr\u00f6\u00dfen-Kriterien der sozialen Wohnbauf\u00f6rderung &#8211; auch die frei finanzierten.<\/p>\n<p>In Sachen Mobilit\u00e4t wollen wir \u00f6kologische Wege gehen. Dazu soll es gute, \u00fcberdachte Fahrradstellpl\u00e4tze geben und projekteigene Lastenr\u00e4der sollen auch der erweiterten Nachbarschaft ausgeliehen werden k\u00f6nnen. Gemeinsame Einkaufsfahrten u.\u00e4. sollen organisiert werden; Carsharing ist f\u00fcr uns selbstverst\u00e4ndlich und wir wollen uns weiter mit dem Thema &#8222;zukunftsf\u00e4hige Mobilit\u00e4t&#8220; besch\u00e4ftigen. <strong><br \/><\/strong><\/p>\n<p><strong>Wohnen <span style=\"color: #ff6600;\">f\u00fcr alle<\/span> Generationen! <\/strong>Wir wollen ein Wohnprojekt, in dem Alt und Jung miteinander \u00e4lter werden k\u00f6nnen. Deshalb wollen wir so bauen, dass niemand durch Barrieren ausgeschlossen wird. Nachbarschaftliche Hilfe kann Menschen, die nicht mehr fit genug sind in die n\u00e4chste Apotheke oder Supermarkt zu kommen, erm\u00f6glichen lange in ihrer Wohnung &amp; ihrem Projekthaus leben zu k\u00f6nnen &#8211; auch bis zum Lebensende.<\/p>\n<p><strong>Politisch &amp; sozial <span style=\"color: #ff6600;\">aktiv!<\/span><\/strong> WIGWAM will nicht nur wohnen. Wir wollen auch politisch und gesellschaftlich aktiv sein. Deshalb wollen wir Raum schaffen f\u00fcr Kultur, Politik und Soziales. Uns schwebt vor, ein Fairtrade-Caf\u00e9 und eine Gemeinschafts-Werkstatt (Selbsthilfe repair-cafe &amp; offene Fahrradwerkstatt) im Projekt umzusetzen.<\/p>\n<p><strong>Wir wollen weiterhin im BuWo &#8211; dem B\u00fcndnis urbane Wohnformen &#8211; aktiv sein, um andere Projekte in M\u00fcnster mit Rat und Tat zu unterst\u00fctzen und die Politik und Verwaltung unabl\u00e4ssig daran zu erinnern, dass Gemeinschaftliche Wohnprojekte echte sinnvolle Alternativen sind.<\/strong><\/p>\n\n\n<p><\/p>\n","protected":false},"excerpt":{"rendered":"<p>Die WIGWAM-Formel: altersgemischt, non-profit, ressourcenschonend, gemeinschaftlich, solidarisch und selbstbestimmt! Unsere Ideen und Ziele: Wohnen mu\u00df f\u00fcr alle bezahlbar sein! Wir wollen ein Wohnprojekt schaffen, in das jede*r &#8211; unabh\u00e4ngig von Einkommen und Verm\u00f6gen &#8211; einziehen kann. Wir wollen dauerhaft Mietraum schaffen, der bezahlbar ist und bleibt. Wir wollen Modell sein f\u00fcr eine Stadt, die gepr\u00e4gt &hellip; <a href=\"https:\/\/www.muenster.org\/wigwam\/?page_id=194\" class=\"more-link\"><span class=\"screen-reader-text\">Unsere Ziele &#038; Ideen<\/span> weiterlesen <span class=\"meta-nav\">&rarr;<\/span><\/a><\/p>\n","protected":false},"author":1,"featured_media":0,"parent":214,"menu_order":4,"comment_status":"open","ping_status":"open","template":"","meta":{"footnotes":""},"class_list":["post-194","page","type-page","status-publish","hentry"],"_links":{"self":[{"href":"https:\/\/www.muenster.org\/wigwam\/index.php?rest_route=\/wp\/v2\/pages\/194","targetHints":{"allow":["GET"]}}],"collection":[{"href":"https:\/\/www.muenster.org\/wigwam\/index.php?rest_route=\/wp\/v2\/pages"}],"about":[{"href":"https:\/\/www.muenster.org\/wigwam\/index.php?rest_route=\/wp\/v2\/types\/page"}],"author":[{"embeddable":true,"href":"https:\/\/www.muenster.org\/wigwam\/index.php?rest_route=\/wp\/v2\/users\/1"}],"replies":[{"embeddable":true,"href":"https:\/\/www.muenster.org\/wigwam\/index.php?rest_route=%2Fwp%2Fv2%2Fcomments&post=194"}],"version-history":[{"count":44,"href":"https:\/\/www.muenster.org\/wigwam\/index.php?rest_route=\/wp\/v2\/pages\/194\/revisions"}],"predecessor-version":[{"id":2389,"href":"https:\/\/www.muenster.org\/wigwam\/index.php?rest_route=\/wp\/v2\/pages\/194\/revisions\/2389"}],"up":[{"embeddable":true,"href":"https:\/\/www.muenster.org\/wigwam\/index.php?rest_route=\/wp\/v2\/pages\/214"}],"wp:attachment":[{"href":"https:\/\/www.muenster.org\/wigwam\/index.php?rest_route=%2Fwp%2Fv2%2Fmedia&parent=194"}],"curies":[{"name":"wp","href":"https:\/\/api.w.org\/{rel}","templated":true}]}}