{"id":835,"date":"2017-09-30T13:16:23","date_gmt":"2017-09-30T11:16:23","guid":{"rendered":"http:\/\/www.muenster.org\/ungarn\/?page_id=835"},"modified":"2024-06-28T14:31:16","modified_gmt":"2024-06-28T12:31:16","slug":"deutsch-ungarischer-freundschaftsbaum","status":"publish","type":"page","link":"https:\/\/www.muenster.org\/ungarn\/deutsch-ungarischer-freundschaftsbaum\/","title":{"rendered":"Deutsch-Ungarischer Freundschaftsbaum und europ\u00e4ischer Blumenteppich"},"content":{"rendered":"<div class=\"wp-block-image\">\n<figure class=\"aligncenter size-large is-resized\"><a href=\"http:\/\/www.muenster.org\/ungarn\/wp-content\/uploads\/2024\/03\/Blumenteppichneu2-scaled.jpg\"><img loading=\"lazy\" decoding=\"async\" width=\"768\" height=\"1024\" src=\"http:\/\/www.muenster.org\/ungarn\/wp-content\/uploads\/2024\/03\/Blumenteppichneu2-768x1024.jpg\" alt=\"\" class=\"wp-image-1440\" style=\"width:416px;height:auto\" srcset=\"https:\/\/www.muenster.org\/ungarn\/wp-content\/uploads\/2024\/03\/Blumenteppichneu2-768x1024.jpg 768w, https:\/\/www.muenster.org\/ungarn\/wp-content\/uploads\/2024\/03\/Blumenteppichneu2-225x300.jpg 225w, https:\/\/www.muenster.org\/ungarn\/wp-content\/uploads\/2024\/03\/Blumenteppichneu2-1152x1536.jpg 1152w, https:\/\/www.muenster.org\/ungarn\/wp-content\/uploads\/2024\/03\/Blumenteppichneu2-1536x2048.jpg 1536w, https:\/\/www.muenster.org\/ungarn\/wp-content\/uploads\/2024\/03\/Blumenteppichneu2-scaled.jpg 1920w\" sizes=\"auto, (max-width: 768px) 100vw, 768px\" \/><\/a><\/figure>\n<\/div>\n\n<p style=\"text-align: justify;\">Der Deutsch-Ungarische Freundschaftsbaum wurde 2004 gepflanzt, um Ungarns Beitritt in die Europ\u00e4ische Union zu feiern. Der Baum ist ein Symbol f\u00fcr die kulturelle Verst\u00e4ndigung, insbesondere f\u00fcr die deutsch-ungarische Freundschaft in M\u00fcnster.<\/p>\n<p style=\"text-align: justify;\"><strong><a href=\"http:\/\/www.muenster.org\/ungarn\/wp-content\/uploads\/2017\/09\/Homepage1.jpg\"><img loading=\"lazy\" decoding=\"async\" class=\"wp-image-837 alignleft\" src=\"http:\/\/www.muenster.org\/ungarn\/wp-content\/uploads\/2017\/09\/Homepage1.jpg\" alt=\"Homepage1\" width=\"281\" height=\"211\" srcset=\"https:\/\/www.muenster.org\/ungarn\/wp-content\/uploads\/2017\/09\/Homepage1.jpg 3264w, https:\/\/www.muenster.org\/ungarn\/wp-content\/uploads\/2017\/09\/Homepage1-300x225.jpg 300w, https:\/\/www.muenster.org\/ungarn\/wp-content\/uploads\/2017\/09\/Homepage1-1024x768.jpg 1024w\" sizes=\"auto, (max-width: 281px) 100vw, 281px\" \/><\/a><\/strong>Warum gerade ein Baum? B\u00e4ume haben seit den Anf\u00e4ngen der menschlichen Zivilisation eine sehr starke Symbolkraft. Denken Sie nur an den Apfelbaum im Paradies oder an den bis zum Himmel reichenden Baum (\u00e9gig\u00e9r\u0151 fa) aus der ungarischen Mythologie. Ein Baum ist ein Symbol des Lebens. Die Wurzeln verbildlichen unsere Vergangenheit, der Stamm die Gegenwart und das Laub die Zukunft.<\/p>\n<p style=\"text-align: justify;\"><a href=\"http:\/\/www.muenster.org\/ungarn\/wp-content\/uploads\/2017\/11\/IMG_6335-e1510925280456.jpg\"><img loading=\"lazy\" decoding=\"async\" class=\"alignright wp-image-881\" src=\"http:\/\/www.muenster.org\/ungarn\/wp-content\/uploads\/2017\/11\/IMG_6335-e1510925280456.jpg\" alt=\"IMG_6335\" width=\"250\" height=\"333\" srcset=\"https:\/\/www.muenster.org\/ungarn\/wp-content\/uploads\/2017\/11\/IMG_6335-e1510925280456.jpg 2448w, https:\/\/www.muenster.org\/ungarn\/wp-content\/uploads\/2017\/11\/IMG_6335-e1510925280456-225x300.jpg 225w, https:\/\/www.muenster.org\/ungarn\/wp-content\/uploads\/2017\/11\/IMG_6335-e1510925280456-768x1024.jpg 768w\" sizes=\"auto, (max-width: 250px) 100vw, 250px\" \/><\/a>Die deutsch-ungarische Freundschaft hat tiefe Wurzeln \u2013 denken wir nur an Ungarns ersten K\u00f6nig, den Heiligen Stephan und an seine bayerische Ehefrau, Gisela! Diese Freundschaft hat auch einen starken Stamm: die ver-flochtenen kulturellen, politischen und wirtschaftlichen Bezie-hungen zwischen unseren L\u00e4ndern. Und diese Freundschaft hat auch ein bl\u00fchendes Zukunftsbild: dass wir gemeinsam in einem friedlichen und demokratischen Europa leben werden.<\/p>\n<p style=\"text-align: justify;\">Um diese Zukunft erleben zu k\u00f6nnen, m\u00fcssen wir heute, hier und jetzt etwas daf\u00fcr tun. Sie kann nur ein Ergebnis unserer heutigen Bem\u00fchungen, unserer heutigen Arbeit sein. \u00dcber diese Zukunft wird nicht (nur) in Br\u00fcssel, Berlin oder in Budapest entschieden. Ob die Vision des gemeinsamen Europas zur Wirklichkeit wird, entscheidet sich in unseren K\u00f6pfen und in unserem Alltag.<\/p>\n<p style=\"text-align: justify;\">Die Deutsch-Ungarische Gesellschaft M\u00fcnster wurde ins Leben gerufen, um dazu einen Beitrag zu leisten: Wir arbeiten f\u00fcr die kulturelle Verst\u00e4ndigung hier in M\u00fcnster. Wir m\u00f6chten nicht nur ein Forum f\u00fcr die hier lebenden Ungarn, sondern auch eine Anlaufstelle <em>f\u00fcr alle<\/em> sein, die sich f\u00fcr die ungarische Kultur und Sprache interessieren. Der Deutsch-Ungarische Freundschaftbaum symbolisiert diese Verst\u00e4ndigung, dieses Zusammenleben in M\u00fcnster.<\/p>\n<p style=\"text-align: justify;\"><a href=\"http:\/\/www.muenster.org\/ungarn\/wp-content\/uploads\/2017\/11\/IMG_6309.jpg\"><img loading=\"lazy\" decoding=\"async\" class=\"alignright size-full wp-image-880\" src=\"http:\/\/www.muenster.org\/ungarn\/wp-content\/uploads\/2017\/11\/IMG_6309.jpg\" alt=\"IMG_6309\" width=\"2448\" height=\"2448\" srcset=\"https:\/\/www.muenster.org\/ungarn\/wp-content\/uploads\/2017\/11\/IMG_6309.jpg 2448w, https:\/\/www.muenster.org\/ungarn\/wp-content\/uploads\/2017\/11\/IMG_6309-150x150.jpg 150w, https:\/\/www.muenster.org\/ungarn\/wp-content\/uploads\/2017\/11\/IMG_6309-300x300.jpg 300w, https:\/\/www.muenster.org\/ungarn\/wp-content\/uploads\/2017\/11\/IMG_6309-1024x1024.jpg 1024w\" sizes=\"auto, (max-width: 2448px) 100vw, 2448px\" \/><\/a><\/p>\n<p style=\"text-align: justify;\">Der Deutsch-Ungarische Freundschaftbaum ist eine Sumpf- oder Boulevard-Eiche (<em>Quercus palustris<\/em>).<\/p>\n<p style=\"text-align: justify;\"><a href=\"http:\/\/www.muenster.org\/ungarn\/wp-content\/uploads\/2017\/09\/IMG_3842-e1506769283273.jpg\"><img loading=\"lazy\" decoding=\"async\" class=\"wp-image-838 alignleft\" src=\"http:\/\/www.muenster.org\/ungarn\/wp-content\/uploads\/2017\/09\/IMG_3842-e1506769283273.jpg\" alt=\"IMG_3842\" width=\"202\" height=\"269\" srcset=\"https:\/\/www.muenster.org\/ungarn\/wp-content\/uploads\/2017\/09\/IMG_3842-e1506769283273.jpg 2448w, https:\/\/www.muenster.org\/ungarn\/wp-content\/uploads\/2017\/09\/IMG_3842-e1506769283273-225x300.jpg 225w, https:\/\/www.muenster.org\/ungarn\/wp-content\/uploads\/2017\/09\/IMG_3842-e1506769283273-768x1024.jpg 768w\" sizes=\"auto, (max-width: 202px) 100vw, 202px\" \/><\/a>Der Standort des Freundschafts-baums hat ebenfalls eine Bedeutung: Er steht neben der \u00a0&#8211; 1993 auf Initiative des iranischen K\u00fcnstlers Mahmoud Torabi auf-gestellten &#8211; Skulptur \u201eZusammen-leben\u201c von Demir Demiroski und Martin Hermann (nach dem Entwurf von Gerd R\u00f6ser), die das friedliche Zusammenleben der Deutschen mit nicht-deutschen B\u00fcrger*innen symbolisiert.<\/p>\n<p style=\"text-align: justify;\">Der Deutsch-Ungarische Freundschaftsbaum wurde am 13. M\u00e4rz 2004 im Beisein des damaligen Gesandten der Republik Ungarn, Dr. Attila Kir\u00e1ly und des damaligen M\u00fcnsteraner B\u00fcrgermeister, G\u00fcnter Schulze Blasum gepflanzt.<\/p>\n<p style=\"text-align: justify;\"><a href=\"http:\/\/www.muenster.org\/ungarn\/wp-content\/uploads\/2015\/09\/11.jpg\"><img loading=\"lazy\" decoding=\"async\" class=\"wp-image-26 aligncenter\" src=\"http:\/\/www.muenster.org\/ungarn\/wp-content\/uploads\/2015\/09\/11.jpg\" alt=\"11\" width=\"357\" height=\"268\" srcset=\"https:\/\/www.muenster.org\/ungarn\/wp-content\/uploads\/2015\/09\/11.jpg 600w, https:\/\/www.muenster.org\/ungarn\/wp-content\/uploads\/2015\/09\/11-300x225.jpg 300w\" sizes=\"auto, (max-width: 357px) 100vw, 357px\" \/><\/a>Im Herbst 2017 pflanzte die Deutsch-Ungarische Gesellschaft M\u00fcnster im Rahmen der Aktion <a href=\"http:\/\/www.muenster-bekennt-farbe.de\/\"><u>&#8222;<\/u><u>M\u00fcnster bekennt Farbe&#8220; <\/u><\/a>einen Blumenteppich in den Farben der Flagge der Europ\u00e4ischen Union um den Baum herum. Der blau-gelbe Blumenteppich symbolisiert die Verbundenheit von Deutschland und Ungarn mit der Europ\u00e4ischen Union.<\/p>\n<p style=\"text-align: justify;\"><a href=\"http:\/\/www.muenster.org\/ungarn\/wp-content\/uploads\/2017\/11\/Baum_Blumenteppich.jpg\"><img loading=\"lazy\" decoding=\"async\" class=\"wp-image-865 aligncenter\" src=\"http:\/\/www.muenster.org\/ungarn\/wp-content\/uploads\/2017\/11\/Baum_Blumenteppich.jpg\" alt=\"Baum_Blumenteppich\" width=\"343\" height=\"343\" srcset=\"https:\/\/www.muenster.org\/ungarn\/wp-content\/uploads\/2017\/11\/Baum_Blumenteppich.jpg 2448w, https:\/\/www.muenster.org\/ungarn\/wp-content\/uploads\/2017\/11\/Baum_Blumenteppich-150x150.jpg 150w, https:\/\/www.muenster.org\/ungarn\/wp-content\/uploads\/2017\/11\/Baum_Blumenteppich-300x300.jpg 300w, https:\/\/www.muenster.org\/ungarn\/wp-content\/uploads\/2017\/11\/Baum_Blumenteppich-1024x1024.jpg 1024w\" sizes=\"auto, (max-width: 343px) 100vw, 343px\" \/><\/a>Am 17. November 2017 um 11.30 Uhr wurde der neue Blumenteppich im Beisein der M\u00fcnsteraner B\u00fcrgermeisterin Wendela-Beate Vilhjalmsson und des stellvertretenden Leiters des Generalkonsulats von Ungarn in D\u00fcsseldorf Dr. Andr\u00e1s Orgov\u00e1nyi offiziell vorgestellt.<\/p>\n<p style=\"text-align: justify;\"><a href=\"http:\/\/www.muenster.org\/ungarn\/wp-content\/uploads\/2017\/11\/IMG_6349.jpg\"><img loading=\"lazy\" decoding=\"async\" class=\"alignright size-full wp-image-882\" src=\"http:\/\/www.muenster.org\/ungarn\/wp-content\/uploads\/2017\/11\/IMG_6349.jpg\" alt=\"IMG_6349\" width=\"3264\" height=\"2448\" srcset=\"https:\/\/www.muenster.org\/ungarn\/wp-content\/uploads\/2017\/11\/IMG_6349.jpg 3264w, https:\/\/www.muenster.org\/ungarn\/wp-content\/uploads\/2017\/11\/IMG_6349-300x225.jpg 300w, https:\/\/www.muenster.org\/ungarn\/wp-content\/uploads\/2017\/11\/IMG_6349-1024x768.jpg 1024w\" sizes=\"auto, (max-width: 3264px) 100vw, 3264px\" \/><\/a><\/p>\n<p style=\"text-align: justify;\">Am Sonntag, den 18. M\u00e4rz 2018 feierte die Deutsch-Ungarische Gesellschaft ihren 15. Geburtstag am Deutsch-Ungarischen Freundschaftsbaum\u00a0 im Beisein von Frau Dr. Eszter Zs\u00f3fia Hidasi, ungarischer Konsulin, statt. Am selben Tag\u00a0 fand im Cinema eine nicht-\u00f6ffentliche Feier nur f\u00fcr Mitglieder, im Beisein von Frau Wendela-Beate Vilhjalmsson, M\u00fcnsteraner B\u00fcrgermeisterin, statt.<\/p>\n<p style=\"text-align: justify;\"><a href=\"http:\/\/www.muenster.org\/ungarn\/wp-content\/uploads\/2018\/03\/IMG_7486.jpg\"><img loading=\"lazy\" decoding=\"async\" class=\"alignright size-full wp-image-933\" src=\"http:\/\/www.muenster.org\/ungarn\/wp-content\/uploads\/2018\/03\/IMG_7486.jpg\" alt=\"IMG_7486\" width=\"3264\" height=\"2448\" srcset=\"https:\/\/www.muenster.org\/ungarn\/wp-content\/uploads\/2018\/03\/IMG_7486.jpg 3264w, https:\/\/www.muenster.org\/ungarn\/wp-content\/uploads\/2018\/03\/IMG_7486-300x225.jpg 300w, https:\/\/www.muenster.org\/ungarn\/wp-content\/uploads\/2018\/03\/IMG_7486-1024x768.jpg 1024w\" sizes=\"auto, (max-width: 3264px) 100vw, 3264px\" \/><\/a><\/p>\n<p style=\"text-align: justify;\">Der\u00a0 \u201eeurop\u00e4ische\u201c Blumenteppich am <a href=\"http:\/\/www.muenster.org\/ungarn\/deutsch-ungarischer-freundschaftsbaum\/\">Deutsch-Ungarischen Freundschaftsbaum <\/a>ist zum 15. Jahrestag von Ungarns EU-Eintritt (1. Mai 2019) aufgebl\u00fcht.<\/p>\n<p><a href=\"http:\/\/www.muenster.org\/ungarn\/wp-content\/uploads\/2019\/05\/DUG-Blumenteppich2_2019-e1556708455189.jpg\"><img loading=\"lazy\" decoding=\"async\" class=\"size-full wp-image-994\" src=\"http:\/\/www.muenster.org\/ungarn\/wp-content\/uploads\/2019\/05\/DUG-Blumenteppich2_2019-e1556708455189.jpg\" alt=\"Blumenteppich 2019\" width=\"2448\" height=\"2448\" srcset=\"https:\/\/www.muenster.org\/ungarn\/wp-content\/uploads\/2019\/05\/DUG-Blumenteppich2_2019-e1556708455189.jpg 2448w, https:\/\/www.muenster.org\/ungarn\/wp-content\/uploads\/2019\/05\/DUG-Blumenteppich2_2019-e1556708455189-150x150.jpg 150w, https:\/\/www.muenster.org\/ungarn\/wp-content\/uploads\/2019\/05\/DUG-Blumenteppich2_2019-e1556708455189-300x300.jpg 300w, https:\/\/www.muenster.org\/ungarn\/wp-content\/uploads\/2019\/05\/DUG-Blumenteppich2_2019-e1556708455189-1024x1024.jpg 1024w\" sizes=\"auto, (max-width: 2448px) 100vw, 2448px\" \/><\/a><\/p>\n<p style=\"text-align: justify;\">Anl\u00e4sslich des 20. Jubil\u00e4ums von Ungarns EU-Beitritt wurde der europ\u00e4ische Blumenteppich rundum erneuert und erweitert:<\/p>\n<p style=\"text-align: justify;\">Im M\u00e4rz 2024 &#8211; nachdem hungrige (Oster)Hasen den blauen Teil aufgegessen haben &#8211; wurden die blauen Blausternen (Scilla) durch Vergissmeinnicht ersetzt.<\/p>\n<p><a href=\"http:\/\/www.muenster.org\/ungarn\/wp-content\/uploads\/2024\/03\/Blumenteppichneu1-scaled.jpg\"><img loading=\"lazy\" decoding=\"async\" class=\"alignnone  wp-image-1439\" src=\"http:\/\/www.muenster.org\/ungarn\/wp-content\/uploads\/2024\/03\/Blumenteppichneu1-300x225.jpg\" alt=\"\" width=\"561\" height=\"421\" srcset=\"https:\/\/www.muenster.org\/ungarn\/wp-content\/uploads\/2024\/03\/Blumenteppichneu1-300x225.jpg 300w, https:\/\/www.muenster.org\/ungarn\/wp-content\/uploads\/2024\/03\/Blumenteppichneu1-1024x768.jpg 1024w, https:\/\/www.muenster.org\/ungarn\/wp-content\/uploads\/2024\/03\/Blumenteppichneu1-768x576.jpg 768w, https:\/\/www.muenster.org\/ungarn\/wp-content\/uploads\/2024\/03\/Blumenteppichneu1-1536x1152.jpg 1536w, https:\/\/www.muenster.org\/ungarn\/wp-content\/uploads\/2024\/03\/Blumenteppichneu1-2048x1536.jpg 2048w\" sizes=\"auto, (max-width: 561px) 100vw, 561px\" \/><\/a><\/p>\n<p style=\"text-align: justify;\">Im Juni 2024 haben wir den europ\u00e4ischen Blumenteppich nochmals erweitert. Es wurden dabei verschiedene blaue Blumensaamen gepflanzt.\u00a0<\/p>\n<p><a href=\"http:\/\/www.muenster.org\/ungarn\/aktualitasok\/20240628_095910\/\" rel=\"attachment wp-att-1489\"><img loading=\"lazy\" decoding=\"async\" class=\"alignright size-full wp-image-1489\" src=\"http:\/\/www.muenster.org\/ungarn\/wp-content\/uploads\/2024\/06\/20240628_095910-scaled.jpg\" alt=\"\" width=\"2560\" height=\"1920\" srcset=\"https:\/\/www.muenster.org\/ungarn\/wp-content\/uploads\/2024\/06\/20240628_095910-scaled.jpg 2560w, https:\/\/www.muenster.org\/ungarn\/wp-content\/uploads\/2024\/06\/20240628_095910-300x225.jpg 300w, https:\/\/www.muenster.org\/ungarn\/wp-content\/uploads\/2024\/06\/20240628_095910-1024x768.jpg 1024w, https:\/\/www.muenster.org\/ungarn\/wp-content\/uploads\/2024\/06\/20240628_095910-768x576.jpg 768w, https:\/\/www.muenster.org\/ungarn\/wp-content\/uploads\/2024\/06\/20240628_095910-1536x1152.jpg 1536w, https:\/\/www.muenster.org\/ungarn\/wp-content\/uploads\/2024\/06\/20240628_095910-2048x1536.jpg 2048w\" sizes=\"auto, (max-width: 2560px) 100vw, 2560px\" \/><\/a><\/p>\n<p>&nbsp;<\/p>\n<p>&nbsp;<\/p>\n<p style=\"text-align: justify;\">Die Deutsch-Ungarische Gesellschaft M\u00fcnster bedankt sich sehr herzlich bei der <a href=\"http:\/\/www.hatt-baumschulen.de\/\">Baumschule Hatt<\/a>, die den Baum gespendet hatte und bei den Mitarbeiter*innen des <a href=\"http:\/\/www.stadt-muenster.de\/sae\/amt-fuer-gruenflaechen-umwelt-und-nachhaltigkeit.html\">Amtes f\u00fcr Gl\u00fcnfl\u00e4chen, Umwelt und Nachhaltigkeit der Stadt M\u00fcnster<\/a>, sowie <a href=\"https:\/\/www.gartenbau.org\/schwarzenbek\/stephan-lange-garten--und-landschafts--bau-aULAU9\" data-type=\"link\" data-id=\"https:\/\/www.gartenbau.org\/schwarzenbek\/stephan-lange-garten--und-landschafts--bau-aULAU9\">Stephan Lange und seinem Team<\/a>, die sich um die Pflege k\u00fcmmern!<\/p>\n\n\n<p><\/p>\n","protected":false},"excerpt":{"rendered":"<p>Der Deutsch-Ungarische Freundschaftsbaum wurde 2004 gepflanzt, um Ungarns Beitritt in die Europ\u00e4ische Union zu feiern. Der Baum ist ein Symbol f\u00fcr die kulturelle Verst\u00e4ndigung, insbesondere f\u00fcr die deutsch-ungarische Freundschaft in M\u00fcnster. Warum gerade ein Baum? B\u00e4ume haben seit den Anf\u00e4ngen der menschlichen Zivilisation eine sehr starke Symbolkraft. Denken Sie nur an den Apfelbaum im Paradies &hellip; <a href=\"https:\/\/www.muenster.org\/ungarn\/deutsch-ungarischer-freundschaftsbaum\/\" class=\"more-link\"><span class=\"screen-reader-text\">Deutsch-Ungarischer Freundschaftsbaum und europ\u00e4ischer Blumenteppich<\/span> weiterlesen <span class=\"meta-nav\">&rarr;<\/span><\/a><\/p>\n","protected":false},"author":1,"featured_media":0,"parent":0,"menu_order":0,"comment_status":"closed","ping_status":"closed","template":"","meta":{"footnotes":""},"class_list":["post-835","page","type-page","status-publish","hentry"],"_links":{"self":[{"href":"https:\/\/www.muenster.org\/ungarn\/wp-json\/wp\/v2\/pages\/835","targetHints":{"allow":["GET"]}}],"collection":[{"href":"https:\/\/www.muenster.org\/ungarn\/wp-json\/wp\/v2\/pages"}],"about":[{"href":"https:\/\/www.muenster.org\/ungarn\/wp-json\/wp\/v2\/types\/page"}],"author":[{"embeddable":true,"href":"https:\/\/www.muenster.org\/ungarn\/wp-json\/wp\/v2\/users\/1"}],"replies":[{"embeddable":true,"href":"https:\/\/www.muenster.org\/ungarn\/wp-json\/wp\/v2\/comments?post=835"}],"version-history":[{"count":22,"href":"https:\/\/www.muenster.org\/ungarn\/wp-json\/wp\/v2\/pages\/835\/revisions"}],"predecessor-version":[{"id":1507,"href":"https:\/\/www.muenster.org\/ungarn\/wp-json\/wp\/v2\/pages\/835\/revisions\/1507"}],"wp:attachment":[{"href":"https:\/\/www.muenster.org\/ungarn\/wp-json\/wp\/v2\/media?parent=835"}],"curies":[{"name":"wp","href":"https:\/\/api.w.org\/{rel}","templated":true}]}}