{"id":212,"date":"2015-09-18T14:47:09","date_gmt":"2015-09-18T12:47:09","guid":{"rendered":"http:\/\/www.muenster.org\/ungarn\/?page_id=212"},"modified":"2022-11-28T19:45:52","modified_gmt":"2022-11-28T18:45:52","slug":"kooperacios-partnereink","status":"publish","type":"page","link":"https:\/\/www.muenster.org\/ungarn\/kooperacios-partnereink\/","title":{"rendered":"Kooper\u00e1ci\u00f3s partnereink"},"content":{"rendered":"<p style=\"text-align: justify;\">Kooper\u00e1ci\u00f3s partnereink, szponzorok \u00e9s t\u00e1mogat\u00f3k (\u00e1b\u00e9c\u00e9 sorrendben):<\/p>\n<p><a href=\"https:\/\/www.franz-hitze-haus.de\/start\/\" target=\"_blank\" rel=\"noopener noreferrer\">Akademie Franz Hitze Haus<\/a><br \/>\n<a href=\"http:\/\/www.awo-msl-re.de\/awo-ehrenamt\/kreisverband-muenster\/ortsverein-wolbeck\/-1-558.html\" target=\"_blank\" rel=\"noopener noreferrer\">AWO Ortsverein Wolbeck<\/a><br \/>\n<a href=\"http:\/\/www.hatt-baumschulen.de\/\" target=\"_blank\" rel=\"noopener noreferrer\">Baumschulen &amp; Pflanzencenter Hatt M\u00fcnster<\/a><br \/>\n<a href=\"http:\/\/www.bennohaus.org\/\" target=\"_blank\" rel=\"noopener noreferrer\">Bennohaus M\u00fcnster<\/a><br \/>\n<a href=\"http:\/\/www.buchhandlung-schatzinsel.de\/\" target=\"_blank\" rel=\"noopener noreferrer\">Buchhandlung Schatzinsel<\/a><br \/>\n<a href=\"https:\/\/buergernetz-muenster.de\/\">B\u00fcrgernetz M\u00fcnster<\/a><\/p>\n<p><a href=\"http:\/\/www.cafe-arte-muenster.com\/\" target=\"_blank\" rel=\"noopener noreferrer\">Caf\u00e9 Arte<\/a><br \/>\n<a href=\"http:\/\/www.cinema-muenster.de\" target=\"_blank\" rel=\"noopener noreferrer\">Cinema M\u00fcnster<\/a><br \/>\n<a href=\"http:\/\/www.uni-muenster.de\/DieBruecke\/\" target=\"_blank\" rel=\"noopener noreferrer\">\u201cDie Br\u00fccke\u201d Internationales Zentrum der Westf\u00e4lischen Wilhelms-Universit\u00e4t M\u00fcnster<\/a><br \/>\n<a href=\"http:\/\/www.verband-frau-und-kultur.de\/muenster\/\" target=\"_blank\" rel=\"noopener noreferrer\">Deutscher Verband Frau &amp; Kultur e.V. Gruppe M\u00fcnster<\/a><br \/>\n<a href=\"http:\/\/www.hamannstift.de\/\" target=\"_blank\" rel=\"noopener noreferrer\">Evangelisches Studienhaus des Hamann-Stiftes<\/a><br \/>\n<a href=\"http:\/\/www.muenster.de\/clasing+etage\/\" target=\"_blank\" rel=\"noopener noreferrer\">Galerie Clasing<\/a><\/p>\n<p><a href=\"http:\/\/www.cjz-muenster.de\/\">Gesellschaft f\u00fcr Christlich-J\u00fcdische Zusammenarbeit M\u00fcnster e.V.<\/a><br \/>\n<a href=\"http:\/\/www.uni-muenster.de\/HausDerNiederlande\/\" target=\"_blank\" rel=\"noopener noreferrer\">Haus der Niederlande M\u00fcnster<\/a><br \/>\n<a href=\"http:\/\/www.stadt-muenster.de\/zuwanderung\/startseite.html\" target=\"_blank\" rel=\"noopener noreferrer\">Integrationsrat der Stadt M\u00fcnster<\/a><br \/>\n<a href=\"http:\/\/www.st-bernhard-muenster.de\/\" target=\"_blank\" rel=\"noopener noreferrer\">Katholische Pfarrgemeinde St. Bernhard M\u00fcnster-Angelmodde<\/a><br \/>\n<a href=\"http:\/\/www.vereinsverzeichnis.eu\/verein,69650,.html\" target=\"_blank\" rel=\"noopener noreferrer\">Katholische Ungarische Mission M\u00fcnster<\/a><br \/>\n<a href=\"http:\/\/www.kirchenfoyer.de\/\" target=\"_blank\" rel=\"noopener noreferrer\">Kirchenfoyer M\u00fcnster<\/a><br \/>\n<a href=\"http:\/\/www.marcopolo.de\/reisefuehrer-tipps\/dortmund\/kleines-cafe-budapest-poi-115096048.html\" target=\"_blank\" rel=\"noopener noreferrer\">Kleines Caf\u00e9 Budapest Dortmund<\/a><br \/>\n<a href=\"http:\/\/www.kolping-ms.de\/\" target=\"_blank\" rel=\"noopener noreferrer\">Kolpinghaus M\u00fcnster<\/a><br \/>\n<a href=\"http:\/\/www.muenster.de\/stadt\/kulturamt\/\" target=\"_blank\" rel=\"noopener noreferrer\">Kulturamt der Stadt M\u00fcnster<\/a><br \/>\n<a href=\"http:\/\/www.kunstverein-werne.de\/\" target=\"_blank\" rel=\"noopener noreferrer\">Kunstverein Werne<\/a><br \/>\n<a href=\"http:\/\/www.lwl.org\/LWL\/Kultur\/LWL-Landesmuseum-Muenster\/\" target=\"_blank\" rel=\"noopener noreferrer\">Landesmuseum M\u00fcnster<\/a><br \/>\n<a href=\"http:\/\/www.literaturverein-muenster.de\/\" target=\"_blank\" rel=\"noopener noreferrer\">Literaturverein M\u00fcnster<\/a><br \/>\n<a href=\"http:\/\/web2.cylex.de\/firma-home\/metrovision-film-gmbh-2988744.html\" target=\"_blank\" rel=\"noopener noreferrer\">Metrovision Bonn GmbH<\/a><br \/>\n<a href=\"http:\/\/www.muensterschezeitung.de\/\" target=\"_blank\" rel=\"noopener noreferrer\">M\u00fcnsterscheZeitung<\/a><br \/>\n<a href=\"http:\/\/www.nadann.de\/\" target=\"_blank\" rel=\"noopener noreferrer\">NaDann M\u00fcnster<\/a><br \/>\n<a href=\"http:\/\/www.pesterlloyd.net\/\" target=\"_blank\" rel=\"noopener noreferrer\">Pester Lloyd<\/a><br \/>\n<a href=\"http:\/\/www.antennemuenster.de\/\" target=\"_blank\" rel=\"noopener noreferrer\">Radio Antenne M\u00fcnster<\/a><br \/>\n<a href=\"https:\/\/banking.sparkasse-muensterland-ost.de\/portal\/portal\/Starten\" target=\"_blank\" rel=\"noopener noreferrer\">Sparkasse M\u00fcnsterland Ost<\/a><br \/>\n<a href=\"http:\/\/www.berekfurdo.hu\/\" target=\"_blank\" rel=\"noopener noreferrer\">Stadt und K\u00fcnstlerkolonie Berekf\u00fcrd\u0151<\/a><br \/>\n<a href=\"http:\/\/www.muenster.de\/stadt\/buecherei\/\" target=\"_blank\" rel=\"noopener noreferrer\">Stadtb\u00fccherei M\u00fcnster<\/a><\/p>\n<p><a href=\"https:\/\/www.uni-muenster.de\/de\/\">Universit\u00e4t M\u00fcnster<\/a><br \/>\n<a href=\"http:\/\/www.volksbank-muenster.de\/\" target=\"_blank\" rel=\"noopener noreferrer\">Volksbank M\u00fcnster<\/a><br \/>\n<a href=\"http:\/\/vhs.muenster.de\/\" target=\"_blank\" rel=\"noopener noreferrer\">Volkshochschule M\u00fcnster<\/a><br \/>\n<a href=\"http:\/\/www.wn.de\/\" target=\"_blank\" rel=\"noopener noreferrer\">Westf\u00e4lische Nachrichten<\/a><br \/>\n<a href=\"http:\/\/www.zanka.hu\/\" target=\"_blank\" rel=\"noopener noreferrer\">Z\u00e1nka Kinder- und Jugendzentrum<\/a><\/p>\n<p><a href=\"http:\/\/www.stadt-muenster.de\/villa-ten-hompel\/startseite.html\">Villa ten Hompel M\u00fcnster<\/a><\/p>\n<p style=\"text-align: justify;\"><strong>K\u00f6sz\u00f6nj\u00fck minden itt felsorolt szervezetnek \u00e9s mag\u00e1nszem\u00e9lynek, hogy t\u00e1mogatj\u00e1k munk\u00e1nkat! <\/strong><\/p>\n","protected":false},"excerpt":{"rendered":"<p>Kooper\u00e1ci\u00f3s partnereink, szponzorok \u00e9s t\u00e1mogat\u00f3k (\u00e1b\u00e9c\u00e9 sorrendben): Akademie Franz Hitze Haus AWO Ortsverein Wolbeck Baumschulen &amp; Pflanzencenter Hatt M\u00fcnster Bennohaus M\u00fcnster Buchhandlung Schatzinsel B\u00fcrgernetz M\u00fcnster Caf\u00e9 Arte Cinema M\u00fcnster \u201cDie Br\u00fccke\u201d Internationales Zentrum der Westf\u00e4lischen Wilhelms-Universit\u00e4t M\u00fcnster Deutscher Verband Frau &amp; Kultur e.V. Gruppe M\u00fcnster Evangelisches Studienhaus des Hamann-Stiftes Galerie Clasing Gesellschaft f\u00fcr Christlich-J\u00fcdische Zusammenarbeit &hellip; <a href=\"https:\/\/www.muenster.org\/ungarn\/kooperacios-partnereink\/\" class=\"more-link\"><span class=\"screen-reader-text\">Kooper\u00e1ci\u00f3s partnereink<\/span> weiterlesen <span class=\"meta-nav\">&rarr;<\/span><\/a><\/p>\n","protected":false},"author":1,"featured_media":0,"parent":0,"menu_order":0,"comment_status":"closed","ping_status":"closed","template":"","meta":{"footnotes":""},"class_list":["post-212","page","type-page","status-publish","hentry"],"_links":{"self":[{"href":"https:\/\/www.muenster.org\/ungarn\/wp-json\/wp\/v2\/pages\/212","targetHints":{"allow":["GET"]}}],"collection":[{"href":"https:\/\/www.muenster.org\/ungarn\/wp-json\/wp\/v2\/pages"}],"about":[{"href":"https:\/\/www.muenster.org\/ungarn\/wp-json\/wp\/v2\/types\/page"}],"author":[{"embeddable":true,"href":"https:\/\/www.muenster.org\/ungarn\/wp-json\/wp\/v2\/users\/1"}],"replies":[{"embeddable":true,"href":"https:\/\/www.muenster.org\/ungarn\/wp-json\/wp\/v2\/comments?post=212"}],"version-history":[{"count":9,"href":"https:\/\/www.muenster.org\/ungarn\/wp-json\/wp\/v2\/pages\/212\/revisions"}],"predecessor-version":[{"id":1175,"href":"https:\/\/www.muenster.org\/ungarn\/wp-json\/wp\/v2\/pages\/212\/revisions\/1175"}],"wp:attachment":[{"href":"https:\/\/www.muenster.org\/ungarn\/wp-json\/wp\/v2\/media?parent=212"}],"curies":[{"name":"wp","href":"https:\/\/api.w.org\/{rel}","templated":true}]}}