{"id":195,"date":"2015-09-18T14:45:09","date_gmt":"2015-09-18T12:45:09","guid":{"rendered":"http:\/\/www.muenster.org\/ungarn\/?page_id=195"},"modified":"2015-10-03T13:41:51","modified_gmt":"2015-10-03T11:41:51","slug":"szponzorsag","status":"publish","type":"page","link":"https:\/\/www.muenster.org\/ungarn\/szponzorsag\/","title":{"rendered":"Szponzors\u00e1g"},"content":{"rendered":"<p style=\"text-align: justify;\">Mint non-profit szervezet, T\u00e1rsas\u00e1gunk munk\u00e1j\u00e1nak finansz\u00edroz\u00e1s\u00e1ban is fontos szerepet j\u00e1tszik szponzoraink p\u00e9nz\u00fcgyi t\u00e1mogat\u00e1sa, amit k\u00f6sz\u00f6nettel fogadunk. K\u00e9rj\u00fck t\u00e1mogassa \u00d6n is munk\u00e1nkat!<\/p>\n<p style=\"text-align: justify;\"><strong>Sz\u00e1mlaadatok:<\/strong><\/p>\n<p style=\"text-align: justify;\">Volksbank M\u00fcnster eG<br \/>\nKontonr.: 780 462 600<br \/>\nBLZ 401 600 50<br \/>\nIBAN: DE05 4016 0050 0780 4626 00<br \/>\nBIC: GENODEM1MSC<\/p>\n<p style=\"text-align: justify;\"><strong>Ad\u00f3kedvezm\u00e9ny<\/strong><br \/>\nA M\u00fcnsteri N\u00e9met-Magyar T\u00e1rsas\u00e1g egy elismert k\u00f6zhaszn\u00fa t\u00e1rsas\u00e1g, ez\u00e9rt a t\u00e1mogat\u00e1s \u00f6sszege az ad\u00f3b\u00f3l le\u00edrhat\u00f3.<\/p>\n<p style=\"text-align: justify;\"><strong>Elismerv\u00e9ny a t\u00e1mogat\u00e1sr\u00f3l<\/strong><br \/>\nMinden \u00e9v v\u00e9g\u00e9n automatikusan elk\u00fcld\u00fcnk t\u00e1mogat\u00f3inknak egy az ad\u00f3hat\u00f3s\u00e1gn\u00e1l beny\u00fajthat\u00f3 elismerv\u00e9nyt az elm\u00falt \u00e9vben befizetett t\u00e1mogat\u00e1s teljes \u00f6sszeg\u00e9r\u0151l. Ha valamilyen okn\u00e1l fogva enn\u00e9l kor\u00e1bban sz\u00fcks\u00e9ge lenne az elismerv\u00e9nyre, k\u00e9rj\u00fck jelentkezzen Bella Istv\u00e1n p\u00e9nzt\u00e1rosn\u00e1l: <a href=\"http:\/\/www.muenster.org\/ungarn\/vorstand\">http:\/\/www.muenster.org\/ungarn\/vorstand<\/a><\/p>\n<p style=\"text-align: justify;\"><a href=\"http:\/\/www.muenster.org\/ungarn\/wp-content\/uploads\/2015\/09\/4.jpg\"><img loading=\"lazy\" decoding=\"async\" class=\"alignnone size-full wp-image-19\" src=\"http:\/\/www.muenster.org\/ungarn\/wp-content\/uploads\/2015\/09\/4.jpg\" alt=\"4\" width=\"600\" height=\"406\" srcset=\"https:\/\/www.muenster.org\/ungarn\/wp-content\/uploads\/2015\/09\/4.jpg 600w, https:\/\/www.muenster.org\/ungarn\/wp-content\/uploads\/2015\/09\/4-300x203.jpg 300w\" sizes=\"auto, (max-width: 600px) 100vw, 600px\" \/><\/a><\/p>\n<p style=\"text-align: justify;\">\n","protected":false},"excerpt":{"rendered":"<p>Mint non-profit szervezet, T\u00e1rsas\u00e1gunk munk\u00e1j\u00e1nak finansz\u00edroz\u00e1s\u00e1ban is fontos szerepet j\u00e1tszik szponzoraink p\u00e9nz\u00fcgyi t\u00e1mogat\u00e1sa, amit k\u00f6sz\u00f6nettel fogadunk. K\u00e9rj\u00fck t\u00e1mogassa \u00d6n is munk\u00e1nkat! Sz\u00e1mlaadatok: Volksbank M\u00fcnster eG Kontonr.: 780 462 600 BLZ 401 600 50 IBAN: DE05 4016 0050 0780 4626 00 BIC: GENODEM1MSC Ad\u00f3kedvezm\u00e9ny A M\u00fcnsteri N\u00e9met-Magyar T\u00e1rsas\u00e1g egy elismert k\u00f6zhaszn\u00fa t\u00e1rsas\u00e1g, ez\u00e9rt a t\u00e1mogat\u00e1s \u00f6sszege &hellip; <a href=\"https:\/\/www.muenster.org\/ungarn\/szponzorsag\/\" class=\"more-link\"><span class=\"screen-reader-text\">Szponzors\u00e1g<\/span> weiterlesen <span class=\"meta-nav\">&rarr;<\/span><\/a><\/p>\n","protected":false},"author":1,"featured_media":0,"parent":0,"menu_order":0,"comment_status":"closed","ping_status":"closed","template":"","meta":{"footnotes":""},"class_list":["post-195","page","type-page","status-publish","hentry"],"_links":{"self":[{"href":"https:\/\/www.muenster.org\/ungarn\/wp-json\/wp\/v2\/pages\/195","targetHints":{"allow":["GET"]}}],"collection":[{"href":"https:\/\/www.muenster.org\/ungarn\/wp-json\/wp\/v2\/pages"}],"about":[{"href":"https:\/\/www.muenster.org\/ungarn\/wp-json\/wp\/v2\/types\/page"}],"author":[{"embeddable":true,"href":"https:\/\/www.muenster.org\/ungarn\/wp-json\/wp\/v2\/users\/1"}],"replies":[{"embeddable":true,"href":"https:\/\/www.muenster.org\/ungarn\/wp-json\/wp\/v2\/comments?post=195"}],"version-history":[{"count":4,"href":"https:\/\/www.muenster.org\/ungarn\/wp-json\/wp\/v2\/pages\/195\/revisions"}],"predecessor-version":[{"id":391,"href":"https:\/\/www.muenster.org\/ungarn\/wp-json\/wp\/v2\/pages\/195\/revisions\/391"}],"wp:attachment":[{"href":"https:\/\/www.muenster.org\/ungarn\/wp-json\/wp\/v2\/media?parent=195"}],"curies":[{"name":"wp","href":"https:\/\/api.w.org\/{rel}","templated":true}]}}