{"id":191,"date":"2015-09-18T14:44:42","date_gmt":"2015-09-18T12:44:42","guid":{"rendered":"http:\/\/www.muenster.org\/ungarn\/?page_id=191"},"modified":"2015-09-18T17:28:36","modified_gmt":"2015-09-18T15:28:36","slug":"szabalyzat","status":"publish","type":"page","link":"https:\/\/www.muenster.org\/ungarn\/szabalyzat\/","title":{"rendered":"Szab\u00e1lyzat"},"content":{"rendered":"<p>A M\u00fcnsteri N\u00e9met-Magyar T\u00e1rsas\u00e1g szab\u00e1lyzata<\/p>\n<p>&nbsp;<\/p>\n<p>1 \u00a7<\/p>\n<p>A T\u00e1rsas\u00e1g neve \u00e9s sz\u00e9khelye<\/p>\n<p>1) A T\u00e1rsas\u00e1g neve: \u201eDeutsch-Ungarische Gesellschaft M\u00fcnster\u201c<\/p>\n<p>2) A T\u00e1rsas\u00e1gok list\u00e1j\u00e1ban az \u201eeingetragene Verein\u201c (bejegyzett t\u00e1rsas\u00e1g), r\u00f6vid\u00edtve:\u201ce.V.\u201c n\u00e9vkieg\u00e9sz\u00edt\u00e9st viseli.<\/p>\n<p>&nbsp;<\/p>\n<p>2 \u00a7<\/p>\n<p>A T\u00e1rsas\u00e1g feladata<\/p>\n<p>1) A T\u00e1rsas\u00e1g feladata a n\u00e9met-magyar kapcsolatok \u00e1pol\u00e1sa \u00e9s fejleszt\u00e9se.<\/p>\n<p>2) Ezt a c\u00e9lt az al\u00e1bbi tev\u00e9kenys\u00e9gekkel igyekszik el\u00e9rni:<\/p>\n<p>a) kultur\u00e1lis rendezv\u00e9nyek t\u00e1mogat\u00e1sa \u00e9s szervez\u00e9se pl. felolvas\u00e1sok, koncertek, ki\u00e1ll\u00edt\u00e1sok, film \u00e9s sz\u00ednh\u00e1zi el\u0151ad\u00e1sok,<\/p>\n<p>b) a magyar nyelv \u00e1pol\u00e1sa \u00e9s terjeszt\u00e9se,<\/p>\n<p>c) ifj\u00fas\u00e1gi- \u00e9s di\u00e1kcsere,<\/p>\n<p>d) az egym\u00e1s ir\u00e1nti meg\u00e9rt\u00e9s t\u00e1mogat\u00e1sa t\u00f6rt\u00e9nelmi, politikai, gazdas\u00e1gi \u00e9s szoci\u00e1lis t\u00e9m\u00e1j\u00fa el\u0151ad\u00e1sok \u00e9s vitarendezv\u00e9nyek szervez\u00e9s\u00e9vel.<\/p>\n<p>3) A T\u00e1rsas\u00e1g kiz\u00e1r\u00f3lag \u00e9s k\u00f6zvetlen k\u00f6zhaszn\u00fa c\u00e9lt k\u00f6vet a \u201eSteuerbeg\u00fcnstigte Zwecke\u201c<\/p>\n<p>(ad\u00f3kedvezm\u00e9nyezett t\u00e9nyked\u00e9s) el\u0151ir\u00e1sainak \u00e9rtelm\u00e9ben.<\/p>\n<p>4) A T\u00e1rsas\u00e1g t\u00e9nyked\u00e9se k\u00f6zhaszn\u00fa (nem profit-orient\u00e1lt).<\/p>\n<p>&nbsp;<\/p>\n<p>3 \u00a7<\/p>\n<p>Bejegyz\u00e9s a T\u00e1rsas\u00e1gok List\u00e1j\u00e1ba<\/p>\n<p>1) A T\u00e1rsas\u00e1gnak be van jegyezve a \u201e T\u00e1rsas\u00e1gok List\u00e1j\u00e1ba\u201c (Vereinsregister).<\/p>\n<p>&nbsp;<\/p>\n<p>4 \u00a7<\/p>\n<p>Tags\u00e1g<\/p>\n<p>1) Tagok lehetnek n\u00e9met \u00e9s magyar \u00e1llampolg\u00e1rok, akik \u00e1lland\u00f3 vagy ideiglenes lakhellyel rendelkeznek a N\u00e9met Sz\u00f6vetsegi K\u00f6zt\u00e1rsas\u00e1gban. Ezen t\u00fal m\u00e1s szem\u00e9lyek is nyerhetnek felv\u00e9telt, akik a T\u00e1rsas\u00e1g\u00a0 t\u00f6rekv\u00e9seit maguk\u00e9nak vallj\u00e1k. Egy\u00fcttm\u0171k\u00f6d\u0151 tagok lehetnek jogi szem\u00e9lyek \u00e9s egy\u00e9b egyes\u00fcletek, akiknek tart\u00f3zkod\u00e1si hely\u00fck a N\u00e9met Sz\u00f6vets\u00e9gi K\u00f6zt\u00e1rsas\u00e1gban van.<\/p>\n<p>2) \u00daj tagok felv\u00e9tele \u00edr\u00e1sbeli k\u00e9rv\u00e9ny alapj\u00e1n lehets\u00e9ges a vezet\u0151s\u00e9g hat\u00e1rozata \u00e9s \u00e9rtes\u00edt\u00e9se alapj\u00e1n.<\/p>\n<p>3) A tags\u00e1g megsz\u0171nik hal\u00e1l, kil\u00e9p\u00e9s vagy kiz\u00e1r\u00e1s eset\u00e9n.<\/p>\n<p>4) A kil\u00e9p\u00e9s ir\u00e1nit k\u00e9relmet \u00edr\u00e1sban kell beny\u00fajtani 1 h\u00f3nappal az \u00e9v v\u00e9ge el\u0151tt a vezet\u0151s\u00e9gnek.<\/p>\n<p>5) A vezet\u0151s\u00e9g azonnali hat\u00e1llyal kiz\u00e1rhat egy tagot, ha az magatart\u00e1s\u00e1val a T\u00e1rsas\u00e1g t\u00f6rekv\u00e9seit durva form\u00e1ban megs\u00e9rti. A hat\u00e1rozat el\u0151tt a tagnak lehet\u0151s\u00e9ge van nyilatkozni. Az illet\u0151 egy h\u00f3napon bel\u00fcl tiltakozhat a kiz\u00e1r\u00e1s ellen a vezet\u0151s\u00e9gn\u00e9l, ebben az esetben a kiz\u00e1r\u00e1sr\u00f3l egy tags\u00e1gi k\u00f6zgy\u0171l\u00e9s d\u00f6nt szavazati t\u00f6bbs\u00e9ggel.<\/p>\n<p>&nbsp;<\/p>\n<p>5 \u00a7<\/p>\n<p>Bev\u00e9teli alap\/ Anyagiak felhaszn\u00e1l\u00e1sa<\/p>\n<p>1) A T\u00e1rsas\u00e1g a m\u0171k\u00f6d\u00e9s\u00e9hez sz\u00fcks\u00e9ges anyagi fedezetet a tagok tags\u00e1gi d\u00edj\u00e1b\u00f3l, rendezv\u00e9nyek bev\u00e9tel\u00e9b\u0151l, valamint t\u00e1mogat\u00f3kt\u00f3l, v\u00e1llakoz\u00e1sokt\u00f3l, mag\u00e1nszem\u00e9lyekt\u0151l ered\u0151 adom\u00e1nyokb\u00f3l nyeri.<\/p>\n<p>2) Minden tag k\u00f6telezi mag\u00e1t, a tags\u00e1gi \u00f6sszej\u00f6vetel \u00e1ltal megszabott, \u00e9ves tags\u00e1gi d\u00edj<\/p>\n<p>fizet\u00e9s\u00e9re. A tags\u00e1gi d\u00edj \u00e9vente, f\u00e9l\u00e9vente, negyed\u00e9vente ker\u00fcl levon\u00e1sra a tag banksz\u00e1ml\u00e1j\u00e1r\u00f3l el\u0151zetes meghatalmaz\u00e1s alapj\u00e1n (inkassz\u00f3 elj\u00e1r\u00e1s).<\/p>\n<p>3) A T\u00e1rsas\u00e1g p\u00e9nz\u00e9t csak a szab\u00e1lyzatban meghat\u00e1rozott c\u00e9lokra lehet felhaszn\u00e1lni. A T\u00e1rsas\u00e1g tagjai anyagi t\u00e1mogat\u00e1st a T\u00e1rsas\u00e1gt\u00f3l nem kaphatnak.<\/p>\n<p>4) Tilos b\u00e1rmilyen szem\u00e9ly kiad\u00e1sainak anyagi t\u00e1mogat\u00e1sa, aki azt a T\u00e1rsas\u00e1g szab\u00e1lyzat\u00e1ban meghat\u00e1rozott c\u00e9lokkal nem egyez\u0151en, illetve nem azok szellem\u00e9ben haszn\u00e1lja fel, valamint ha a k\u00f6lts\u00e9gek indokolatlanul magasak.<\/p>\n<p>&nbsp;<\/p>\n<p>6 \u00a7<\/p>\n<p>A T\u00e1rsas\u00e1g test\u00fcletei<\/p>\n<p>1) A Tags\u00e1gi k\u00f6zgy\u0171l\u00e9s<\/p>\n<p>2) A Tags\u00e1g vezet\u0151s\u00e9ge<\/p>\n<p>&nbsp;<\/p>\n<p>7 \u00a7<\/p>\n<p>A tags\u00e1gi k\u00f6zgy\u0171l\u00e9s<\/p>\n<p>1) A Tags\u00e1gi k\u00f6zgy\u0171l\u00e9s\u00a0 a T\u00e1rsas\u00e1g legmagasabb szint\u0171 test\u00fclete.<\/p>\n<p>2) Minden \u00e9v els\u0151 negyed\u00e9v\u00e9ben rendszeres tags\u00e1gi k\u00f6zgy\u0171l\u00e9st kell tartani.<\/p>\n<p>3) Soronk\u00edv\u0171li tags\u00e1gi k\u00f6zgy\u0171l\u00e9sek a vezet\u0151s\u00e9g \u00f6sszeh\u00edv\u00e1sa alapj\u00e1n ker\u00fclnek egybeh\u00edv\u00e1sra, ha a vezet\u0151s\u00e9g azt indokoltnak l\u00e1tja, vagy a T\u00e1rsas\u00e1g tagjainak \u00bc-e egy meghat\u00e1rozott ok megad\u00e1s\u00e1val azt k\u00e9rv\u00e9nyezi.<\/p>\n<p>4) A tags\u00e1gi k\u00f6zgy\u0171l\u00e9sre val\u00f3 megh\u00edv\u00e1snak 2 h\u00e9ttel a kiv\u00e1lasztott id\u0151pont el\u0151tt \u00edr\u00e1sban kell t\u00f6rt\u00e9nnie a napirendi pontok ismertet\u00e9s\u00e9vel. Kieg\u00e9sz\u00edt\u0151 napirendi pontokat k\u00e9relmezhetnek a tagok egy h\u00e9ttel a k\u00f6zgy\u0171l\u00e9s el\u0151tt, \u00edr\u00e1sban a vezet\u0151s\u00e9gn\u00e9l.<\/p>\n<p>5) Minden szab\u00e1lyzatszerinti k\u00f6zgy\u0171l\u00e9s hat\u00e1rozatk\u00e9pes. Egy hat\u00e1rozat \u00e9rv\u00e9nyess\u00e9g\u00e9hez elegend\u0151 \u2013 amennyiben a szab\u00e1lyzat vagy a t\u00f6rv\u00e9ny nem ellenzi \u2013 a szavazati t\u00f6bbs\u00e9g. A tagok a szavazatukat \u00edr\u00e1sban is leadhatj\u00e1k.<\/p>\n<p>6) A k\u00f6zgy\u0171l\u00e9s a hat\u00e1rozatokat ny\u00edlt szavaz\u00e1s alapj\u00e1n, k\u00e9zfeltart\u00e1ssal hozza. Titkos szavaz\u00e1st kell tartani, ha a jelenl\u00e9v\u0151 tagoknak legal\u00e1bb a fele k\u00e9ri.<\/p>\n<p>7) \u00a0A tags\u00e1gi k\u00f6zgy\u0171l\u00e9s hat\u00e1sk\u00f6r\u00e9be tartozik:<\/p>\n<p>a) K\u00f6zgy\u0171l\u00e9s vezet\u0151j\u00e9nek megv\u00e1laszt\u00e1sa<\/p>\n<p>b) Hat\u00e1rozathozatal, minden a T\u00e1rsas\u00e1got \u00e9rint\u0151 dologban, aminek alapvet\u0151\u00a0 jelent\u0151s\u00e9ge van.<\/p>\n<p>c) Az \u00e9ves m\u0171k\u00f6d\u00e9si jelent\u00e9s \u00e9s a p\u00e9nzt\u00e1ri jelent\u00e9s.<\/p>\n<p>d) A p\u00e9nzt\u00e1r vizsg\u00e1l\u00f3inak jelent\u00e9se.<\/p>\n<p>e) A p\u00e9nzt\u00e1ros \u00e9s a vezet\u0151s\u00e9g\u00a0 felment\u00e9se, t\u00e9nyked\u00e9s\u00fck elfogad\u00e1sa.<\/p>\n<p>f) Tan\u00e1cskoz\u00e1s \u00e9s hat\u00e1rozat az \u00e9ves gazdas\u00e1gi tervr\u0151l, valamint a tags\u00e1gi d\u00edjr\u00f3l.<\/p>\n<p>g) A szab\u00e1lyzat megv\u00e1ltoztat\u00e1sa \u00e9s a T\u00e1rsas\u00e1g feloszlat\u00e1sa a 12 \u00a7 szerint.<\/p>\n<p>h) A vezet\u0151s\u00e9g eln\u00f6k\u00e9nek, a t\u00f6bbi vezet\u0151s\u00e9gi tagnak \u00e9s a p\u00e9nzt\u00e1ri ellen\u0151r\u00f6knek a<\/p>\n<p>megv\u00e1laszt\u00e1sa.<\/p>\n<p>&nbsp;<\/p>\n<p>&nbsp;<\/p>\n<p>&nbsp;<\/p>\n<p>8 \u00a7<\/p>\n<p>A k\u00f6zgy\u0171l\u00e9si hat\u00e1rozatok okleveles\u00edt\u00e9se<\/p>\n<p>1) A K\u00f6zgy\u0171l\u00e9sen eld\u00f6nt\u00f6tt hat\u00e1rozatokr\u00f3l jegyz\u0151k\u00f6nyvet kell vezetni.<\/p>\n<p>2) A jegyz\u0151k\u00f6nyvet a K\u00f6zgy\u0171l\u00e9s vezet\u0151j\u00e9nek al\u00e1 kell \u00edrni. Ha t\u00f6bben vezett\u00e9k a k\u00f6zgy\u0171l\u00e9st, az utols\u00f3 \u00edrja al\u00e1 az eg\u00e9sz jegyz\u0151k\u00f6nyvet.<\/p>\n<p>3) Minden tagnak jog\u00e1ban \u00e1ll a jegyz\u0151k\u00f6nyvet megtekinteni.<\/p>\n<p>&nbsp;<\/p>\n<p>9 \u00a7<\/p>\n<p>A vezet\u0151s\u00e9g(eln\u00f6ks\u00e9g)<\/p>\n<p>1) A K\u00f6zgy\u0171l\u00e9s \u00e1ltal megv\u00e1lasztott vezet\u0151s\u00e9g h\u00e1rom tagb\u00f3l \u00e1ll; az eln\u00f6kb\u0151l, az eln\u00f6k-helyettesb\u0151l \u00e9s a p\u00e9nzt\u00e1rosb\u00f3l.<\/p>\n<p>2) A T\u00e1rsas\u00e1got t\u00f6rv\u00e9nyesen a vezet\u0151s\u00e9g k\u00e9t tagja k\u00e9pviselheti, k\u00f6zt\u00fck az eln\u00f6k vagy az eln\u00f6khelyettes.<\/p>\n<p>3) A vezet\u0151s\u00e9g a t\u00e9nyked\u00e9s\u00e9t t\u00e1rsadalmi munkak\u00e9nt v\u00e9gzi.<\/p>\n<p>4) A vezet\u0151s\u00e9get a K\u00f6zgy\u0171l\u00e9s \u00e1ltal k\u00e9t \u00e9vre v\u00e1lasztja meg, de az azt k\u00f6vet\u0151 v\u00e1laszt\u00e1si k\u00f6zgy\u0171l\u00e9sig hivatalban marad.<\/p>\n<p>5) A vezet\u0151s\u00e9g feladata a folyamatban l\u00e9v\u0151 \u00fcgyek int\u00e9z\u00e9se, a hat\u00e1rozatok megval\u00f3s\u00edt\u00e1sa \u00e9s a T\u00e1rsas\u00e1g javainak gondoz\u00e1sa.<\/p>\n<p>6) A vezet\u0151s\u00e9g hat\u00e1rozatk\u00e9pes, amennyiben tagjainak t\u00f6bb mint a fele jelen van. A d\u00f6nt\u00e9sek egyszer\u0171 t\u00f6bbs\u00e9ggel ker\u00fclnek meghozatalra. Egyenl\u0151 szavazat eset\u00e9n az eln\u00f6k szavazata d\u00f6nt. A vezet\u0151s\u00e9g \u00edr\u00e1sbeli elj\u00e1r\u00e1s alapj\u00e1n is hozhat d\u00f6nt\u00e9seket, amennyiben minden vezet\u0151s\u00e9gi tag egyet\u00e9rt a hat\u00e1rozattal.<\/p>\n<p>7) A vezet\u0151s\u00e9g maximum \u00f6t szem\u00e9lyt bizhat meg k\u00fcl\u00f6nf\u00e9le feladatok megval\u00f3s\u00edt\u00e1s\u00e1val.<\/p>\n<p>&nbsp;<\/p>\n<p>10 \u00a7<\/p>\n<p>P\u00e9nzt\u00e1ri ellen\u0151r\u00f6k<\/p>\n<p>A K\u00f6zgy\u0171l\u00e9s a vezet\u0151s\u00e9g m\u0171k\u00f6d\u00e9si idej\u00e9re k\u00e9t p\u00e9nzt\u00e1ri ellen\u0151rt v\u00e1laszt,akik a K\u00f6zgy\u0171l\u00e9ssel \u00edr\u00e1sban k\u00f6zlik a p\u00e9nzt\u00e1r \u00e9ves ellen\u0151rz\u00e9s\u00e9nek az eredm\u00e9ny\u00e9t.<\/p>\n<p>&nbsp;<\/p>\n<p>11 \u00a7<\/p>\n<p>A gazdas\u00e1gi \u00e9v<\/p>\n<p>A napt\u00e1ri \u00e9v egyben a gazdas\u00e1gi \u00e9v is.\u00a0 Az els\u0151 gazdas\u00e1gi \u00e9v a megalakul\u00e1s idej\u00e9vel kezd\u0151dik \u00e9s 2003.december. 31.-\u00e9n v\u00e9gz\u0151dik.<\/p>\n<p>&nbsp;<\/p>\n<p>12 \u00a7<\/p>\n<p>A szab\u00e1lyzat megv\u00e1ltoztat\u00e1sa, \u00e9s a T\u00e1rsas\u00e1g feloszlat\u00e1sa<\/p>\n<p>1) A szab\u00e1lyzat megv\u00e1ltoztat\u00e1s\u00e1ra vagy a T\u00e1rsas\u00e1g feloszlat\u00e1s\u00e1ra d\u00f6nt\u00e9stcsak a K\u00f6zgy\u0171l\u00e9s hozhat, amely ezen napirendi pontok megad\u00e1s\u00e1val lett \u00f6sszeh\u00edva. A k\u00f6zgy\u0171l\u00e9s hat\u00e1rozatk\u00e9pes, ha a tagoknak legal\u00e1bb a fele szem\u00e9lyesen jelen van, vagy \u00edr\u00e1sban a hozz\u00e1j\u00e1rul\u00e1sukat bejelentett\u00e9k.<\/p>\n<p>2) A hat\u00e1rozathozatalra a jelenlev\u0151 tagok 2\/3-os szavazati t\u00f6bbs\u00e9ge sz\u00fcks\u00e9ges. Amennyiben a jelenlev\u0151k sz\u00e1ma miatt d\u00f6nt\u00e9s nem sz\u00fclethetett akkor n\u00e9gy h\u00e9ten bel\u00fcl egy \u00fajabb K\u00f6zgy\u00fcl\u00e9st kell egybeh\u00edvni, amelyen a megjelent tagok sz\u00e1m\u00e1t\u00f3l f\u00fcggetlen\u00fcl a jelenlev\u0151k 2\/3-os szavazatt\u00f6bbs\u00e9g\u00e9vel d\u00f6ntenek.<\/p>\n<p>3) A T\u00e1rsas\u00e1g feloszlat\u00e1sa, vagy az ad\u00f3kedvezm\u00e9nyezetts\u00e9g elveszt\u00e9se eset\u00e9n a T\u00e1rsas\u00e1g anyagi javai a \u2013\u201cN\u00e9met-Magyar T\u00e1rsas\u00e1g a N\u00e9met\u00a0 Sz\u00f6vets\u00e9gi K\u00f6zt\u00e1rsas\u00e1gban\u201d(Deutsch-Ungarische Gesellschaft in der Bundesrepublik Deutschland e.V.) tulajdon\u00e1ba megy \u00e1t \u2013 (sz\u00e9khely: Stuttgart,\u00a0 C\u00edm: Hauptstra\u00dfe 42 (Rathaus), 70839 Gerlingen),\u00a0 amely k\u00f6zvetlen \u00e9s kiz\u00e1r\u00f3lag k\u00f6zhaszn\u00fa c\u00e9lra haszn\u00e1lhatja fel azokat.<\/p>\n<p>&nbsp;<\/p>\n<p>&nbsp;<\/p>\n","protected":false},"excerpt":{"rendered":"<p>A M\u00fcnsteri N\u00e9met-Magyar T\u00e1rsas\u00e1g szab\u00e1lyzata &nbsp; 1 \u00a7 A T\u00e1rsas\u00e1g neve \u00e9s sz\u00e9khelye 1) A T\u00e1rsas\u00e1g neve: \u201eDeutsch-Ungarische Gesellschaft M\u00fcnster\u201c 2) A T\u00e1rsas\u00e1gok list\u00e1j\u00e1ban az \u201eeingetragene Verein\u201c (bejegyzett t\u00e1rsas\u00e1g), r\u00f6vid\u00edtve:\u201ce.V.\u201c n\u00e9vkieg\u00e9sz\u00edt\u00e9st viseli. &nbsp; 2 \u00a7 A T\u00e1rsas\u00e1g feladata 1) A T\u00e1rsas\u00e1g feladata a n\u00e9met-magyar kapcsolatok \u00e1pol\u00e1sa \u00e9s fejleszt\u00e9se. 2) Ezt a c\u00e9lt az al\u00e1bbi tev\u00e9kenys\u00e9gekkel &hellip; <a href=\"https:\/\/www.muenster.org\/ungarn\/szabalyzat\/\" class=\"more-link\"><span class=\"screen-reader-text\">Szab\u00e1lyzat<\/span> weiterlesen <span class=\"meta-nav\">&rarr;<\/span><\/a><\/p>\n","protected":false},"author":1,"featured_media":0,"parent":0,"menu_order":0,"comment_status":"closed","ping_status":"closed","template":"","meta":{"footnotes":""},"class_list":["post-191","page","type-page","status-publish","hentry"],"_links":{"self":[{"href":"https:\/\/www.muenster.org\/ungarn\/wp-json\/wp\/v2\/pages\/191","targetHints":{"allow":["GET"]}}],"collection":[{"href":"https:\/\/www.muenster.org\/ungarn\/wp-json\/wp\/v2\/pages"}],"about":[{"href":"https:\/\/www.muenster.org\/ungarn\/wp-json\/wp\/v2\/types\/page"}],"author":[{"embeddable":true,"href":"https:\/\/www.muenster.org\/ungarn\/wp-json\/wp\/v2\/users\/1"}],"replies":[{"embeddable":true,"href":"https:\/\/www.muenster.org\/ungarn\/wp-json\/wp\/v2\/comments?post=191"}],"version-history":[{"count":2,"href":"https:\/\/www.muenster.org\/ungarn\/wp-json\/wp\/v2\/pages\/191\/revisions"}],"predecessor-version":[{"id":307,"href":"https:\/\/www.muenster.org\/ungarn\/wp-json\/wp\/v2\/pages\/191\/revisions\/307"}],"wp:attachment":[{"href":"https:\/\/www.muenster.org\/ungarn\/wp-json\/wp\/v2\/media?parent=191"}],"curies":[{"name":"wp","href":"https:\/\/api.w.org\/{rel}","templated":true}]}}