{"id":187,"date":"2015-09-18T14:44:09","date_gmt":"2015-09-18T12:44:09","guid":{"rendered":"http:\/\/www.muenster.org\/ungarn\/?page_id=187"},"modified":"2024-09-05T09:08:53","modified_gmt":"2024-09-05T07:08:53","slug":"elnoekseg","status":"publish","type":"page","link":"https:\/\/www.muenster.org\/ungarn\/elnoekseg\/","title":{"rendered":"Eln\u00f6ks\u00e9g"},"content":{"rendered":"<p>&nbsp;<\/p>\n<p><img loading=\"lazy\" decoding=\"async\" class=\"alignleft wp-image-427 size-thumbnail\" src=\"http:\/\/www.muenster.org\/ungarn\/wp-content\/uploads\/2015\/10\/Piroschka-150x150.jpg\" alt=\"Piroschka\" width=\"150\" height=\"150\" \/><strong>Haenlein Piroschka<\/strong><br \/>\nhelyettes eln\u00f6k<\/p>\n<p>Tel.: 0251 534 225<br \/>\nE-mail: <a href=\"mailto:Piroschka.Haenlein@gmx.de\">Piroschka.Haenlein@gmx.de<\/a><\/p>\n<p>&nbsp;<\/p>\n<p><strong><img loading=\"lazy\" decoding=\"async\" class=\"alignleft wp-image-75 size-thumbnail\" src=\"http:\/\/www.muenster.org\/ungarn\/wp-content\/uploads\/2015\/09\/Istvan-144x150.jpg\" alt=\"Istvan\" width=\"144\" height=\"150\" \/><br \/>\nBella Istv\u00e1n<br \/>\n<\/strong>p\u00e9nzt\u00e1ros<\/p>\n<p>Tel.: 0251 490 4695<br \/>\nE-mail: <a href=\"mailto:bella.istvan@web.de\">bella.istvan@web.de<\/a><\/p>\n","protected":false},"excerpt":{"rendered":"<p>&nbsp; Haenlein Piroschka helyettes eln\u00f6k Tel.: 0251 534 225 E-mail: Piroschka.Haenlein@gmx.de &nbsp; Bella Istv\u00e1n p\u00e9nzt\u00e1ros Tel.: 0251 490 4695 E-mail: bella.istvan@web.de<\/p>\n","protected":false},"author":1,"featured_media":0,"parent":0,"menu_order":0,"comment_status":"closed","ping_status":"closed","template":"","meta":{"footnotes":""},"class_list":["post-187","page","type-page","status-publish","hentry"],"_links":{"self":[{"href":"https:\/\/www.muenster.org\/ungarn\/wp-json\/wp\/v2\/pages\/187","targetHints":{"allow":["GET"]}}],"collection":[{"href":"https:\/\/www.muenster.org\/ungarn\/wp-json\/wp\/v2\/pages"}],"about":[{"href":"https:\/\/www.muenster.org\/ungarn\/wp-json\/wp\/v2\/types\/page"}],"author":[{"embeddable":true,"href":"https:\/\/www.muenster.org\/ungarn\/wp-json\/wp\/v2\/users\/1"}],"replies":[{"embeddable":true,"href":"https:\/\/www.muenster.org\/ungarn\/wp-json\/wp\/v2\/comments?post=187"}],"version-history":[{"count":11,"href":"https:\/\/www.muenster.org\/ungarn\/wp-json\/wp\/v2\/pages\/187\/revisions"}],"predecessor-version":[{"id":1517,"href":"https:\/\/www.muenster.org\/ungarn\/wp-json\/wp\/v2\/pages\/187\/revisions\/1517"}],"wp:attachment":[{"href":"https:\/\/www.muenster.org\/ungarn\/wp-json\/wp\/v2\/media?parent=187"}],"curies":[{"name":"wp","href":"https:\/\/api.w.org\/{rel}","templated":true}]}}