{"id":153,"date":"2015-09-18T11:47:56","date_gmt":"2015-09-18T09:47:56","guid":{"rendered":"http:\/\/www.muenster.org\/ungarn\/?page_id=153"},"modified":"2016-10-05T14:16:23","modified_gmt":"2016-10-05T12:16:23","slug":"radiosendung-ungarn-im-blickpunkt-best-of","status":"publish","type":"page","link":"https:\/\/www.muenster.org\/ungarn\/radiosendung-ungarn-im-blickpunkt-best-of\/","title":{"rendered":"Radiosendung &#8222;Ungarn im Blickpunkt&#8220; Best of"},"content":{"rendered":"<p>Am 12. April 2003 konnte man zum ersten Mal die monatliche Radiosendung &#8222;Ungarn im Blickpunkt&#8220; der Deutsch-Ungarischen Gesellschaft M\u00fcnster bei Radio Antenne M\u00fcnster h\u00f6ren. Die letzte Sendung fand Ende 2005 statt. Aus den Highlights wurde eine Best of-CD erstellt, die Sie hier finden.<\/p>\n<p>Technik: VHS B\u00fcrgerfunkstudio, Christine Bertels,<br \/>\nThorsten Feltkamp<br \/>\nCover: Peter Haenlein<br \/>\nModeration: Andrea \u00d3hidy<br \/>\nMusikst\u00fccke 2,6,15: Gesang: T\u00fcnde Gajdos, Klavier: Chizuru Amakawa<br \/>\nMusikst\u00fccke 4,8,10,12: Gesang: Hajnalka Keveceg, Kristin Ebner, Klavier: Bernd Sommer<\/p>\n<table width=\"82%\">\n<tbody>\n<tr>\n<td width=\"99%\">1. Intro <a href=\"http:\/\/www.muenster.org\/ungarn\/mp3\/01%20Titel%2001.mp3\">1.mp3<\/a><br \/>\n2. Most kezd\u0151dik a t\u00e1nc (Volkslied) <a href=\"http:\/\/www.muenster.org\/ungarn\/mp3\/02%20Titel%2002.mp3\">2.mp3<\/a><br \/>\n3. Matthias Eickhoff: Ungarns Weg in die EU <a href=\"http:\/\/www.muenster.org\/ungarn\/mp3\/03%20Titel%2003.mp3\">3.mp3<\/a>4. \u00c1ltal menn\u00e9k \u00e9n a Tisz\u00e1n (B\u00e9la Bart\u00f3k) <a href=\"http:\/\/www.muenster.org\/ungarn\/mp3\/04%20Titel%2004.mp3\">4.mp3<\/a><br \/>\n5. Vivien Gerber: Ungarische Architektur <a href=\"http:\/\/www.muenster.org\/ungarn\/mp3\/05%20Titel%2005.mp3\">5.mp3<\/a><br \/>\n6. Tejbe f\u00fcrdik az \u00e9n r\u00f3zs\u00e1m (Volkslied) <a href=\"http:\/\/www.muenster.org\/ungarn\/mp3\/06%20Titel%2006.mp3\">6.mp3<\/a><br \/>\n7. Istv\u00e1n Bella: Segeln am Balaton <a href=\"http:\/\/www.muenster.org\/ungarn\/mp3\/07%20Titel%2007.mp3\">7.mp3<\/a><br \/>\n8. \u00c1lmod\u00f3 Tiszapart (Jen\u0151 S\u00e1ndor &amp; Imre F\u00fcredy) <a href=\"http:\/\/www.muenster.org\/ungarn\/mp3\/08%20Titel%2008.mp3\">8.mp3<\/a><br \/>\n9. Katalin Haenlein: \u201eGebt mir meine Berge zur\u00fcck!\u201c <a href=\"http:\/\/www.muenster.org\/ungarn\/mp3\/09%20Titel%2009.mp3\">9.mp3<\/a><br \/>\n10. Kiskece l\u00e1nyom (Zolt\u00e1n Kod\u00e1ly)<a href=\"http:\/\/www.muenster.org\/ungarn\/mp3\/10%20Titel%2010.mp3\">10.mp3<\/a><br \/>\n11. Frauke Grieger: Mai-Fest im sozialistischen Ungarn<a href=\"http:\/\/www.muenster.org\/ungarn\/mp3\/11%20Titel%2011.mp3\">11.mp3<\/a><br \/>\n12. J\u00e1t\u00e9k (B\u00e9la Bart\u00f3k) <a href=\"http:\/\/www.muenster.org\/ungarn\/mp3\/12%20Titel%2012.mp3\">12.mp3<\/a><br \/>\n13. Andrea \u00d3hidy: P\u00e9ter Esterh\u00e1zy<a href=\"http:\/\/www.muenster.org\/ungarn\/mp3\/13%20Titel%2013.mp3\">13.mp3<\/a><br \/>\n14. T\u00edmea Kov\u00e1cs: Rezept <a href=\"http:\/\/www.muenster.org\/ungarn\/mp3\/14%20Titel%2014.mp3\">14.mp3<\/a><br \/>\n15. Hajm\u00e1si P\u00e9ter (Imre K\u00e1lm\u00e1n)<a href=\"http:\/\/www.muenster.org\/ungarn\/mp3\/15%20Titel%2015.mp3\">15.mp3<\/a><br \/>\n16. Andrea \u00d3hidy: Ausstellung \u201eEuropa mit Kinderaugen\u201c <a href=\"http:\/\/www.muenster.org\/ungarn\/mp3\/16%20Titel%2016.mp3\">16.mp3<\/a><br \/>\n17. Ende <a href=\"http:\/\/www.muenster.org\/ungarn\/mp3\/17%20Titel%2017.mp3\">17.mp3<\/a><\/td>\n<\/tr>\n<\/tbody>\n<\/table>\n<p>Cover: <a href=\"http:\/\/www.muenster.org\/ungarn\/wp-content\/uploads\/2015\/09\/cd2.jpg\" target=\"_blank\">hier<\/a><\/p>\n<p>&nbsp;<\/p>\n","protected":false},"excerpt":{"rendered":"<p>Am 12. April 2003 konnte man zum ersten Mal die monatliche Radiosendung &#8222;Ungarn im Blickpunkt&#8220; der Deutsch-Ungarischen Gesellschaft M\u00fcnster bei Radio Antenne M\u00fcnster h\u00f6ren. Die letzte Sendung fand Ende 2005 statt. Aus den Highlights wurde eine Best of-CD erstellt, die Sie hier finden. Technik: VHS B\u00fcrgerfunkstudio, Christine Bertels, Thorsten Feltkamp Cover: Peter Haenlein Moderation: Andrea &hellip; <a href=\"https:\/\/www.muenster.org\/ungarn\/radiosendung-ungarn-im-blickpunkt-best-of\/\" class=\"more-link\"><span class=\"screen-reader-text\">Radiosendung &#8222;Ungarn im Blickpunkt&#8220; Best of<\/span> weiterlesen <span class=\"meta-nav\">&rarr;<\/span><\/a><\/p>\n","protected":false},"author":1,"featured_media":0,"parent":0,"menu_order":0,"comment_status":"closed","ping_status":"closed","template":"","meta":{"footnotes":""},"class_list":["post-153","page","type-page","status-publish","hentry"],"_links":{"self":[{"href":"https:\/\/www.muenster.org\/ungarn\/wp-json\/wp\/v2\/pages\/153","targetHints":{"allow":["GET"]}}],"collection":[{"href":"https:\/\/www.muenster.org\/ungarn\/wp-json\/wp\/v2\/pages"}],"about":[{"href":"https:\/\/www.muenster.org\/ungarn\/wp-json\/wp\/v2\/types\/page"}],"author":[{"embeddable":true,"href":"https:\/\/www.muenster.org\/ungarn\/wp-json\/wp\/v2\/users\/1"}],"replies":[{"embeddable":true,"href":"https:\/\/www.muenster.org\/ungarn\/wp-json\/wp\/v2\/comments?post=153"}],"version-history":[{"count":6,"href":"https:\/\/www.muenster.org\/ungarn\/wp-json\/wp\/v2\/pages\/153\/revisions"}],"predecessor-version":[{"id":683,"href":"https:\/\/www.muenster.org\/ungarn\/wp-json\/wp\/v2\/pages\/153\/revisions\/683"}],"wp:attachment":[{"href":"https:\/\/www.muenster.org\/ungarn\/wp-json\/wp\/v2\/media?parent=153"}],"curies":[{"name":"wp","href":"https:\/\/api.w.org\/{rel}","templated":true}]}}