{"id":147,"date":"2015-09-18T11:47:12","date_gmt":"2015-09-18T09:47:12","guid":{"rendered":"http:\/\/www.muenster.org\/ungarn\/?page_id=147"},"modified":"2023-11-26T19:18:00","modified_gmt":"2023-11-26T18:18:00","slug":"ungarischsprachige-gottesdienste","status":"publish","type":"page","link":"https:\/\/www.muenster.org\/ungarn\/ungarischsprachige-gottesdienste\/","title":{"rendered":"Ungarischsprachige Gottesdienste"},"content":{"rendered":"<p>Information \u00fcber ungarischsprachige Gottesdienste in M\u00fcnster:<\/p>\n<table width=\"100%\">\n<tbody>\n<tr>\n<td width=\"361\"><span style=\"text-decoration: underline;\"><strong>Ungarische Katholische Mission in M\u00fcnster \/ <\/strong><\/span><strong><span style=\"text-decoration: underline;\">Magyar Katolikus Misszi\u00f3<\/span><br \/>\n<\/strong><span style=\"text-decoration: underline;\"><strong><br \/>\n<\/strong><\/span><strong>Ansprechperson: <\/strong><br \/>\nPfarrer P\u00e9ter Simon (Foto)<\/p>\n<p>Adresse: Middelfeld 24, 48157 M\u00fcnster\/Handorf<br \/>\nTelefon: 0251 93257288<br \/>\nEmail: <a href=\"http:\/\/www.muenster.org\/ungarn\/ungarische-mission@bistum-muenster.de\">ungarische-mission@bistum-muenster.de<\/a><\/p>\n<p><a href=\"https:\/\/www.ungmis.de\/\">https:\/\/www.ungmis.de\/<\/a><\/td>\n<td width=\"248\">\u00a0<a href=\"http:\/\/www.muenster.org\/ungarn\/wp-content\/uploads\/2015\/09\/Peter2.jpg\"><img loading=\"lazy\" decoding=\"async\" class=\"wp-image-270 aligncenter\" src=\"http:\/\/www.muenster.org\/ungarn\/wp-content\/uploads\/2015\/09\/Peter2.jpg\" alt=\"\" width=\"194\" height=\"153\" \/><\/a><\/td>\n<\/tr>\n<\/tbody>\n<\/table>\n<p><strong>\u00a0<\/strong><\/p>\n<table width=\"100%\">\n<tbody>\n<tr>\n<td width=\"361\"><span style=\"text-decoration: underline;\"><strong>Ungarische Evangelische Gemeinde in NRW \/ Rajna-Vesztf\u00e1liai Magyar Protest\u00e1ns Gy\u00fclekezet<\/strong><\/span><\/p>\n<p><strong>Ansprechperson:<\/strong><br \/>\nPastorin M\u00e1rta Guly\u00e1s (Foto)<\/p>\n<p>Adresse: Tempelstr. 29, 50679 K\u00f6ln<br \/>\nTelefon: 0221 168 97 166<br \/>\nHandy: 0157 87 83 35 14<br \/>\nEmail: <a href=\"mailto:gulyas.m@ungarische-gemeinde.de\">gulyas.m@ungarische-gemeinde.de<\/a><\/p>\n<p><a href=\"http:\/\/ungarische-gemeinde.de\">http:\/\/ungarische-gemeinde.de<\/a><\/td>\n<td width=\"248\">\u00a0 <a href=\"http:\/\/www.muenster.org\/ungarn\/wp-content\/uploads\/2015\/09\/Gulyas.jpg\"><img loading=\"lazy\" decoding=\"async\" class=\"size-full wp-image-263 aligncenter\" src=\"http:\/\/www.muenster.org\/ungarn\/wp-content\/uploads\/2015\/09\/Gulyas.jpg\" alt=\"Gulyas\" width=\"194\" height=\"194\" srcset=\"https:\/\/www.muenster.org\/ungarn\/wp-content\/uploads\/2015\/09\/Gulyas.jpg 194w, https:\/\/www.muenster.org\/ungarn\/wp-content\/uploads\/2015\/09\/Gulyas-150x150.jpg 150w\" sizes=\"auto, (max-width: 194px) 100vw, 194px\" \/><\/a><\/td>\n<\/tr>\n<\/tbody>\n<\/table>\n","protected":false},"excerpt":{"rendered":"<p>Information \u00fcber ungarischsprachige Gottesdienste in M\u00fcnster: Ungarische Katholische Mission in M\u00fcnster \/ Magyar Katolikus Misszi\u00f3 Ansprechperson: Pfarrer P\u00e9ter Simon (Foto) Adresse: Middelfeld 24, 48157 M\u00fcnster\/Handorf Telefon: 0251 93257288 Email: ungarische-mission@bistum-muenster.de https:\/\/www.ungmis.de\/ \u00a0 \u00a0 Ungarische Evangelische Gemeinde in NRW \/ Rajna-Vesztf\u00e1liai Magyar Protest\u00e1ns Gy\u00fclekezet Ansprechperson: Pastorin M\u00e1rta Guly\u00e1s (Foto) Adresse: Tempelstr. 29, 50679 K\u00f6ln Telefon: 0221 &hellip; <a href=\"https:\/\/www.muenster.org\/ungarn\/ungarischsprachige-gottesdienste\/\" class=\"more-link\"><span class=\"screen-reader-text\">Ungarischsprachige Gottesdienste<\/span> weiterlesen <span class=\"meta-nav\">&rarr;<\/span><\/a><\/p>\n","protected":false},"author":1,"featured_media":0,"parent":0,"menu_order":0,"comment_status":"closed","ping_status":"closed","template":"","meta":{"footnotes":""},"class_list":["post-147","page","type-page","status-publish","hentry"],"_links":{"self":[{"href":"https:\/\/www.muenster.org\/ungarn\/wp-json\/wp\/v2\/pages\/147","targetHints":{"allow":["GET"]}}],"collection":[{"href":"https:\/\/www.muenster.org\/ungarn\/wp-json\/wp\/v2\/pages"}],"about":[{"href":"https:\/\/www.muenster.org\/ungarn\/wp-json\/wp\/v2\/types\/page"}],"author":[{"embeddable":true,"href":"https:\/\/www.muenster.org\/ungarn\/wp-json\/wp\/v2\/users\/1"}],"replies":[{"embeddable":true,"href":"https:\/\/www.muenster.org\/ungarn\/wp-json\/wp\/v2\/comments?post=147"}],"version-history":[{"count":14,"href":"https:\/\/www.muenster.org\/ungarn\/wp-json\/wp\/v2\/pages\/147\/revisions"}],"predecessor-version":[{"id":1262,"href":"https:\/\/www.muenster.org\/ungarn\/wp-json\/wp\/v2\/pages\/147\/revisions\/1262"}],"wp:attachment":[{"href":"https:\/\/www.muenster.org\/ungarn\/wp-json\/wp\/v2\/media?parent=147"}],"curies":[{"name":"wp","href":"https:\/\/api.w.org\/{rel}","templated":true}]}}