{"id":145,"date":"2015-09-18T11:46:52","date_gmt":"2015-09-18T09:46:52","guid":{"rendered":"http:\/\/www.muenster.org\/ungarn\/?page_id=145"},"modified":"2020-12-05T19:08:39","modified_gmt":"2020-12-05T18:08:39","slug":"katalin-haenlein-deutsch-ungarische-bibliothek","status":"publish","type":"page","link":"https:\/\/www.muenster.org\/ungarn\/katalin-haenlein-deutsch-ungarische-bibliothek\/","title":{"rendered":"\u201eKatalin Haenlein\u201c Deutsch-Ungarische Bibliothek"},"content":{"rendered":"<p style=\"text-align: justify;\">Die Bibliothek der Deutsch-Ungarischen Gesellschaft wurde im M\u00e4rz 2005 in der &#8222;Br\u00fccke&#8220; (Internationales Zentrum der Universit\u00e4t M\u00fcnster, Wilmergasse 2) mit ca. 500 B\u00fcchern er\u00f6ffnet. Im Jahre 2020 z\u00e4hlte sie ca. 1500 Werke<a href=\"http:\/\/www.muenster.org\/ungarn\/bucherliste.xls\"><strong>.<\/strong><\/a><\/p>\n<p style=\"text-align: justify;\">15 Jahre lang konnten Interessierte jeden dritten Freitag im Monat zwischen 18 und 20 Uhr ungarischsprachige B\u00fccher oder zeitgen\u00f6ssische Literatur aus Ungarn auf Deutsch und\/oder auf Ungarisch lesen oder ausleihen.<\/p>\n<p style=\"text-align: justify;\">Die Bibliothek wurde 2015 nach Katalin Haenlein (Foto: in der Mitte) benannt, die die Bibliothek mitbegr\u00fcndet und bis zu ihrem Tod geleitet hat.<\/p>\n<p style=\"text-align: justify;\">Leider mussten wir 2020 wegen Umbauarbeiten f\u00fcr unsere B\u00fccher ein neues Zuhause suchen. Deshalb haben wir uns sehr gefreut, dass die <a href=\"https:\/\/www.ulb.uni-muenster.de\/\">M\u00fcnsteraner Universit\u00e4ts- und Landesbibliothek<\/a> viele B\u00fccher \u00fcbernahm. Andere fanden in <a href=\"https:\/\/www.uni-regensburg.de\/bibliothek\/startseite\/index.html\">Regensburg in der Universit\u00e4tsbibliothek<\/a>, sowie in Budapest, im <a href=\"https:\/\/pim.hu\/\">Pet<span class=\"st\">\u0151<\/span>fi Literaturmuseum<\/a>, im <a href=\"http:\/\/jaemlekhely.hu\/\">Attila J\u00f3zsef Gedenkhaus,<\/a> in der <a href=\"http:\/\/www.oszk.hu\/\">Sz\u00e9ch\u00e9nyi Nationalbibliothek<\/a> und in der<a href=\"http:\/\/www.fszek.hu\/\"> Ervin Szab\u00f3 Bibliothek<\/a> ein neues Zuhause.<\/p>\n<p style=\"text-align: justify;\">Hinweis: Auch in der Stadtb\u00fccherei M\u00fcnster finden sie viele deutschsprachige B\u00fccher ungarischer Autor_innen. Online-Recherche und Vorbestellung unter: <a href=\"https:\/\/open.stadt-muenster.de\/\">https:\/\/open.stadt-muenster.de\/<\/a><\/p>\n<p><a href=\"http:\/\/www.muenster.org\/ungarn\/wp-content\/uploads\/2015\/09\/1b.jpg\"><img loading=\"lazy\" decoding=\"async\" class=\"alignnone size-full wp-image-16\" src=\"http:\/\/www.muenster.org\/ungarn\/wp-content\/uploads\/2015\/09\/1b.jpg\" alt=\"1b\" width=\"450\" height=\"300\" srcset=\"https:\/\/www.muenster.org\/ungarn\/wp-content\/uploads\/2015\/09\/1b.jpg 450w, https:\/\/www.muenster.org\/ungarn\/wp-content\/uploads\/2015\/09\/1b-300x200.jpg 300w\" sizes=\"auto, (max-width: 450px) 100vw, 450px\" \/><\/a><\/p>\n<p><a href=\"http:\/\/www.muenster.org\/ungarn\/wp-content\/uploads\/2015\/09\/Bibliothek.pdf\">Presse<\/a><\/p>\n","protected":false},"excerpt":{"rendered":"<p>Die Bibliothek der Deutsch-Ungarischen Gesellschaft wurde im M\u00e4rz 2005 in der &#8222;Br\u00fccke&#8220; (Internationales Zentrum der Universit\u00e4t M\u00fcnster, Wilmergasse 2) mit ca. 500 B\u00fcchern er\u00f6ffnet. Im Jahre 2020 z\u00e4hlte sie ca. 1500 Werke. 15 Jahre lang konnten Interessierte jeden dritten Freitag im Monat zwischen 18 und 20 Uhr ungarischsprachige B\u00fccher oder zeitgen\u00f6ssische Literatur aus Ungarn auf &hellip; <a href=\"https:\/\/www.muenster.org\/ungarn\/katalin-haenlein-deutsch-ungarische-bibliothek\/\" class=\"more-link\"><span class=\"screen-reader-text\">\u201eKatalin Haenlein\u201c Deutsch-Ungarische Bibliothek<\/span> weiterlesen <span class=\"meta-nav\">&rarr;<\/span><\/a><\/p>\n","protected":false},"author":1,"featured_media":0,"parent":0,"menu_order":0,"comment_status":"closed","ping_status":"closed","template":"","meta":{"footnotes":""},"class_list":["post-145","page","type-page","status-publish","hentry"],"_links":{"self":[{"href":"https:\/\/www.muenster.org\/ungarn\/wp-json\/wp\/v2\/pages\/145","targetHints":{"allow":["GET"]}}],"collection":[{"href":"https:\/\/www.muenster.org\/ungarn\/wp-json\/wp\/v2\/pages"}],"about":[{"href":"https:\/\/www.muenster.org\/ungarn\/wp-json\/wp\/v2\/types\/page"}],"author":[{"embeddable":true,"href":"https:\/\/www.muenster.org\/ungarn\/wp-json\/wp\/v2\/users\/1"}],"replies":[{"embeddable":true,"href":"https:\/\/www.muenster.org\/ungarn\/wp-json\/wp\/v2\/comments?post=145"}],"version-history":[{"count":30,"href":"https:\/\/www.muenster.org\/ungarn\/wp-json\/wp\/v2\/pages\/145\/revisions"}],"predecessor-version":[{"id":1120,"href":"https:\/\/www.muenster.org\/ungarn\/wp-json\/wp\/v2\/pages\/145\/revisions\/1120"}],"wp:attachment":[{"href":"https:\/\/www.muenster.org\/ungarn\/wp-json\/wp\/v2\/media?parent=145"}],"curies":[{"name":"wp","href":"https:\/\/api.w.org\/{rel}","templated":true}]}}