{"id":143,"date":"2015-09-18T11:46:29","date_gmt":"2015-09-18T09:46:29","guid":{"rendered":"http:\/\/www.muenster.org\/ungarn\/?page_id=143"},"modified":"2023-11-26T19:00:05","modified_gmt":"2023-11-26T18:00:05","slug":"stammtisch","status":"publish","type":"page","link":"https:\/\/www.muenster.org\/ungarn\/stammtisch\/","title":{"rendered":"Stammtisch"},"content":{"rendered":"<p style=\"text-align: justify;\">Der Deutsch-Ungarische Stammtisch in M\u00fcnster wurde Anfang 2002 ins Leben gerufen. Das monatliche Treffen der Ungarnfreunde in der Br\u00fccke wurde schnell zu einer Anlaufstelle nicht nur f\u00fcr die in M\u00fcnster lebenden Ungarn, sondern f\u00fcr alle, die sich f\u00fcr die Kultur, f\u00fcr die Sprache und f\u00fcr das Land interessieren. Alle Interessenten sind herzlich eingeladen!<\/p>\n<p style=\"text-align: justify;\">Das n\u00e4chste Treffen (mit Weihnachtsmarktbesuch) findet am Mittwoch, den 13. Dezember 2023 ab 17 Uhr vor dem Haupteingang der \u00dcberwasserkirche (\u00dcberwasserkirchplatz \u00b7 48143 M\u00fcnster) statt.<\/p>\n<p><a href=\"http:\/\/www.muenster.org\/ungarn\/wp-content\/uploads\/2015\/09\/Nadas.jpg\"><img loading=\"lazy\" decoding=\"async\" class=\"alignnone size-full wp-image-85\" src=\"http:\/\/www.muenster.org\/ungarn\/wp-content\/uploads\/2015\/09\/Nadas.jpg\" alt=\"Nadas\" width=\"721\" height=\"546\" srcset=\"https:\/\/www.muenster.org\/ungarn\/wp-content\/uploads\/2015\/09\/Nadas.jpg 721w, https:\/\/www.muenster.org\/ungarn\/wp-content\/uploads\/2015\/09\/Nadas-300x227.jpg 300w\" sizes=\"auto, (max-width: 721px) 100vw, 721px\" \/><\/a><\/p>\n","protected":false},"excerpt":{"rendered":"<p>Der Deutsch-Ungarische Stammtisch in M\u00fcnster wurde Anfang 2002 ins Leben gerufen. Das monatliche Treffen der Ungarnfreunde in der Br\u00fccke wurde schnell zu einer Anlaufstelle nicht nur f\u00fcr die in M\u00fcnster lebenden Ungarn, sondern f\u00fcr alle, die sich f\u00fcr die Kultur, f\u00fcr die Sprache und f\u00fcr das Land interessieren. Alle Interessenten sind herzlich eingeladen! Das n\u00e4chste &hellip; <a href=\"https:\/\/www.muenster.org\/ungarn\/stammtisch\/\" class=\"more-link\"><span class=\"screen-reader-text\">Stammtisch<\/span> weiterlesen <span class=\"meta-nav\">&rarr;<\/span><\/a><\/p>\n","protected":false},"author":1,"featured_media":0,"parent":0,"menu_order":0,"comment_status":"closed","ping_status":"closed","template":"","meta":{"footnotes":""},"class_list":["post-143","page","type-page","status-publish","hentry"],"_links":{"self":[{"href":"https:\/\/www.muenster.org\/ungarn\/wp-json\/wp\/v2\/pages\/143","targetHints":{"allow":["GET"]}}],"collection":[{"href":"https:\/\/www.muenster.org\/ungarn\/wp-json\/wp\/v2\/pages"}],"about":[{"href":"https:\/\/www.muenster.org\/ungarn\/wp-json\/wp\/v2\/types\/page"}],"author":[{"embeddable":true,"href":"https:\/\/www.muenster.org\/ungarn\/wp-json\/wp\/v2\/users\/1"}],"replies":[{"embeddable":true,"href":"https:\/\/www.muenster.org\/ungarn\/wp-json\/wp\/v2\/comments?post=143"}],"version-history":[{"count":18,"href":"https:\/\/www.muenster.org\/ungarn\/wp-json\/wp\/v2\/pages\/143\/revisions"}],"predecessor-version":[{"id":1253,"href":"https:\/\/www.muenster.org\/ungarn\/wp-json\/wp\/v2\/pages\/143\/revisions\/1253"}],"wp:attachment":[{"href":"https:\/\/www.muenster.org\/ungarn\/wp-json\/wp\/v2\/media?parent=143"}],"curies":[{"name":"wp","href":"https:\/\/api.w.org\/{rel}","templated":true}]}}