{"id":141,"date":"2015-09-18T11:46:16","date_gmt":"2015-09-18T09:46:16","guid":{"rendered":"http:\/\/www.muenster.org\/ungarn\/?page_id=141"},"modified":"2015-10-03T13:19:50","modified_gmt":"2015-10-03T11:19:50","slug":"sponsor-werden","status":"publish","type":"page","link":"https:\/\/www.muenster.org\/ungarn\/sponsor-werden\/","title":{"rendered":"Sponsor werden"},"content":{"rendered":"<p style=\"text-align: justify;\">Als nicht-profitorientierte Organisation sind wir immer wieder auf Spenden angewiesen und freuen uns \u00fcber Ihre Unterst\u00fctzung!<\/p>\n<p><strong>Kontoverbindung:<\/strong><\/p>\n<p>Volksbank M\u00fcnster eG<br \/>\nKontonr.: 780 462 600<br \/>\nBLZ 401 600 50<br \/>\nIBAN: DE05 4016 0050 0780 4626 00<br \/>\nBIC: GENODEM1MSC<\/p>\n<p style=\"text-align: justify;\"><strong>Steuerliche Vorteile<\/strong><br \/>\nDa die Deutsch-Ungarische Gesellschaft e. V. als gemeinn\u00fctziger Verein anerkannt ist, gilt die gespendete Summe als steuerlich wirksam absetzbar.<\/p>\n<p style=\"text-align: justify;\"><strong>Zuwendungsbest\u00e4tigung<\/strong><br \/>\nEnde des Jahres verschicken wir automatisch an jede\/n Spender\/in eine steuerwirksame Jahres-Zuwendungsbest\u00e4tigung f\u00fcr alle Spenden des vergangenen Jahres, die Sie beim Finanzamt einreichen k\u00f6nnen. Falls Sie Ihre Zuwendungsbest\u00e4tigung schneller brauchen, melden Sie sich bitte bei unserem Kassenwart Istv\u00e1n Bella:<br \/>\n<a href=\"http:\/\/www.muenster.org\/ungarn\/vorstand\">http:\/\/www.muenster.org\/ungarn\/vorstand<\/a><\/p>\n<p><a href=\"http:\/\/www.muenster.org\/ungarn\/wp-content\/uploads\/2015\/09\/Sponsor.jpg\"><img loading=\"lazy\" decoding=\"async\" class=\"alignnone size-full wp-image-95\" src=\"http:\/\/www.muenster.org\/ungarn\/wp-content\/uploads\/2015\/09\/Sponsor.jpg\" alt=\"Sponsor\" width=\"481\" height=\"309\" srcset=\"https:\/\/www.muenster.org\/ungarn\/wp-content\/uploads\/2015\/09\/Sponsor.jpg 481w, https:\/\/www.muenster.org\/ungarn\/wp-content\/uploads\/2015\/09\/Sponsor-300x193.jpg 300w\" sizes=\"auto, (max-width: 481px) 100vw, 481px\" \/><\/a><\/p>\n<p>&nbsp;<\/p>\n","protected":false},"excerpt":{"rendered":"<p>Als nicht-profitorientierte Organisation sind wir immer wieder auf Spenden angewiesen und freuen uns \u00fcber Ihre Unterst\u00fctzung! Kontoverbindung: Volksbank M\u00fcnster eG Kontonr.: 780 462 600 BLZ 401 600 50 IBAN: DE05 4016 0050 0780 4626 00 BIC: GENODEM1MSC Steuerliche Vorteile Da die Deutsch-Ungarische Gesellschaft e. V. als gemeinn\u00fctziger Verein anerkannt ist, gilt die gespendete Summe als &hellip; <a href=\"https:\/\/www.muenster.org\/ungarn\/sponsor-werden\/\" class=\"more-link\"><span class=\"screen-reader-text\">Sponsor werden<\/span> weiterlesen <span class=\"meta-nav\">&rarr;<\/span><\/a><\/p>\n","protected":false},"author":1,"featured_media":0,"parent":0,"menu_order":0,"comment_status":"closed","ping_status":"closed","template":"","meta":{"footnotes":""},"class_list":["post-141","page","type-page","status-publish","hentry"],"_links":{"self":[{"href":"https:\/\/www.muenster.org\/ungarn\/wp-json\/wp\/v2\/pages\/141","targetHints":{"allow":["GET"]}}],"collection":[{"href":"https:\/\/www.muenster.org\/ungarn\/wp-json\/wp\/v2\/pages"}],"about":[{"href":"https:\/\/www.muenster.org\/ungarn\/wp-json\/wp\/v2\/types\/page"}],"author":[{"embeddable":true,"href":"https:\/\/www.muenster.org\/ungarn\/wp-json\/wp\/v2\/users\/1"}],"replies":[{"embeddable":true,"href":"https:\/\/www.muenster.org\/ungarn\/wp-json\/wp\/v2\/comments?post=141"}],"version-history":[{"count":6,"href":"https:\/\/www.muenster.org\/ungarn\/wp-json\/wp\/v2\/pages\/141\/revisions"}],"predecessor-version":[{"id":380,"href":"https:\/\/www.muenster.org\/ungarn\/wp-json\/wp\/v2\/pages\/141\/revisions\/380"}],"wp:attachment":[{"href":"https:\/\/www.muenster.org\/ungarn\/wp-json\/wp\/v2\/media?parent=141"}],"curies":[{"name":"wp","href":"https:\/\/api.w.org\/{rel}","templated":true}]}}