{"id":1403,"date":"2024-02-27T19:22:15","date_gmt":"2024-02-27T18:22:15","guid":{"rendered":"http:\/\/www.muenster.org\/ungarn\/?page_id=1403"},"modified":"2024-03-16T18:36:24","modified_gmt":"2024-03-16T17:36:24","slug":"tiszteletbeli-tagsag","status":"publish","type":"page","link":"https:\/\/www.muenster.org\/ungarn\/tiszteletbeli-tagsag\/","title":{"rendered":"Tiszteletbeli tags\u00e1g"},"content":{"rendered":"\n<p>A M\u00fcnsteri N\u00e9met-Magyar T\u00e1rsas\u00e1g tiszteletbeli tags\u00e1got adom\u00e1nyoz a N\u00e9metorsz\u00e1g \u00e9s Magyarorsz\u00e1g k\u00f6z\u00f6tti kultur\u00e1lis kapcsolatok el\u0151mozd\u00edt\u00e1s\u00e1ban \u00e9s fenntart\u00e1s\u00e1ban el\u00e9rt eredm\u00e9nyek elismer\u00e9sek\u00e9nt.<\/p>\n\n\n\n<p><\/p>\n\n\n\n<p>Tiszteletbeli tagjaink:<\/p>\n\n\n\n<p>2006: Dr. Kir\u00e1ly Attila<\/p>\n\n\n\n<figure class=\"wp-block-image size-large is-resized\"><a href=\"http:\/\/www.muenster.org\/ungarn\/wp-content\/uploads\/2024\/03\/Ehrenmitgliedschaft_Kiraly-scaled.jpg\"><img loading=\"lazy\" decoding=\"async\" width=\"768\" height=\"1024\" src=\"http:\/\/www.muenster.org\/ungarn\/wp-content\/uploads\/2024\/03\/Ehrenmitgliedschaft_Kiraly-768x1024.jpg\" alt=\"\" class=\"wp-image-1411\" style=\"width:384px;height:auto\" srcset=\"https:\/\/www.muenster.org\/ungarn\/wp-content\/uploads\/2024\/03\/Ehrenmitgliedschaft_Kiraly-768x1024.jpg 768w, https:\/\/www.muenster.org\/ungarn\/wp-content\/uploads\/2024\/03\/Ehrenmitgliedschaft_Kiraly-225x300.jpg 225w, https:\/\/www.muenster.org\/ungarn\/wp-content\/uploads\/2024\/03\/Ehrenmitgliedschaft_Kiraly-1152x1536.jpg 1152w, https:\/\/www.muenster.org\/ungarn\/wp-content\/uploads\/2024\/03\/Ehrenmitgliedschaft_Kiraly-1536x2048.jpg 1536w, https:\/\/www.muenster.org\/ungarn\/wp-content\/uploads\/2024\/03\/Ehrenmitgliedschaft_Kiraly-scaled.jpg 1920w\" sizes=\"auto, (max-width: 768px) 100vw, 768px\" \/><\/a><\/figure>\n\n\n\n<p><\/p>\n\n\n\n<p>2007: Dr. Spyridon-Paul Marinos<\/p>\n\n\n\n<figure class=\"wp-block-image size-full is-resized\"><a href=\"http:\/\/www.muenster.org\/ungarn\/wp-content\/uploads\/2024\/02\/Ehrenmitglmarinos-1.jpg\"><img loading=\"lazy\" decoding=\"async\" width=\"800\" height=\"600\" src=\"http:\/\/www.muenster.org\/ungarn\/wp-content\/uploads\/2024\/02\/Ehrenmitglmarinos-1.jpg\" alt=\"\" class=\"wp-image-1399\" style=\"width:419px;height:auto\" srcset=\"https:\/\/www.muenster.org\/ungarn\/wp-content\/uploads\/2024\/02\/Ehrenmitglmarinos-1.jpg 800w, https:\/\/www.muenster.org\/ungarn\/wp-content\/uploads\/2024\/02\/Ehrenmitglmarinos-1-300x225.jpg 300w, https:\/\/www.muenster.org\/ungarn\/wp-content\/uploads\/2024\/02\/Ehrenmitglmarinos-1-768x576.jpg 768w\" sizes=\"auto, (max-width: 800px) 100vw, 800px\" \/><\/a><\/figure>\n\n\n\n<p>2011: Hermann Wallmann<\/p>\n\n\n\n<figure class=\"wp-block-image size-large is-resized\"><a href=\"http:\/\/www.muenster.org\/ungarn\/wp-content\/uploads\/2024\/02\/Wallmannehrung-1-scaled.jpg\"><img loading=\"lazy\" decoding=\"async\" width=\"768\" height=\"1024\" src=\"http:\/\/www.muenster.org\/ungarn\/wp-content\/uploads\/2024\/02\/Wallmannehrung-1-768x1024.jpg\" alt=\"\" class=\"wp-image-1400\" style=\"width:420px;height:auto\" srcset=\"https:\/\/www.muenster.org\/ungarn\/wp-content\/uploads\/2024\/02\/Wallmannehrung-1-768x1024.jpg 768w, https:\/\/www.muenster.org\/ungarn\/wp-content\/uploads\/2024\/02\/Wallmannehrung-1-225x300.jpg 225w, https:\/\/www.muenster.org\/ungarn\/wp-content\/uploads\/2024\/02\/Wallmannehrung-1-1152x1536.jpg 1152w, https:\/\/www.muenster.org\/ungarn\/wp-content\/uploads\/2024\/02\/Wallmannehrung-1-1536x2048.jpg 1536w, https:\/\/www.muenster.org\/ungarn\/wp-content\/uploads\/2024\/02\/Wallmannehrung-1-scaled.jpg 1920w\" sizes=\"auto, (max-width: 768px) 100vw, 768px\" \/><\/a><\/figure>\n\n\n\n<p>2017: Leslie Schwartz<\/p>\n\n\n\n<figure class=\"wp-block-image size-large is-resized\"><a href=\"http:\/\/www.muenster.org\/ungarn\/wp-content\/uploads\/2017\/08\/LeslieR\u00fcstkammer-e1504026019203.jpg\"><img loading=\"lazy\" decoding=\"async\" width=\"768\" height=\"1024\" src=\"http:\/\/www.muenster.org\/ungarn\/wp-content\/uploads\/2017\/08\/LeslieR\u00fcstkammer-e1504026019203-768x1024.jpg\" alt=\"\" class=\"wp-image-807\" style=\"width:420px;height:auto\" srcset=\"https:\/\/www.muenster.org\/ungarn\/wp-content\/uploads\/2017\/08\/LeslieR\u00fcstkammer-e1504026019203-768x1024.jpg 768w, https:\/\/www.muenster.org\/ungarn\/wp-content\/uploads\/2017\/08\/LeslieR\u00fcstkammer-e1504026019203-225x300.jpg 225w\" sizes=\"auto, (max-width: 768px) 100vw, 768px\" \/><\/a><\/figure>\n","protected":false},"excerpt":{"rendered":"<p>A M\u00fcnsteri N\u00e9met-Magyar T\u00e1rsas\u00e1g tiszteletbeli tags\u00e1got adom\u00e1nyoz a N\u00e9metorsz\u00e1g \u00e9s Magyarorsz\u00e1g k\u00f6z\u00f6tti kultur\u00e1lis kapcsolatok el\u0151mozd\u00edt\u00e1s\u00e1ban \u00e9s fenntart\u00e1s\u00e1ban el\u00e9rt eredm\u00e9nyek elismer\u00e9sek\u00e9nt. Tiszteletbeli tagjaink: 2006: Dr. Kir\u00e1ly Attila 2007: Dr. Spyridon-Paul Marinos 2011: Hermann Wallmann 2017: Leslie Schwartz<\/p>\n","protected":false},"author":1,"featured_media":0,"parent":0,"menu_order":0,"comment_status":"closed","ping_status":"closed","template":"","meta":{"footnotes":""},"class_list":["post-1403","page","type-page","status-publish","hentry"],"_links":{"self":[{"href":"https:\/\/www.muenster.org\/ungarn\/wp-json\/wp\/v2\/pages\/1403","targetHints":{"allow":["GET"]}}],"collection":[{"href":"https:\/\/www.muenster.org\/ungarn\/wp-json\/wp\/v2\/pages"}],"about":[{"href":"https:\/\/www.muenster.org\/ungarn\/wp-json\/wp\/v2\/types\/page"}],"author":[{"embeddable":true,"href":"https:\/\/www.muenster.org\/ungarn\/wp-json\/wp\/v2\/users\/1"}],"replies":[{"embeddable":true,"href":"https:\/\/www.muenster.org\/ungarn\/wp-json\/wp\/v2\/comments?post=1403"}],"version-history":[{"count":3,"href":"https:\/\/www.muenster.org\/ungarn\/wp-json\/wp\/v2\/pages\/1403\/revisions"}],"predecessor-version":[{"id":1415,"href":"https:\/\/www.muenster.org\/ungarn\/wp-json\/wp\/v2\/pages\/1403\/revisions\/1415"}],"wp:attachment":[{"href":"https:\/\/www.muenster.org\/ungarn\/wp-json\/wp\/v2\/media?parent=1403"}],"curies":[{"name":"wp","href":"https:\/\/api.w.org\/{rel}","templated":true}]}}