{"id":139,"date":"2015-09-18T11:45:59","date_gmt":"2015-09-18T09:45:59","guid":{"rendered":"http:\/\/www.muenster.org\/ungarn\/?page_id=139"},"modified":"2015-10-31T20:04:02","modified_gmt":"2015-10-31T19:04:02","slug":"mitgliedschaft-2","status":"publish","type":"page","link":"https:\/\/www.muenster.org\/ungarn\/mitgliedschaft-2\/","title":{"rendered":"Mitgliedschaft"},"content":{"rendered":"<p style=\"text-align: justify;\">Haben Sie Lust, bei uns Mitglied zu werden?<\/p>\n<p style=\"text-align: justify;\">Dann f\u00fcllen Sie die Eintrittserkl\u00e4rung und die Einzugserm\u00e4chtigung aus und schicken Sie sie unterschrieben an die Deutsch-Ungarische Gesellschaft M\u00fcnster e.V.<\/p>\n<p>c\/o Prof. Dr. Andrea \u00d3hidy (Vorsitzende)<br \/>\nSentmaringer Weg 120<br \/>\n48151 M\u00fcnster<\/p>\n<p style=\"text-align: justify;\">Wenn Sie auch unsere Rundmail \u00fcber aktuelle Veranstaltungen erhalten m\u00f6chten, geben Sie bitte auch Ihre Email-Adresse an!<\/p>\n<p style=\"text-align: justify;\">Download Eintrittserkl\u00e4rung als <a href=\"http:\/\/www.muenster.org\/ungarn\/wp-content\/uploads\/2015\/10\/Beitritserkl\u00e4rung_D.U.G..doc\">Word-Datei<br \/>\n<\/a>Download Eintrittserkl\u00e4rung als <a href=\"http:\/\/www.muenster.org\/ungarn\/wp-content\/uploads\/2015\/10\/Beitritserkl\u00e4rung_D.U.G.pdf\">PDF-Datei <\/a><\/p>\n<p><a href=\"http:\/\/www.muenster.org\/ungarn\/wp-content\/uploads\/2015\/09\/Mitgliedschaft.jpg\"><img loading=\"lazy\" decoding=\"async\" class=\"alignnone wp-image-84 size-full\" src=\"http:\/\/www.muenster.org\/ungarn\/wp-content\/uploads\/2015\/09\/Mitgliedschaft.jpg\" alt=\"Mitgliedschaft\" width=\"596\" height=\"408\" srcset=\"https:\/\/www.muenster.org\/ungarn\/wp-content\/uploads\/2015\/09\/Mitgliedschaft.jpg 596w, https:\/\/www.muenster.org\/ungarn\/wp-content\/uploads\/2015\/09\/Mitgliedschaft-300x205.jpg 300w\" sizes=\"auto, (max-width: 596px) 100vw, 596px\" \/><\/a><\/p>\n<p>&nbsp;<\/p>\n<p>&nbsp;<\/p>\n","protected":false},"excerpt":{"rendered":"<p>Haben Sie Lust, bei uns Mitglied zu werden? Dann f\u00fcllen Sie die Eintrittserkl\u00e4rung und die Einzugserm\u00e4chtigung aus und schicken Sie sie unterschrieben an die Deutsch-Ungarische Gesellschaft M\u00fcnster e.V. c\/o Prof. Dr. Andrea \u00d3hidy (Vorsitzende) Sentmaringer Weg 120 48151 M\u00fcnster Wenn Sie auch unsere Rundmail \u00fcber aktuelle Veranstaltungen erhalten m\u00f6chten, geben Sie bitte auch Ihre Email-Adresse &hellip; <a href=\"https:\/\/www.muenster.org\/ungarn\/mitgliedschaft-2\/\" class=\"more-link\"><span class=\"screen-reader-text\">Mitgliedschaft<\/span> weiterlesen <span class=\"meta-nav\">&rarr;<\/span><\/a><\/p>\n","protected":false},"author":1,"featured_media":0,"parent":0,"menu_order":0,"comment_status":"closed","ping_status":"closed","template":"","meta":{"footnotes":""},"class_list":["post-139","page","type-page","status-publish","hentry"],"_links":{"self":[{"href":"https:\/\/www.muenster.org\/ungarn\/wp-json\/wp\/v2\/pages\/139","targetHints":{"allow":["GET"]}}],"collection":[{"href":"https:\/\/www.muenster.org\/ungarn\/wp-json\/wp\/v2\/pages"}],"about":[{"href":"https:\/\/www.muenster.org\/ungarn\/wp-json\/wp\/v2\/types\/page"}],"author":[{"embeddable":true,"href":"https:\/\/www.muenster.org\/ungarn\/wp-json\/wp\/v2\/users\/1"}],"replies":[{"embeddable":true,"href":"https:\/\/www.muenster.org\/ungarn\/wp-json\/wp\/v2\/comments?post=139"}],"version-history":[{"count":11,"href":"https:\/\/www.muenster.org\/ungarn\/wp-json\/wp\/v2\/pages\/139\/revisions"}],"predecessor-version":[{"id":464,"href":"https:\/\/www.muenster.org\/ungarn\/wp-json\/wp\/v2\/pages\/139\/revisions\/464"}],"wp:attachment":[{"href":"https:\/\/www.muenster.org\/ungarn\/wp-json\/wp\/v2\/media?parent=139"}],"curies":[{"name":"wp","href":"https:\/\/api.w.org\/{rel}","templated":true}]}}