{"id":31,"date":"2017-01-17T22:11:32","date_gmt":"2017-01-17T21:11:32","guid":{"rendered":"http:\/\/www.muenster.org\/saltovocale\/?page_id=31"},"modified":"2024-05-30T19:22:07","modified_gmt":"2024-05-30T17:22:07","slug":"impressum","status":"publish","type":"page","link":"https:\/\/www.muenster.org\/saltovocale\/impressum\/","title":{"rendered":"Impressum &#038; Kontakt"},"content":{"rendered":"<p>Betreiberin dieser Homepage und verantwortlich im Sinne des Medienrechts, des Rundfunkstaatsvertrags (RStV), des Telemediengesetzes (TMG) und des Teledienstdatenschutzgesetzes (TDDSG):<br \/>\nSalto Vocale<br \/>\nc\/o Sigrun Knoche<br \/>\nGrevener Stra\u00dfe 408<br \/>\n48159 M\u00fcnster<br \/>\n<a href=\"mailto:%20saltovocale@web.de\">E-Mail <\/a>(<a href=\"mailto:%20saltovocale@web.de\">Auftritts<\/a>&#8211; und <a href=\"mailto:%20saltovocale@web.de\">Presseanfragen<\/a> per E-Mail)<\/p>\n<h3>Rechtliche Hinweise<\/h3>\n<ul>\n<li>Mit Urteil vom 12. Mai 1998 hat das Landgericht Hamburg entschieden, dass man durch die Anbringung eines <strong>Links <\/strong>die Inhalte der gelinkten Seite ggf. mit zu verantworten hat. Dies kann laut LG nur dadurch verhindert werden, dass man sich ausdr\u00fccklich von diesen Inhalten distanziert. Im Webangebot von Salto Vocale sind Links auf andere Internet-Seiten enthalten. F\u00fcr all diese Links gilt: <strong>Wir m\u00f6chten ausdr\u00fccklich betonen, dass Salto Vocale keinerlei Einfluss auf die Gestaltung und die Inhalte der gelinkten Seiten hat. Deshalb distanzieren wir uns hiermit ausdr\u00fccklich von allen Inhalten aller gelinkter Seiten und machen uns diese nicht zu Eigen.<\/strong> Diese Erkl\u00e4rung gilt f\u00fcr alle auf unseren Seiten enthaltenen Links und f\u00fcr alle Inhalte der Seiten, zu denen diese Links f\u00fchren. Die Betreiber der jeweiligen Seiten handeln in Eigenverantwortung und unterliegen dem jeweiligen Landesrecht.<\/li>\n<li>etwaige <strong>Nennungen gesch\u00fctzter Warenzeichen<\/strong> erfolgen unter Beachtung aller markenschutzrechtlichen Anspr\u00fcche der rechtm\u00e4\u00dfigen Eigent\u00fcmer und unter Wahrung des Copyrights.<\/li>\n<li><strong>Urheberrecht: <\/strong>Die durch die Seitenbetreiber erstellten Inhalte und Werke auf diesen Seiten unterliegen dem deutschen Urheberrecht. Beitr\u00e4ge Dritter sowie sonstige gesch\u00fctzte Inhalte sind als solche gekennzeichnet. Die Vervielf\u00e4ltigung, Bearbeitung, Verbreitung und jede Art der Verwertung au\u00dferhalb der Grenzen des Urheberrechtes bed\u00fcrfen der schriftlichen Zustimmung des jeweiligen Autors.<\/li>\n<li><strong>Datenschutzhinweis<\/strong>: Auf dieser Homepage werden nur solche pers\u00f6nlichen Daten erhoben, die <b>f\u00fcr den Versand unserer CDs<\/b> oder f\u00fcr die <strong>Vereinbarung von Auftritten<\/strong> erforderlich sind.<br \/>\nAuf Ihren ausdr\u00fccklichen Wunsch hin k\u00f6nnen wir Ihre E-Mail-Adresse gern in unseren <a href=\"mailto:%20saltovocale@web.de\"><b>Verteiler f\u00fcr Konzertterminnachrichten<\/b><\/a> aufnehmen. Ihre Mailadresse wird in beiden F\u00e4llen weder an Dritte weitergegeben noch f\u00fcr andere Zwecke als den Newsletterversand verwendet.<\/li>\n<\/ul>\n<p>Bitte beachten Sie zudem unsere <a href=\"https:\/\/www.muenster.org\/saltovocale\/datenschutzerklaerung\/\">Datenschutzerkl\u00e4rung<\/a>.<\/p>\n<ul>\n<li>Der Nutzung von im Rahmen der Impressumspflicht ver\u00f6ffentlichten Kontaktdaten durch Dritte zur \u00dcbersendung von nicht ausdr\u00fccklich angeforderter Werbung und Informationsmaterialien wird hiermit <strong>ausdr\u00fccklich widersprochen<\/strong>. Salto Vocale beh\u00e4lt sich rechtliche Schritte im Falle der unverlangten Zusendung von Werbeinformationen vor.<\/li>\n<\/ul>\n","protected":false},"excerpt":{"rendered":"<p>Betreiberin dieser Homepage und verantwortlich im Sinne des Medienrechts, des Rundfunkstaatsvertrags (RStV), des Telemediengesetzes (TMG) und des Teledienstdatenschutzgesetzes (TDDSG): Salto Vocale c\/o Sigrun Knoche Grevener Stra\u00dfe 408 48159 M\u00fcnster E-Mail (Auftritts&#8211; und Presseanfragen per E-Mail) Rechtliche Hinweise Mit Urteil vom 12. Mai 1998 hat das Landgericht Hamburg entschieden, dass man durch die Anbringung eines Links &hellip; <a href=\"https:\/\/www.muenster.org\/saltovocale\/impressum\/\" class=\"more-link\"><span class=\"screen-reader-text\">\u201eImpressum &#038; Kontakt\u201c <\/span>weiterlesen<\/a><\/p>\n","protected":false},"author":1,"featured_media":0,"parent":0,"menu_order":0,"comment_status":"closed","ping_status":"closed","template":"","meta":{"footnotes":""},"class_list":["post-31","page","type-page","status-publish","hentry"],"_links":{"self":[{"href":"https:\/\/www.muenster.org\/saltovocale\/wp-json\/wp\/v2\/pages\/31","targetHints":{"allow":["GET"]}}],"collection":[{"href":"https:\/\/www.muenster.org\/saltovocale\/wp-json\/wp\/v2\/pages"}],"about":[{"href":"https:\/\/www.muenster.org\/saltovocale\/wp-json\/wp\/v2\/types\/page"}],"author":[{"embeddable":true,"href":"https:\/\/www.muenster.org\/saltovocale\/wp-json\/wp\/v2\/users\/1"}],"replies":[{"embeddable":true,"href":"https:\/\/www.muenster.org\/saltovocale\/wp-json\/wp\/v2\/comments?post=31"}],"version-history":[{"count":19,"href":"https:\/\/www.muenster.org\/saltovocale\/wp-json\/wp\/v2\/pages\/31\/revisions"}],"predecessor-version":[{"id":905,"href":"https:\/\/www.muenster.org\/saltovocale\/wp-json\/wp\/v2\/pages\/31\/revisions\/905"}],"wp:attachment":[{"href":"https:\/\/www.muenster.org\/saltovocale\/wp-json\/wp\/v2\/media?parent=31"}],"curies":[{"name":"wp","href":"https:\/\/api.w.org\/{rel}","templated":true}]}}