{"id":24,"date":"2024-05-19T19:26:51","date_gmt":"2024-05-19T17:26:51","guid":{"rendered":"http:\/\/www.muenster.org\/saltovocale\/?page_id=24"},"modified":"2024-05-30T19:22:40","modified_gmt":"2024-05-30T17:22:40","slug":"konzept","status":"publish","type":"page","link":"https:\/\/www.muenster.org\/saltovocale\/konzept\/","title":{"rendered":"Konzept"},"content":{"rendered":"<p>Salto Vocale hat ein ungew\u00f6hnliches Konzept, da wir keine ausgebildete Chorleitung haben und alle Mitglieder voll berufst\u00e4tig sind: Bei uns gibt es keinen Monatsbeitrag, sondern jede\/r \u00fcbernimmt gelegentlich oder dauerhaft eine Aufgabe: Arrangement der St\u00fccke, Werbung\/Beschaffung eines Auftritts, Stimmw\u00e4rmung, Kassenf\u00fchrung &#8230;So sind alle auch in die Organisation der Gruppe eingebunden, und es bleibt nicht alles bei einem oder einer h\u00e4ngen.<\/p>\n<h2>Die virtuelle Probe<\/h2>\n<p>Au\u00dferdem vielleicht etwas gew\u00f6hnungsbed\u00fcrftig, aber seit vielen Jahren erprobt ist die virtuelle Probe. Wir treffen uns ja nur 14t\u00e4gig f\u00fcr eine Pr\u00e4senzprobe. In der Zeit zwischen den Proben stehen allen Mitgliedern \u00dcbungsdateien in verschiedenen Dateiformaten zur Verf\u00fcgung, mit deren Hilfe sie ihren eigenen Part einstudieren k\u00f6nnen. Dadurch dienen die Pr\u00e4senzproben dem Zusammensetzen der einge\u00fcbten Parts, der Kl\u00e4rung strittiger Stellen sowie gemeinsamer Abstimmung \u00fcber die Interpretation der St\u00fccke. Das macht deutlich mehr Spa\u00df und ist auch effektiver, als jede Stimme x-mal durchzugehen.<\/p>\n","protected":false},"excerpt":{"rendered":"<p>Salto Vocale hat ein ungew\u00f6hnliches Konzept, da wir keine ausgebildete Chorleitung haben und alle Mitglieder voll berufst\u00e4tig sind: Bei uns gibt es keinen Monatsbeitrag, sondern jede\/r \u00fcbernimmt gelegentlich oder dauerhaft eine Aufgabe: Arrangement der St\u00fccke, Werbung\/Beschaffung eines Auftritts, Stimmw\u00e4rmung, Kassenf\u00fchrung &#8230;So sind alle auch in die Organisation der Gruppe eingebunden, und es bleibt nicht alles &hellip; <a href=\"https:\/\/www.muenster.org\/saltovocale\/konzept\/\" class=\"more-link\"><span class=\"screen-reader-text\">\u201eKonzept\u201c <\/span>weiterlesen<\/a><\/p>\n","protected":false},"author":1,"featured_media":0,"parent":0,"menu_order":0,"comment_status":"closed","ping_status":"closed","template":"","meta":{"footnotes":""},"class_list":["post-24","page","type-page","status-publish","hentry"],"_links":{"self":[{"href":"https:\/\/www.muenster.org\/saltovocale\/wp-json\/wp\/v2\/pages\/24","targetHints":{"allow":["GET"]}}],"collection":[{"href":"https:\/\/www.muenster.org\/saltovocale\/wp-json\/wp\/v2\/pages"}],"about":[{"href":"https:\/\/www.muenster.org\/saltovocale\/wp-json\/wp\/v2\/types\/page"}],"author":[{"embeddable":true,"href":"https:\/\/www.muenster.org\/saltovocale\/wp-json\/wp\/v2\/users\/1"}],"replies":[{"embeddable":true,"href":"https:\/\/www.muenster.org\/saltovocale\/wp-json\/wp\/v2\/comments?post=24"}],"version-history":[{"count":4,"href":"https:\/\/www.muenster.org\/saltovocale\/wp-json\/wp\/v2\/pages\/24\/revisions"}],"predecessor-version":[{"id":906,"href":"https:\/\/www.muenster.org\/saltovocale\/wp-json\/wp\/v2\/pages\/24\/revisions\/906"}],"wp:attachment":[{"href":"https:\/\/www.muenster.org\/saltovocale\/wp-json\/wp\/v2\/media?parent=24"}],"curies":[{"name":"wp","href":"https:\/\/api.w.org\/{rel}","templated":true}]}}