{"id":97,"date":"2024-06-21T18:04:19","date_gmt":"2024-06-21T16:04:19","guid":{"rendered":"https:\/\/www.muenster.org\/onceagain\/?page_id=97"},"modified":"2025-08-19T14:31:41","modified_gmt":"2025-08-19T12:31:41","slug":"dirigat","status":"publish","type":"page","link":"https:\/\/www.muenster.org\/onceagain\/dirigat\/","title":{"rendered":"Dirigent"},"content":{"rendered":"\n<h2 class=\"wp-block-heading\">Die musikalische Leitung<\/h2>\n\n\n\n<p>Unser Chor wird von Eva-Maria Benning geleitet.<br>Sie dirigiert den Chor seit seiner Gr\u00fcndung im Jahre 1999 und hat uns auch durch die &#8220;Corona &#8211; Zeit&#8221; hindurch so angesprochen, das der Chor diese Phase \u00fcberstehen konnte.<\/p>\n\n\n\n<figure class=\"wp-block-image size-full\"><img loading=\"lazy\" decoding=\"async\" width=\"1295\" height=\"959\" src=\"https:\/\/www.muenster.org\/onceagain\/wp-content\/uploads\/2024\/11\/Eva-Maria-2024.jpeg\" alt=\"\" class=\"wp-image-723\" srcset=\"https:\/\/www.muenster.org\/onceagain\/wp-content\/uploads\/2024\/11\/Eva-Maria-2024.jpeg 1295w, https:\/\/www.muenster.org\/onceagain\/wp-content\/uploads\/2024\/11\/Eva-Maria-2024-300x222.jpeg 300w, https:\/\/www.muenster.org\/onceagain\/wp-content\/uploads\/2024\/11\/Eva-Maria-2024-1024x758.jpeg 1024w, https:\/\/www.muenster.org\/onceagain\/wp-content\/uploads\/2024\/11\/Eva-Maria-2024-768x569.jpeg 768w\" sizes=\"auto, (max-width: 1295px) 100vw, 1295px\" \/><\/figure>\n\n\n\n<p>An der Staatlichen Hochschule f\u00fcr Musik in Freiburg im Breisgau studierte sie die F\u00e4cher Violine, Gesang sowie Chor- und Orchesterleitung. W\u00e4hrend des Studiums sang sie bei der G\u00e4chinger Kantorei unter Helmuth Rilling.<\/p>\n\n\n\n<p>\u00dcber zwei Musikschulen, an denen sie viele Jahre besch\u00e4ftigt war, f\u00fchrte ihr Weg sie schlie\u00dflich an eine Realschule, an der sie bis zu Ihrem &#8220;Ruhestand&#8221; im Jahre 2021 Musik und Mathematik unterrichtet. Seit nunmehr fast 50 Jahren leitet Eva-Maria Benning au\u00dferdem selbst Ch\u00f6re.<\/p>\n\n\n\n<figure class=\"wp-block-image size-large\"><img loading=\"lazy\" decoding=\"async\" width=\"1766\" height=\"1324\" src=\"https:\/\/www.muenster.org\/onceagain\/wp-content\/uploads\/2024\/11\/Eva-Maria-2024_2-edited.jpeg\" alt=\"\" class=\"wp-image-727\" srcset=\"https:\/\/www.muenster.org\/onceagain\/wp-content\/uploads\/2024\/11\/Eva-Maria-2024_2-edited.jpeg 1766w, https:\/\/www.muenster.org\/onceagain\/wp-content\/uploads\/2024\/11\/Eva-Maria-2024_2-edited-300x225.jpeg 300w, https:\/\/www.muenster.org\/onceagain\/wp-content\/uploads\/2024\/11\/Eva-Maria-2024_2-edited-1024x768.jpeg 1024w, https:\/\/www.muenster.org\/onceagain\/wp-content\/uploads\/2024\/11\/Eva-Maria-2024_2-edited-768x576.jpeg 768w, https:\/\/www.muenster.org\/onceagain\/wp-content\/uploads\/2024\/11\/Eva-Maria-2024_2-edited-1536x1152.jpeg 1536w\" sizes=\"auto, (max-width: 1766px) 100vw, 1766px\" \/><\/figure>\n\n\n\n<p>Der Spa\u00df an der Zusammenarbeit mit Menschen, die gerne singen, und die Herausforderung, die diese Arbeit darstellt, spielen dabei f\u00fcr sie eine gro\u00dfe Rolle. Besonders wichtig ist ihr dabei ein abwechslungsreiches Programm von weltlichen und geistlichen Chorwerken.<\/p>\n","protected":false},"excerpt":{"rendered":"<p>Die musikalische Leitung Unser Chor wird von Eva-Maria Benning geleitet.Sie dirigiert den Chor seit seiner Gr\u00fcndung im Jahre 1999 und hat uns auch durch die &#8220;Corona &#8211; Zeit&#8221; hindurch so angesprochen, das der Chor diese Phase \u00fcberstehen konnte. An der Staatlichen Hochschule f\u00fcr Musik in Freiburg im Breisgau studierte sie die F\u00e4cher Violine, Gesang sowie [&hellip;]<\/p>\n","protected":false},"author":1,"featured_media":0,"parent":0,"menu_order":0,"comment_status":"closed","ping_status":"closed","template":"","meta":{"footnotes":""},"class_list":["post-97","page","type-page","status-publish","hentry"],"_links":{"self":[{"href":"https:\/\/www.muenster.org\/onceagain\/wp-json\/wp\/v2\/pages\/97","targetHints":{"allow":["GET"]}}],"collection":[{"href":"https:\/\/www.muenster.org\/onceagain\/wp-json\/wp\/v2\/pages"}],"about":[{"href":"https:\/\/www.muenster.org\/onceagain\/wp-json\/wp\/v2\/types\/page"}],"author":[{"embeddable":true,"href":"https:\/\/www.muenster.org\/onceagain\/wp-json\/wp\/v2\/users\/1"}],"replies":[{"embeddable":true,"href":"https:\/\/www.muenster.org\/onceagain\/wp-json\/wp\/v2\/comments?post=97"}],"version-history":[{"count":2,"href":"https:\/\/www.muenster.org\/onceagain\/wp-json\/wp\/v2\/pages\/97\/revisions"}],"predecessor-version":[{"id":818,"href":"https:\/\/www.muenster.org\/onceagain\/wp-json\/wp\/v2\/pages\/97\/revisions\/818"}],"wp:attachment":[{"href":"https:\/\/www.muenster.org\/onceagain\/wp-json\/wp\/v2\/media?parent=97"}],"curies":[{"name":"wp","href":"https:\/\/api.w.org\/{rel}","templated":true}]}}