{"id":625,"date":"2024-08-17T12:49:48","date_gmt":"2024-08-17T10:49:48","guid":{"rendered":"https:\/\/www.muenster.org\/onceagain\/?page_id=625"},"modified":"2025-09-30T18:05:48","modified_gmt":"2025-09-30T16:05:48","slug":"termine-auftritte","status":"publish","type":"page","link":"https:\/\/www.muenster.org\/onceagain\/termine-auftritte\/","title":{"rendered":"Termine-Auftritte"},"content":{"rendered":"\n<h2 class=\"wp-block-heading\">Termine &#8211; Auftritte<\/h2>\n\n\n\n<h2 class=\"wp-block-heading has-x-large-font-size\">N\u00e4chsten Auftritte<\/h2>\n\n\n\n<p>In der Planung sind aktuell die folgenden Auftritte &#8211; Termine:<\/p>\n\n\n\n<p><strong>Geplant<\/strong><\/p>\n\n\n\n<p>Das n\u00e4chste gro\u00dfe Projekt wird die Erarbeitung und Auff\u00fchrung der &#8220;Petite Messe solennelle&#8221; von &#8220;Gioachino Rossini&#8221; sein.<br>Die Proben dazu haben nun begonnen.<br><\/p>\n\n\n\n<p>Details dazu sind bei Wikipedia unter dem folgenden LINK zu finden:<br><a href=\"https:\/\/de.wikipedia.org\/wiki\/Petite_Messe_solennelle\">https:\/\/de.wikipedia.org\/wiki\/Petite_Messe_solennelle<\/a><\/p>\n\n\n\n<p><\/p>\n\n\n\n<p><\/p>\n","protected":false},"excerpt":{"rendered":"<p>Termine &#8211; Auftritte N\u00e4chsten Auftritte In der Planung sind aktuell die folgenden Auftritte &#8211; Termine: Geplant Das n\u00e4chste gro\u00dfe Projekt wird die Erarbeitung und Auff\u00fchrung der &#8220;Petite Messe solennelle&#8221; von &#8220;Gioachino Rossini&#8221; sein.Die Proben dazu haben nun begonnen. Details dazu sind bei Wikipedia unter dem folgenden LINK zu finden:https:\/\/de.wikipedia.org\/wiki\/Petite_Messe_solennelle<\/p>\n","protected":false},"author":1,"featured_media":0,"parent":0,"menu_order":0,"comment_status":"closed","ping_status":"closed","template":"","meta":{"footnotes":""},"class_list":["post-625","page","type-page","status-publish","hentry"],"_links":{"self":[{"href":"https:\/\/www.muenster.org\/onceagain\/wp-json\/wp\/v2\/pages\/625","targetHints":{"allow":["GET"]}}],"collection":[{"href":"https:\/\/www.muenster.org\/onceagain\/wp-json\/wp\/v2\/pages"}],"about":[{"href":"https:\/\/www.muenster.org\/onceagain\/wp-json\/wp\/v2\/types\/page"}],"author":[{"embeddable":true,"href":"https:\/\/www.muenster.org\/onceagain\/wp-json\/wp\/v2\/users\/1"}],"replies":[{"embeddable":true,"href":"https:\/\/www.muenster.org\/onceagain\/wp-json\/wp\/v2\/comments?post=625"}],"version-history":[{"count":2,"href":"https:\/\/www.muenster.org\/onceagain\/wp-json\/wp\/v2\/pages\/625\/revisions"}],"predecessor-version":[{"id":826,"href":"https:\/\/www.muenster.org\/onceagain\/wp-json\/wp\/v2\/pages\/625\/revisions\/826"}],"wp:attachment":[{"href":"https:\/\/www.muenster.org\/onceagain\/wp-json\/wp\/v2\/media?parent=625"}],"curies":[{"name":"wp","href":"https:\/\/api.w.org\/{rel}","templated":true}]}}