{"id":6,"date":"2024-06-15T15:01:00","date_gmt":"2024-06-15T13:01:00","guid":{"rendered":"https:\/\/www.muenster.org\/onceagain\/?page_id=6"},"modified":"2025-08-19T14:03:34","modified_gmt":"2025-08-19T12:03:34","slug":"start","status":"publish","type":"page","link":"https:\/\/www.muenster.org\/onceagain\/","title":{"rendered":"Willkommen"},"content":{"rendered":"\n<h2 class=\"wp-block-heading alignfull has-text-align-center\">Willkommen beim Chor &#8216;once again&#8217;<\/h2>\n\n\n\n<div class=\"wp-block-group alignfull has-global-padding is-layout-constrained wp-block-group-is-layout-constrained\">\n<figure class=\"wp-block-gallery alignfull has-nested-images columns-4 is-cropped wp-block-gallery-1 is-layout-flex wp-block-gallery-is-layout-flex\">\n<figure class=\"wp-block-image size-large\"><img loading=\"lazy\" decoding=\"async\" width=\"1024\" height=\"683\" data-id=\"20\" src=\"https:\/\/www.muenster.org\/onceagain\/wp-content\/uploads\/2024\/06\/DSC0821-1024x683.jpg\" alt=\"\" class=\"wp-image-20\" srcset=\"https:\/\/www.muenster.org\/onceagain\/wp-content\/uploads\/2024\/06\/DSC0821-1024x683.jpg 1024w, https:\/\/www.muenster.org\/onceagain\/wp-content\/uploads\/2024\/06\/DSC0821-300x200.jpg 300w, https:\/\/www.muenster.org\/onceagain\/wp-content\/uploads\/2024\/06\/DSC0821-768x512.jpg 768w, https:\/\/www.muenster.org\/onceagain\/wp-content\/uploads\/2024\/06\/DSC0821-1536x1024.jpg 1536w, https:\/\/www.muenster.org\/onceagain\/wp-content\/uploads\/2024\/06\/DSC0821-2048x1365.jpg 2048w\" sizes=\"auto, (max-width: 1024px) 100vw, 1024px\" \/><figcaption class=\"wp-element-caption\">Konzert 2019<\/figcaption><\/figure>\n\n\n\n<figure class=\"wp-block-image size-large\"><img loading=\"lazy\" decoding=\"async\" width=\"1812\" height=\"1359\" data-id=\"736\" src=\"https:\/\/www.muenster.org\/onceagain\/wp-content\/uploads\/2024\/11\/2024_Chorbild-edited.jpeg\" alt=\"\" class=\"wp-image-736\" srcset=\"https:\/\/www.muenster.org\/onceagain\/wp-content\/uploads\/2024\/11\/2024_Chorbild-edited.jpeg 1812w, https:\/\/www.muenster.org\/onceagain\/wp-content\/uploads\/2024\/11\/2024_Chorbild-edited-300x225.jpeg 300w, https:\/\/www.muenster.org\/onceagain\/wp-content\/uploads\/2024\/11\/2024_Chorbild-edited-1024x768.jpeg 1024w, https:\/\/www.muenster.org\/onceagain\/wp-content\/uploads\/2024\/11\/2024_Chorbild-edited-768x576.jpeg 768w, https:\/\/www.muenster.org\/onceagain\/wp-content\/uploads\/2024\/11\/2024_Chorbild-edited-1536x1152.jpeg 1536w\" sizes=\"auto, (max-width: 1812px) 100vw, 1812px\" \/><figcaption class=\"wp-element-caption\">Der Chor 2024<\/figcaption><\/figure>\n\n\n\n<figure class=\"wp-block-image size-large\"><img loading=\"lazy\" decoding=\"async\" width=\"1024\" height=\"683\" data-id=\"26\" src=\"https:\/\/www.muenster.org\/onceagain\/wp-content\/uploads\/2024\/06\/WN-Produktion-2017-10-16-ms-msd-Bilder-C41A2592-107-1.jpg_image_1024_width-1.jpg\" alt=\"\" class=\"wp-image-26\" srcset=\"https:\/\/www.muenster.org\/onceagain\/wp-content\/uploads\/2024\/06\/WN-Produktion-2017-10-16-ms-msd-Bilder-C41A2592-107-1.jpg_image_1024_width-1.jpg 1024w, https:\/\/www.muenster.org\/onceagain\/wp-content\/uploads\/2024\/06\/WN-Produktion-2017-10-16-ms-msd-Bilder-C41A2592-107-1.jpg_image_1024_width-1-300x200.jpg 300w, https:\/\/www.muenster.org\/onceagain\/wp-content\/uploads\/2024\/06\/WN-Produktion-2017-10-16-ms-msd-Bilder-C41A2592-107-1.jpg_image_1024_width-1-768x512.jpg 768w\" sizes=\"auto, (max-width: 1024px) 100vw, 1024px\" \/><figcaption class=\"wp-element-caption\">&#8220;Internationale Chorwoche&#8221; im Rathausfestsaal M\u00fcnster 2019<\/figcaption><\/figure>\n<figcaption class=\"blocks-gallery-caption wp-element-caption\">Einige Bilder von unseren Auftritten<\/figcaption><\/figure>\n<\/div>\n\n\n\n<p>Sch\u00f6n, dass Sie uns gefunden haben und unsere Informationen lesen.<\/p>\n\n\n\n<p>Wir sind ein gemischter Chor mit wechselndem Programm. Die Bandbreite hat sich im Laufe der Zeit vergr\u00f6\u00dfert von leichten Liedern f\u00fcr einen Chor im Entstehen (1999) \u00fcber Klassik-Projekte wie dem Mozart Requiem und Liedern aus Musicals, Pop-Songs und auch geistliches Liedgut.<\/p>\n\n\n\n<p>Um eine Vorstellung von uns zu bekommen. hier einige Mitschnitte von unseren Liedern.<br><a href=\"https:\/\/www.muenster.org\/onceagain\/wp-content\/uploads\/2024\/08\/Lied_2009_When_the_moon.mp3\">Probe 1<\/a> (When the Moon)<br><a href=\"https:\/\/www.muenster.org\/onceagain\/wp-content\/uploads\/2024\/08\/Lied_2009_Wochenend_und_Sonnenschein.mp3\">Probe 2<\/a> (Wochenend und Sonnenschein)<br><a href=\"https:\/\/www.muenster.org\/onceagain\/wp-content\/uploads\/2024\/08\/Lied_2009_Sample_Welch_ein_Geschenk.mp3\">Probe 3<\/a> (Welch ein Geschenk ist ein Lied)<br><a href=\"https:\/\/www.muenster.org\/onceagain\/wp-content\/uploads\/2025\/01\/Lied_Matinee2017_2_Do_you_hear.mp3\">Probe 4<\/a> (Do you hear the people sing)<br><a href=\"https:\/\/www.muenster.org\/onceagain\/wp-content\/uploads\/2025\/01\/Lied_Matinee2017_1_Hair.mp3\">Probe 5<\/a> (Hair)<\/p>\n\n\n\n<p><\/p>\n","protected":false},"excerpt":{"rendered":"<p>Willkommen beim Chor &#8216;once again&#8217; Sch\u00f6n, dass Sie uns gefunden haben und unsere Informationen lesen. Wir sind ein gemischter Chor mit wechselndem Programm. Die Bandbreite hat sich im Laufe der Zeit vergr\u00f6\u00dfert von leichten Liedern f\u00fcr einen Chor im Entstehen (1999) \u00fcber Klassik-Projekte wie dem Mozart Requiem und Liedern aus Musicals, Pop-Songs und auch geistliches [&hellip;]<\/p>\n","protected":false},"author":1,"featured_media":0,"parent":0,"menu_order":0,"comment_status":"closed","ping_status":"closed","template":"","meta":{"footnotes":""},"class_list":["post-6","page","type-page","status-publish","hentry"],"_links":{"self":[{"href":"https:\/\/www.muenster.org\/onceagain\/wp-json\/wp\/v2\/pages\/6","targetHints":{"allow":["GET"]}}],"collection":[{"href":"https:\/\/www.muenster.org\/onceagain\/wp-json\/wp\/v2\/pages"}],"about":[{"href":"https:\/\/www.muenster.org\/onceagain\/wp-json\/wp\/v2\/types\/page"}],"author":[{"embeddable":true,"href":"https:\/\/www.muenster.org\/onceagain\/wp-json\/wp\/v2\/users\/1"}],"replies":[{"embeddable":true,"href":"https:\/\/www.muenster.org\/onceagain\/wp-json\/wp\/v2\/comments?post=6"}],"version-history":[{"count":2,"href":"https:\/\/www.muenster.org\/onceagain\/wp-json\/wp\/v2\/pages\/6\/revisions"}],"predecessor-version":[{"id":812,"href":"https:\/\/www.muenster.org\/onceagain\/wp-json\/wp\/v2\/pages\/6\/revisions\/812"}],"wp:attachment":[{"href":"https:\/\/www.muenster.org\/onceagain\/wp-json\/wp\/v2\/media?parent=6"}],"curies":[{"name":"wp","href":"https:\/\/api.w.org\/{rel}","templated":true}]}}