{"id":453,"date":"2024-08-14T14:23:00","date_gmt":"2024-08-14T12:23:00","guid":{"rendered":"https:\/\/www.muenster.org\/onceagain\/?page_id=453"},"modified":"2025-08-19T14:38:08","modified_gmt":"2025-08-19T12:38:08","slug":"kontakt","status":"publish","type":"page","link":"https:\/\/www.muenster.org\/onceagain\/kontakt\/","title":{"rendered":"Kontakt"},"content":{"rendered":"\n<h2 class=\"wp-block-heading has-large-font-size\">Kontaktaufnahme<\/h2>\n\n\n\n<p>Wenn Sie den Chor kontaktieren m\u00f6chten, senden Sie uns bitte eine <a href=\"mailto:onceinfo@muenster.org?subject=Kontaktwunsch \u00fcber die 'once again' Homepage\">Mail<\/a>.<br>Diese wird anschlie\u00dfend innerhalb des Chores an den f\u00fcr Ihr Thema besten Ansprechpartner weitergeleitet.<\/p>\n\n\n\n<p>Zeitnah werden Sie eine Antwort bekommen.<\/p>\n\n\n\n<p>Der Vorstand<\/p>\n\n\n\n<p><\/p>\n","protected":false},"excerpt":{"rendered":"<p>Kontaktaufnahme Wenn Sie den Chor kontaktieren m\u00f6chten, senden Sie uns bitte eine Mail.Diese wird anschlie\u00dfend innerhalb des Chores an den f\u00fcr Ihr Thema besten Ansprechpartner weitergeleitet. Zeitnah werden Sie eine Antwort bekommen. Der Vorstand<\/p>\n","protected":false},"author":1,"featured_media":0,"parent":0,"menu_order":0,"comment_status":"closed","ping_status":"closed","template":"","meta":{"footnotes":""},"class_list":["post-453","page","type-page","status-publish","hentry"],"_links":{"self":[{"href":"https:\/\/www.muenster.org\/onceagain\/wp-json\/wp\/v2\/pages\/453","targetHints":{"allow":["GET"]}}],"collection":[{"href":"https:\/\/www.muenster.org\/onceagain\/wp-json\/wp\/v2\/pages"}],"about":[{"href":"https:\/\/www.muenster.org\/onceagain\/wp-json\/wp\/v2\/types\/page"}],"author":[{"embeddable":true,"href":"https:\/\/www.muenster.org\/onceagain\/wp-json\/wp\/v2\/users\/1"}],"replies":[{"embeddable":true,"href":"https:\/\/www.muenster.org\/onceagain\/wp-json\/wp\/v2\/comments?post=453"}],"version-history":[{"count":2,"href":"https:\/\/www.muenster.org\/onceagain\/wp-json\/wp\/v2\/pages\/453\/revisions"}],"predecessor-version":[{"id":823,"href":"https:\/\/www.muenster.org\/onceagain\/wp-json\/wp\/v2\/pages\/453\/revisions\/823"}],"wp:attachment":[{"href":"https:\/\/www.muenster.org\/onceagain\/wp-json\/wp\/v2\/media?parent=453"}],"curies":[{"name":"wp","href":"https:\/\/api.w.org\/{rel}","templated":true}]}}