{"id":30,"date":"2024-06-18T18:51:34","date_gmt":"2024-06-18T16:51:34","guid":{"rendered":"https:\/\/www.muenster.org\/onceagain\/?page_id=30"},"modified":"2025-06-15T11:33:42","modified_gmt":"2025-06-15T09:33:42","slug":"unser-chor","status":"publish","type":"page","link":"https:\/\/www.muenster.org\/onceagain\/unser-chor\/","title":{"rendered":"Unser Chor"},"content":{"rendered":"\n<p class=\"has-large-font-size\"><strong>\u00dcber unseren Chor<\/strong><\/p>\n\n\n\n<figure class=\"wp-block-image size-large\"><img loading=\"lazy\" decoding=\"async\" width=\"1024\" height=\"323\" src=\"https:\/\/www.muenster.org\/onceagain\/wp-content\/uploads\/2024\/10\/2024_Chorbild_Leer-1024x323.jpeg\" alt=\"Chor im Jahr 2024 (Leider nicht komplett)\" class=\"wp-image-655\" srcset=\"https:\/\/www.muenster.org\/onceagain\/wp-content\/uploads\/2024\/10\/2024_Chorbild_Leer-1024x323.jpeg 1024w, https:\/\/www.muenster.org\/onceagain\/wp-content\/uploads\/2024\/10\/2024_Chorbild_Leer-300x95.jpeg 300w, https:\/\/www.muenster.org\/onceagain\/wp-content\/uploads\/2024\/10\/2024_Chorbild_Leer-768x243.jpeg 768w, https:\/\/www.muenster.org\/onceagain\/wp-content\/uploads\/2024\/10\/2024_Chorbild_Leer-1536x485.jpeg 1536w, https:\/\/www.muenster.org\/onceagain\/wp-content\/uploads\/2024\/10\/2024_Chorbild_Leer.jpeg 1789w\" sizes=\"auto, (max-width: 1024px) 100vw, 1024px\" \/><\/figure>\n\n\n\n<p>Wir sind ein weltlicher Chor aus M\u00fcnster (Westfalen). Unsere Heimat liegt im Ortsteil Gremmendorf (S\u00fcd\u00f6stlich). Wir wurden im Jahr 1999 gegr\u00fcndet und singen seitdem zusammen in einer Gemeinschaft die uns zusammenh\u00e4lt.<\/p>\n\n\n\n<p>Da unser Chor &#8220;lebt&#8221; gab es \u00fcber die Zeit nat\u00fcrlich H\u00f6hen und Tiefen. Zu unserem Gl\u00fcck ist der bittere Kelch einer Aufl\u00f6sung bis jetzt immer an uns vor\u00fcber gegangen. Aktuell sind wir ca. 50 aktiv singende in unserer Gemeinschaft. Bei Interesse an einem Probesingen \/ Chormitgliedschaft nehmen Sie gerne mit uns <a href=\"https:\/\/www.muenster.org\/onceagain\/kontakt\/\" data-type=\"page\" data-id=\"453\">Kontakt<\/a> auf. In der Zeit vor den Konzerten kann es sein, das Ihr Besuch bei uns bis nach dem Konzert warten muss.<\/p>\n\n\n\n<p>Unser Jahresprogramm besteht aus w\u00f6chentlichen Proben und einer Generalversammlung. Dazu kommt ein Sommerfest und eine Adventsfeier.<\/p>\n\n\n\n<p>Der absolute H\u00f6hepunkt im Jahreskreis ist jeweils das &#8220;Chorwochenende&#8221; welches von Freitags bis Sonntags (2 Wochen vor Ostern) in einer gemeinsamen Unterkunft erfolgt. Dieses ist sehr Probenintensiv und beinhaltet ein sehr geselliges Abendprogramm.<\/p>\n\n\n\n<p>Weiter zu den beiden wichtigsten Personen eines Chores:<br><a href=\"https:\/\/www.muenster.org\/onceagain\/dirigat\/\" data-type=\"page\" data-id=\"97\">Dirigentin<\/a><br><a href=\"https:\/\/www.muenster.org\/onceagain\/begleitung\/\" data-type=\"page\" data-id=\"100\">Musikalische Begleitung<\/a><\/p>\n","protected":false},"excerpt":{"rendered":"<p>\u00dcber unseren Chor Wir sind ein weltlicher Chor aus M\u00fcnster (Westfalen). Unsere Heimat liegt im Ortsteil Gremmendorf (S\u00fcd\u00f6stlich). Wir wurden im Jahr 1999 gegr\u00fcndet und singen seitdem zusammen in einer Gemeinschaft die uns zusammenh\u00e4lt. Da unser Chor &#8220;lebt&#8221; gab es \u00fcber die Zeit nat\u00fcrlich H\u00f6hen und Tiefen. Zu unserem Gl\u00fcck ist der bittere Kelch einer [&hellip;]<\/p>\n","protected":false},"author":1,"featured_media":0,"parent":0,"menu_order":1,"comment_status":"closed","ping_status":"closed","template":"","meta":{"footnotes":""},"class_list":["post-30","page","type-page","status-publish","hentry"],"_links":{"self":[{"href":"https:\/\/www.muenster.org\/onceagain\/wp-json\/wp\/v2\/pages\/30","targetHints":{"allow":["GET"]}}],"collection":[{"href":"https:\/\/www.muenster.org\/onceagain\/wp-json\/wp\/v2\/pages"}],"about":[{"href":"https:\/\/www.muenster.org\/onceagain\/wp-json\/wp\/v2\/types\/page"}],"author":[{"embeddable":true,"href":"https:\/\/www.muenster.org\/onceagain\/wp-json\/wp\/v2\/users\/1"}],"replies":[{"embeddable":true,"href":"https:\/\/www.muenster.org\/onceagain\/wp-json\/wp\/v2\/comments?post=30"}],"version-history":[{"count":3,"href":"https:\/\/www.muenster.org\/onceagain\/wp-json\/wp\/v2\/pages\/30\/revisions"}],"predecessor-version":[{"id":804,"href":"https:\/\/www.muenster.org\/onceagain\/wp-json\/wp\/v2\/pages\/30\/revisions\/804"}],"wp:attachment":[{"href":"https:\/\/www.muenster.org\/onceagain\/wp-json\/wp\/v2\/media?parent=30"}],"curies":[{"name":"wp","href":"https:\/\/api.w.org\/{rel}","templated":true}]}}