{"id":3,"date":"2024-06-15T14:52:06","date_gmt":"2024-06-15T12:52:06","guid":{"rendered":"https:\/\/www.muenster.org\/onceagain\/?page_id=3"},"modified":"2024-08-14T18:03:17","modified_gmt":"2024-08-14T16:03:17","slug":"datenschutzerklaerung","status":"publish","type":"page","link":"https:\/\/www.muenster.org\/onceagain\/datenschutzerklaerung\/","title":{"rendered":"Datenschutzerkl\u00e4rung"},"content":{"rendered":"\n<h3 class=\"wp-block-heading\">Grundlegendes<\/h3>\n\n\n\n<p>Wir sind der gemeinn\u00fctzige gemischter Chor &#8216;once again&#8217;.<br>Die Adresse unserer Website ist: https:\/\/www.muenster.org\/onceagain.<\/p>\n\n\n\n<p>Diese Datenschutzerkl\u00e4rung&nbsp;soll unsere Mitglieder sowie die Nutzerinnen und Nutzer der Internetseiten des Chores onceagain e.V. \u00fcber die Art und den Umfang der von uns gespeicherten personenbezogenen Daten sowie den Zweck deren Erhebung und deren Verwendung informieren.<\/p>\n\n\n\n<p>Die Internetseiten des Chores onceagain e.V. werden auf den Servern des Verein B\u00fcrgernetz B\u00fcne e.V,&nbsp;Verspoel 7-8, 48143 M\u00fcnster, bereitgestellt. S\u00e4mtliche daf\u00fcr notwendigen Daten werden dazu an den Verein \u00fcbermittelt im Einklang mit unserem berechtigtem Interesse, Internetseiten zu ver\u00f6ffentlichen.<\/p>\n\n\n\n<p>Dabei behandeln wir personenbezogene Daten vertraulich und unter Beachtung der geltenden Rechtsvorschriften.<\/p>\n\n\n\n<h2 class=\"wp-block-heading\">Medien<\/h2>\n\n\n\n<p>Wenn du ein registrierter Benutzer bist und Fotos auf diese Website l\u00e4dst, solltest du vermeiden, Fotos mit einem EXIF-GPS-Standort hochzuladen. Besucher dieser Website k\u00f6nnten Fotos, die auf dieser Website gespeichert sind, herunterladen und deren Standort-Informationen extrahieren.<\/p>\n\n\n\n<h2 class=\"wp-block-heading\">Cookies<\/h2>\n\n\n\n<p>Falls du ein Konto hast und dich auf dieser Website anmeldest, werden wir ein tempor\u00e4res Cookie setzen, um festzustellen, ob dein Browser Cookies akzeptiert. Dieses Cookie enth\u00e4lt keine personenbezogenen Daten und wird verworfen, wenn du deinen Browser schlie\u00dft.<\/p>\n\n\n\n<p>Wenn du dich anmeldest, werden wir einige Cookies einrichten, um deine Anmeldeinformationen und Anzeigeoptionen zu speichern. Anmelde-Cookies verfallen nach zwei Tagen und Cookies f\u00fcr die Anzeigeoptionen nach einem Jahr. Falls du bei der Anmeldung \u201eAngemeldet bleiben\u201c ausw\u00e4hlst, wird deine Anmeldung zwei Wochen lang aufrechterhalten. Mit der Abmeldung aus deinem Konto werden die Anmelde-Cookies gel\u00f6scht.<\/p>\n\n\n\n<p>Wenn du einen Artikel bearbeitest oder ver\u00f6ffentlichst, wird ein zus\u00e4tzlicher Cookie in deinem Browser gespeichert. Dieser Cookie enth\u00e4lt keine personenbezogenen Daten und verweist nur auf die Beitrags-ID des Artikels, den du gerade bearbeitet hast. Der Cookie verf\u00e4llt nach einem Tag.<\/p>\n\n\n\n<h2 class=\"wp-block-heading\">Mit wem wir deine Daten teilen<\/h2>\n\n\n\n<p>Wenn du eine Zur\u00fccksetzung des Passworts beantragst, wird deine IP-Adresse in der E-Mail zur Zur\u00fccksetzung enthalten sein.<\/p>\n\n\n\n<h2 class=\"wp-block-heading\">Wie lange wir deine Daten speichern<\/h2>\n\n\n\n<p>F\u00fcr Benutzer, die sich auf unserer Website registrieren, speichern wir zus\u00e4tzlich die pers\u00f6nlichen Informationen, die sie in ihren Benutzerprofilen angeben. Alle Benutzer k\u00f6nnen jederzeit ihre pers\u00f6nlichen Informationen einsehen, ver\u00e4ndern oder l\u00f6schen (der Benutzername kann nicht ver\u00e4ndert werden). Administratoren der Website k\u00f6nnen diese Informationen ebenfalls einsehen und ver\u00e4ndern.<\/p>\n\n\n\n<h2 class=\"wp-block-heading\">Welche Rechte du an deinen Daten hast<\/h2>\n\n\n\n<p>Wenn du ein Konto auf dieser Website besitzt oder Kommentare geschrieben hast, kannst du einen Export deiner personenbezogenen Daten bei uns anfordern, inklusive aller Daten, die du uns mitgeteilt hast. Dar\u00fcber hinaus kannst du die L\u00f6schung aller personenbezogenen Daten, die wir von dir gespeichert haben, anfordern. Dies umfasst nicht die Daten, die wir aufgrund administrativer, rechtlicher oder sicherheitsrelevanter Notwendigkeiten aufbewahren m\u00fcssen.<\/p>\n\n\n\n<h2 class=\"wp-block-heading\">Wohin deine Daten gesendet werden<\/h2>\n\n\n\n<p>Deine Daten werden nicht weitergeleitet.<\/p>\n","protected":false},"excerpt":{"rendered":"<p>Grundlegendes Wir sind der gemeinn\u00fctzige gemischter Chor &#8216;once again&#8217;.Die Adresse unserer Website ist: https:\/\/www.muenster.org\/onceagain. Diese Datenschutzerkl\u00e4rung&nbsp;soll unsere Mitglieder sowie die Nutzerinnen und Nutzer der Internetseiten des Chores onceagain e.V. \u00fcber die Art und den Umfang der von uns gespeicherten personenbezogenen Daten sowie den Zweck deren Erhebung und deren Verwendung informieren. Die Internetseiten des Chores onceagain [&hellip;]<\/p>\n","protected":false},"author":1,"featured_media":0,"parent":0,"menu_order":9,"comment_status":"closed","ping_status":"closed","template":"","meta":{"footnotes":""},"class_list":["post-3","page","type-page","status-publish","hentry"],"_links":{"self":[{"href":"https:\/\/www.muenster.org\/onceagain\/wp-json\/wp\/v2\/pages\/3","targetHints":{"allow":["GET"]}}],"collection":[{"href":"https:\/\/www.muenster.org\/onceagain\/wp-json\/wp\/v2\/pages"}],"about":[{"href":"https:\/\/www.muenster.org\/onceagain\/wp-json\/wp\/v2\/types\/page"}],"author":[{"embeddable":true,"href":"https:\/\/www.muenster.org\/onceagain\/wp-json\/wp\/v2\/users\/1"}],"replies":[{"embeddable":true,"href":"https:\/\/www.muenster.org\/onceagain\/wp-json\/wp\/v2\/comments?post=3"}],"version-history":[{"count":3,"href":"https:\/\/www.muenster.org\/onceagain\/wp-json\/wp\/v2\/pages\/3\/revisions"}],"predecessor-version":[{"id":424,"href":"https:\/\/www.muenster.org\/onceagain\/wp-json\/wp\/v2\/pages\/3\/revisions\/424"}],"wp:attachment":[{"href":"https:\/\/www.muenster.org\/onceagain\/wp-json\/wp\/v2\/media?parent=3"}],"curies":[{"name":"wp","href":"https:\/\/api.w.org\/{rel}","templated":true}]}}