{"id":118,"date":"2024-06-21T19:24:51","date_gmt":"2024-06-21T17:24:51","guid":{"rendered":"https:\/\/www.muenster.org\/onceagain\/?page_id=118"},"modified":"2025-09-30T18:55:43","modified_gmt":"2025-09-30T16:55:43","slug":"geschichte-des-chores","status":"publish","type":"page","link":"https:\/\/www.muenster.org\/onceagain\/geschichte-des-chores\/","title":{"rendered":"Chorgeschichte"},"content":{"rendered":"\n<h2 class=\"wp-block-heading\">Unsere Geschichte<\/h2>\n\n\n\n<figure class=\"wp-block-image size-full\"><img loading=\"lazy\" decoding=\"async\" width=\"2560\" height=\"666\" src=\"https:\/\/www.muenster.org\/onceagain\/wp-content\/uploads\/2024\/08\/Chor2017-scaled.jpg\" alt=\"\" class=\"wp-image-494\" srcset=\"https:\/\/www.muenster.org\/onceagain\/wp-content\/uploads\/2024\/08\/Chor2017-scaled.jpg 2560w, https:\/\/www.muenster.org\/onceagain\/wp-content\/uploads\/2024\/08\/Chor2017-300x78.jpg 300w, https:\/\/www.muenster.org\/onceagain\/wp-content\/uploads\/2024\/08\/Chor2017-1024x266.jpg 1024w, https:\/\/www.muenster.org\/onceagain\/wp-content\/uploads\/2024\/08\/Chor2017-768x200.jpg 768w, https:\/\/www.muenster.org\/onceagain\/wp-content\/uploads\/2024\/08\/Chor2017-1536x399.jpg 1536w, https:\/\/www.muenster.org\/onceagain\/wp-content\/uploads\/2024\/08\/Chor2017-2048x532.jpg 2048w\" sizes=\"auto, (max-width: 2560px) 100vw, 2560px\" \/><figcaption class=\"wp-element-caption\"><sub><sup>Foto: Christiane Leesker<\/sup><\/sub><\/figcaption><\/figure>\n\n\n\n<p>Im Jahr 1999 haben sich die ersten sieben S\u00e4ngerinnen und S\u00e4nger zusammengefunden, um einen Chor zu gr\u00fcnden. Schnell konnte Eva-Maria Benning (die bis dahin den Kirchenchor in Gremmendorf leitete) \u00fcberzeugt werden, die Leitung des Chores zu \u00fcbernehmen.<\/p>\n\n\n\n<p>Inzwischen ist der Chor auf \u00fcber 50 aktive Mitglieder gewachsen. Mit Andrea Ottenjann haben wir eine Pianistin gefunden, die uns in den Proben und in Konzerten engagiert unterst\u00fctzt. In den w\u00f6chentlichen Proben erarbeiten wir uns St\u00fccke unterschiedlichster Stilrichtungen, die etwa alle zwei Jahre in einem gr\u00f6\u00dferen Konzert aufgef\u00fchrt werden. Daneben pr\u00e4sentieren wir mehrmals im Jahr kleinere Ausschnitte aus dem jeweiligen Programm.<\/p>\n\n\n\n<h2 class=\"wp-block-heading\">\u00dcberblick der Konzerte<\/h2>\n\n\n\n<p>Chronologisch absteigend sortiert.<\/p>\n\n\n\n<div class=\"wp-block-columns is-layout-flex wp-container-core-columns-is-layout-28f84493 wp-block-columns-is-layout-flex\">\n<div class=\"wp-block-column is-vertically-aligned-center is-layout-flow wp-block-column-is-layout-flow\" style=\"flex-basis:33.33%\">\n<figure class=\"wp-block-image size-large\"><img loading=\"lazy\" decoding=\"async\" width=\"724\" height=\"1024\" src=\"https:\/\/www.muenster.org\/onceagain\/wp-content\/uploads\/2025\/06\/Plakat_Sept_2025_02-724x1024.jpg\" alt=\"\" class=\"wp-image-800\" srcset=\"https:\/\/www.muenster.org\/onceagain\/wp-content\/uploads\/2025\/06\/Plakat_Sept_2025_02-724x1024.jpg 724w, https:\/\/www.muenster.org\/onceagain\/wp-content\/uploads\/2025\/06\/Plakat_Sept_2025_02-212x300.jpg 212w, https:\/\/www.muenster.org\/onceagain\/wp-content\/uploads\/2025\/06\/Plakat_Sept_2025_02-768x1086.jpg 768w, https:\/\/www.muenster.org\/onceagain\/wp-content\/uploads\/2025\/06\/Plakat_Sept_2025_02-1087x1536.jpg 1087w, https:\/\/www.muenster.org\/onceagain\/wp-content\/uploads\/2025\/06\/Plakat_Sept_2025_02.jpg 1132w\" sizes=\"auto, (max-width: 724px) 100vw, 724px\" \/><\/figure>\n<\/div>\n\n\n\n<div class=\"wp-block-column is-vertically-aligned-center is-layout-flow wp-block-column-is-layout-flow\" style=\"flex-basis:66.66%\">\n<p class=\"has-small-font-size\">Unser erste Konzert mit einem Gastchor fand am 13.09.2025 in der St. Nikolaus Kirche (M\u00fcnster Wolbeck) statt. Es war ein Erlebnis f\u00fcr uns und die G\u00e4ste, zu h\u00f6ren wie ca. 80 S\u00e4ngerinnen und S\u00e4nger zusammen einige St\u00fccke vortrugen. Uns selber hat die Herausforderung unter einem &#8220;fremden&#8221; Dirigenten (Mario Geurtens) zu singen motiviert. Das Programm selber gliederte sich in Phasen. Der Beginn des Konzertes wurde vom Niederl\u00e4ndischen Chor &#8220;<a href=\"https:\/\/www.unasono.nl\/\">UNA SONO<\/a>&#8221; aus dem Ort Liessel gestaltet. Dieser wurde dann f\u00fcr 2 St\u00fccke von uns verst\u00e4rkt. Im Anschluss hat unser Chor seine St\u00fccke zum Besten gegeben. Der Abschluss wurde dann wieder als gro\u00dfer gemeinsamer Klangk\u00f6rper gegeben. Das Konzert und auch die Anschlie\u00dfende gemeinsame Feier war ein Erlebnis und hat uns sehr gut gefallen. Ein so harmonisches Treffen macht Lust auf weitere Events.<\/p>\n<\/div>\n<\/div>\n\n\n\n<figure class=\"wp-block-image size-full\"><img loading=\"lazy\" decoding=\"async\" width=\"640\" height=\"360\" src=\"https:\/\/www.muenster.org\/onceagain\/wp-content\/uploads\/2025\/09\/Beide_Choere.png\" alt=\"\" class=\"wp-image-829\" srcset=\"https:\/\/www.muenster.org\/onceagain\/wp-content\/uploads\/2025\/09\/Beide_Choere.png 640w, https:\/\/www.muenster.org\/onceagain\/wp-content\/uploads\/2025\/09\/Beide_Choere-300x169.png 300w\" sizes=\"auto, (max-width: 640px) 100vw, 640px\" \/><\/figure>\n\n\n\n<p>Beide Ch\u00f6re gemeinsam im Altarraum vereint.<\/p>\n\n\n\n<hr class=\"wp-block-separator alignwide has-alpha-channel-opacity\"\/>\n\n\n\n<div class=\"wp-block-group has-small-font-size is-nowrap is-layout-flex wp-container-core-group-is-layout-6c531013 wp-block-group-is-layout-flex\" style=\"border-radius:0px\">\n<p>Nach der langen Corona-Pause konnten wir 2022 endlich unser Benifizkonzert zugunsten des Lebenshaus M\u00fcnster-Handorf zur Auff\u00fchrung bringen.<br>Wir begannen mit Felix Mendelssohn Bartholdy&#8217;s \u201eDenn Er hat seinen Engeln befohlen\u201c aus dem Oratorium &#8220;Elias&#8221;.<br>Danach spielten unsere Pianisten Andrea Ottenjann und Johannes Limbach das<br>\u201eOrgelkonzert Nr. 4 in F-Dur\u201c von Georg Friedrich H\u00e4ndel.<br>Beim abschlie\u00dfenden \u201eGloria in D-Dur\u201c von Antonio Vivaldi wurden wir von den Solistinnen Katrin Reimann (Sopran) und Leonie Helferich (Mezzosopran) unterst\u00fctzt.<br>Wir sind sehr froh \u00fcber die Spendenfreude unserer G\u00e4ste, so das wir 1.500 \u20ac an das LebensHaus \u00fcberweisen konnten.<\/p>\n\n\n\n<figure class=\"wp-block-image size-large is-resized\"><img loading=\"lazy\" decoding=\"async\" width=\"724\" height=\"1024\" src=\"https:\/\/www.muenster.org\/onceagain\/wp-content\/uploads\/2024\/08\/Plakat_2023_Vivaldi-724x1024.jpg\" alt=\"\" class=\"wp-image-489\" style=\"width:324px;height:auto\" srcset=\"https:\/\/www.muenster.org\/onceagain\/wp-content\/uploads\/2024\/08\/Plakat_2023_Vivaldi-724x1024.jpg 724w, https:\/\/www.muenster.org\/onceagain\/wp-content\/uploads\/2024\/08\/Plakat_2023_Vivaldi-212x300.jpg 212w, https:\/\/www.muenster.org\/onceagain\/wp-content\/uploads\/2024\/08\/Plakat_2023_Vivaldi-768x1086.jpg 768w, https:\/\/www.muenster.org\/onceagain\/wp-content\/uploads\/2024\/08\/Plakat_2023_Vivaldi-1086x1536.jpg 1086w, https:\/\/www.muenster.org\/onceagain\/wp-content\/uploads\/2024\/08\/Plakat_2023_Vivaldi-1448x2048.jpg 1448w, https:\/\/www.muenster.org\/onceagain\/wp-content\/uploads\/2024\/08\/Plakat_2023_Vivaldi-scaled.jpg 1810w\" sizes=\"auto, (max-width: 724px) 100vw, 724px\" \/><\/figure>\n<\/div>\n\n\n\n<hr class=\"wp-block-separator alignwide has-alpha-channel-opacity\"\/>\n\n\n\n<div class=\"wp-block-group is-nowrap is-layout-flex wp-container-core-group-is-layout-6c531013 wp-block-group-is-layout-flex\">\n<figure class=\"wp-block-image size-large is-resized\"><img loading=\"lazy\" decoding=\"async\" width=\"724\" height=\"1024\" src=\"https:\/\/www.muenster.org\/onceagain\/wp-content\/uploads\/2024\/08\/Chorplakat_Musical_Night_2019_Mail-724x1024.jpg\" alt=\"\" class=\"wp-image-485\" style=\"width:270px;height:auto\" srcset=\"https:\/\/www.muenster.org\/onceagain\/wp-content\/uploads\/2024\/08\/Chorplakat_Musical_Night_2019_Mail-724x1024.jpg 724w, https:\/\/www.muenster.org\/onceagain\/wp-content\/uploads\/2024\/08\/Chorplakat_Musical_Night_2019_Mail-212x300.jpg 212w, https:\/\/www.muenster.org\/onceagain\/wp-content\/uploads\/2024\/08\/Chorplakat_Musical_Night_2019_Mail-768x1086.jpg 768w, https:\/\/www.muenster.org\/onceagain\/wp-content\/uploads\/2024\/08\/Chorplakat_Musical_Night_2019_Mail-1086x1536.jpg 1086w, https:\/\/www.muenster.org\/onceagain\/wp-content\/uploads\/2024\/08\/Chorplakat_Musical_Night_2019_Mail-1448x2048.jpg 1448w, https:\/\/www.muenster.org\/onceagain\/wp-content\/uploads\/2024\/08\/Chorplakat_Musical_Night_2019_Mail-scaled.jpg 1810w\" sizes=\"auto, (max-width: 724px) 100vw, 724px\" \/><\/figure>\n\n\n\n<p>Im Jahre 2019 f\u00fchrten wir zu unserem 20 j\u00e4hrigen Bestehen eine Konzert mit dem Titel &#8220;Musical Night&#8221; auf. Dieses wurde von unserem Choreoteam mit sehr viel Phantasie und Engagement gestaltet. Das hat uns insgesamt noch einmal mehr gezeigt, das Musik auch ein Teil Schauspiel ist.<\/p>\n<\/div>\n\n\n\n<p class=\"has-small-font-size\">Wir freuen uns, dass wir auf dem als Benefizkonzert angelegten Event fast 3000,- \u20ac f\u00fcr das Hospiz Lebenshaus durch Eintrittskarten und Spenden einsammeln konnten. Die von uns aufgerundete Summe wurde passend zur Weihnachtszeit \u00fcbergeben.<\/p>\n\n\n\n<hr class=\"wp-block-separator alignwide has-alpha-channel-opacity\"\/>\n\n\n\n<p>Davor wurde unser 20 j\u00e4hriges Bestehen mit einer Chorfahrt zu unserer Partnerstadt M\u00fchlhausen\/Th\u00fcringen gefeiert. Dabei sind wir auch am &#8220;Tag der Stimmen&#8221; zu h\u00f6ren gewesen.<\/p>\n\n\n\n<figure class=\"wp-block-image size-full\"><img loading=\"lazy\" decoding=\"async\" width=\"619\" height=\"412\" src=\"https:\/\/www.muenster.org\/onceagain\/wp-content\/uploads\/2024\/08\/2019_rueckschaujubilaeum.jpg\" alt=\"\" class=\"wp-image-484\" srcset=\"https:\/\/www.muenster.org\/onceagain\/wp-content\/uploads\/2024\/08\/2019_rueckschaujubilaeum.jpg 619w, https:\/\/www.muenster.org\/onceagain\/wp-content\/uploads\/2024\/08\/2019_rueckschaujubilaeum-300x200.jpg 300w\" sizes=\"auto, (max-width: 619px) 100vw, 619px\" \/><\/figure>\n\n\n\n<p class=\"has-small-font-size\">\u00dcber den Auftritt des Chors once again anl\u00e4sslich des \u201eTages der Stimmen\u201c in M\u00fcnsters Partnerstadt M\u00fchlhausen berichtet die Th\u00fcringer Allgemeine vom 24.06.2019. Redaktionsmitglied Michael Fiegle schreibt (Auszug):<br><br>Beim \u201eTag der Stimmen\u201c lassen zahlreiche Ch\u00f6re die Kornmarktkirche M\u00fchlhausen erklingen. Zu h\u00f6ren ist viel mehr als Volkslieder.<br>Mit vier Liedern setzte der wohl bekannteste M\u00fchlh\u00e4user Chor, der Handwerkerchor unter Leitung von Anna Dubiel, den Schlusspunkt des gut zweist\u00fcndigen Konzertes. Den Kontakten seines Vorsitzenden Klaus Kubelka war zudem eine \u00dcberraschung zu verdanken. Er hatte den \u201eTag der Stimmen\u201c extra auf einen Termin gelegt, der den Besuch des Chores \u201eonce again\u201c aus M\u00fchlhausens Partnerstadt M\u00fcnster erm\u00f6glichte. Mit f\u00fcnfzig Akteuren waren die M\u00fcnsteraner am Donnerstag angereist, viele kamen erstmals in die Partnerstadt. \u201eEs hat uns super gefallen\u201c, sagte Chorleiterin Eva-Maria Benning.<br>Der Chor besteht seit 20 Jahren. Solist Stefan Gayhoff demonstrierte mit dem leidenschaftlich vorgetragenen Lied \u201eWenn ich einmal reich w\u00e4r&#8217; \u201c, dass man durch Chorgesang auch zu einer fantastischen Stimme kommen kann. Weitere Musical-Hits der G\u00e4ste aus M\u00fcnster waren Songs aus \u201eHair\u201c und \u201eHello Dolly\u201c.<\/p>\n\n\n\n<hr class=\"wp-block-separator alignwide has-alpha-channel-opacity\"\/>\n\n\n\n<div class=\"wp-block-group is-nowrap is-layout-flex wp-container-core-group-is-layout-6c531013 wp-block-group-is-layout-flex\">\n<figure class=\"wp-block-image size-large is-resized\"><img loading=\"lazy\" decoding=\"async\" width=\"734\" height=\"1024\" src=\"https:\/\/www.muenster.org\/onceagain\/wp-content\/uploads\/2024\/08\/Handzettel_Schaetzelein_2016_Benno-734x1024.jpg\" alt=\"\" class=\"wp-image-483\" style=\"width:304px;height:auto\" srcset=\"https:\/\/www.muenster.org\/onceagain\/wp-content\/uploads\/2024\/08\/Handzettel_Schaetzelein_2016_Benno-734x1024.jpg 734w, https:\/\/www.muenster.org\/onceagain\/wp-content\/uploads\/2024\/08\/Handzettel_Schaetzelein_2016_Benno-215x300.jpg 215w, https:\/\/www.muenster.org\/onceagain\/wp-content\/uploads\/2024\/08\/Handzettel_Schaetzelein_2016_Benno-768x1071.jpg 768w, https:\/\/www.muenster.org\/onceagain\/wp-content\/uploads\/2024\/08\/Handzettel_Schaetzelein_2016_Benno-1102x1536.jpg 1102w, https:\/\/www.muenster.org\/onceagain\/wp-content\/uploads\/2024\/08\/Handzettel_Schaetzelein_2016_Benno.jpg 1227w\" sizes=\"auto, (max-width: 734px) 100vw, 734px\" \/><\/figure>\n\n\n\n<p class=\"has-small-font-size\">Viel Freude haben uns die Auftritte am 16. April 2016 im&nbsp;<a href=\"https:\/\/www.muenster.org\/kulturforum-nienberge\/wordpress\/\">Kulturforum MS-Nienberge<\/a>&nbsp;und am 23. April 2016 im&nbsp;<a href=\"http:\/\/www.bennohaus.info\/\" target=\"_blank\" rel=\"noreferrer noopener\">Bennohaus M\u00fcnster<\/a>, bereitet.<br>Aus der Presse:<br>Westf\u00e4lische Nachrichten:<br><a href=\"http:\/\/www.wn.de\/Muenster\/Stadtteile\/Nienberge\/2337640-Benefiz-Konzert-mit-dem-Chor-Once-again-Die-Liebe-vereint-in-Musik-und-Lyrik\" target=\"_blank\" rel=\"noreferrer noopener\">Die Liebe ist vereint in Lyrik und Musik<\/a>&nbsp;<\/p>\n<\/div>\n\n\n\n<hr class=\"wp-block-separator alignwide has-alpha-channel-opacity\"\/>\n\n\n\n<p>Die gro\u00dfe Herausforderung 2013 war ein Gemeinschaftskonzert mit dem Chor &#8220;parla cantando&#8221; und dem &#8220;Kourion Orchester&#8221;.<br>Aufgef\u00fchrt wurde das &#8220;Requiem in d-moll&#8221; von W. A. Mozart und die Kantate &#8220;Actus tragicus&#8221; von J. S. Bach. Diese Konzertreihe hat uns als Chor gezeigt wozu wir f\u00e4hig sind.<\/p>\n\n\n\n<figure class=\"wp-block-image size-large\"><img loading=\"lazy\" decoding=\"async\" width=\"1002\" height=\"1024\" src=\"https:\/\/www.muenster.org\/onceagain\/wp-content\/uploads\/2024\/08\/Fleyer_Mozart_Requiem_klein-1002x1024.jpg\" alt=\"\" class=\"wp-image-479\" srcset=\"https:\/\/www.muenster.org\/onceagain\/wp-content\/uploads\/2024\/08\/Fleyer_Mozart_Requiem_klein-1002x1024.jpg 1002w, https:\/\/www.muenster.org\/onceagain\/wp-content\/uploads\/2024\/08\/Fleyer_Mozart_Requiem_klein-294x300.jpg 294w, https:\/\/www.muenster.org\/onceagain\/wp-content\/uploads\/2024\/08\/Fleyer_Mozart_Requiem_klein-768x785.jpg 768w, https:\/\/www.muenster.org\/onceagain\/wp-content\/uploads\/2024\/08\/Fleyer_Mozart_Requiem_klein-1503x1536.jpg 1503w, https:\/\/www.muenster.org\/onceagain\/wp-content\/uploads\/2024\/08\/Fleyer_Mozart_Requiem_klein-2004x2048.jpg 2004w\" sizes=\"auto, (max-width: 1002px) 100vw, 1002px\" \/><\/figure>\n\n\n\n<hr class=\"wp-block-separator alignwide has-alpha-channel-opacity\"\/>\n\n\n\n<div class=\"wp-block-group is-nowrap is-layout-flex wp-container-core-group-is-layout-6c531013 wp-block-group-is-layout-flex\">\n<p>Unser erstes gro\u00dfes Konzert fand zum 10 j\u00e4hrigen Bestehen 2009 statt.<br>Das Jubil\u00e4um hatten wir mit einer Fahrt nach Norderney verbunden.<br>Die Aufregung war gro\u00df und die Werbetrommel wurde durch alle Mitglieder an den Vorbereitungstagen pers\u00f6nlich durchgef\u00fchrt. Es wurden flei\u00dfig Flyer verteilt. Der Auftritt brachte uns sehr viel Beifall ein und hat uns motiviert, den Weg weiter zu beschreiten.<\/p>\n\n\n\n<figure class=\"wp-block-image size-large is-resized\"><img loading=\"lazy\" decoding=\"async\" width=\"725\" height=\"1024\" src=\"https:\/\/www.muenster.org\/onceagain\/wp-content\/uploads\/2024\/08\/Plakat_2009-725x1024.jpg\" alt=\"\" class=\"wp-image-478\" style=\"width:288px;height:auto\" srcset=\"https:\/\/www.muenster.org\/onceagain\/wp-content\/uploads\/2024\/08\/Plakat_2009-725x1024.jpg 725w, https:\/\/www.muenster.org\/onceagain\/wp-content\/uploads\/2024\/08\/Plakat_2009-213x300.jpg 213w, https:\/\/www.muenster.org\/onceagain\/wp-content\/uploads\/2024\/08\/Plakat_2009-768x1084.jpg 768w, https:\/\/www.muenster.org\/onceagain\/wp-content\/uploads\/2024\/08\/Plakat_2009-1088x1536.jpg 1088w, https:\/\/www.muenster.org\/onceagain\/wp-content\/uploads\/2024\/08\/Plakat_2009-1451x2048.jpg 1451w, https:\/\/www.muenster.org\/onceagain\/wp-content\/uploads\/2024\/08\/Plakat_2009-scaled.jpg 1814w\" sizes=\"auto, (max-width: 725px) 100vw, 725px\" \/><\/figure>\n<\/div>\n\n\n\n<hr class=\"wp-block-separator alignwide has-alpha-channel-opacity\"\/>\n\n\n\n<div class=\"wp-block-group is-nowrap is-layout-flex wp-container-core-group-is-layout-6c531013 wp-block-group-is-layout-flex\">\n<figure class=\"wp-block-image size-large is-resized\"><img loading=\"lazy\" decoding=\"async\" width=\"734\" height=\"1024\" src=\"https:\/\/www.muenster.org\/onceagain\/wp-content\/uploads\/2024\/08\/Chorplakat_08_klein-734x1024.jpg\" alt=\"\" class=\"wp-image-480\" style=\"width:384px;height:auto\" srcset=\"https:\/\/www.muenster.org\/onceagain\/wp-content\/uploads\/2024\/08\/Chorplakat_08_klein-734x1024.jpg 734w, https:\/\/www.muenster.org\/onceagain\/wp-content\/uploads\/2024\/08\/Chorplakat_08_klein-215x300.jpg 215w, https:\/\/www.muenster.org\/onceagain\/wp-content\/uploads\/2024\/08\/Chorplakat_08_klein-768x1071.jpg 768w, https:\/\/www.muenster.org\/onceagain\/wp-content\/uploads\/2024\/08\/Chorplakat_08_klein-1101x1536.jpg 1101w, https:\/\/www.muenster.org\/onceagain\/wp-content\/uploads\/2024\/08\/Chorplakat_08_klein-1468x2048.jpg 1468w, https:\/\/www.muenster.org\/onceagain\/wp-content\/uploads\/2024\/08\/Chorplakat_08_klein-scaled.jpg 1836w\" sizes=\"auto, (max-width: 734px) 100vw, 734px\" \/><\/figure>\n\n\n\n<p>Unser erstes Plakat gab es zum Konzert im Jahr 2008.<br>Dieses war f\u00fcr uns ein gro\u00dfer Fortschritt. So wurde erstmals \u00fcber die Mundpropaganda hinaus Werbung gemacht.<\/p>\n<\/div>\n\n\n\n<hr class=\"wp-block-separator alignwide has-alpha-channel-opacity\"\/>\n\n\n\n<p>Hier noch als Erinnerung an den fr\u00fchen Chor ein Bild vom Auftritt 2004 im &#8220;Haus Gremmendorf&#8221;.<\/p>\n\n\n\n<figure class=\"wp-block-image size-large\"><img loading=\"lazy\" decoding=\"async\" width=\"1024\" height=\"335\" src=\"https:\/\/www.muenster.org\/onceagain\/wp-content\/uploads\/2024\/08\/Auftritt_2004_Haus_Gremmendorf-1024x335.jpg\" alt=\"\" class=\"wp-image-482\" srcset=\"https:\/\/www.muenster.org\/onceagain\/wp-content\/uploads\/2024\/08\/Auftritt_2004_Haus_Gremmendorf-1024x335.jpg 1024w, https:\/\/www.muenster.org\/onceagain\/wp-content\/uploads\/2024\/08\/Auftritt_2004_Haus_Gremmendorf-300x98.jpg 300w, https:\/\/www.muenster.org\/onceagain\/wp-content\/uploads\/2024\/08\/Auftritt_2004_Haus_Gremmendorf-768x251.jpg 768w, https:\/\/www.muenster.org\/onceagain\/wp-content\/uploads\/2024\/08\/Auftritt_2004_Haus_Gremmendorf-1536x502.jpg 1536w, https:\/\/www.muenster.org\/onceagain\/wp-content\/uploads\/2024\/08\/Auftritt_2004_Haus_Gremmendorf.jpg 1618w\" sizes=\"auto, (max-width: 1024px) 100vw, 1024px\" \/><\/figure>\n\n\n\n<p><\/p>\n","protected":false},"excerpt":{"rendered":"<p>Unsere Geschichte Im Jahr 1999 haben sich die ersten sieben S\u00e4ngerinnen und S\u00e4nger zusammengefunden, um einen Chor zu gr\u00fcnden. Schnell konnte Eva-Maria Benning (die bis dahin den Kirchenchor in Gremmendorf leitete) \u00fcberzeugt werden, die Leitung des Chores zu \u00fcbernehmen. Inzwischen ist der Chor auf \u00fcber 50 aktive Mitglieder gewachsen. Mit Andrea Ottenjann haben wir eine [&hellip;]<\/p>\n","protected":false},"author":1,"featured_media":0,"parent":0,"menu_order":0,"comment_status":"closed","ping_status":"closed","template":"","meta":{"footnotes":""},"class_list":["post-118","page","type-page","status-publish","hentry"],"_links":{"self":[{"href":"https:\/\/www.muenster.org\/onceagain\/wp-json\/wp\/v2\/pages\/118","targetHints":{"allow":["GET"]}}],"collection":[{"href":"https:\/\/www.muenster.org\/onceagain\/wp-json\/wp\/v2\/pages"}],"about":[{"href":"https:\/\/www.muenster.org\/onceagain\/wp-json\/wp\/v2\/types\/page"}],"author":[{"embeddable":true,"href":"https:\/\/www.muenster.org\/onceagain\/wp-json\/wp\/v2\/users\/1"}],"replies":[{"embeddable":true,"href":"https:\/\/www.muenster.org\/onceagain\/wp-json\/wp\/v2\/comments?post=118"}],"version-history":[{"count":3,"href":"https:\/\/www.muenster.org\/onceagain\/wp-json\/wp\/v2\/pages\/118\/revisions"}],"predecessor-version":[{"id":832,"href":"https:\/\/www.muenster.org\/onceagain\/wp-json\/wp\/v2\/pages\/118\/revisions\/832"}],"wp:attachment":[{"href":"https:\/\/www.muenster.org\/onceagain\/wp-json\/wp\/v2\/media?parent=118"}],"curies":[{"name":"wp","href":"https:\/\/api.w.org\/{rel}","templated":true}]}}