{"id":82,"date":"2025-12-15T13:28:25","date_gmt":"2025-12-15T13:28:25","guid":{"rendered":"https:\/\/performance-webdesign-muenster.de\/?page_id=82"},"modified":"2026-02-28T15:11:58","modified_gmt":"2026-02-28T14:11:58","slug":"stadt-muenster","status":"publish","type":"page","link":"https:\/\/www.muenster.org\/muenster-lublin\/stadt-muenster\/","title":{"rendered":"Stadt M\u00fcnster"},"content":{"rendered":"<p>[et_pb_section fb_built=&#8220;1&#8243; fullwidth=&#8220;on&#8220; _builder_version=&#8220;4.27.5&#8243; _module_preset=&#8220;default&#8220; global_colors_info=&#8220;{}&#8220;][et_pb_fullwidth_slider _builder_version=&#8220;4.27.5&#8243; _module_preset=&#8220;default&#8220; global_colors_info=&#8220;{}&#8220;][et_pb_slide heading=&#8220;M\u00dcNSTER&#8220; use_bg_overlay=&#8220;off&#8220; use_text_overlay=&#8220;on&#8220; text_overlay_color=&#8220;rgba(0,0,0,0.2)&#8220; text_border_radius=&#8220;100px&#8220; _builder_version=&#8220;4.27.5&#8243; _module_preset=&#8220;default&#8220; header_font=&#8220;|700|||||||&#8220; header_font_size=&#8220;50px&#8220; body_font=&#8220;|600|||||||&#8220; body_font_size=&#8220;28px&#8220; background_image=&#8220;https:\/\/www.muenster.org\/muenster-lublin\/wp-content\/uploads\/2025\/12\/muenster.jpg&#8220; background_enable_image=&#8220;on&#8220; global_colors_info=&#8220;{}&#8220; sticky_transition=&#8220;on&#8220;]<\/p>\n<p>Ein Kurzportrait<\/p>\n<p>[\/et_pb_slide][\/et_pb_fullwidth_slider][\/et_pb_section][et_pb_section fb_built=&#8220;1&#8243; _builder_version=&#8220;4.27.5&#8243; _module_preset=&#8220;default&#8220; global_colors_info=&#8220;{}&#8220;][et_pb_row _builder_version=&#8220;4.27.5&#8243; _module_preset=&#8220;default&#8220; custom_margin=&#8220;-32px|auto||auto||&#8220; global_colors_info=&#8220;{}&#8220;][et_pb_column type=&#8220;4_4&#8243; _builder_version=&#8220;4.27.5&#8243; _module_preset=&#8220;default&#8220; global_colors_info=&#8220;{}&#8220;][et_pb_text _builder_version=&#8220;4.27.5&#8243; _module_preset=&#8220;default&#8220; header_font=&#8220;|700|||||||&#8220; header_font_size=&#8220;35px&#8220; global_colors_info=&#8220;{}&#8220;]<\/p>\n<h1 style=\"text-align: center;\"><span>\u00dcber M\u00fcnster<\/span><\/h1>\n<p>[\/et_pb_text][et_pb_divider color=&#8220;#0C71C3&#8243; divider_weight=&#8220;3px&#8220; _builder_version=&#8220;4.27.5&#8243; _module_preset=&#8220;default&#8220; max_width=&#8220;20%&#8220; module_alignment=&#8220;center&#8220; global_colors_info=&#8220;{}&#8220;][\/et_pb_divider][\/et_pb_column][\/et_pb_row][et_pb_row _builder_version=&#8220;4.27.5&#8243; _module_preset=&#8220;default&#8220; global_colors_info=&#8220;{}&#8220;][et_pb_column type=&#8220;4_4&#8243; _builder_version=&#8220;4.27.5&#8243; _module_preset=&#8220;default&#8220; global_colors_info=&#8220;{}&#8220;][et_pb_text _builder_version=&#8220;4.27.5&#8243; _module_preset=&#8220;default&#8220; text_font_size=&#8220;18px&#8220; global_colors_info=&#8220;{}&#8220;]<\/p>\n<p style=\"text-align: left;\">M\u00fcnster, die Stadt der Fahrr\u00e4der, der Kneipen und Kirchen, wurde vor \u00fcber 1200 Jahren gegr\u00fcndet. Hier bilden Tradition und Moderne, Vergangenheit und Gegenwart ein harmonisches Ganzes, eine Heimat f\u00fcr ca. 280.000 Menschen. Das Stadtbild wird dabei mit gepr\u00e4gt von den ca. 55.000 Studierenden der Westf\u00e4lischen Wilhelms-Universit\u00e4t und der Fachhochschulen. Viele Kneipen, Kulturbetriebe, Buchl\u00e4den etc. gingen aus studentischen Initiativen hervor. In M\u00fcnster gibt es mehr Fahrr\u00e4der als Einwohner, das Fahrrad ist f\u00fcr ein Drittel der M\u00fcnsteranerinnen und M\u00fcnsteraner das Fortbewegungsmittel Nr. 1. Das ist kein Wunder, denn M\u00fcnster ist wunderbar eben. An fast allen Stra\u00dfen gibt es Fahrradwege, manche Einbahnstra\u00dfen sind f\u00fcr Fahrr\u00e4der offiziell in beide Richtungen befahrbar und die Promenade, der gro\u00dfe Rundweg um die Altstadt, ist f\u00fcr Menschen zu Fu\u00df und zu Fahrrad reserviert.<\/p>\n<p style=\"text-align: left;\">M\u00fcnster ist eine weltoffene Stadt: hier wohnen f\u00fcr k\u00fcrzere oder l\u00e4ngere Zeit Menschen aus vielen L\u00e4ndern der Erde, um hier zu leben und zu arbeiten, an der Universit\u00e4t lernen und lehren ausl\u00e4ndische Studierende, Professorinnen und Professoren. Daneben gibt es intensive Beziehungen zu 10 St\u00e4dten in aller Welt. So bestehen offizelle St\u00e4dtefreundschaften oder Partnerschaften zu York, Orleans, Kristiansand, Monastir, Beaugency, Rishon Le Zion, Fresno, Rjasan, M\u00fchlhausen und Lublin. Mit all diesen St\u00e4dten gibt es vielerlei Kontakte in der B\u00fcrgerschaft: gegenseitige Besuche unterschiedlicher Gruppen, sei es von Schulen, Vereinen, Kirchengemeinden, Privatpersonen oder Institutionen wie der Universit\u00e4t u.a. halten diese Partnerschaften neben den offiziellen Besuchen von Ratsvertretern lebendig.<\/p>\n<p>[\/et_pb_text][\/et_pb_column][\/et_pb_row][\/et_pb_section][et_pb_section fb_built=&#8220;1&#8243; _builder_version=&#8220;4.27.5&#8243; _module_preset=&#8220;default&#8220; global_colors_info=&#8220;{}&#8220;][et_pb_row _builder_version=&#8220;4.27.5&#8243; _module_preset=&#8220;default&#8220; global_colors_info=&#8220;{}&#8220;][et_pb_column type=&#8220;4_4&#8243; _builder_version=&#8220;4.27.5&#8243; _module_preset=&#8220;default&#8220; global_colors_info=&#8220;{}&#8220;][et_pb_text _builder_version=&#8220;4.27.5&#8243; _module_preset=&#8220;default&#8220; global_colors_info=&#8220;{}&#8220;]<\/p>\n<h2 style=\"text-align: center;\">MEHR INFOS<\/h2>\n<p>[\/et_pb_text][\/et_pb_column][\/et_pb_row][et_pb_row column_structure=&#8220;1_2,1_2&#8243; use_custom_gutter=&#8220;on&#8220; gutter_width=&#8220;2&#8243; _builder_version=&#8220;4.27.5&#8243; _module_preset=&#8220;default&#8220; global_colors_info=&#8220;{}&#8220;][et_pb_column type=&#8220;1_2&#8243; _builder_version=&#8220;4.27.5&#8243; _module_preset=&#8220;default&#8220; global_colors_info=&#8220;{}&#8220;][et_pb_image src=&#8220;https:\/\/www.muenster.org\/muenster-lublin\/wp-content\/uploads\/2025\/12\/mspic1.jpg&#8220; title_text=&#8220;mspic1&#8243; _builder_version=&#8220;4.27.5&#8243; _module_preset=&#8220;default&#8220; global_colors_info=&#8220;{}&#8220;][\/et_pb_image][\/et_pb_column][et_pb_column type=&#8220;1_2&#8243; _builder_version=&#8220;4.27.5&#8243; _module_preset=&#8220;default&#8220; global_colors_info=&#8220;{}&#8220;][et_pb_text _builder_version=&#8220;4.27.5&#8243; _module_preset=&#8220;default&#8220; text_font_size=&#8220;18px&#8220; global_colors_info=&#8220;{}&#8220;]<\/p>\n<h1 style=\"text-align: left;\">www.muenster.de<\/h1>\n<ul>\n<li style=\"text-align: left;\">Herzlich willkommen in der Stadt M\u00fcnster!<\/li>\n<li style=\"text-align: left;\">Veranstaltungskalender<\/li>\n<li style=\"text-align: left;\">M\u00fcnster entdecken und leben<\/li>\n<\/ul>\n<p>[\/et_pb_text][et_pb_button button_url=&#8220;https:\/\/www.stadt-muenster.de\/startseite&#8220; button_text=&#8220;MEHR INFOS&#8220; button_alignment=&#8220;right&#8220; _builder_version=&#8220;4.27.5&#8243; _module_preset=&#8220;default&#8220; hover_enabled=&#8220;0&#8243; global_colors_info=&#8220;{}&#8220; url_new_window=&#8220;on&#8220; sticky_enabled=&#8220;0&#8243;][\/et_pb_button][\/et_pb_column][\/et_pb_row][et_pb_row column_structure=&#8220;1_2,1_2&#8243; use_custom_gutter=&#8220;on&#8220; gutter_width=&#8220;2&#8243; _builder_version=&#8220;4.27.5&#8243; _module_preset=&#8220;default&#8220; global_colors_info=&#8220;{}&#8220;][et_pb_column type=&#8220;1_2&#8243; _builder_version=&#8220;4.27.5&#8243; _module_preset=&#8220;default&#8220; global_colors_info=&#8220;{}&#8220;][et_pb_image src=&#8220;https:\/\/www.muenster.org\/muenster-lublin\/wp-content\/uploads\/2025\/12\/mspic2.jpg&#8220; title_text=&#8220;mspic2&#8243; _builder_version=&#8220;4.27.5&#8243; _module_preset=&#8220;default&#8220; global_colors_info=&#8220;{}&#8220;][\/et_pb_image][\/et_pb_column][et_pb_column type=&#8220;1_2&#8243; _builder_version=&#8220;4.27.5&#8243; _module_preset=&#8220;default&#8220; global_colors_info=&#8220;{}&#8220;][et_pb_text _builder_version=&#8220;4.27.5&#8243; _module_preset=&#8220;default&#8220; text_font_size=&#8220;18px&#8220; global_colors_info=&#8220;{}&#8220;]<\/p>\n<h2><span>Tourismus in M\u00fcnster<\/span><\/h2>\n<ul>\n<li>Alles rund um Ihren M\u00fcnster-Besuch<\/li>\n<li>Dein M\u00fcnsterland Moment<\/li>\n<li>Das M\u00fcnsterland erleben<\/li>\n<\/ul>\n<p>[\/et_pb_text][et_pb_button button_url=&#8220;https:\/\/www.stadt-muenster.de\/tourismus\/startseite&#8220; button_text=&#8220;MEHR INFOS&#8220; button_alignment=&#8220;right&#8220; _builder_version=&#8220;4.27.5&#8243; _module_preset=&#8220;default&#8220; hover_enabled=&#8220;0&#8243; global_colors_info=&#8220;{}&#8220; url_new_window=&#8220;on&#8220; sticky_enabled=&#8220;0&#8243;][\/et_pb_button][\/et_pb_column][\/et_pb_row][\/et_pb_section][et_pb_section fb_built=&#8220;1&#8243; _builder_version=&#8220;4.27.5&#8243; _module_preset=&#8220;default&#8220; global_colors_info=&#8220;{}&#8220;][et_pb_row column_structure=&#8220;1_5,1_5,1_5,1_5,1_5&#8243; _builder_version=&#8220;4.27.5&#8243; _module_preset=&#8220;default&#8220; global_colors_info=&#8220;{}&#8220;][et_pb_column type=&#8220;1_5&#8243; _builder_version=&#8220;4.27.5&#8243; _module_preset=&#8220;default&#8220; global_colors_info=&#8220;{}&#8220;][et_pb_button button_url=&#8220;https:\/\/www.stadt-muenster.de\/international\/startseite&#8220; button_text=&#8220;B\u00fcro f\u00fcr Internationales  Stadt M\u00fcnster&#8220; button_alignment=&#8220;center&#8220; _builder_version=&#8220;4.27.5&#8243; _module_preset=&#8220;default&#8220; custom_margin=&#8220;|||1px||&#8220; hover_enabled=&#8220;0&#8243; box_shadow_style=&#8220;preset2&#8243; global_colors_info=&#8220;{}&#8220; url_new_window=&#8220;on&#8220; sticky_enabled=&#8220;0&#8243;][\/et_pb_button][\/et_pb_column][et_pb_column type=&#8220;1_5&#8243; _builder_version=&#8220;4.27.5&#8243; _module_preset=&#8220;default&#8220; global_colors_info=&#8220;{}&#8220;][et_pb_button button_url=&#8220;https:\/\/www.uni-muenster.de\/Slavistik\/&#8220; button_text=&#8220;Institut f\u00fcr Slavistik der Universit\u00e4t M\u00fcnster&#8220; button_alignment=&#8220;center&#8220; _builder_version=&#8220;4.27.5&#8243; _module_preset=&#8220;default&#8220; hover_enabled=&#8220;0&#8243; box_shadow_style=&#8220;preset2&#8243; global_colors_info=&#8220;{}&#8220; url_new_window=&#8220;on&#8220; sticky_enabled=&#8220;0&#8243;][\/et_pb_button][\/et_pb_column][et_pb_column type=&#8220;1_5&#8243; _builder_version=&#8220;4.27.5&#8243; _module_preset=&#8220;default&#8220; global_colors_info=&#8220;{}&#8220;][et_pb_button button_url=&#8220;https:\/\/dpg-bundesverband.de\/&#8220; button_text=&#8220;Deutsch-Polnischer Bundesverband&#8220; button_alignment=&#8220;center&#8220; _builder_version=&#8220;4.27.5&#8243; _module_preset=&#8220;default&#8220; hover_enabled=&#8220;0&#8243; box_shadow_style=&#8220;preset2&#8243; global_colors_info=&#8220;{}&#8220; url_new_window=&#8220;on&#8220; sticky_enabled=&#8220;0&#8243;][\/et_pb_button][\/et_pb_column][et_pb_column type=&#8220;1_5&#8243; _builder_version=&#8220;4.27.5&#8243; _module_preset=&#8220;default&#8220; global_colors_info=&#8220;{}&#8220;][et_pb_button button_url=&#8220;https:\/\/dpjw.org\/&#8220; button_text=&#8220;Deutsch-Polnisches Jugendwerk&#8220; button_alignment=&#8220;center&#8220; _builder_version=&#8220;4.27.5&#8243; _module_preset=&#8220;default&#8220; hover_enabled=&#8220;0&#8243; box_shadow_style=&#8220;preset2&#8243; global_colors_info=&#8220;{}&#8220; url_new_window=&#8220;on&#8220; sticky_enabled=&#8220;0&#8243;][\/et_pb_button][\/et_pb_column][et_pb_column type=&#8220;1_5&#8243; _builder_version=&#8220;4.27.5&#8243; _module_preset=&#8220;default&#8220; global_colors_info=&#8220;{}&#8220;][et_pb_button button_url=&#8220;https:\/\/www.stadt-muenster.de\/vhs\/kurse-und-veranstaltungen&#8220; button_text=&#8220;Volkshochschule (VHS) Kurse in M\u00fcnster&#8220; button_alignment=&#8220;center&#8220; _builder_version=&#8220;4.27.5&#8243; _module_preset=&#8220;default&#8220; hover_enabled=&#8220;0&#8243; box_shadow_style=&#8220;preset2&#8243; global_colors_info=&#8220;{}&#8220; url_new_window=&#8220;on&#8220; sticky_enabled=&#8220;0&#8243;][\/et_pb_button][\/et_pb_column][\/et_pb_row][\/et_pb_section]<\/p>\n","protected":false},"excerpt":{"rendered":"<p>Ein Kurzportrait\u00dcber M\u00fcnsterM\u00fcnster, die Stadt der Fahrr\u00e4der, der Kneipen und Kirchen, wurde vor \u00fcber 1200 Jahren gegr\u00fcndet. Hier bilden Tradition und Moderne, Vergangenheit und Gegenwart ein harmonisches Ganzes, eine Heimat [&hellip;]<\/p>\n","protected":false},"author":3,"featured_media":0,"parent":0,"menu_order":0,"comment_status":"closed","ping_status":"closed","template":"","meta":{"_et_pb_use_builder":"on","_et_pb_old_content":"","_et_gb_content_width":"","footnotes":""},"class_list":["post-82","page","type-page","status-publish","hentry"],"_links":{"self":[{"href":"https:\/\/www.muenster.org\/muenster-lublin\/wp-json\/wp\/v2\/pages\/82","targetHints":{"allow":["GET"]}}],"collection":[{"href":"https:\/\/www.muenster.org\/muenster-lublin\/wp-json\/wp\/v2\/pages"}],"about":[{"href":"https:\/\/www.muenster.org\/muenster-lublin\/wp-json\/wp\/v2\/types\/page"}],"author":[{"embeddable":true,"href":"https:\/\/www.muenster.org\/muenster-lublin\/wp-json\/wp\/v2\/users\/3"}],"replies":[{"embeddable":true,"href":"https:\/\/www.muenster.org\/muenster-lublin\/wp-json\/wp\/v2\/comments?post=82"}],"version-history":[{"count":7,"href":"https:\/\/www.muenster.org\/muenster-lublin\/wp-json\/wp\/v2\/pages\/82\/revisions"}],"predecessor-version":[{"id":862,"href":"https:\/\/www.muenster.org\/muenster-lublin\/wp-json\/wp\/v2\/pages\/82\/revisions\/862"}],"wp:attachment":[{"href":"https:\/\/www.muenster.org\/muenster-lublin\/wp-json\/wp\/v2\/media?parent=82"}],"curies":[{"name":"wp","href":"https:\/\/api.w.org\/{rel}","templated":true}]}}