{"id":335,"date":"2026-01-11T15:30:07","date_gmt":"2026-01-11T14:30:07","guid":{"rendered":"https:\/\/www.muenster.org\/muenster-lublin\/?page_id=335"},"modified":"2026-01-27T23:06:34","modified_gmt":"2026-01-27T22:06:34","slug":"lublin-kultur","status":"publish","type":"page","link":"https:\/\/www.muenster.org\/muenster-lublin\/lublin-kultur\/","title":{"rendered":"Lublin Kultur"},"content":{"rendered":"<p>[et_pb_section fb_built=&#8220;1&#8243; fullwidth=&#8220;on&#8220; _builder_version=&#8220;4.27.5&#8243; _module_preset=&#8220;default&#8220; global_colors_info=&#8220;{}&#8220;][et_pb_fullwidth_slider _builder_version=&#8220;4.27.5&#8243; _module_preset=&#8220;default&#8220; hover_enabled=&#8220;0&#8243; global_colors_info=&#8220;{}&#8220; sticky_enabled=&#8220;0&#8243;][et_pb_slide heading=&#8220;Kultur&#8220; use_bg_overlay=&#8220;off&#8220; use_text_overlay=&#8220;on&#8220; text_overlay_color=&#8220;rgba(0,0,0,0.2)&#8220; text_border_radius=&#8220;100px&#8220; _builder_version=&#8220;4.27.5&#8243; _module_preset=&#8220;default&#8220; header_font=&#8220;|700|||||||&#8220; header_font_size=&#8220;50px&#8220; body_font=&#8220;|600|||||||&#8220; body_font_size=&#8220;28px&#8220; background_image=&#8220;https:\/\/www.muenster.org\/muenster-lublin\/wp-content\/uploads\/2026\/01\/Lublin-Springbrunnen-scaled.png&#8220; background_enable_image=&#8220;on&#8220; text_orientation=&#8220;center&#8220; hover_enabled=&#8220;0&#8243; global_colors_info=&#8220;{}&#8220; sticky_transition=&#8220;on&#8220; title_text=&#8220;Lublin-Springbrunnen&#8220; sticky_enabled=&#8220;0&#8243;]<\/p>\n<p>In Lublin<\/p>\n<p>[\/et_pb_slide][\/et_pb_fullwidth_slider][\/et_pb_section][et_pb_section fb_built=&#8220;1&#8243; _builder_version=&#8220;4.27.5&#8243; _module_preset=&#8220;default&#8220; global_colors_info=&#8220;{}&#8220;][et_pb_row _builder_version=&#8220;4.27.5&#8243; _module_preset=&#8220;default&#8220; custom_margin=&#8220;-32px|auto||auto||&#8220; global_colors_info=&#8220;{}&#8220;][et_pb_column type=&#8220;4_4&#8243; _builder_version=&#8220;4.27.5&#8243; _module_preset=&#8220;default&#8220; global_colors_info=&#8220;{}&#8220;][et_pb_text _builder_version=&#8220;4.27.5&#8243; _module_preset=&#8220;default&#8220; header_font=&#8220;|700|||||||&#8220; header_font_size=&#8220;35px&#8220; global_colors_info=&#8220;{}&#8220;]<\/p>\n<h1 style=\"text-align: center;\">Lublin &#8211; Kulturelles Zentrum der Region<\/h1>\n<p>[\/et_pb_text][et_pb_divider color=&#8220;#0C71C3&#8243; divider_weight=&#8220;3px&#8220; _builder_version=&#8220;4.27.5&#8243; _module_preset=&#8220;default&#8220; max_width=&#8220;20%&#8220; module_alignment=&#8220;center&#8220; global_colors_info=&#8220;{}&#8220;][\/et_pb_divider][\/et_pb_column][\/et_pb_row][et_pb_row _builder_version=&#8220;4.27.5&#8243; _module_preset=&#8220;default&#8220; global_colors_info=&#8220;{}&#8220;][et_pb_column type=&#8220;4_4&#8243; _builder_version=&#8220;4.27.5&#8243; _module_preset=&#8220;default&#8220; global_colors_info=&#8220;{}&#8220;][et_pb_text _builder_version=&#8220;4.27.5&#8243; _module_preset=&#8220;default&#8220; text_font_size=&#8220;18px&#8220; custom_padding_tablet=&#8220;&#8220; custom_padding_phone=&#8220;|||5px|false|false&#8220; custom_padding_last_edited=&#8220;on|phone&#8220; global_colors_info=&#8220;{}&#8220;]<\/p>\n<p>Das reiche Kulturerbe des alten Lublins pr\u00e4gt die Gegenwart. Das Verlorengegangene und das Erhaltene beeinflussen heute mit ihrer Spezifik interessante kulturelle Ma\u00dfnahmen und Projekte in Lublin. Das heutige kulturelle Leben Lublins pulsiert mit Musik und Theater.<\/p>\n<p>Seit 50 Jahren gestaltet die Lubliner Philharmonie die Musikkultur der Stadt. Die Lubliner Philharmoniker wurden sehr herzlich in Konzerts\u00e4len in Italien, der Schweiz, Frankreich, Schweden, Spanien empfangen. In Lublin wurde der ber\u00fchmte polnische Geigenspieler Henryk Wieniawski geboren. Aus diesem Anla\u00df finden hier viele Geigenwettbewerbe statt. Zu den wichtigsten geh\u00f6ren: der Nationale Serwaczynski Wettbewerb junger Gegenspieler und der Internationale Lipinski- und Wieniawski Wettbewerb Junger Geigenspieler. Die Philharmonie bietet dar\u00fcber hinaus j\u00e4hrlich eine wichtige Herbstveranstaltung, &#8222;Musikalischer September&#8220; genannt, an der immer sehr viele Anh\u00e4nger der klassischen Musik teilnehmen. Einen gro\u00dfen Beitrag zum Musikleben in Lublin leistet die Stiftung &#8222;Galerie in der Provinz&#8220; (Galeria na Prowincji). Sie organisiert Kammerkonzerte der ber\u00fchmtesten Weltkomponisten, an den die besten polnischen und internationalen K\u00fcnstler teilnehmen. Dank der Stiftung findet das Sommerfestival &#8222;Musik in Denkm\u00e4lern&#8220; statt. Dessen Idee ist die Wiederentdeckung der Lubliner Sehensw\u00fcrdigkeiten mit Hilfe der zu dem Stil und Epoche passenden Musik. Die Musikprogramme werden von Kunstausstellungen begleitet. Alle diesen Ma\u00dfnahmen sind im Programm der Stiftung &#8222;Die Altstadt &#8211; Lublins Herz&#8220; enthalten. Das Lubliner Musiktheater steht auch zur Verf\u00fcgung. Sein Repertoire besteht vor allem aus heiteren, unterhaltenden, klassischen Operetten. Seit einigen Jahren findet in Lublin das St\u00e4ndige Gitarrenspielerfestival statt, an dem professionelle Spieler aus Polen und dem Ausland gerne teilnehmen. Ganz neu ist dagegen der Intenationale Wettbewerb der Trompetenspieler, zu dem T\u00fcrmer aus ganz Europa kommen.<\/p>\n<p>Die Tradition des Theaters in Lublin reicht ins 16. Jahrhundert zur\u00fcck. Das heutige Osterwa-Theatergeb\u00e4ude entstand 1886. Es werden hier sowohl weltbekannte als auch klassische polnische Theaterst\u00fccke aufgef\u00fchrt, deren Inhalt ganz unterschiedlich ist. Das Osterwa-Theater ist Veranstalter eines bekannten Theaterst\u00fcck\u00fcberblicks, der jedes Jahr als &#8222;Lubliner Theaterfr\u00fchling&#8220; stattfindet. Zu dieser Zeit kommen nach Lublin die bekanntesten Regisseure und Schauspieler aus ganz Polen. Das Staatliche Hans Christian Andersen-Puppentheater bietet St\u00fccke vor allem f\u00fcr die j\u00fcngsten Lubliner.<\/p>\n<p>In Lublin bestehen auch zahlreiche Alternativtheatergruppen. Sie sind Beweis f\u00fcr einen spezifischen Charakter der Lubliner Kultur. Einen besonderen Platz nimmt die &#8222;Plastische B\u00fchne&#8220; (Scena Plastyczna) der Katholischen Universit\u00e4t Lublin ein, die seit 26 Jahre besteht. Das Theater arbeitet vor allem mit Stimmungen, Licht und Rhythmus und verzichtet auf Wort und Handlung. Mit Hilfe der drei genannten Elemente wird die Wirklichkeit des Menschlichen Lebens ge\u00e4u\u00dfert.<\/p>\n<p>Seit 1977 besteht das Zentrum der Theaterpraktika &#8222;Gardzienice&#8220;. Seine Spezifik beruht auf einem besonderen mysteri\u00f6sen Fest mit einer besonderen rhythmischen Konstruktion. Das Theaterensemble versucht alte Traditionen und Kulturen zu finden, indem es nach S\u00fcdpolen, in die Ukraine und nach Lappland &#8222;Wanderungen&#8220; unternimmt. Zu anderen alternativen Theatergruppen geh\u00f6rt &#8222;B\u00fchne 6&#8220; (&#8222;Scena 6&#8220;) aufgrund ihrer Methode des Schaffens der Theaterst\u00fccke: Die St\u00fccke entstehen w\u00e4hrend gruppenweise und individuell gef\u00fchrter Improvisationen. Weitere alternative Theatergruppen sind u.a. &#8222;Projekt&#8220;, &#8222;Provisorium&#8220;, &#8222;Vision und Bewegung&#8220;.<\/p>\n<p>Ein wichtiger Teil der Lubliner Kultur ist das Theater NN. Das Theater entstand 1990 und hat seinen Sitz im Grodzka-Tor (Brama Grodzka) in der Altstadt. In seiner Zielsetzung kn\u00fcpft das Theater an die Symbolik des Tores an, das als symbolischer Treffpunkt verschiedener Nationen, Traditionen und Religionen gilt. Das Theater will durch seine Projekte Treffen von K\u00fcnstlern aus ganz Europa erm\u00f6glichen, die zu dem gegenseitigen Dialog f\u00fchren. Durch das Projekt &#8222;Treffen der Kulturen&#8220; haben K\u00fcnstler aus Europa M\u00f6glichkeit, ihr Werk in Lublin zu pr\u00e4sentieren. Teilnehmer der Treffen waren u.a. K\u00fcnstler aus Litauen, Ru\u00dfland, der Ukraine, der Slowakei, Deutschland und Israel. Ein Bestandteil des Projekts sind auch zahlreiche Veranstaltungen \u00fcber Juden im alten Lublin. Ziel des weiteren Projekts &#8222;Ort &#8211; Erinnerung &#8211; Anwesenheit&#8220; ist, ein Kulturangebot f\u00fcr Jugendliche zu schaffen bzw. zu erg\u00e4nzen. Im Rahmen des Projekts wird eine Vierteljahreszeitschrift &#8222;Scriptores Scholarum&#8220; herausgegeben, an der sich Lehrer und Sch\u00fcler beteiligen. Das Theater verf\u00fcgt \u00fcber seine eigenen Ausstellungsr\u00e4ume, in denen K\u00fcnstler aus Ost- und Westeuropa ausstellen. Ein wichtiger Punkt sind dabei Photoausstellungen.<\/p>\n<p>Weitere Projekte des Theaters NN sind Theaterauff\u00fchrungen, Vortr\u00e4ge, Seminare, K\u00fcnstlerwerkstatt und Schulungen.<\/p>\n<p>Das Lubliner Kulturbild ist von studentischer Kultur gepr\u00e4gt. Einen eigenen Teil bringt das Studentenzentrum &#8222;Chatka Zaka&#8220; (Scholarh\u00fctte) mit. In den R\u00e4umen sind verschiedene studentische Theatergruppen t\u00e4tig, die auf diese Weise einerseits Studenten aktivieren und andererseits selbst zur Entwicklung der Kultur in Lublin beitragen. In dem Studentenzentrum finden auch zahlreiche Konzerte statt, zu denen bekannte S\u00e4nger eingeladen werden. Aber auch die Studenten selbst versuchen K\u00fcnstler zu werden. Das Studentenzentrum &#8222;Chatka Zaka&#8220; veranstaltet deswegen eine ganze Reihe von Studentenfestivals. Dazu geh\u00f6ren u.a. das Festival der Wanderlieder und das Festival der Volksmusik. Auch f\u00fcr die studentische \u00d6ffentlichkeit werden jedes Jahr im Mai &#8222;Tage der Studentischen Kultur&#8220; veranstaltet. In &#8222;Chatka Zaka&#8220; findet auch das Allgemeine Polnische Studentenfestival der religi\u00f6sen Lieder statt, das mit Hilfe der Katholischen Hochschulgemeinde zustande kommt.<\/p>\n<p>Die Lubliner B\u00fcrger haben viele st\u00e4dtische Kulturh\u00e4user zur Verf\u00fcgung. Es bestehen mehrere Bibliotheken: eine gro\u00dfe Wojwodschaftsbibliothek mit reichen Kulturg\u00fctern, eine franz\u00f6sische Bibliothek &#8222;Alliance Francaise&#8220;, eine Bibliothek &#8222;British Consulate&#8220;, zwei Universit\u00e4tsbibliotheken und ein Staatliches Archiv.<\/p>\n<p>[\/et_pb_text][\/et_pb_column][\/et_pb_row][\/et_pb_section]<\/p>\n","protected":false},"excerpt":{"rendered":"<p>In LublinLublin &#8211; Kulturelles Zentrum der RegionDas reiche Kulturerbe des alten Lublins pr\u00e4gt die Gegenwart. Das Verlorengegangene und das Erhaltene beeinflussen heute mit ihrer Spezifik interessante kulturelle Ma\u00dfnahmen und Projekte [&hellip;]<\/p>\n","protected":false},"author":3,"featured_media":0,"parent":0,"menu_order":0,"comment_status":"closed","ping_status":"closed","template":"","meta":{"_et_pb_use_builder":"on","_et_pb_old_content":"","_et_gb_content_width":"","footnotes":""},"class_list":["post-335","page","type-page","status-publish","hentry"],"_links":{"self":[{"href":"https:\/\/www.muenster.org\/muenster-lublin\/wp-json\/wp\/v2\/pages\/335","targetHints":{"allow":["GET"]}}],"collection":[{"href":"https:\/\/www.muenster.org\/muenster-lublin\/wp-json\/wp\/v2\/pages"}],"about":[{"href":"https:\/\/www.muenster.org\/muenster-lublin\/wp-json\/wp\/v2\/types\/page"}],"author":[{"embeddable":true,"href":"https:\/\/www.muenster.org\/muenster-lublin\/wp-json\/wp\/v2\/users\/3"}],"replies":[{"embeddable":true,"href":"https:\/\/www.muenster.org\/muenster-lublin\/wp-json\/wp\/v2\/comments?post=335"}],"version-history":[{"count":12,"href":"https:\/\/www.muenster.org\/muenster-lublin\/wp-json\/wp\/v2\/pages\/335\/revisions"}],"predecessor-version":[{"id":794,"href":"https:\/\/www.muenster.org\/muenster-lublin\/wp-json\/wp\/v2\/pages\/335\/revisions\/794"}],"wp:attachment":[{"href":"https:\/\/www.muenster.org\/muenster-lublin\/wp-json\/wp\/v2\/media?parent=335"}],"curies":[{"name":"wp","href":"https:\/\/api.w.org\/{rel}","templated":true}]}}