{"id":332,"date":"2026-01-11T15:29:13","date_gmt":"2026-01-11T14:29:13","guid":{"rendered":"https:\/\/www.muenster.org\/muenster-lublin\/?page_id=332"},"modified":"2026-01-27T23:07:27","modified_gmt":"2026-01-27T22:07:27","slug":"lublin-hochschulen","status":"publish","type":"page","link":"https:\/\/www.muenster.org\/muenster-lublin\/lublin-hochschulen\/","title":{"rendered":"Lublin Hochschulen"},"content":{"rendered":"<p>[et_pb_section fb_built=&#8220;1&#8243; fullwidth=&#8220;on&#8220; _builder_version=&#8220;4.27.5&#8243; _module_preset=&#8220;default&#8220; global_colors_info=&#8220;{}&#8220;][et_pb_fullwidth_slider _builder_version=&#8220;4.27.5&#8243; _module_preset=&#8220;default&#8220; hover_enabled=&#8220;0&#8243; global_colors_info=&#8220;{}&#8220; sticky_enabled=&#8220;0&#8243;][et_pb_slide heading=&#8220;Hochschulen&#8220; use_bg_overlay=&#8220;off&#8220; use_text_overlay=&#8220;on&#8220; text_overlay_color=&#8220;rgba(0,0,0,0.2)&#8220; text_border_radius=&#8220;100px&#8220; _builder_version=&#8220;4.27.5&#8243; _module_preset=&#8220;default&#8220; header_font=&#8220;|700|||||||&#8220; header_font_size=&#8220;50px&#8220; body_font=&#8220;|600|||||||&#8220; body_font_size=&#8220;28px&#8220; background_image=&#8220;https:\/\/www.muenster.org\/muenster-lublin\/wp-content\/uploads\/2026\/01\/Lublin-Springbrunnen-scaled.png&#8220; background_enable_image=&#8220;on&#8220; hover_enabled=&#8220;0&#8243; header_font_size_tablet=&#8220;50px&#8220; header_font_size_phone=&#8220;30px&#8220; header_font_size_last_edited=&#8220;on|phone&#8220; global_colors_info=&#8220;{}&#8220; sticky_transition=&#8220;on&#8220; title_text=&#8220;Lublin-Springbrunnen&#8220; sticky_enabled=&#8220;0&#8243;]<\/p>\n<p>In Lublin<\/p>\n<p>[\/et_pb_slide][\/et_pb_fullwidth_slider][\/et_pb_section][et_pb_section fb_built=&#8220;1&#8243; _builder_version=&#8220;4.27.5&#8243; _module_preset=&#8220;default&#8220; global_colors_info=&#8220;{}&#8220;][et_pb_row _builder_version=&#8220;4.27.5&#8243; _module_preset=&#8220;default&#8220; custom_margin=&#8220;-32px|auto||auto||&#8220; global_colors_info=&#8220;{}&#8220;][et_pb_column type=&#8220;4_4&#8243; _builder_version=&#8220;4.27.5&#8243; _module_preset=&#8220;default&#8220; global_colors_info=&#8220;{}&#8220;][et_pb_text _builder_version=&#8220;4.27.5&#8243; _module_preset=&#8220;default&#8220; header_font=&#8220;|700|||||||&#8220; header_font_size=&#8220;35px&#8220; global_colors_info=&#8220;{}&#8220;]<\/p>\n<h1 style=\"text-align: center;\">Lublin &#8211; Stadt der Studenten<\/h1>\n<p>[\/et_pb_text][et_pb_divider color=&#8220;#0C71C3&#8243; divider_weight=&#8220;3px&#8220; _builder_version=&#8220;4.27.5&#8243; _module_preset=&#8220;default&#8220; max_width=&#8220;20%&#8220; module_alignment=&#8220;center&#8220; global_colors_info=&#8220;{}&#8220;][\/et_pb_divider][\/et_pb_column][\/et_pb_row][et_pb_row _builder_version=&#8220;4.27.5&#8243; _module_preset=&#8220;default&#8220; global_colors_info=&#8220;{}&#8220;][et_pb_column type=&#8220;4_4&#8243; _builder_version=&#8220;4.27.5&#8243; _module_preset=&#8220;default&#8220; global_colors_info=&#8220;{}&#8220;][et_pb_text _builder_version=&#8220;4.27.5&#8243; _module_preset=&#8220;default&#8220; text_font_size=&#8220;18px&#8220; custom_padding_tablet=&#8220;&#8220; custom_padding_phone=&#8220;|||5px|false|false&#8220; custom_padding_last_edited=&#8220;on|phone&#8220; global_colors_info=&#8220;{}&#8220;]<\/p>\n<p>Lublin ist eine Stadt der Akademiker. Es gibt hier f\u00fcnf Hochschulen, in denen insgesamt 50 Tausend junge Leute studieren. Lublin hat den gr\u00f6\u00dften prozentualen Anteil von Studenten an der Gesamtbev\u00f6lkerung im Vergleich zu anderen polnischen St\u00e4dten. Die Lubliner Stra\u00dfen, gepr\u00e4gt von jungen Gesichtern, sind der beste Beweis daf\u00fcr.<\/p>\n<p>Die \u00e4lteste Hochschule ist die Katholische Universit\u00e4t Lublin (KUL). Im Jahre 1993 feierte die KUL ihr 75j\u00e4hriges Jubil\u00e4um.<\/p>\n<p>Die KUL war die vierte Universit\u00e4t in dem im Jahre 1918 befreiten Polen. Die Grunds\u00e4tze ihrer T\u00e4tigkeit sind in zwei Sinnspr\u00fcchen enthalten. Der erste Spruch &#8222;Deo et Patrie&#8220; (&#8222;Dem Gott und dem Vaterland&#8220;) war Ausdruck der polnischen Tradition und kn\u00fcpfte an die Zeit der Gr\u00fcndung der Universit\u00e4t an. Der zweite Spruch st\u00f6\u00dft zum Wesen der Universit\u00e4t vor, dabei aber auch zum Wesen jeder Universit\u00e4t. Der Spruch hei\u00dft &#8222;Veritas in caritate&#8220; (&#8222;Wahrheit in Liebe&#8220;). Nach dem zweiten Weltkrieg begann die KUL als erste Universit\u00e4t in Polen mit dem Unterricht. Bis 1989 war sie die einzige unabh\u00e4ngige Universit\u00e4t in Mittel- und Osteuropa. W\u00e4hrend der Zeit des Kommunismus in Polen hat die KUL der Jugend Zuflucht geboten, die an anderen Universit\u00e4ten aus sozialen oder politischen Gr\u00fcnden nicht aufgenommen oder exmatrikuliert wurde. An der KUL konnten Professoren lehren, denen von anderen Universit\u00e4ten die Lehrerlaubnis entzogen wurde. So paradox es klingt, unter dem \u00e4u\u00dferen Druck bl\u00fchte die Universit\u00e4t auf und gewann ihre Autorit\u00e4t. Die Ehrendoktorw\u00fcrde der KUL bekamen u.a. Karl Dedecius, Kardinal Ratzinger und Helmut Kohl.<\/p>\n<p>Die KUL ist heute eine bekannte, moderne Universit\u00e4t, die Kontakte zu 15 Universit\u00e4ten in Europa und Amerika hat und systematisch mit ausl\u00e4ndischen Universit\u00e4ten zusammenarbeitet. Die KUL ist eine humanistische Universit\u00e4t. Im Mittelpunkt ihrer wissenschaftlichen und didaktischen Forschungen steht der Mensch. Den Studierenden stehen sechs gro\u00dfe Fachbereiche zur Verf\u00fcgung, die jeweils ein umfangreiches Angebot von Studienf\u00e4chern bieten. Es gibt eine Reihe von f\u00e4cher\u00fcbergreifenden Instituten (u.a. Zentrum der Niederl\u00e4ndischen Kultur, ein Rechenzentrum, Institut des Johannes Paulus II). Unter dem Dach der Universit\u00e4t bestehen auch : Studium der Polnischen Kultur und Sprache f\u00fcr Ausl\u00e4nder und eine Sommerschule der Polnischen Kultur und Sprache. Auf Initiative der KUL wurde 1990 die Lubliner Businesschule ins Leben gerufen. Ziel der Schule ist Weiterbildung im Bereich der Managerschule und Vorbereitung auf Funktionieren in einem Marktwirtschaftssystem. Die zweite der Lubliner Hochschulen, die Maria Curie-Sklodowska Universit\u00e4t (UMCS), besteht seit 1944. Die UMCS ist ein sehr wichtiges Wissenschaftszentrum in Lublin. An der Universit\u00e4t studieren die meisten Lubliner Studenten. Die UMCS bietet 10 Fachbereiche mit mehreren Studienf\u00e4chern. Zu den beliebtesten geh\u00f6ren hier Jura, \u00d6konomie und Fremdsprachen. Den Studenten steht ein gro\u00dfes Rechenzentrum zur Verf\u00fcgung. Die UMCS ist im Besitz des Lubliner Botanischen Gartens, wo der Fachbereich Biologie seiner Forschungsarbeit nachgehen kann. Die Universit\u00e4t arbeitet mit vielen Hochschulen in Europa, Amerika, und Asien zusammen. Sie beteiligt sich unter anderen an folgenden Austauschprogrammen: &#8222;Tempus&#8220;, Central European Exchange Program for University Studies, der Aktion Jean Monnet &#8211; Polen im Rahmen PHARE \/ SIERRA. Von gro\u00dfer Bedeutung f\u00fcr die wissenschaftliche Kooperation mit anderen Universit\u00e4ten ist die Teilnahmem\u00f6glichkeit an der Rektorenkonferenz der Ostseeuniversit\u00e4ten. Die UMCS ist mit ihrem ersten und einem der sch\u00f6nsten in Polen sog. &#8222;Akademischem St\u00e4dtchen&#8220; ber\u00fchmt. Dazu geh\u00f6ren: ein sehr sch\u00f6ner Universit\u00e4tspark und Studentenwohnheime. Sie bilden zusammen ein spezifisches Lubliner Stadtviertel. Die Universit\u00e4t hat eine sehr wichtige Rolle bei der Entwicklung Lublins als Studentenzentrum gespielt. Sie trug dazu bei, da\u00df aus zwei ihren Fakult\u00e4ten neue Akademien entstanden, die heute unabh\u00e4ngig von der UMCS existieren und arbeiten k\u00f6nnen. Das sind die Landwirtschaftliche Akademie und die Medizinische Akademie. Die beiden Akademien sind noch relativ jung, finden aber auch Ansehen unter Abiturienten. Die f\u00fcnfte Lubliner Hochschule ist die Polytechnische Hochschule. Der gr\u00f6\u00dften Popularit\u00e4t erfreuen sich die Fakult\u00e4ten: EDV, Elektrotechnik und Marketing. Die Hochschule bildet auch Ingenieure im Bauwesen und Maschinenbau aus. Polnische Studenten finanzieren ihr Studium vor allem mit Hilfe ihrer Eltern und mit staatlichen Darlehenskrediten bzw. Stipendien. Noch ist das Studium bis auf Fernstudium und private Hochschulen kostenlos. Lubliner Hochschulen werden gerne von ausl\u00e4ndischen Studenten als Studienort gew\u00e4hlt. Die Studenten kommen nicht nur aus polnischen Nachbarl\u00e4ndern. Ihre Zahl betrug im Jahre 1995 knapp 500. Das studentische Milieu ist sehr offen und die ausl\u00e4ndischen Studierenden werden schnell integriert. Von Jahr zu Jahr w\u00e4chst die Zahl der Studenten in Lublin. Alle Hochschulen werden ausgebaut, werden auch moderner und bieten immer mehr Studienpl\u00e4tze.<\/p>\n<p>[\/et_pb_text][\/et_pb_column][\/et_pb_row][\/et_pb_section]<\/p>\n","protected":false},"excerpt":{"rendered":"<p>In LublinLublin &#8211; Stadt der StudentenLublin ist eine Stadt der Akademiker. Es gibt hier f\u00fcnf Hochschulen, in denen insgesamt 50 Tausend junge Leute studieren. Lublin hat den gr\u00f6\u00dften prozentualen Anteil [&hellip;]<\/p>\n","protected":false},"author":3,"featured_media":0,"parent":0,"menu_order":0,"comment_status":"closed","ping_status":"closed","template":"","meta":{"_et_pb_use_builder":"on","_et_pb_old_content":"","_et_gb_content_width":"","footnotes":""},"class_list":["post-332","page","type-page","status-publish","hentry"],"_links":{"self":[{"href":"https:\/\/www.muenster.org\/muenster-lublin\/wp-json\/wp\/v2\/pages\/332","targetHints":{"allow":["GET"]}}],"collection":[{"href":"https:\/\/www.muenster.org\/muenster-lublin\/wp-json\/wp\/v2\/pages"}],"about":[{"href":"https:\/\/www.muenster.org\/muenster-lublin\/wp-json\/wp\/v2\/types\/page"}],"author":[{"embeddable":true,"href":"https:\/\/www.muenster.org\/muenster-lublin\/wp-json\/wp\/v2\/users\/3"}],"replies":[{"embeddable":true,"href":"https:\/\/www.muenster.org\/muenster-lublin\/wp-json\/wp\/v2\/comments?post=332"}],"version-history":[{"count":8,"href":"https:\/\/www.muenster.org\/muenster-lublin\/wp-json\/wp\/v2\/pages\/332\/revisions"}],"predecessor-version":[{"id":795,"href":"https:\/\/www.muenster.org\/muenster-lublin\/wp-json\/wp\/v2\/pages\/332\/revisions\/795"}],"wp:attachment":[{"href":"https:\/\/www.muenster.org\/muenster-lublin\/wp-json\/wp\/v2\/media?parent=332"}],"curies":[{"name":"wp","href":"https:\/\/api.w.org\/{rel}","templated":true}]}}