{"id":260,"date":"2026-01-02T16:56:24","date_gmt":"2026-01-02T15:56:24","guid":{"rendered":"https:\/\/www.muenster.org\/muenster-lublin\/?page_id=260"},"modified":"2026-01-24T21:51:29","modified_gmt":"2026-01-24T20:51:29","slug":"staedtepartnerschaft-2","status":"publish","type":"page","link":"https:\/\/www.muenster.org\/muenster-lublin\/staedtepartnerschaft-2\/","title":{"rendered":"St\u00e4dtepartnerschaft"},"content":{"rendered":"<p>[et_pb_section fb_built=&#8220;1&#8243; fullwidth=&#8220;on&#8220; _builder_version=&#8220;4.27.5&#8243; _module_preset=&#8220;default&#8220; global_colors_info=&#8220;{}&#8220;][et_pb_fullwidth_slider _builder_version=&#8220;4.27.5&#8243; _module_preset=&#8220;default&#8220; hover_enabled=&#8220;0&#8243; global_colors_info=&#8220;{}&#8220; sticky_enabled=&#8220;0&#8243;][et_pb_slide heading=&#8220;St\u00e4dtepartnerschaft&#8220; use_bg_overlay=&#8220;off&#8220; use_text_overlay=&#8220;on&#8220; text_overlay_color=&#8220;rgba(0,0,0,0.2)&#8220; text_border_radius=&#8220;100px&#8220; _builder_version=&#8220;4.27.5&#8243; _module_preset=&#8220;default&#8220; header_font=&#8220;|700|||||||&#8220; header_font_size=&#8220;50px&#8220; body_font=&#8220;|600|||||||&#8220; body_font_size=&#8220;28px&#8220; background_image=&#8220;https:\/\/www.muenster.org\/muenster-lublin\/wp-content\/uploads\/2026\/01\/partnerschaft.jpg&#8220; background_enable_image=&#8220;on&#8220; hover_enabled=&#8220;0&#8243; global_colors_info=&#8220;{}&#8220; sticky_transition=&#8220;on&#8220; sticky_enabled=&#8220;0&#8243;]<\/p>\n<p>Ein R\u00fcckblick<\/p>\n<p>[\/et_pb_slide][\/et_pb_fullwidth_slider][\/et_pb_section][et_pb_section fb_built=&#8220;1&#8243; _builder_version=&#8220;4.27.5&#8243; _module_preset=&#8220;default&#8220; custom_padding=&#8220;||5px|||&#8220; global_colors_info=&#8220;{}&#8220;][et_pb_row _builder_version=&#8220;4.27.5&#8243; _module_preset=&#8220;default&#8220; custom_margin=&#8220;-32px|auto||auto||&#8220; global_colors_info=&#8220;{}&#8220;][et_pb_column type=&#8220;4_4&#8243; _builder_version=&#8220;4.27.5&#8243; _module_preset=&#8220;default&#8220; global_colors_info=&#8220;{}&#8220;][et_pb_text _builder_version=&#8220;4.27.5&#8243; _module_preset=&#8220;default&#8220; header_font=&#8220;|700|||||||&#8220; header_font_size=&#8220;35px&#8220; global_colors_info=&#8220;{}&#8220;]<\/p>\n<h1 style=\"text-align: center;\">Vorbemerkung<\/h1>\n<p>[\/et_pb_text][et_pb_divider color=&#8220;#0C71C3&#8243; divider_weight=&#8220;3px&#8220; _builder_version=&#8220;4.27.5&#8243; _module_preset=&#8220;default&#8220; max_width=&#8220;20%&#8220; module_alignment=&#8220;center&#8220; global_colors_info=&#8220;{}&#8220;][\/et_pb_divider][\/et_pb_column][\/et_pb_row][et_pb_row _builder_version=&#8220;4.27.5&#8243; _module_preset=&#8220;default&#8220; global_colors_info=&#8220;{}&#8220;][et_pb_column type=&#8220;4_4&#8243; _builder_version=&#8220;4.27.5&#8243; _module_preset=&#8220;default&#8220; global_colors_info=&#8220;{}&#8220;][et_pb_text _builder_version=&#8220;4.27.5&#8243; _module_preset=&#8220;default&#8220; text_font_size=&#8220;18px&#8220; global_colors_info=&#8220;{}&#8220;]<\/p>\n<p style=\"text-align: left;\"><span>Im Jahr 2000 feierten wir das 1000-j\u00e4hrige Jubil\u00e4um der deutsch-polnischen Beziehungen, das mit der Begegnung von Kaiser Otto III. und Herzog Boleslaw dem Tapferen in Gnesen im Jahr 1000 begann. Die Geschichte zwischen Polen und Deutschland ist lang und wechselvoll. In der Gnesener Millenniumsbotschaft im M\u00e4rz 2000 betonen die Pr\u00e4sidenten mehrerer L\u00e4nder, dass der aktuelle Beziehungsstand zeigt, dass auch schwierige Kapitel \u00fcberwunden werden k\u00f6nnen, wenn der Wille zur Vers\u00f6hnung, Partnerschaft und guter Nachbarschaft vorhanden ist. St\u00e4dtepartnerschaften sind das Fundament f\u00fcr die Verst\u00e4ndigung zwischen Staaten und V\u00f6lkern. Das vertrauensvolle deutsch-polnische Verh\u00e4ltnis sollte auf menschlichen Kontakten basieren, und die St\u00e4dtepartnerschaft zwischen Lublin und M\u00fcnster bietet eine gute Grundlage daf\u00fcr.<\/span><\/p>\n<p>[\/et_pb_text][\/et_pb_column][\/et_pb_row][\/et_pb_section][et_pb_section fb_built=&#8220;1&#8243; _builder_version=&#8220;4.27.5&#8243; _module_preset=&#8220;default&#8220; custom_padding=&#8220;5px||4px|||&#8220; global_colors_info=&#8220;{}&#8220;][et_pb_row _builder_version=&#8220;4.27.5&#8243; _module_preset=&#8220;default&#8220; global_colors_info=&#8220;{}&#8220;][et_pb_column type=&#8220;4_4&#8243; _builder_version=&#8220;4.27.5&#8243; _module_preset=&#8220;default&#8220; global_colors_info=&#8220;{}&#8220;][et_pb_text _builder_version=&#8220;4.27.5&#8243; _module_preset=&#8220;default&#8220; header_2_font=&#8220;|700|||||||&#8220; header_2_font_size=&#8220;30px&#8220; global_colors_info=&#8220;{}&#8220;]<\/p>\n<h2 style=\"text-align: center;\">Entstehung der St\u00e4dtepartnerschaft<\/h2>\n<p>[\/et_pb_text][\/et_pb_column][\/et_pb_row][et_pb_row _builder_version=&#8220;4.27.5&#8243; _module_preset=&#8220;default&#8220; global_colors_info=&#8220;{}&#8220;][et_pb_column type=&#8220;4_4&#8243; _builder_version=&#8220;4.27.5&#8243; _module_preset=&#8220;default&#8220; global_colors_info=&#8220;{}&#8220;][et_pb_text _builder_version=&#8220;4.27.5&#8243; _module_preset=&#8220;default&#8220; text_font_size=&#8220;18px&#8220; global_colors_info=&#8220;{}&#8220;]<\/p>\n<p style=\"text-align: left;\"><span>M\u00fcnster und Lublin, vergleichbare historische Hochschulst\u00e4dte mit reichem Kulturangebot und Bischofssitz, hatten schon vor der offiziellen Partnerschaft regelm\u00e4\u00dfige Verbindungen. Diese wurden durch Institutionen wie die katholische Sozialakademie Franz-Hitze-Haus und Kontakte zwischen der Katholischen Universit\u00e4t Lublin und dem Institut f\u00fcr christliche Sozialwissenschaften der Universit\u00e4t M\u00fcnster gepflegt. Die offizielle St\u00e4dtepartnerschaft entstand zuf\u00e4llig, als Dr. Stanislaw Ciesla 1990 in M\u00fcnster an einer Podiumsdiskussion teilnahm, zu der auch Ruprecht Polenz eingeladen war. Dr. Ciesla und Herr Polenz entdeckten Gemeinsamkeiten zwischen Lublin und M\u00fcnster. Angeregt durch die Frage von Herrn Polenz nach einer Partnerstadt f\u00fcr Lublin, entstand die Idee einer Partnerschaft. Nach einem \u00c4ltestenrats-Beschluss folgten Kontakte zwischen den Stadtverwaltungen. Die einstimmige Zustimmung der R\u00e4te von Lublin und M\u00fcnster f\u00fchrte zur Unterzeichnung der Partnerschaftsurkunde am 30. November 1991 im historischen Friedenssaal des Rathauses in M\u00fcnster.<\/span><\/p>\n<p>[\/et_pb_text][\/et_pb_column][\/et_pb_row][\/et_pb_section][et_pb_section fb_built=&#8220;1&#8243; _builder_version=&#8220;4.27.5&#8243; _module_preset=&#8220;default&#8220; custom_padding=&#8220;2px||4px|||&#8220; global_colors_info=&#8220;{}&#8220;][et_pb_row _builder_version=&#8220;4.27.5&#8243; _module_preset=&#8220;default&#8220; global_colors_info=&#8220;{}&#8220;][et_pb_column type=&#8220;4_4&#8243; _builder_version=&#8220;4.27.5&#8243; _module_preset=&#8220;default&#8220; global_colors_info=&#8220;{}&#8220;][et_pb_text _builder_version=&#8220;4.27.5&#8243; _module_preset=&#8220;default&#8220; header_2_font=&#8220;|700|||||||&#8220; header_2_font_size=&#8220;30px&#8220; header_3_font=&#8220;|700|||||||&#8220; header_3_font_size=&#8220;30px&#8220; global_colors_info=&#8220;{}&#8220;]<\/p>\n<h3 style=\"text-align: center;\">Ich zitiere aus dem Bericht einer Augenzeugin<\/h3>\n<p>[\/et_pb_text][\/et_pb_column][\/et_pb_row][et_pb_row _builder_version=&#8220;4.27.5&#8243; _module_preset=&#8220;default&#8220; global_colors_info=&#8220;{}&#8220;][et_pb_column type=&#8220;4_4&#8243; _builder_version=&#8220;4.27.5&#8243; _module_preset=&#8220;default&#8220; global_colors_info=&#8220;{}&#8220;][et_pb_text _builder_version=&#8220;4.27.5&#8243; _module_preset=&#8220;default&#8220; text_font_size=&#8220;18px&#8220; global_colors_info=&#8220;{}&#8220;]<\/p>\n<p><span>Die Partnerschaftsurkunde betont die F\u00f6rderung selbstorganisierter Austausche in Schulen, Hochschulen, Kultur, Jugend, Sport und Medien. Die Grundphilosophie hebt b\u00fcrgerschaftliche, private Kontakte in den Mittelpunkt. Die Aufnahme von Rishon le-Zion in die St\u00e4dtepartnerschaft mit Lublin und M\u00fcnster im Oktober 1992 unterstreicht diese Idee. Der Freundeskreis M\u00fcnster &#8211; Lublin e.V., gegr\u00fcndet im November 1992, unterst\u00fctzt b\u00fcrgerschaftliches Engagement und erm\u00f6glicht eigenverantwortliche Gestaltung der Partnerschaft. Die Satzung des Vereins betont die Verst\u00e4ndigung zwischen Polen und Deutschen, insbesondere durch F\u00f6rderung vielseitiger Kontakte im Rahmen der St\u00e4dtepartnerschaft zwischen M\u00fcnster, Lublin und Rishon le-Zion.<\/span><\/p>\n<p>[\/et_pb_text][\/et_pb_column][\/et_pb_row][\/et_pb_section][et_pb_section fb_built=&#8220;1&#8243; _builder_version=&#8220;4.27.5&#8243; _module_preset=&#8220;default&#8220; custom_padding=&#8220;2px||6px|||&#8220; global_colors_info=&#8220;{}&#8220;][et_pb_row _builder_version=&#8220;4.27.5&#8243; _module_preset=&#8220;default&#8220; global_colors_info=&#8220;{}&#8220;][et_pb_column type=&#8220;4_4&#8243; _builder_version=&#8220;4.27.5&#8243; _module_preset=&#8220;default&#8220; global_colors_info=&#8220;{}&#8220;][et_pb_text _builder_version=&#8220;4.27.5&#8243; _module_preset=&#8220;default&#8220; header_2_font=&#8220;|700|||||||&#8220; header_2_font_size=&#8220;30px&#8220; header_3_font=&#8220;|700|||||||&#8220; header_3_font_size=&#8220;30px&#8220; global_colors_info=&#8220;{}&#8220;]<\/p>\n<h3 style=\"text-align: center;\">In der Partnerschaftsurkunde hei\u00dft es u. a.:<\/h3>\n<p>[\/et_pb_text][\/et_pb_column][\/et_pb_row][et_pb_row _builder_version=&#8220;4.27.5&#8243; _module_preset=&#8220;default&#8220; global_colors_info=&#8220;{}&#8220;][et_pb_column type=&#8220;4_4&#8243; _builder_version=&#8220;4.27.5&#8243; _module_preset=&#8220;default&#8220; global_colors_info=&#8220;{}&#8220;][et_pb_text _builder_version=&#8220;4.27.5&#8243; _module_preset=&#8220;default&#8220; text_font_size=&#8220;18px&#8220; global_colors_info=&#8220;{}&#8220;]<\/p>\n<p><span>&#8222;Die St\u00e4dtepartnerschaft soll besonders den selbstorganisierten Austausch in den Bereichen Schulen, Hochschulen, Kultur, Jugend, Sport und den Medien f\u00f6rdern. Es ist deshalb das Anliegen beider St\u00e4dte, besonders b\u00fcrgerschaftliche Organisationen zu unterst\u00fctzen, die freie Vereinbarungen zum gegenseitigen Kennenlernen und Austausch in den verschiedenen Bereichen treffen k\u00f6nnen.&#8220; Diesen Passus aus der Urkunde zitiere ich, weil er die Grundphilosophie der St\u00e4dtepartnerschaft beschreibt und &#8211; auch f\u00fcr die schon bestehenden st\u00e4dtepartnerschaftlichen Beziehungen der Stadt M\u00fcnster &#8211; einmalig ist: Die Urkunde stellt den Vorrang b\u00fcrgerschaftlicher, privater Kontakte und Beziehungen in den Mittelpunkt der St\u00e4dtepartnerschaft. Im Oktober 1992 wurde auch Rishon le-Zion, die israelische Partnerstadt M\u00fcnsters, mit in die bestehende St\u00e4dtepartnerschaft zwischen Lublin und M\u00fcnster aufgenommen. Die Leitidee der St\u00e4dtepartnerschaft hat auch in der Gr\u00fcndung des Freundeskreiss M\u00fcnster &#8211; Lublin e.V. am 30. November 1992 ihren Niederschlag gefunden, mit der dem b\u00fcrgerschaftlichen Engagement eine Grundlage gegeben wurde, die Entwicklung der St\u00e4dtepartnerschaft zwischen interessierten Menschen und Organisationen wesentlich in eigener Verantwortung gestalten zu k\u00f6nnen. In diesem Sinne beschreibt die Satzung auch den Zweck des Freundeskreiss: Zweck des Vereins ist die Verst\u00e4ndigung und Auss\u00f6hnung zwischen Polen und Deutschen, insbesondere durch die umfassende F\u00f6rderung vielseitiger b\u00fcrgerschaftlicher und institutioneller Kontakte und Begegnungen im Rahmen der St\u00e4dtepartnerschaft zwischen M\u00fcnster und Lublin. Hierbei ist die zwischen M\u00fcnster und Rishon le-Zion bestehende Partnerschaft miteinzubeziehen.<\/span><\/p>\n<p>[\/et_pb_text][\/et_pb_column][\/et_pb_row][\/et_pb_section][et_pb_section fb_built=&#8220;1&#8243; _builder_version=&#8220;4.27.5&#8243; _module_preset=&#8220;default&#8220; min_height=&#8220;673.7px&#8220; custom_padding=&#8220;2px||0px|||&#8220; global_colors_info=&#8220;{}&#8220;][et_pb_row _builder_version=&#8220;4.27.5&#8243; _module_preset=&#8220;default&#8220; global_colors_info=&#8220;{}&#8220;][et_pb_column type=&#8220;4_4&#8243; _builder_version=&#8220;4.27.5&#8243; _module_preset=&#8220;default&#8220; global_colors_info=&#8220;{}&#8220;][et_pb_text _builder_version=&#8220;4.27.5&#8243; _module_preset=&#8220;default&#8220; header_2_font=&#8220;|700|||||||&#8220; header_2_font_size=&#8220;30px&#8220; header_3_font=&#8220;|700|||||||&#8220; header_3_font_size=&#8220;30px&#8220; global_colors_info=&#8220;{}&#8220;]<\/p>\n<h3 style=\"text-align: center;\">St\u00e4dtepartnerschaftliche Projekte<\/h3>\n<p>[\/et_pb_text][\/et_pb_column][\/et_pb_row][et_pb_row _builder_version=&#8220;4.27.5&#8243; _module_preset=&#8220;default&#8220; global_colors_info=&#8220;{}&#8220;][et_pb_column type=&#8220;4_4&#8243; _builder_version=&#8220;4.27.5&#8243; _module_preset=&#8220;default&#8220; global_colors_info=&#8220;{}&#8220;][et_pb_text _builder_version=&#8220;4.27.5&#8243; _module_preset=&#8220;default&#8220; text_font_size=&#8220;18px&#8220; global_colors_info=&#8220;{}&#8220;]<\/p>\n<p>Diese &#8222;Partnerschaft neuen Stils&#8220; mit dem Vorrang selbst organisierter privater Kontakte zwischen den B\u00fcrgerinnen und B\u00fcrgern beider St\u00e4dte hat sich bisher sehr bew\u00e4hrt. Den Erfolg dieser &#8222;B\u00fcrgerpartnerschaft&#8220; belegen im folgenden auch die vielen konkreten Beispiele. Der Leitidee der St\u00e4dtepartnerschaft folgend und der lebendigen &#8222;B\u00fcrgerpartnerschaft&#8220; entsprechend sind offizielle Projekte subsidi\u00e4r. Von der Stadt M\u00fcnster initiierte und koordinierte Projekte sind z. B.: Zum 50. Jahrestag des Ende des Zweiten Weltkrieges am 8. Mai 1995 hatte die Stadt M\u00fcnster Jugendliche aus allen m\u00fcnsterschen Partnerst\u00e4dten und aus jeder Partnerstadt Augenzeugen der letzten Kriegstage eingeladen, die mit den Jugendlichen \u00fcber ihre Erlebnisse sprechen und f\u00fcr Gespr\u00e4che mit Schulklassen zur Verf\u00fcgung stehen. Zwar wurden alle Partnerst\u00e4dte von M\u00fcnster eingeladen, das Projekt ber\u00fchrte aber auch in besonderer Weise unsere Partnerstadt Lublin, die auch an dem Treffen teilgenommen hat. Ein weiteres Projekt der Stadt M\u00fcnster war die Deutsch-Polnische Woche vom 1. bis 9. Juli 1995. Sie stellte die Begegnung mit Menschen aus Polen und insbesondere aus der Partnerstadt Lublin in den Mittelpunkt der st\u00e4dtepartnerschaftlichen Aktivit\u00e4ten der Stadt M\u00fcnster. Bis zu 250 \u00fcberwiegend jugendliche polnische G\u00e4ste aus Lublin waren w\u00e4hrend dieser Woche in M\u00fcnster! Aus Anla\u00df des Jubil\u00e4ums &#8222;350 Jahre Westf\u00e4lischer Friede&#8220; hielten sich auf Einladung der Oberb\u00fcrgermeisterin vom 13. bis 16. Juni 1998 Vertreter aus Rat und Verwaltung der Partnerst\u00e4dte (u.a. auch aus Lublin) in M\u00fcnster auf. Im Mittelpunkt des Zusammentreffens standen am 14. Juni 1998 ein Workshop zum Thema &#8222;Lokale Agenda 21&#8220; und in diesem Zusammenhang ein Erfahrungsaustausch \u00fcber die Aktivit\u00e4ten in den einzelnen Kommunen. Das Stadtmuseum M\u00fcnster bereitet in Zusammenarbeit mit der Gedenkst\u00e4tte Majdanek und mit Unterst\u00fctzung des Freundeskreiss M\u00fcnster-Lublin e.V. das Ausstellungsprojekt &#8222;Vernichtungslager Majdanek Fotografien&#8220; vor. Die Ausstellung, die auch ein Beitrag zum 10-j\u00e4hrigen Jubil\u00e4um der St\u00e4dtepartnerschaft ist, wird voraussichtlich im Dezember 2000 in der Gedenkst\u00e4tte Majdanek und im April 2001 im Stadtmuseum M\u00fcnster er\u00f6ffnet. Im Mittelpunkt der Ausstellung werden historisches Fotomaterial und aktuelle Fotografien stehen. Besonders bemerkenswert finde ich, da\u00df die deutsch-polnischen Beziehungen heute einen solchen Stand erreicht haben, da\u00df der R\u00fcckblick auf diesen Abschnitt der Geschichte in deutsch-polnischer Zusammenarbeit erfolgt und gemeinsam eine Botschaft f\u00fcr die Zukunft vermittelt werden soll.<\/p>\n<p>[\/et_pb_text][\/et_pb_column][\/et_pb_row][\/et_pb_section][et_pb_section fb_built=&#8220;1&#8243; _builder_version=&#8220;4.27.5&#8243; _module_preset=&#8220;default&#8220; custom_padding=&#8220;2px||2px|||&#8220; global_colors_info=&#8220;{}&#8220;][et_pb_row _builder_version=&#8220;4.27.5&#8243; _module_preset=&#8220;default&#8220; global_colors_info=&#8220;{}&#8220;][et_pb_column type=&#8220;4_4&#8243; _builder_version=&#8220;4.27.5&#8243; _module_preset=&#8220;default&#8220; global_colors_info=&#8220;{}&#8220;][et_pb_text _builder_version=&#8220;4.27.5&#8243; _module_preset=&#8220;default&#8220; header_2_font=&#8220;|700|||||||&#8220; header_2_font_size=&#8220;30px&#8220; header_3_font=&#8220;|700|||||||&#8220; header_3_font_size=&#8220;30px&#8220; global_colors_info=&#8220;{}&#8220;]<\/p>\n<h3 style=\"text-align: center;\">Kirchliche Kontakte<\/h3>\n<p>[\/et_pb_text][\/et_pb_column][\/et_pb_row][et_pb_row _builder_version=&#8220;4.27.5&#8243; _module_preset=&#8220;default&#8220; global_colors_info=&#8220;{}&#8220;][et_pb_column type=&#8220;4_4&#8243; _builder_version=&#8220;4.27.5&#8243; _module_preset=&#8220;default&#8220; global_colors_info=&#8220;{}&#8220;][et_pb_text _builder_version=&#8220;4.27.5&#8243; _module_preset=&#8220;default&#8220; text_font_size=&#8220;18px&#8220; global_colors_info=&#8220;{}&#8220;]<\/p>\n<p>Kirchliche Kontakte sind eine bedeutende S\u00e4ule der St\u00e4dtepartnerschaft zwischen Lublin und M\u00fcnster. Kulturelle Projekte und Begegnungen, organisiert von b\u00fcrgerschaftlichen Initiativen wie der Fundacja Galeria na Prowincji aus Lublin, stehen im Fokus der st\u00e4dtepartnerschaftlichen Aktivit\u00e4ten. Beispielhafte kulturelle Projekte umfassen Kunstausstellungen, Konzerte, Fotoausstellungen und Literaturseminare, die die Partnerschaft vertiefen. Auch die langj\u00e4hrige Partnerschaft zwischen den katholischen Pfarrgemeinden Maria Geburt in Dabrowica und St. Ida in M\u00fcnster-Gremmendorf wird als Beispiel genannt. Kirchliche Verb\u00e4nde, wie das Stadtkomitee Katholischer Verb\u00e4nde, engagieren sich in Hilfsaktionen und haben sogar Hilfsg\u00fcter nach Lublin geschickt. Private Kontakte und Besuche zwischen Familien tragen ebenfalls zur Verst\u00e4ndigung bei. Die Verdienste von Pfarrer Ewald Spieker wurden im Herbst 1995 vom Lubliner Erzbischof Prof. Pylak gew\u00fcrdigt. Der Freundeskreis M\u00fcnster-Lublin hat Spendenaktionen f\u00fcr Hilfsprojekte in Lublin initiiert, darunter eine Aktion zur Unterst\u00fctzung der Hochwasser-Katastrophengebiete in Polen im Sommer 1997 und eine Spendenaktion zur Fertigstellung eines \u00f6kumenischen Altersheims in Lublin im M\u00e4rz 1999.<\/p>\n<p>[\/et_pb_text][\/et_pb_column][\/et_pb_row][\/et_pb_section][et_pb_section fb_built=&#8220;1&#8243; _builder_version=&#8220;4.27.5&#8243; _module_preset=&#8220;default&#8220; custom_padding=&#8220;2px||3px|||&#8220; global_colors_info=&#8220;{}&#8220;][et_pb_row _builder_version=&#8220;4.27.5&#8243; _module_preset=&#8220;default&#8220; global_colors_info=&#8220;{}&#8220;][et_pb_column type=&#8220;4_4&#8243; _builder_version=&#8220;4.27.5&#8243; _module_preset=&#8220;default&#8220; global_colors_info=&#8220;{}&#8220;][et_pb_text _builder_version=&#8220;4.27.5&#8243; _module_preset=&#8220;default&#8220; header_2_font=&#8220;|700|||||||&#8220; header_2_font_size=&#8220;30px&#8220; header_3_font=&#8220;|700|||||||&#8220; header_3_font_size=&#8220;30px&#8220; global_colors_info=&#8220;{}&#8220;]<\/p>\n<h3 style=\"text-align: center;\">Sprachkurse<\/h3>\n<p>[\/et_pb_text][\/et_pb_column][\/et_pb_row][et_pb_row _builder_version=&#8220;4.27.5&#8243; _module_preset=&#8220;default&#8220; global_colors_info=&#8220;{}&#8220;][et_pb_column type=&#8220;4_4&#8243; _builder_version=&#8220;4.27.5&#8243; _module_preset=&#8220;default&#8220; global_colors_info=&#8220;{}&#8220;][et_pb_text _builder_version=&#8220;4.27.5&#8243; _module_preset=&#8220;default&#8220; text_font_size=&#8220;18px&#8220; global_colors_info=&#8220;{}&#8220;]<\/p>\n<p>Um sprachliche Barrieren zu \u00fcberwinden, bietet die Katholische Universit\u00e4t Lublin eine &#8222;Sommerschule f\u00fcr polnische Sprache und Kultur&#8220; an, an der M\u00fcnsteraner teilnehmen. Die Volkshochschule M\u00fcnster veranstaltet einen dreiw\u00f6chigen Feriensprachkurs &#8222;Deutsch als Fremdsprache&#8220;. Der Freundeskreis M\u00fcnster-Lublin l\u00e4dt und unterst\u00fctzt seit 1997 Jugendliche aus Lublin f\u00fcr diesen Kurs ein, um Multiplikatoren f\u00fcr die St\u00e4dtepartnerschaft zu gewinnen. Der Freundeskreis organisiert zudem ein spezielles Rahmenprogramm f\u00fcr die Jugendlichen, um ihnen eine vielf\u00e4ltige &#8222;Begegnung mit M\u00fcnster&#8220; zu erm\u00f6glichen. Zus\u00e4tzlich wurde erstmals im Jahr 1999 eine &#8222;Polnische Sommerschule&#8220; mit einem \u00f6ffentlichen Rahmenprogramm durchgef\u00fchrt, um Polen als Nachbarland n\u00e4her zu bringen. Aufgrund der positiven Resonanz wurde im Jahr 2000 eine 2. Polnische Sommerschule in M\u00fcnster veranstaltet.<\/p>\n<p>[\/et_pb_text][\/et_pb_column][\/et_pb_row][\/et_pb_section][et_pb_section fb_built=&#8220;1&#8243; _builder_version=&#8220;4.27.5&#8243; _module_preset=&#8220;default&#8220; custom_padding=&#8220;2px||3px|||&#8220; global_colors_info=&#8220;{}&#8220;][et_pb_row _builder_version=&#8220;4.27.5&#8243; _module_preset=&#8220;default&#8220; global_colors_info=&#8220;{}&#8220;][et_pb_column type=&#8220;4_4&#8243; _builder_version=&#8220;4.27.5&#8243; _module_preset=&#8220;default&#8220; global_colors_info=&#8220;{}&#8220;][et_pb_text _builder_version=&#8220;4.27.5&#8243; _module_preset=&#8220;default&#8220; header_2_font=&#8220;|700|||||||&#8220; header_2_font_size=&#8220;30px&#8220; header_3_font=&#8220;|700|||||||&#8220; header_3_font_size=&#8220;30px&#8220; global_colors_info=&#8220;{}&#8220;]<\/p>\n<h3 style=\"text-align: center;\">B\u00fcrgerreise<\/h3>\n<p>[\/et_pb_text][\/et_pb_column][\/et_pb_row][et_pb_row _builder_version=&#8220;4.27.5&#8243; _module_preset=&#8220;default&#8220; global_colors_info=&#8220;{}&#8220;][et_pb_column type=&#8220;4_4&#8243; _builder_version=&#8220;4.27.5&#8243; _module_preset=&#8220;default&#8220; global_colors_info=&#8220;{}&#8220;][et_pb_text _builder_version=&#8220;4.27.5&#8243; _module_preset=&#8220;default&#8220; text_font_size=&#8220;18px&#8220; global_colors_info=&#8220;{}&#8220;]<\/p>\n<p>Der Freundeskreis M\u00fcnster-Lublin e.V. organisiert &#8222;B\u00fcrgerreisen&#8220; nach Lublin, die die pers\u00f6nliche Begegnung mit Polen und seiner Partnerstadt erm\u00f6glichen. Die zweite B\u00fcrgerreise im August 2000 wurde aufgrund des Erfolges der ersten durchgef\u00fchrt und richtete sich an alle B\u00fcrgerinnen und B\u00fcrger in M\u00fcnster. Das Programm betonte die Grundphilosophie der St\u00e4dtepartnerschaft und bietete Einblicke in polnische Geschichte, Politik, Kultur, j\u00fcdische Kultur, Vergangenheit, Wissenschaft, Kirche, Architektur und Stadtplanung. Als Teil der St\u00e4dtepartnerschaft plant der Freundeskreis eine B\u00fcrgerreise von Lublin nach M\u00fcnster im Jubil\u00e4umsjahr 2001. Der Freundeskreis f\u00f6rdert auch Diskussionsrunden zu relevanten Themen, wie das Deutsch-Polnische Europagespr\u00e4ch, das sich mit Entwicklungen in den deutsch-polnischen Beziehungen und der Bedeutung von St\u00e4dtepartnerschaften f\u00fcr ein lebendiges Europa besch\u00e4ftigt.<\/p>\n<p>[\/et_pb_text][\/et_pb_column][\/et_pb_row][\/et_pb_section][et_pb_section fb_built=&#8220;1&#8243; _builder_version=&#8220;4.27.5&#8243; _module_preset=&#8220;default&#8220; custom_padding=&#8220;2px||3px|||&#8220; global_colors_info=&#8220;{}&#8220;][et_pb_row _builder_version=&#8220;4.27.5&#8243; _module_preset=&#8220;default&#8220; global_colors_info=&#8220;{}&#8220;][et_pb_column type=&#8220;4_4&#8243; _builder_version=&#8220;4.27.5&#8243; _module_preset=&#8220;default&#8220; global_colors_info=&#8220;{}&#8220;][et_pb_text _builder_version=&#8220;4.27.5&#8243; _module_preset=&#8220;default&#8220; header_2_font=&#8220;|700|||||||&#8220; header_2_font_size=&#8220;30px&#8220; header_3_font=&#8220;|700|||||||&#8220; header_3_font_size=&#8220;30px&#8220; global_colors_info=&#8220;{}&#8220;]<\/p>\n<h3 style=\"text-align: center;\">Res\u00fcmee<\/h3>\n<p>[\/et_pb_text][\/et_pb_column][\/et_pb_row][et_pb_row _builder_version=&#8220;4.27.5&#8243; _module_preset=&#8220;default&#8220; global_colors_info=&#8220;{}&#8220;][et_pb_column type=&#8220;4_4&#8243; _builder_version=&#8220;4.27.5&#8243; _module_preset=&#8220;default&#8220; global_colors_info=&#8220;{}&#8220;][et_pb_text _builder_version=&#8220;4.27.5&#8243; _module_preset=&#8220;default&#8220; text_font_size=&#8220;18px&#8220; global_colors_info=&#8220;{}&#8220;]<\/p>\n<p>Die St\u00e4dtepartnerschaft zwischen Lublin und M\u00fcnster zeigt vielf\u00e4ltige und intensive Beziehungen sowie selbstorganisiertes b\u00fcrgerschaftliches Engagement. Die Leitidee der &#8222;Partnerschaft neuen Stils&#8220; bleibt lebendig und tr\u00e4gt als kommunaler Baustein zur guten Nachbarschaft zwischen Polen und Deutschland bei. Trotz der lebendigen Partnerschaft sind Ausbaupotenziale erkennbar, insbesondere in den Bereichen Hochschulen, Sport, Schulkontakte und der Dreiecksst\u00e4dtepartnerschaft mit Rishon le Zion. Ein fortlaufendes Anliegen ist die Erweiterung der b\u00fcrgerschaftlichen Basis und den Abbau von Vorurteilen, dem der Freundeskreis sich weiterhin widmet. Wladyslaw Bartoszewski&#8217;s Traum von normalen Beziehungen zwischen Polen und Deutschen wird weiterhin angestrebt.<\/p>\n<p>[\/et_pb_text][\/et_pb_column][\/et_pb_row][\/et_pb_section]<\/p>\n","protected":false},"excerpt":{"rendered":"<p>Ein R\u00fcckblickVorbemerkungIm Jahr 2000 feierten wir das 1000-j\u00e4hrige Jubil\u00e4um der deutsch-polnischen Beziehungen, das mit der Begegnung von Kaiser Otto III. und Herzog Boleslaw dem Tapferen in Gnesen im Jahr 1000 [&hellip;]<\/p>\n","protected":false},"author":3,"featured_media":0,"parent":0,"menu_order":0,"comment_status":"closed","ping_status":"closed","template":"","meta":{"_et_pb_use_builder":"on","_et_pb_old_content":"","_et_gb_content_width":"","footnotes":""},"class_list":["post-260","page","type-page","status-publish","hentry"],"_links":{"self":[{"href":"https:\/\/www.muenster.org\/muenster-lublin\/wp-json\/wp\/v2\/pages\/260","targetHints":{"allow":["GET"]}}],"collection":[{"href":"https:\/\/www.muenster.org\/muenster-lublin\/wp-json\/wp\/v2\/pages"}],"about":[{"href":"https:\/\/www.muenster.org\/muenster-lublin\/wp-json\/wp\/v2\/types\/page"}],"author":[{"embeddable":true,"href":"https:\/\/www.muenster.org\/muenster-lublin\/wp-json\/wp\/v2\/users\/3"}],"replies":[{"embeddable":true,"href":"https:\/\/www.muenster.org\/muenster-lublin\/wp-json\/wp\/v2\/comments?post=260"}],"version-history":[{"count":16,"href":"https:\/\/www.muenster.org\/muenster-lublin\/wp-json\/wp\/v2\/pages\/260\/revisions"}],"predecessor-version":[{"id":682,"href":"https:\/\/www.muenster.org\/muenster-lublin\/wp-json\/wp\/v2\/pages\/260\/revisions\/682"}],"wp:attachment":[{"href":"https:\/\/www.muenster.org\/muenster-lublin\/wp-json\/wp\/v2\/media?parent=260"}],"curies":[{"name":"wp","href":"https:\/\/api.w.org\/{rel}","templated":true}]}}