{"id":231,"date":"2025-12-12T22:41:30","date_gmt":"2025-12-12T22:41:30","guid":{"rendered":"https:\/\/performance-webdesign-muenster.de\/?page_id=13"},"modified":"2026-02-28T14:56:41","modified_gmt":"2026-02-28T13:56:41","slug":"home","status":"publish","type":"page","link":"https:\/\/www.muenster.org\/muenster-lublin\/","title":{"rendered":"Home"},"content":{"rendered":"<p>[et_pb_section fb_built=&#8220;1&#8243; fullwidth=&#8220;on&#8220; _builder_version=&#8220;4.27.5&#8243; _module_preset=&#8220;default&#8220; hover_enabled=&#8220;0&#8243; global_colors_info=&#8220;{}&#8220; sticky_enabled=&#8220;0&#8243;][et_pb_fullwidth_slider use_bg_overlay=&#8220;off&#8220; use_text_overlay=&#8220;off&#8220; _builder_version=&#8220;4.27.5&#8243; _module_preset=&#8220;default&#8220; z_index=&#8220;1&#8243; height=&#8220;590px&#8220; custom_padding=&#8220;201px||193px|||&#8220; global_colors_info=&#8220;{}&#8220;][et_pb_slide use_bg_overlay=&#8220;on&#8220; use_text_overlay=&#8220;off&#8220; content_tablet=&#8220;<\/p>\n<p>Herzlich<\/p>\n<p>Willkommmen<\/p>\n<p>Beim Freundeskreis<\/p>\n<p>M\u00fcnster-Lublin<\/p>\n<p>&#8220; content_phone=&#8220;<\/p>\n<p style=%22text-align: left;%22>Herzlich<\/p>\n<p style=%22text-align: left;%22>Willkommmen<\/p>\n<p style=%22text-align: left;%22>Beim Freundeskreis<\/p>\n<p style=%22text-align: left;%22>M\u00fcnster-Lublin<\/p>\n<p>&#8220; content_last_edited=&#8220;on|phone&#8220; _builder_version=&#8220;4.27.5&#8243; _module_preset=&#8220;default&#8220; body_font=&#8220;|600|||||||&#8220; body_font_size=&#8220;46px&#8220; use_background_color_gradient=&#8220;on&#8220; background_color_gradient_direction=&#8220;270deg&#8220; background_color_gradient_stops=&#8220;rgba(6,35,27,0) 33%|rgba(25,23,21,0.39) 48%|#0a1604 86%&#8220; background_color_gradient_overlays_image=&#8220;on&#8220; background_image=&#8220;https:\/\/www.muenster.org\/muenster-lublin\/wp-content\/uploads\/2025\/12\/index2.jpg&#8220; background_enable_image=&#8220;on&#8220; hover_enabled=&#8220;0&#8243; body_font_size_tablet=&#8220;46px&#8220; body_font_size_phone=&#8220;22px&#8220; body_font_size_last_edited=&#8220;on|phone&#8220; global_colors_info=&#8220;{}&#8220; sticky_transition=&#8220;on&#8220; sticky_enabled=&#8220;0&#8243;]<\/p>\n<p style=\"text-align: left;\">Herzlich<\/p>\n<p style=\"text-align: left;\">Willkommen<\/p>\n<p style=\"text-align: left;\">Beim Freundeskreis<\/p>\n<p style=\"text-align: left;\">M\u00fcnster-Lublin<\/p>\n<p>[\/et_pb_slide][et_pb_slide use_bg_overlay=&#8220;on&#8220; use_text_overlay=&#8220;on&#8220; text_border_radius=&#8220;30px&#8220; content_tablet=&#8220;<\/p>\n<p>Herzlich<\/p>\n<p>Willkommmen<\/p>\n<p>Beim Freundeskreis<\/p>\n<p>M\u00fcnster-Lublin<\/p>\n<p>&#8220; content_phone=&#8220;<\/p>\n<p>Herzlich<\/p>\n<p>Willkommmen<\/p>\n<p>Beim Freundeskreis<\/p>\n<p>M\u00fcnster-Lublin<\/p>\n<p>&#8220; content_last_edited=&#8220;on|phone&#8220; _builder_version=&#8220;4.27.5&#8243; _module_preset=&#8220;default&#8220; body_font_size=&#8220;46px&#8220; background_image=&#8220;https:\/\/www.muenster.org\/muenster-lublin\/wp-content\/uploads\/2026\/01\/lublin.jpg&#8220; background_enable_image=&#8220;on&#8220; body_font_size_tablet=&#8220;46px&#8220; body_font_size_phone=&#8220;22px&#8220; body_font_size_last_edited=&#8220;on|phone&#8220; global_colors_info=&#8220;{}&#8220; sticky_transition=&#8220;on&#8220;]<\/p>\n<p>Herzlich<\/p>\n<p>Willkommen<\/p>\n<p>Beim Freundeskreis<\/p>\n<p>M\u00fcnster-Lublin<\/p>\n<p>[\/et_pb_slide][\/et_pb_fullwidth_slider][\/et_pb_section][et_pb_section fb_built=&#8220;1&#8243; _builder_version=&#8220;4.27.5&#8243; _module_preset=&#8220;default&#8220; custom_padding=&#8220;||1px|||&#8220; global_colors_info=&#8220;{}&#8220;][et_pb_row _builder_version=&#8220;4.27.5&#8243; _module_preset=&#8220;default&#8220; global_colors_info=&#8220;{}&#8220;][et_pb_column type=&#8220;4_4&#8243; _builder_version=&#8220;4.27.5&#8243; _module_preset=&#8220;default&#8220; global_colors_info=&#8220;{}&#8220;][et_pb_text _builder_version=&#8220;4.27.5&#8243; _module_preset=&#8220;default&#8220; header_font=&#8220;|600|||||||&#8220; header_font_size=&#8220;33px&#8220; global_colors_info=&#8220;{}&#8220;]<\/p>\n<h1 style=\"text-align: center;\"><span>\u00dcber den Freundeskreis<\/span><\/h1>\n<p>[\/et_pb_text][et_pb_divider divider_weight=&#8220;3px&#8220; _builder_version=&#8220;4.27.5&#8243; _module_preset=&#8220;default&#8220; max_width=&#8220;23%&#8220; module_alignment=&#8220;center&#8220; custom_margin=&#8220;-32px||||false|false&#8220; global_colors_info=&#8220;{}&#8220;][\/et_pb_divider][\/et_pb_column][\/et_pb_row][et_pb_row column_structure=&#8220;1_3,1_3,1_3&#8243; _builder_version=&#8220;4.27.5&#8243; _module_preset=&#8220;default&#8220; global_colors_info=&#8220;{}&#8220;][et_pb_column type=&#8220;1_3&#8243; _builder_version=&#8220;4.27.5&#8243; _module_preset=&#8220;default&#8220; global_colors_info=&#8220;{}&#8220;][et_pb_text _builder_version=&#8220;4.27.5&#8243; _module_preset=&#8220;default&#8220; text_font_size=&#8220;18px&#8220; global_colors_info=&#8220;{}&#8220;]<\/p>\n<p><span>Der Freundeskreis M\u00fcnster-Lublin wurde am 30. November 1992 gegr\u00fcndet, auf den Tag genau ein Jahr nach Unterzeichnung der offiziellen Partnerschaftsurkunde durch die St\u00e4dte Lublin und M\u00fcnster.<\/span><\/p>\n<p>[\/et_pb_text][\/et_pb_column][et_pb_column type=&#8220;1_3&#8243; _builder_version=&#8220;4.27.5&#8243; _module_preset=&#8220;default&#8220; global_colors_info=&#8220;{}&#8220;][et_pb_text _builder_version=&#8220;4.27.5&#8243; _module_preset=&#8220;default&#8220; text_font_size=&#8220;18px&#8220; global_colors_info=&#8220;{}&#8220;]<\/p>\n<p><span>Die Leitlinie der St\u00e4dtepartnerschaft ist, selbstorganisierte Beziehungen von B\u00fcrgern beider St\u00e4dte in den Mittelpunkt der Partnerschaft zu stellen.<\/span><\/p>\n<p>[\/et_pb_text][\/et_pb_column][et_pb_column type=&#8220;1_3&#8243; _builder_version=&#8220;4.27.5&#8243; _module_preset=&#8220;default&#8220; global_colors_info=&#8220;{}&#8220;][et_pb_text _builder_version=&#8220;4.27.5&#8243; _module_preset=&#8220;default&#8220; text_font_size=&#8220;18px&#8220; custom_margin=&#8220;||-5px|||&#8220; global_colors_info=&#8220;{}&#8220;]<\/p>\n<p><b>Was wir machen<\/b><\/p>\n<ul>\n<li>B\u00fcrgerbegegnungen<\/li>\n<li>Diskussionsveranstaltungen<\/li>\n<li>Konzerte, Austellungen, Lesungen<\/li>\n<\/ul>\n<p>[\/et_pb_text][et_pb_button button_url=&#8220;https:\/\/www.muenster.org\/muenster-lublin\/ueber-uns\/&#8220; button_text=&#8220;Mehr erfahren&#8220; _builder_version=&#8220;4.27.5&#8243; _module_preset=&#8220;default&#8220; custom_button=&#8220;on&#8220; button_text_color=&#8220;#FFFFFF&#8220; button_bg_color=&#8220;#0C71C3&#8243; global_colors_info=&#8220;{}&#8220;][\/et_pb_button][\/et_pb_column][\/et_pb_row][et_pb_row _builder_version=&#8220;4.27.5&#8243; _module_preset=&#8220;default&#8220; custom_padding=&#8220;||0px|||&#8220; global_colors_info=&#8220;{}&#8220;][et_pb_column type=&#8220;4_4&#8243; _builder_version=&#8220;4.27.5&#8243; _module_preset=&#8220;default&#8220; global_colors_info=&#8220;{}&#8220;][et_pb_text _builder_version=&#8220;4.27.5&#8243; _module_preset=&#8220;default&#8220; text_font=&#8220;||on||||||&#8220; text_font_size=&#8220;20px&#8220; global_colors_info=&#8220;{}&#8220;]<\/p>\n<blockquote>\n<p><span>&#8222;Polen und Deutsche sollen nur dies f\u00fcreinander sein: ganz normale Menschen&#8220; &#8211; Prof. W\u0142adys\u0142aw Bartoszewski (ehemaliger Au\u00dfenminister Polens)<\/span><\/p>\n<\/blockquote>\n<p>[\/et_pb_text][\/et_pb_column][\/et_pb_row][\/et_pb_section][et_pb_section fb_built=&#8220;1&#8243; fullwidth=&#8220;on&#8220; _builder_version=&#8220;4.27.5&#8243; _module_preset=&#8220;default&#8220; global_colors_info=&#8220;{}&#8220;][et_pb_fullwidth_slider _builder_version=&#8220;4.27.5&#8243; _module_preset=&#8220;default&#8220; global_colors_info=&#8220;{}&#8220;][et_pb_slide button_text=&#8220;Wir unterst\u00fctzen die Ukraine&#8220; use_bg_overlay=&#8220;off&#8220; use_text_overlay=&#8220;off&#8220; _builder_version=&#8220;4.27.5&#8243; _module_preset=&#8220;default&#8220; header_font=&#8220;|600|||||||&#8220; background_image=&#8220;https:\/\/www.muenster.org\/muenster-lublin\/wp-content\/uploads\/2025\/12\/ukraine.jpg&#8220; background_enable_image=&#8220;on&#8220; custom_button=&#8220;on&#8220; button_text_size=&#8220;29px&#8220; button_text_color=&#8220;#FFFFFF&#8220; button_bg_color=&#8220;#0C71C3&#8243; button_border_color=&#8220;#0C71C3&#8243; button_icon_placement=&#8220;right&#8220; button_alignment=&#8220;left&#8220; global_colors_info=&#8220;{}&#8220; sticky_transition=&#8220;on&#8220;]<\/p>\n<p>&nbsp;<\/p>\n<p>&nbsp;<\/p>\n<p>&nbsp;<\/p>\n<p>&nbsp;<\/p>\n<p>&nbsp;<\/p>\n<p>&nbsp;<\/p>\n<p>&nbsp;<\/p>\n<p>[\/et_pb_slide][\/et_pb_fullwidth_slider][\/et_pb_section][et_pb_section fb_built=&#8220;1&#8243; _builder_version=&#8220;4.27.5&#8243; _module_preset=&#8220;default&#8220; global_colors_info=&#8220;{}&#8220;][et_pb_row _builder_version=&#8220;4.27.5&#8243; _module_preset=&#8220;default&#8220; global_colors_info=&#8220;{}&#8220;][et_pb_column type=&#8220;4_4&#8243; _builder_version=&#8220;4.27.5&#8243; _module_preset=&#8220;default&#8220; global_colors_info=&#8220;{}&#8220;][et_pb_text _builder_version=&#8220;4.27.5&#8243; _module_preset=&#8220;default&#8220; text_font_size=&#8220;20px&#8220; global_colors_info=&#8220;{}&#8220;]<\/p>\n<p>Liebe Mitglieder und Freunde des Freundeskreises, wir sind tief betroffen angesichts des v\u00f6lkerrechtswidrigen Angriffs auf die Ukraine und in Gedanken bei den Menschen in der Ukraine. Die Partnerstadt Lublin, gr\u00f6\u00dfte polnische Stadt nahe der Grenze zur Ukraine, ist als historische Br\u00fccke zwischen West und Ost intensiv mit der Ukraine verbunden. Zahlreiche Ukrainer leben in Lublin, Lublin pflegt mehrere Partnerschaften mit St\u00e4dten in der Ukraine und feiert j\u00e4hrlich ein gro\u00dfes ukrainisches Kulturfestival.<\/p>\n<p>Nun hilft Lublin auf jede Art und Weise mit politischer und humanit\u00e4rer Hilfe. Der Freundeskreis m\u00f6chte ein Zeichen der Verbundenheit setzen und das Lubliner Sozialkomitee f\u00fcr Hilfe f\u00fcr die Ukraine, das in Zusammenarbeit mit der Stadt Lublin und Nichtregierungsorganisationen gegr\u00fcndet wurde und sich um betroffene Menschen aus der Ukraine k\u00fcmmert, in Abstimmung mit der Stadt Lublin mit Geldspenden unterst\u00fctzen.<\/p>\n<p>Der Freundeskreis bittet daher auch um Spenden auf sein Konto bei der Sparkasse M\u00fcnsterland Ost<span>\u00a0<\/span><b>DE 44 4005 0150 0022 0041 05<\/b><span>\u00a0<\/span>unter Angabe des Verwendungszwecks &#8222;Lublin hilft Ukraine&#8220;. Bitte unterst\u00fctzen Sie den humanit\u00e4ren Einsatz unserer Partnerstadt Lublin f\u00fcr gefl\u00fcchtete Menschen aus der Ukraine mit einer Geldspende!<\/p>\n<p>[\/et_pb_text][\/et_pb_column][\/et_pb_row][\/et_pb_section][et_pb_section fb_built=&#8220;1&#8243; module_id=&#8220;Neuigkeiten&#8220; _builder_version=&#8220;4.27.5&#8243; _module_preset=&#8220;default&#8220; global_colors_info=&#8220;{}&#8220;][et_pb_row _builder_version=&#8220;4.27.5&#8243; _module_preset=&#8220;default&#8220; custom_padding=&#8220;20px|||||&#8220; global_colors_info=&#8220;{}&#8220;][et_pb_column type=&#8220;4_4&#8243; _builder_version=&#8220;4.27.5&#8243; _module_preset=&#8220;default&#8220; global_colors_info=&#8220;{}&#8220;][et_pb_text _builder_version=&#8220;4.27.5&#8243; _module_preset=&#8220;default&#8220; header_2_font=&#8220;|700|||||||&#8220; header_2_font_size=&#8220;34px&#8220; custom_margin=&#8220;||-29px|||&#8220; global_colors_info=&#8220;{}&#8220;]<\/p>\n<h2 class=\"news\" style=\"text-align: center;\">Neuigkeiten<\/h2>\n<p>[\/et_pb_text][\/et_pb_column][\/et_pb_row][et_pb_row _builder_version=&#8220;4.27.5&#8243; _module_preset=&#8220;default&#8220; max_width=&#8220;727px&#8220; min_height=&#8220;852px&#8220; height=&#8220;819px&#8220; max_height=&#8220;908px&#8220; global_colors_info=&#8220;{}&#8220;][et_pb_column type=&#8220;4_4&#8243; _builder_version=&#8220;4.27.5&#8243; _module_preset=&#8220;default&#8220; global_colors_info=&#8220;{}&#8220;][et_pb_post_slider show_meta=&#8220;off&#8220; use_text_overlay=&#8220;on&#8220; arrows_custom_color=&#8220;#FFFFFF&#8220; dot_nav_custom_color=&#8220;#FFFFFF&#8220; _builder_version=&#8220;4.27.5&#8243; _module_preset=&#8220;default&#8220; custom_margin=&#8220;-26px|||||&#8220; global_colors_info=&#8220;{}&#8220;][\/et_pb_post_slider][\/et_pb_column][\/et_pb_row][et_pb_row _builder_version=&#8220;4.27.5&#8243; _module_preset=&#8220;default&#8220; global_colors_info=&#8220;{}&#8220;][et_pb_column type=&#8220;4_4&#8243; _builder_version=&#8220;4.27.5&#8243; _module_preset=&#8220;default&#8220; global_colors_info=&#8220;{}&#8220;][et_pb_blog fullwidth=&#8220;off&#8220; include_categories=&#8220;all&#8220; show_more=&#8220;on&#8220; show_author=&#8220;off&#8220; show_categories=&#8220;off&#8220; _builder_version=&#8220;4.27.5&#8243; _module_preset=&#8220;default&#8220; global_colors_info=&#8220;{}&#8220;][\/et_pb_blog][\/et_pb_column][\/et_pb_row][\/et_pb_section]<\/p>\n","protected":false},"excerpt":{"rendered":"<p>Herzlich Willkommen Beim Freundeskreis M\u00fcnster-LublinHerzlich Willkommen Beim Freundeskreis M\u00fcnster-Lublin\u00dcber den FreundeskreisDer Freundeskreis M\u00fcnster-Lublin wurde am 30. November 1992 gegr\u00fcndet, auf den Tag genau ein Jahr nach Unterzeichnung der offiziellen Partnerschaftsurkunde [&hellip;]<\/p>\n","protected":false},"author":3,"featured_media":0,"parent":0,"menu_order":0,"comment_status":"closed","ping_status":"closed","template":"","meta":{"_et_pb_use_builder":"on","_et_pb_old_content":"","_et_gb_content_width":"","footnotes":""},"class_list":["post-231","page","type-page","status-publish","hentry"],"_links":{"self":[{"href":"https:\/\/www.muenster.org\/muenster-lublin\/wp-json\/wp\/v2\/pages\/231","targetHints":{"allow":["GET"]}}],"collection":[{"href":"https:\/\/www.muenster.org\/muenster-lublin\/wp-json\/wp\/v2\/pages"}],"about":[{"href":"https:\/\/www.muenster.org\/muenster-lublin\/wp-json\/wp\/v2\/types\/page"}],"author":[{"embeddable":true,"href":"https:\/\/www.muenster.org\/muenster-lublin\/wp-json\/wp\/v2\/users\/3"}],"replies":[{"embeddable":true,"href":"https:\/\/www.muenster.org\/muenster-lublin\/wp-json\/wp\/v2\/comments?post=231"}],"version-history":[{"count":25,"href":"https:\/\/www.muenster.org\/muenster-lublin\/wp-json\/wp\/v2\/pages\/231\/revisions"}],"predecessor-version":[{"id":860,"href":"https:\/\/www.muenster.org\/muenster-lublin\/wp-json\/wp\/v2\/pages\/231\/revisions\/860"}],"wp:attachment":[{"href":"https:\/\/www.muenster.org\/muenster-lublin\/wp-json\/wp\/v2\/media?parent=231"}],"curies":[{"name":"wp","href":"https:\/\/api.w.org\/{rel}","templated":true}]}}