{"id":6,"date":"2010-09-06T14:45:19","date_gmt":"2010-09-06T14:45:19","guid":{"rendered":"http:\/\/www.muenster.org\/msz\/?page_id=6"},"modified":"2026-03-17T17:56:01","modified_gmt":"2026-03-17T17:56:01","slug":"startseite","status":"publish","type":"page","link":"https:\/\/www.muenster.org\/msz\/","title":{"rendered":"Startseite"},"content":{"rendered":"<h1><\/h1>\n<h1><span style=\"color: #993300;\">M\u00fcnsters Senioren Zeitung<\/span> <span style=\"color: #001383;\">MSZ<\/span> ist ein Magazin von und f\u00fcr Senior(inn)en<\/h1>\n<h3 style=\"text-align: left;\">Kritisch, informativ und unterhaltsam spricht die MSZ seit 1981 vor allem die Interessen und Belange der \u00e4lteren Generation an.<\/h3>\n<p style=\"text-align: left;\">Die T\u00e4tigkeit der ehrenamtlich engagierten Redakteurinnen und Redakteure umfasst das ganze Spektrum der Herstellung einer Zeitung von der Themenfindung bis zum Layout. Fertig wird alle drei Monate ein Magazin in einer Auflage\u00a0 von 3000 St\u00fcck, auf das Seniorinnen und Senioren nicht nur in M\u00fcnster, sondern auch in der umliegenden Region warten.<\/p>\n<p style=\"text-align: left;\">Zu bekommen ist die MSZ au\u00dfer in der VHS an vielen anderen Stellen der Stadt, z.B. in der M\u00fcnster Information im Stadthaus, der Stadtb\u00fccherei und in allen Filialen der Sparkasse.<a href=\"https:\/\/www.muenster.org\/msz\/wp-content\/uploads\/2026\/03\/MSZ-1-2026-Titelbild.jpg\"><img loading=\"lazy\" decoding=\"async\" class=\"size-medium wp-image-1097 alignright\" src=\"https:\/\/www.muenster.org\/msz\/wp-content\/uploads\/2026\/03\/MSZ-1-2026-Titelbild-212x300.jpg\" alt=\"\" width=\"212\" height=\"300\" srcset=\"https:\/\/www.muenster.org\/msz\/wp-content\/uploads\/2026\/03\/MSZ-1-2026-Titelbild-212x300.jpg 212w, https:\/\/www.muenster.org\/msz\/wp-content\/uploads\/2026\/03\/MSZ-1-2026-Titelbild.jpg 600w\" sizes=\"auto, (max-width: 212px) 100vw, 212px\" \/><\/a><\/p>\n<p style=\"text-align: left;\">\u00dcber den unten stehenden Link findet man die MSZ als PDF Datei.<\/p>\n<p><a href=\"https:\/\/www.muenster.org\/msz\/wp-content\/uploads\/2026\/03\/MSZ-1-2026-online.pdf\"><span style=\"font-size: 14pt; color: #0000ff;\"><strong>MSZ 1-2026 online<\/strong><\/span><\/a><\/p>\n<p><a href=\"https:\/\/www.muenster.org\/msz\/?p=554\">\u00a0 \u00a0 &gt;&gt;&gt; Zum Inhaltsverzeichnis<\/a><\/p>\n<p><span style=\"color: #0000ff;\"><strong><span style=\"font-size: 14pt;\"><span style=\"color: #0000ff;\">MSZ<\/span> 4-2025 online<\/span><\/strong><\/span><\/p>\n<p><span style=\"color: #0000ff;\"><a style=\"color: #0000ff;\" href=\"https:\/\/www.muenster.org\/msz\/wp-content\/uploads\/2025\/09\/MSZ-3-2025-online.pdf\"><span style=\"font-size: 14pt;\"><strong>MSZ 3-2025 online<\/strong><\/span><\/a><\/span><\/p>\n<p><a href=\"https:\/\/www.muenster.org\/msz\/wp-content\/uploads\/2025\/06\/MSZ-2-2025-kor.pdf\"><span style=\"font-size: 14pt; color: #0000ff;\"><strong>MSZ 2-2025 online<\/strong><\/span><\/a><\/p>\n<p><a href=\"https:\/\/www.muenster.org\/msz\/wp-content\/uploads\/2025\/03\/MSZ-1-2025-online.pdf\"><span style=\"font-size: 14pt; color: #0000ff;\"><strong>MSZ 1-2025 online<\/strong><\/span><\/a><\/p>\n<p><a href=\"https:\/\/www.muenster.org\/msz\/wp-content\/uploads\/2024\/12\/MSZ-4-2024-online.pdf\"><span style=\"color: #0000ff;\"><strong><span style=\"font-size: 14pt;\">MSZ 4-2024 online<\/span><\/strong><\/span><\/a><\/p>\n<p><span style=\"font-size: 14pt;\"><a href=\"https:\/\/www.muenster.org\/msz\/wp-content\/uploads\/2024\/09\/MSZ-3-2024-online.pdf\"><strong><span style=\"color: #0000ff;\">MSZ 3-2024 online<\/span><\/strong><\/a><\/span><\/p>\n<p><a href=\"https:\/\/www.muenster.org\/msz\/wp-content\/uploads\/2024\/06\/MSZ-2-2024-online.pdf\"><span style=\"font-size: 14pt; color: #3366ff;\"><strong><span style=\"color: #0000ff;\">MSZ 2-2024 online<\/span><\/strong><\/span><\/a><\/p>\n<p><a href=\"https:\/\/www.muenster.org\/msz\/wp-content\/uploads\/2024\/03\/MSZ-1-2024-online.pdf\"><span style=\"font-size: 14pt; color: #0000ff;\"><strong>MSZ 1-2024 online<\/strong><\/span><\/a><\/p>\n<p><a href=\"https:\/\/www.muenster.org\/msz\/wp-content\/uploads\/2023\/12\/MSZ-4-2023-online.pdf\"><span style=\"color: #0000ff;\"><strong><span style=\"font-size: 14pt;\">MSZ 4-2023 online<\/span><\/strong><\/span><\/a><\/p>\n<p><a href=\"https:\/\/www.muenster.org\/msz\/wp-content\/uploads\/2023\/09\/MSZ-3-2023-online-.pdf\"><span style=\"color: #0000ff;\"><strong><span style=\"font-size: 14pt;\">MSZ 3-2023 online<\/span><\/strong><\/span><\/a><\/p>\n<p><a href=\"https:\/\/www.muenster.org\/msz\/wp-content\/uploads\/2023\/06\/MSZ-2-2023-online.pdf\"><span style=\"font-size: 14pt;\"><strong><span style=\"color: #0000ff;\">MSZ 2-2023 online<\/span><\/strong><\/span><\/a><\/p>\n<p><span style=\"color: #0000ff;\"><a style=\"color: #0000ff;\" href=\"https:\/\/www.muenster.org\/msz\/wp-content\/uploads\/2023\/03\/MSZ-1-2023-online.pdf\"><strong><span style=\"font-size: 14pt;\">MSZ 1-2023 online<\/span><\/strong><\/a><\/span><\/p>\n<p><span style=\"font-size: 14pt;\"><a href=\"https:\/\/www.muenster.org\/msz\/wp-content\/uploads\/2022\/12\/MSZ-4-2022-online.pdf\"><span style=\"color: #0000ff;\"><strong>MSZ 4-2022 online<\/strong><\/span><\/a><\/span><\/p>\n<p><a href=\"https:\/\/www.muenster.org\/msz\/wp-content\/uploads\/2022\/09\/MSZ-3-2022-online.pdf\"><span style=\"font-size: 14pt; color: #0000ff;\"><strong>MSZ 3-2022 online<\/strong><\/span><\/a><\/p>\n<p><a href=\"https:\/\/www.muenster.org\/msz\/wp-content\/uploads\/2022\/06\/MSZ-2-2022-online-neu.pdf\"><span style=\"font-size: 14pt;\"><strong><span style=\"color: #0000ff;\">MSZ 2 &#8211; 2022 online <\/span><\/strong><\/span><\/a><\/p>\n<p><a href=\"https:\/\/www.muenster.org\/msz\/wp-content\/uploads\/2022\/03\/MSZ-1-2022-online.pdf\"><strong><span style=\"font-size: 14pt;\"><span style=\"color: #0000ff;\">MSZ 1 &#8211; 2022 online <\/span><\/span><\/strong><\/a><\/p>\n<p style=\"text-align: left;\"><span style=\"font-size: 14pt; color: #0000ff;\"><a style=\"color: #0000ff;\" href=\"https:\/\/www.muenster.org\/msz\/wp-content\/uploads\/2021\/02\/MSZ-4-2020-online.pdf\"><strong>MSZ 4 &#8211; 2020 online<\/strong><\/a><\/span><\/p>\n<p style=\"text-align: left;\"><a href=\"https:\/\/www.muenster.org\/msz\/wp-content\/uploads\/2021\/03\/MSZ-1-2021-online.pdf\"><strong><span style=\"font-size: 14pt;\"><span style=\"color: #0000ff;\">MSZ 1 &#8211; 2021 online<\/span><\/span><\/strong><\/a><\/p>\n<p><strong><span style=\"font-size: 18pt;\"><a href=\"https:\/\/www.muenster.org\/msz\/wp-content\/uploads\/2021\/06\/MSZ-2-2021-online.pdf\"><span style=\"font-size: 14pt;\"><span style=\"color: #0000ff;\">MSZ 2 &#8211; 2021 online<\/span><\/span><\/a><\/span><\/strong><\/p>\n<p style=\"text-align: left;\"><span style=\"font-size: 14pt;\"><a href=\"https:\/\/www.muenster.org\/msz\/wp-content\/uploads\/2021\/09\/MSZ-3-2021-online.pdf\"><strong><span style=\"color: #0000ff;\">MSZ 3 &#8211; 2021 online<\/span><\/strong><\/a><\/span><\/p>\n<p style=\"text-align: left;\"><span style=\"font-size: 14pt;\"><span style=\"color: #0000ff;\"><a href=\"https:\/\/www.muenster.org\/msz\/wp-content\/uploads\/2021\/12\/MSZ-4-2021-online.pdf\"><span style=\"color: #0000ff;\"><strong>MSZ 4 &#8211; 2021 online<\/strong><\/span><\/a><strong> \u00a0\u00a0\u00a0\u00a0\u00a0\u00a0\u00a0\u00a0\u00a0\u00a0\u00a0\u00a0\u00a0\u00a0\u00a0\u00a0\u00a0\u00a0\u00a0\u00a0\u00a0\u00a0\u00a0\u00a0\u00a0\u00a0\u00a0\u00a0\u00a0\u00a0\u00a0\u00a0\u00a0\u00a0\u00a0\u00a0\u00a0\u00a0\u00a0\u00a0\u00a0\u00a0\u00a0\u00a0\u00a0\u00a0\u00a0\u00a0\u00a0\u00a0\u00a0\u00a0\u00a0\u00a0\u00a0\u00a0\u00a0\u00a0\u00a0\u00a0\u00a0\u00a0\u00a0\u00a0\u00a0\u00a0\u00a0\u00a0\u00a0\u00a0\u00a0\u00a0\u00a0\u00a0\u00a0\u00a0\u00a0\u00a0\u00a0\u00a0\u00a0\u00a0\u00a0\u00a0\u00a0\u00a0\u00a0\u00a0\u00a0\u00a0\u00a0\u00a0\u00a0\u00a0\u00a0\u00a0\u00a0\u00a0\u00a0\u00a0\u00a0\u00a0\u00a0\u00a0\u00a0\u00a0\u00a0\u00a0\u00a0\u00a0\u00a0\u00a0\u00a0\u00a0\u00a0\u00a0\u00a0\u00a0\u00a0\u00a0 <\/strong><\/span><\/span><\/p>\n","protected":false},"excerpt":{"rendered":"<p>M\u00fcnsters Senioren Zeitung MSZ ist ein Magazin von und f\u00fcr Senior(inn)en Kritisch, informativ und unterhaltsam spricht die MSZ seit 1981 vor allem die Interessen und Belange der \u00e4lteren Generation an. Die T\u00e4tigkeit der ehrenamtlich engagierten Redakteurinnen und Redakteure umfasst das ganze Spektrum der Herstellung einer Zeitung von der Themenfindung bis zum Layout. Fertig wird alle [&hellip;]<\/p>\n","protected":false},"author":1,"featured_media":0,"parent":0,"menu_order":1,"comment_status":"closed","ping_status":"open","template":"","meta":{"footnotes":""},"class_list":["post-6","page","type-page","status-publish","hentry"],"_links":{"self":[{"href":"https:\/\/www.muenster.org\/msz\/index.php?rest_route=\/wp\/v2\/pages\/6","targetHints":{"allow":["GET"]}}],"collection":[{"href":"https:\/\/www.muenster.org\/msz\/index.php?rest_route=\/wp\/v2\/pages"}],"about":[{"href":"https:\/\/www.muenster.org\/msz\/index.php?rest_route=\/wp\/v2\/types\/page"}],"author":[{"embeddable":true,"href":"https:\/\/www.muenster.org\/msz\/index.php?rest_route=\/wp\/v2\/users\/1"}],"replies":[{"embeddable":true,"href":"https:\/\/www.muenster.org\/msz\/index.php?rest_route=%2Fwp%2Fv2%2Fcomments&post=6"}],"version-history":[{"count":220,"href":"https:\/\/www.muenster.org\/msz\/index.php?rest_route=\/wp\/v2\/pages\/6\/revisions"}],"predecessor-version":[{"id":1102,"href":"https:\/\/www.muenster.org\/msz\/index.php?rest_route=\/wp\/v2\/pages\/6\/revisions\/1102"}],"wp:attachment":[{"href":"https:\/\/www.muenster.org\/msz\/index.php?rest_route=%2Fwp%2Fv2%2Fmedia&parent=6"}],"curies":[{"name":"wp","href":"https:\/\/api.w.org\/{rel}","templated":true}]}}