{"id":55,"date":"2010-09-07T18:40:15","date_gmt":"2010-09-07T18:40:15","guid":{"rendered":"http:\/\/www.muenster.org\/msz\/?page_id=55"},"modified":"2025-12-13T18:01:59","modified_gmt":"2025-12-13T18:01:59","slug":"impressum","status":"publish","type":"page","link":"https:\/\/www.muenster.org\/msz\/?page_id=55","title":{"rendered":"Impressum"},"content":{"rendered":"<h1>Impressum<\/h1>\n<p style=\"text-align: left;\">Die MSZ &#8211; M\u00fcnsters Senioren Zeitung \u00adwird herausgegeben von der Volkshochschule der Stadt M\u00fcnster, Seniorenredaktion, Aegidiistra\u00dfe 70, 48143 M\u00fcnster<\/p>\n<p style=\"text-align: left;\"><strong>Verantwortlich:<\/strong><\/p>\n<p style=\"text-align: left;\">Esther Joy Dohnen, Direktorin der Volkshochschule der Stadt M\u00fcnster und Christine Bertels<\/p>\n<p style=\"text-align: left;\">Verantwortlich f\u00fcr die MSZ-Website: Hildegard Schulte<\/p>\n<p style=\"text-align: left;\"><strong>Vertrieb:<\/strong><\/p>\n<p style=\"text-align: left;\">Volkshochschule der Stadt M\u00fcnster<\/p>\n<p style=\"text-align: left;\"><strong>Erscheinungsweise:<\/strong><\/p>\n<p style=\"text-align: left;\">Viertelj\u00e4hrlich. Nachdruck nur mit Genehmigung der Redaktion<\/p>\n<p style=\"text-align: left;\">Die MSZ ist kostenlos erh\u00e4ltlich im VHS-Info-Treff, in der M\u00fcnster Information im Stadthaus 1, in der Stadtb\u00fccherei, im Amt f\u00fcr Stadt- und Regionalentwicklung, in allen Filialen der Sparkasse, in den Bezirksverwaltungen Handorf, Hiltrup, Mitte, Nord, West, S\u00fcdost und im B\u00fcrgerhaus Kinderhaus, sowie im Infopunkt-Hiltrup<\/p>\n<p style=\"text-align: left;\"><strong>Redaktionsleitung:<\/strong><\/p>\n<p style=\"text-align: left;\">Hildegard Schulte, Tel. 0251\/31 58 61<\/p>\n<p>Gabriele Neuhaus, Tel. 0160\/7546528<\/p>\n<p style=\"text-align: left;\">E-Mail: <a href=\"mailto:MSZ.VHS@web.de\">msz.vhs@web.de<\/a><\/p>\n<h2 style=\"text-align: left;\"><span style=\"font-size: 12pt;\">Redaktionsmitglieder:<\/span><\/h2>\n<p style=\"text-align: left;\">Marion Gitzel, Gabriele Neuhaus, Dr. Regine Prunzel, Eva Schmidtke, Hildegard Schulte<\/p>\n<p><strong>Gastautoren:<br \/>\n<\/strong><\/p>\n<p>B\u00e4rbel Elstrodt, Adalbert Pollerberg, Josef Scheller<\/p>\n<p style=\"text-align: left;\"><strong>Anzeigen:<\/strong><\/p>\n<p style=\"text-align: left;\">Volkshochschule der Stadt M\u00fcnster<\/p>\n<p style=\"text-align: left;\">Ansprechpartner:<\/p>\n<p style=\"text-align: left;\">Adalbert Pollerberg, Tel. 0177\/2913650, E-Mail: a.pollerberg@ed-t.de<\/p>\n<p style=\"text-align: left;\"><strong>Layout:<\/strong><\/p>\n<p style=\"text-align: left;\">Adalbert Pollerberg, Droste-H\u00fclshoff-Stra\u00dfe 1, 45721 Haltern am See<\/p>\n<p style=\"text-align: left;\"><strong>Druck:<\/strong><\/p>\n<p style=\"text-align: left;\">Joh. Burlage Offsetdruck, Fotosatz, Reprotechnik Mesenstiege 151, 48165 M\u00fcnster, Tel. 0251 \/ 9862180<\/p>\n<p style=\"text-align: left;\">Verwertung von Texten und Bildern der Internetseiten nur mit Genehmigung der Redaktion.<\/p>\n<p style=\"text-align: left;\"><strong>Haftungsausschluss:<\/strong><\/p>\n<p style=\"text-align: left;\">Die bereitgestellten Informationen auf dieser Website wurden sorgf\u00e4ltig gepr\u00fcft und werden regelm\u00e4\u00dfig aktualisiert. Jedoch kann keine Garantie daf\u00fcr \u00fcbernommen werden, dass alle Angaben\u00a0 jederzeit vollst\u00e4ndig, richtig und in letzter Aktualit\u00e4t dargestellt sind. Dies gilt insbesondere f\u00fcr alle Verkn\u00fcpfungen (\u201cLinks\u201d) zu\u00a0 anderen Websites, auf die direkt oder indirekt verwiesen wird. Wir haben keinen Einfluss auf die Inhalte \u00a0anderer Internetangebote.<\/p>\n<p style=\"text-align: left;\">Diese Website entstand gem\u00e4\u00df \u00a7 6 TDG (Teledienstgesetz).<\/p>\n<h3 style=\"text-align: left;\">Quellennachweise:<\/h3>\n<p style=\"text-align: left;\">Kopfgrafik (Prinzipalmarkt) &#8211; Foto: Presseamt M\u00fcnster<\/p>\n","protected":false},"excerpt":{"rendered":"<p>Impressum Die MSZ &#8211; M\u00fcnsters Senioren Zeitung \u00adwird herausgegeben von der Volkshochschule der Stadt M\u00fcnster, Seniorenredaktion, Aegidiistra\u00dfe 70, 48143 M\u00fcnster Verantwortlich: Esther Joy Dohnen, Direktorin der Volkshochschule der Stadt M\u00fcnster und Christine Bertels Verantwortlich f\u00fcr die MSZ-Website: Hildegard Schulte Vertrieb: Volkshochschule der Stadt M\u00fcnster Erscheinungsweise: Viertelj\u00e4hrlich. Nachdruck nur mit Genehmigung der Redaktion Die MSZ ist [&hellip;]<\/p>\n","protected":false},"author":2,"featured_media":0,"parent":6,"menu_order":0,"comment_status":"closed","ping_status":"open","template":"","meta":{"footnotes":""},"class_list":["post-55","page","type-page","status-publish","hentry"],"_links":{"self":[{"href":"https:\/\/www.muenster.org\/msz\/index.php?rest_route=\/wp\/v2\/pages\/55","targetHints":{"allow":["GET"]}}],"collection":[{"href":"https:\/\/www.muenster.org\/msz\/index.php?rest_route=\/wp\/v2\/pages"}],"about":[{"href":"https:\/\/www.muenster.org\/msz\/index.php?rest_route=\/wp\/v2\/types\/page"}],"author":[{"embeddable":true,"href":"https:\/\/www.muenster.org\/msz\/index.php?rest_route=\/wp\/v2\/users\/2"}],"replies":[{"embeddable":true,"href":"https:\/\/www.muenster.org\/msz\/index.php?rest_route=%2Fwp%2Fv2%2Fcomments&post=55"}],"version-history":[{"count":33,"href":"https:\/\/www.muenster.org\/msz\/index.php?rest_route=\/wp\/v2\/pages\/55\/revisions"}],"predecessor-version":[{"id":1094,"href":"https:\/\/www.muenster.org\/msz\/index.php?rest_route=\/wp\/v2\/pages\/55\/revisions\/1094"}],"up":[{"embeddable":true,"href":"https:\/\/www.muenster.org\/msz\/index.php?rest_route=\/wp\/v2\/pages\/6"}],"wp:attachment":[{"href":"https:\/\/www.muenster.org\/msz\/index.php?rest_route=%2Fwp%2Fv2%2Fmedia&parent=55"}],"curies":[{"name":"wp","href":"https:\/\/api.w.org\/{rel}","templated":true}]}}