{"id":53,"date":"2010-09-07T18:39:42","date_gmt":"2010-09-07T18:39:42","guid":{"rendered":"http:\/\/www.muenster.org\/msz\/?page_id=53"},"modified":"2025-12-13T17:58:14","modified_gmt":"2025-12-13T17:58:14","slug":"kontakt","status":"publish","type":"page","link":"https:\/\/www.muenster.org\/msz\/?page_id=53","title":{"rendered":"Kontakt"},"content":{"rendered":"<p><span style=\"font-size: medium;\">Volkshochschule M\u00fcnster<\/span><\/p>\n<p><span style=\"font-size: medium;\">Seniorenredaktion<\/span><\/p>\n<p><span style=\"font-size: medium;\">Aegidiistra\u00dfe 70<\/span><\/p>\n<p><span style=\"font-size: medium;\">48143 M\u00fcnster<br \/>\n<\/span><\/p>\n<p><span style=\"font-size: medium;\">E-Mail Adresse: <a href=\"mailto:msz.vhs@web.de\">msz.vhs@web.de<\/a><\/span><\/p>\n","protected":false},"excerpt":{"rendered":"<p>Volkshochschule M\u00fcnster Seniorenredaktion Aegidiistra\u00dfe 70 48143 M\u00fcnster E-Mail Adresse: msz.vhs@web.de<\/p>\n","protected":false},"author":2,"featured_media":0,"parent":0,"menu_order":3,"comment_status":"closed","ping_status":"open","template":"","meta":{"footnotes":""},"class_list":["post-53","page","type-page","status-publish","hentry"],"_links":{"self":[{"href":"https:\/\/www.muenster.org\/msz\/index.php?rest_route=\/wp\/v2\/pages\/53","targetHints":{"allow":["GET"]}}],"collection":[{"href":"https:\/\/www.muenster.org\/msz\/index.php?rest_route=\/wp\/v2\/pages"}],"about":[{"href":"https:\/\/www.muenster.org\/msz\/index.php?rest_route=\/wp\/v2\/types\/page"}],"author":[{"embeddable":true,"href":"https:\/\/www.muenster.org\/msz\/index.php?rest_route=\/wp\/v2\/users\/2"}],"replies":[{"embeddable":true,"href":"https:\/\/www.muenster.org\/msz\/index.php?rest_route=%2Fwp%2Fv2%2Fcomments&post=53"}],"version-history":[{"count":9,"href":"https:\/\/www.muenster.org\/msz\/index.php?rest_route=\/wp\/v2\/pages\/53\/revisions"}],"predecessor-version":[{"id":1093,"href":"https:\/\/www.muenster.org\/msz\/index.php?rest_route=\/wp\/v2\/pages\/53\/revisions\/1093"}],"wp:attachment":[{"href":"https:\/\/www.muenster.org\/msz\/index.php?rest_route=%2Fwp%2Fv2%2Fmedia&parent=53"}],"curies":[{"name":"wp","href":"https:\/\/api.w.org\/{rel}","templated":true}]}}