{"id":20,"date":"2021-09-10T16:02:14","date_gmt":"2021-09-10T14:02:14","guid":{"rendered":"https:\/\/www.muenster.org\/mandala\/?page_id=20"},"modified":"2022-11-25T09:35:52","modified_gmt":"2022-11-25T08:35:52","slug":"pfarrei-liebfrauen-ueberwasser","status":"publish","type":"page","link":"https:\/\/www.muenster.org\/mandala\/pfarrei-liebfrauen-ueberwasser","title":{"rendered":"M\u00fcnster \/ Vijayawada"},"content":{"rendered":"\n<h2><\/h2>\n\n\n\n<figure class=\"wp-block-image size-large\"><img fetchpriority=\"high\" width=\"1024\" height=\"286\" src=\"https:\/\/www.muenster.org\/mandala\/wp-content\/uploads\/2022\/11\/Neues_Logo_Pfarrei-1024x286.jpg\" alt=\"\" class=\"wp-image-473\" srcset=\"https:\/\/www.muenster.org\/mandala\/wp-content\/uploads\/2022\/11\/Neues_Logo_Pfarrei-1024x286.jpg 1024w, https:\/\/www.muenster.org\/mandala\/wp-content\/uploads\/2022\/11\/Neues_Logo_Pfarrei-300x84.jpg 300w, https:\/\/www.muenster.org\/mandala\/wp-content\/uploads\/2022\/11\/Neues_Logo_Pfarrei-768x215.jpg 768w, https:\/\/www.muenster.org\/mandala\/wp-content\/uploads\/2022\/11\/Neues_Logo_Pfarrei-1536x430.jpg 1536w, https:\/\/www.muenster.org\/mandala\/wp-content\/uploads\/2022\/11\/Neues_Logo_Pfarrei-2048x573.jpg 2048w\" sizes=\"(max-width: 1024px) 100vw, 1024px\" \/><\/figure>\n\n\n\n<p>Die katholische Pfarrei Liebfrauen-\u00dcberwasser in M\u00fcnster im Bistum M\u00fcnster besteht seit der Fusion im Jahr 2014 aus den ehemaligen Kirchengemeinden Liebfrauen-\u00dcberwasser in der Innenstadt, St. Michael in Gievenbeck, St. Theresia im Stadtteil Sentrup und St. Sebastian in Nienberge. <br>An allen vier Kircht\u00fcrmen haben sich unterschiedliche Spendenprojekte entwickelt. <\/p>\n\n\n\n<p>An der \u00dcberwasserkirche in M\u00fcnster&#8217;s Innenstadt entstand Ende 2018 in einem Team aus Mitarbeiter*innen und dem indischen Pfarrer Veilankanni Raja Mandala die Idee, Schulen in seiner Heimatstadt Vijayawada zu unterst\u00fctzen.<\/p>\n\n\n\n<p><\/p>\n\n\n\n<p>Weitere Infos zur Pfarrei-Liebfrauen-\u00dcberwasser finden Sie auf der <a rel=\"noreferrer noopener\" href=\"https:\/\/www.liebfrauen-muenster.de\/\" target=\"_blank\">Webseite der Pfarrei: www.liebfrauen-muenster.de<\/a>.<\/p>\n\n\n\n<p><\/p>\n\n\n\n<h2><strong>Pfarrei St. Peter in Vijayawada im Bistum Vijayawada<\/strong><\/h2>\n\n\n\n<p>Bischof Most Rev. Thelagathoiti Joseph Raja Rao, SMM ist Bischof des Bistums Vijayawada. Hier leben ca. 350.000 Katholiken (ca. 5,6% der Gesamtbev\u00f6lkerung) in 1.120 D\u00f6rfern weit voneinander entfernt. Es gibt 103 Pfarreien. Pfarrer Mandala betreute u.a. auch die Pfarrei St. Peter bevor er nach Deutschland kam. Insgesamt 276 Priester k\u00fcmmern sich um Seelsorge und die sozialen Entwicklungsprogramme der Di\u00f6zese \u2013 oft auch um Bed\u00fcrftige anderer Religionen.<\/p>\n\n\n\n<p>36,5 % der Bev\u00f6lkerung sind in der Lage zu lesen und zu schreiben.<\/p>\n\n\n\n<p>Gro\u00dfe Teile der Bev\u00f6lkerung, darunter die Christen, sind sehr arm und arbeiten als Tagel\u00f6hner auf den Feldern. Ihr Tagesverdienst betr\u00e4gt 60 \u2013 80 Rupien, dies entspricht ca. 1 \u20ac pro Tag. Zum Vergleich: 1 kg Reis kostet ca. 50 Rupien.<\/p>\n","protected":false},"excerpt":{"rendered":"<p>Die katholische Pfarrei Liebfrauen-\u00dcberwasser in M\u00fcnster im Bistum M\u00fcnster besteht seit der Fusion im Jahr 2014 aus den ehemaligen Kirchengemeinden Liebfrauen-\u00dcberwasser in der Innenstadt, St. Michael in Gievenbeck, St. Theresia im Stadtteil Sentrup und St. Sebastian in Nienberge. An allen vier Kircht\u00fcrmen haben sich unterschiedliche Spendenprojekte entwickelt. An der \u00dcberwasserkirche in M\u00fcnster&#8217;s Innenstadt entstand Ende &hellip; <\/p>\n","protected":false},"author":2,"featured_media":0,"parent":0,"menu_order":0,"comment_status":"closed","ping_status":"closed","template":"","meta":[],"_links":{"self":[{"href":"https:\/\/www.muenster.org\/mandala\/wp-json\/wp\/v2\/pages\/20"}],"collection":[{"href":"https:\/\/www.muenster.org\/mandala\/wp-json\/wp\/v2\/pages"}],"about":[{"href":"https:\/\/www.muenster.org\/mandala\/wp-json\/wp\/v2\/types\/page"}],"author":[{"embeddable":true,"href":"https:\/\/www.muenster.org\/mandala\/wp-json\/wp\/v2\/users\/2"}],"replies":[{"embeddable":true,"href":"https:\/\/www.muenster.org\/mandala\/wp-json\/wp\/v2\/comments?post=20"}],"version-history":[{"count":20,"href":"https:\/\/www.muenster.org\/mandala\/wp-json\/wp\/v2\/pages\/20\/revisions"}],"predecessor-version":[{"id":478,"href":"https:\/\/www.muenster.org\/mandala\/wp-json\/wp\/v2\/pages\/20\/revisions\/478"}],"wp:attachment":[{"href":"https:\/\/www.muenster.org\/mandala\/wp-json\/wp\/v2\/media?parent=20"}],"curies":[{"name":"wp","href":"https:\/\/api.w.org\/{rel}","templated":true}]}}