{"id":191,"date":"2022-01-29T17:26:28","date_gmt":"2022-01-29T16:26:28","guid":{"rendered":"https:\/\/www.muenster.org\/mandala\/?page_id=191"},"modified":"2022-12-05T16:07:35","modified_gmt":"2022-12-05T15:07:35","slug":"start","status":"publish","type":"page","link":"https:\/\/www.muenster.org\/mandala\/start","title":{"rendered":"Hoffnungsprojekte"},"content":{"rendered":"\n<p><\/p>\n\n\n\n<h2>St. Peter&#8217;s school in Vijayawada<\/h2>\n\n\n\n<figure class=\"wp-block-image size-large is-resized is-style-default\"><img fetchpriority=\"high\" src=\"https:\/\/www.muenster.org\/mandala\/wp-content\/uploads\/2022\/01\/start-1024x768.jpg\" alt=\"Auf dem Schulhof der St. Peter's school in Vijayawada\" class=\"wp-image-207\" width=\"1024\" height=\"768\" srcset=\"https:\/\/www.muenster.org\/mandala\/wp-content\/uploads\/2022\/01\/start-1024x768.jpg 1024w, https:\/\/www.muenster.org\/mandala\/wp-content\/uploads\/2022\/01\/start-300x225.jpg 300w, https:\/\/www.muenster.org\/mandala\/wp-content\/uploads\/2022\/01\/start-768x576.jpg 768w, https:\/\/www.muenster.org\/mandala\/wp-content\/uploads\/2022\/01\/start.jpg 1386w\" sizes=\"(max-width: 1024px) 100vw, 1024px\" \/><\/figure>\n\n\n\n<p>Ziel unseres Projektes ist es, Kindern im Bistum Vijyayawada, in der Pfarrei St. Peter durch Bildung zu helfen. Hierbei unterst\u00fctzen wir insbesondere die St. Peter&#8217;s School. <\/p>\n\n\n\n<p>Gezielt k\u00f6nnen Sie auch einzelnen Sch\u00fclerinnen und Sch\u00fclern durch eine pers\u00f6nliche Patenschaft eine Schulausbildung erm\u00f6glichen. Mit Ihrer Patenschaft schaffen Sie eine zukunftssichere Basis f\u00fcr junger Menschen und ihre Familien.<\/p>\n\n\n\n<p>Pfarrer Veilankanni Raja Mandala ist seit 2015 in der Pfarrei Liebfrauen-\u00dcberwasser als Seelsorger t\u00e4tig und hat mit der Kirchengemeinde ein Hilfsprojekt f\u00fcr Kinder in seiner indischen Heimat ins Leben gerufen.<\/p>\n\n\n\n<p>Das Bistum Vijayawada k\u00e4mpft mit knappen finanziellen Mitteln gegen die herrschende Armut. Besonders betroffen sind vor allem die Kinder. Sie wohnen oft zu weit von einer Schule entfernt und schulische Bildung wird von vielen Erwachsenen als nicht notwendig erachtet, weil sie selbst nie eine Schule besucht haben. In den Familien ist viel \u00dcberzeugungsarbeit zu leisten, da w\u00e4hrend der Schulzeit die Kinder nicht auf den Feldern mitarbeiten k\u00f6nnen.<\/p>\n\n\n\n<p><\/p>\n","protected":false},"excerpt":{"rendered":"<p>St. Peter&#8217;s school in Vijayawada Ziel unseres Projektes ist es, Kindern im Bistum Vijyayawada, in der Pfarrei St. Peter durch Bildung zu helfen. Hierbei unterst\u00fctzen wir insbesondere die St. Peter&#8217;s School. Gezielt k\u00f6nnen Sie auch einzelnen Sch\u00fclerinnen und Sch\u00fclern durch eine pers\u00f6nliche Patenschaft eine Schulausbildung erm\u00f6glichen. Mit Ihrer Patenschaft schaffen Sie eine zukunftssichere Basis f\u00fcr &hellip; <\/p>\n","protected":false},"author":2,"featured_media":0,"parent":0,"menu_order":0,"comment_status":"closed","ping_status":"closed","template":"","meta":[],"_links":{"self":[{"href":"https:\/\/www.muenster.org\/mandala\/wp-json\/wp\/v2\/pages\/191"}],"collection":[{"href":"https:\/\/www.muenster.org\/mandala\/wp-json\/wp\/v2\/pages"}],"about":[{"href":"https:\/\/www.muenster.org\/mandala\/wp-json\/wp\/v2\/types\/page"}],"author":[{"embeddable":true,"href":"https:\/\/www.muenster.org\/mandala\/wp-json\/wp\/v2\/users\/2"}],"replies":[{"embeddable":true,"href":"https:\/\/www.muenster.org\/mandala\/wp-json\/wp\/v2\/comments?post=191"}],"version-history":[{"count":30,"href":"https:\/\/www.muenster.org\/mandala\/wp-json\/wp\/v2\/pages\/191\/revisions"}],"predecessor-version":[{"id":481,"href":"https:\/\/www.muenster.org\/mandala\/wp-json\/wp\/v2\/pages\/191\/revisions\/481"}],"wp:attachment":[{"href":"https:\/\/www.muenster.org\/mandala\/wp-json\/wp\/v2\/media?parent=191"}],"curies":[{"name":"wp","href":"https:\/\/api.w.org\/{rel}","templated":true}]}}