{"id":19,"date":"2021-09-10T16:02:14","date_gmt":"2021-09-10T14:02:14","guid":{"rendered":"https:\/\/www.muenster.org\/mandala\/?page_id=19"},"modified":"2022-02-13T14:17:50","modified_gmt":"2022-02-13T13:17:50","slug":"pfarrer-mandala","status":"publish","type":"page","link":"https:\/\/www.muenster.org\/mandala\/pfarrer-mandala","title":{"rendered":"Pfarrer Mandala"},"content":{"rendered":"\n<p>Mein Name ist Veilankanni Raja Mandala, geboren1977 in der Stadt Vijayawada, Bundesland Andrah Pradesh, S\u00fcdindien. Mein Zwillingsbruder starb ein paar Tage nach der Geburt an einer schweren Krankheit. Ich habe noch eine Schwester und einen Bruder, er lebt mit seiner Frau im Haus meiner Mutter. Mein Vater verstarb im Jahr 2005, zwei Jahre nach meiner Priesterweihe.<\/p>\n\n\n\n<div class=\"wp-block-image is-style-default\"><figure class=\"alignright size-full\"><img fetchpriority=\"high\" width=\"376\" height=\"477\" src=\"https:\/\/www.muenster.org\/mandala\/wp-content\/uploads\/2022\/02\/Raja.jpg\" alt=\"\" class=\"wp-image-243\" srcset=\"https:\/\/www.muenster.org\/mandala\/wp-content\/uploads\/2022\/02\/Raja.jpg 376w, https:\/\/www.muenster.org\/mandala\/wp-content\/uploads\/2022\/02\/Raja-236x300.jpg 236w\" sizes=\"(max-width: 376px) 100vw, 376px\" \/><\/figure><\/div>\n\n\n\n<p>Mein Rufname ist Raja. Oft werde ich gefragt, was bedeutet \u201eVeilankanni\u201c, daher hierzu eine kurze Erkl\u00e4rung. Meine Eltern stellten aus tiefer Dankbarkeit \u00fcber meine Geburt und wieder erlangte Gesundheit mein Leben unter den besonderen Schutz der Muttergottes von Veilankanni \u201eUnserer Lieben Frau von der Gesundheit\u201c. Im Wallfahrtsort Veilankanni im s\u00fcdindischen Bundesstaat Tamil Nadu findet die Muttergottes eine gro\u00dfe Verehrung. Veilankanni wird auch das \u201eLourdes des Ostens\u201c genannt.<\/p>\n\n\n\n<p>Schon fr\u00fch deutete es sich an, wohin mein beruflicher Weg mich f\u00fchren w\u00fcrde. Mit 14 Jahren wechselte ich die Schule und zog in ein Knaben-Priesterseminar, denn ich wollte Priester werden.<\/p>\n\n\n\n<p>Nach meinem Abitur im Jahr 1991 studierte ich Philosophie und Theologie.<\/p>\n\n\n\n<p>Am 22.04.2003 empfing ich im St. Paulus Dom in Vijayawa die Priesterweihe. Mein seelsorgerisches Wirken begann im Bistum Vijayawada in verschiedenen Pfarreien. Ab 2005 dann als Leitender Pfarrer f\u00fcr 4 Pfarreien.<\/p>\n\n\n\n<p>Im Jahr 2013 bis Juni 2014 war es mir m\u00f6glich im Rahmen eines Stipendiums an der Universit\u00e4t in Klagenfurt, \u00d6sterreich einen Sprachkursus \u201eDeutsch\u201c zu belegen.<\/p>\n\n\n\n<p>Juli 2014 begann meine seelsorgerische T\u00e4tigkeit im Bistum M\u00fcnster. Zun\u00e4chst wurde mir die Teilnahme an einem Deutschkursus in der Akademie Klausenhof angeboten. Durch die Absolvierung des Deutsch Sprachkurses er\u00f6ffnete sich ein Blick auf die Situation der deutschen Kultur, Kirche und Gesellschaft. Seit dem 29. April 2015 bin ich in der Seelsorge der Pfarrei Liebfrauen-\u00dcberwasser eingesetzt, die Arbeit erf\u00fcllt mich mit Freude und tiefer Zufriedenheit.<br><\/p>\n","protected":false},"excerpt":{"rendered":"<p>Mein Name ist Veilankanni Raja Mandala, geboren1977 in der Stadt Vijayawada, Bundesland Andrah Pradesh, S\u00fcdindien. Mein Zwillingsbruder starb ein paar Tage nach der Geburt an einer schweren Krankheit. Ich habe noch eine Schwester und einen Bruder, er lebt mit seiner Frau im Haus meiner Mutter. Mein Vater verstarb im Jahr 2005, zwei Jahre nach meiner &hellip; <\/p>\n","protected":false},"author":2,"featured_media":0,"parent":0,"menu_order":0,"comment_status":"closed","ping_status":"closed","template":"","meta":[],"_links":{"self":[{"href":"https:\/\/www.muenster.org\/mandala\/wp-json\/wp\/v2\/pages\/19"}],"collection":[{"href":"https:\/\/www.muenster.org\/mandala\/wp-json\/wp\/v2\/pages"}],"about":[{"href":"https:\/\/www.muenster.org\/mandala\/wp-json\/wp\/v2\/types\/page"}],"author":[{"embeddable":true,"href":"https:\/\/www.muenster.org\/mandala\/wp-json\/wp\/v2\/users\/2"}],"replies":[{"embeddable":true,"href":"https:\/\/www.muenster.org\/mandala\/wp-json\/wp\/v2\/comments?post=19"}],"version-history":[{"count":9,"href":"https:\/\/www.muenster.org\/mandala\/wp-json\/wp\/v2\/pages\/19\/revisions"}],"predecessor-version":[{"id":253,"href":"https:\/\/www.muenster.org\/mandala\/wp-json\/wp\/v2\/pages\/19\/revisions\/253"}],"wp:attachment":[{"href":"https:\/\/www.muenster.org\/mandala\/wp-json\/wp\/v2\/media?parent=19"}],"curies":[{"name":"wp","href":"https:\/\/api.w.org\/{rel}","templated":true}]}}