{"id":18442,"date":"2022-06-06T00:51:09","date_gmt":"2022-06-05T22:51:09","guid":{"rendered":"https:\/\/www.muenster.org\/kulturforum-nienberge\/wordpress?page_id=18442"},"modified":"2022-11-05T03:57:12","modified_gmt":"2022-11-05T02:57:12","slug":"datenschutz","status":"publish","type":"page","link":"https:\/\/www.muenster.org\/kulturforum-nienberge\/wordpress\/datenschutz\/","title":{"rendered":"Datenschutz"},"content":{"rendered":"<p>[et_pb_section fb_built=&#8220;1&#8243; custom_padding_last_edited=&#8220;on|phone&#8220; module_class=&#8220;page_container_BG_home&#8220; _builder_version=&#8220;4.17.4&#8243; _module_preset=&#8220;default&#8220; background_image=&#8220;https:\/\/www.muenster.org\/kulturforum-nienberge\/wordpress\/wp-content\/uploads\/BG_19.jpg&#8220; background_enable_image=&#8220;on&#8220; background_blend=&#8220;normal&#8220; min_height=&#8220;1000%&#8220; height=&#8220;1000%&#8220; max_height=&#8220;1000%&#8220; custom_margin=&#8220;0px||0px||false|false&#8220; custom_padding=&#8220;0px||14px|0px|false|false&#8220; custom_padding_tablet=&#8220;0px||0px|0px|false|false&#8220; custom_padding_phone=&#8220;0px||0px|0px|false|false&#8220; background_last_edited=&#8220;on|phone&#8220; background_enable_color_tablet=&#8220;off&#8220; background_enable_color_phone=&#8220;off&#8220; use_background_color_gradient_phone=&#8220;off&#8220; background_image_tablet=&#8220;https:\/\/www.muenster.org\/kulturforum-nienberge\/wordpress\/wp-content\/uploads\/BG_20s.jpg&#8220; background_image_phone=&#8220;https:\/\/www.muenster.org\/kulturforum-nienberge\/wordpress\/wp-content\/uploads\/BG_18s.jpg&#8220; background_enable_image_tablet=&#8220;on&#8220; background_enable_image_phone=&#8220;on&#8220; parallax_tablet=&#8220;off&#8220; parallax_method_tablet=&#8220;off&#8220; background_size_tablet=&#8220;stretch&#8220; background_size_phone=&#8220;cover&#8220; background_image_width_tablet=&#8220;105%&#8220; background_image_width_phone=&#8220;105%&#8220; background_image_height_tablet=&#8220;100%&#8220; background_image_height_phone=&#8220;73%&#8220; background_position_tablet=&#8220;top_left&#8220; background_position_phone=&#8220;top_left&#8220; background_horizontal_offset_tablet=&#8220;100%&#8220; background_horizontal_offset_phone=&#8220;38%&#8220; background_blend_tablet=&#8220;normal&#8220; background_blend_phone=&#8220;normal&#8220; global_colors_info=&#8220;{}&#8220;][et_pb_row _builder_version=&#8220;4.17.4&#8243; _module_preset=&#8220;default&#8220; background_color=&#8220;#FFFFFF&#8220; width_tablet=&#8220;84%&#8220; width_phone=&#8220;92%&#8220; width_last_edited=&#8220;on|desktop&#8220; custom_margin=&#8220;60px||||false|false&#8220; custom_margin_tablet=&#8220;38px||||false|false&#8220; custom_margin_phone=&#8220;30px||||false|false&#8220; custom_margin_last_edited=&#8220;on|phone&#8220; custom_padding=&#8220;3px||3px||false|false&#8220; border_radii=&#8220;off|5px|5px||&#8220; border_radii_tablet=&#8220;off|5px|5px|0px|0px&#8220; border_radii_phone=&#8220;off|5px|5px|0px|0px&#8220; border_radii_last_edited=&#8220;on|desktop&#8220; global_colors_info=&#8220;{}&#8220;][et_pb_column type=&#8220;4_4&#8243; _builder_version=&#8220;4.17.4&#8243; _module_preset=&#8220;default&#8220; global_colors_info=&#8220;{}&#8220;][et_pb_text content_tablet=&#8220;<\/p>\n<p>Datenschutzerkl\u00e4rung<\/p>\n<p>&#8220; content_phone=&#8220;<\/p>\n<p>Datenschutzerkl\u00e4rung<\/p>\n<p>&#8220; content_last_edited=&#8220;on|desktop&#8220; _builder_version=&#8220;4.19.0&#8243; _module_preset=&#8220;default&#8220; text_font=&#8220;montserrat-regular||||||||&#8220; text_font_size=&#8220;24px&#8220; background_color=&#8220;rgba(255,255,255,0.85)&#8220; custom_margin=&#8220;24px||10px||false|false&#8220; custom_padding=&#8220;|10px||14px|false|false&#8220; hover_enabled=&#8220;0&#8243; text_font_size_tablet=&#8220;24px&#8220; text_font_size_phone=&#8220;17px&#8220; text_font_size_last_edited=&#8220;on|phone&#8220; global_colors_info=&#8220;{}&#8220; sticky_enabled=&#8220;0&#8243;]<\/p>\n<p>Datenschutzerkl\u00e4rung<\/p>\n<p>[\/et_pb_text][\/et_pb_column][\/et_pb_row][et_pb_row _builder_version=&#8220;4.17.4&#8243; _module_preset=&#8220;default&#8220; background_color=&#8220;#FFFFFF&#8220; width_tablet=&#8220;84%&#8220; width_phone=&#8220;92%&#8220; width_last_edited=&#8220;on|desktop&#8220; custom_margin=&#8220;0px||||false|false&#8220; custom_margin_tablet=&#8220;0px||||false|false&#8220; custom_margin_phone=&#8220;0px||||false|false&#8220; custom_margin_last_edited=&#8220;on|phone&#8220; custom_padding=&#8220;0px||0px||false|false&#8220; global_colors_info=&#8220;{}&#8220;][et_pb_column type=&#8220;4_4&#8243; _builder_version=&#8220;4.17.4&#8243; _module_preset=&#8220;default&#8220; global_colors_info=&#8220;{}&#8220;][et_pb_text _builder_version=&#8220;4.19.0&#8243; _module_preset=&#8220;default&#8220; text_font=&#8220;montserrat-regular||||||||&#8220; text_font_size=&#8220;15px&#8220; text_line_height=&#8220;1.6em&#8220; background_color=&#8220;rgba(255,255,255,0.85)&#8220; custom_margin=&#8220;4px||5px||false|false&#8220; custom_padding=&#8220;|10px|10px|14px|false|false&#8220; hover_enabled=&#8220;0&#8243; text_font_tablet=&#8220;MS_1||||||||&#8220; text_font_phone=&#8220;MS_1||||||||&#8220; text_font_last_edited=&#8220;on|phone&#8220; text_font_size_tablet=&#8220;16px&#8220; text_font_size_phone=&#8220;14px&#8220; text_font_size_last_edited=&#8220;on|phone&#8220; inline_fonts=&#8220;MS_1&#8243; global_colors_info=&#8220;{}&#8220; sticky_enabled=&#8220;0&#8243;]<\/p>\n<p>Der Schutz und die Sicherheit von pers\u00f6nlichen Daten hat bei uns eine hohe Priorit\u00e4t. Daher halten wir uns strikt an die Regeln des deutschen Bundesdatenschutzgesetzes (BDSG). Nachfolgend werden Sie dar\u00fcber informiert, welche Art von Daten erfasst und zu welchem Zweck sie erhoben werden:<\/p>\n<p>1. Daten\u00fcbermittlung \/Datenprotokollierung<br \/>Beim Besuch dieser Seite verzeichnet der Web-Server automatisch Log-Files, die keiner bestimmten Person zugeordnet werden k\u00f6nnen. Diese Daten beinhalten z. B. den Browsertyp und -version, verwendetes Betriebssystem, Referrer URL (die zuvor besuchte Seite), IP-Adresse des anfragenden Rechners, Zugriffsdatum und -uhrzeit der Serveranfrage und die Dateianfrage des Client (Dateiname und URL). Diese Daten werden nur zum Zweck der statistischen Auswertung gesammelt. Eine Weitergabe an Dritte, zu kommerziellen oder nichtkommerziellen Zwecken, findet nicht statt.<\/p>\n<p>2. Nutzung pers\u00f6nlicher Daten<br \/>Pers\u00f6nliche Daten werden nur erhoben oder verarbeitet, wenn Sie diese Angaben freiwillig, z.B. im Rahmen einer Anfrage mitteilen. Sofern keine erforderlichen Gr\u00fcnde im Zusammenhang mit einer Gesch\u00e4ftsabwicklung bestehen, k\u00f6nnen Sie jederzeit die zuvor erteilte Genehmigung Ihrer pers\u00f6nlichen Datenspeicherung mit sofortiger Wirkung schriftlich (z.B. per E-Mail oder per Fax) widerrufen. Ihre Daten werden nicht an Dritte weitergeben, es sei denn, eine Weitergabe ist aufgrund gesetzlicher Vorschriften erforderlich.<\/p>\n<p>3. Auskunft, \u00c4nderung und L\u00f6schung Ihrer Daten<br \/>Gem\u00e4\u00df geltendem Recht k\u00f6nnen Sie jederzeit bei uns schriftlich nachfragen, ob und welche personenbezogenen Daten bei uns \u00fcber Sie gespeichert sind. Eine entsprechende Mitteilung hierzu erhalten Sie umgehend.<\/p>\n<p>4. Sicherheit Ihrer Daten<br \/>Ihre uns zur Verf\u00fcgung gestellten pers\u00f6nlichen Daten werden durch Ergreifung aller technischen sowie organisatorischen Sicherheitsma\u00dfnahmen so gesichert, dass sie f\u00fcr den Zugriff unberechtigter Dritter unzug\u00e4nglich sind. Bei Versendung von sehr sensiblen Daten oder Informationen ist es empfehlenswert, den Postweg zu nutzen, da eine vollst\u00e4ndige Datensicherheit per E-Mail nicht gew\u00e4hrleistet werden kann.<\/p>\n<p>5. Cookies<br \/>Wir verwenden keine Cookies.<\/p>\n<p>6. \u00c4nderungen dieser Datenschutzbestimmungen<br \/>Wir werden diese Richtlinien zum Schutz Ihrer pers\u00f6nlichen Daten von Zeit zu Zeit aktualisieren. Sie sollten sich diese Richtlinien gelegentlich ansehen, um auf dem Laufenden dar\u00fcber zu bleiben, wie wir Ihre Daten sch\u00fctzen und die Inhalte unserer Website stetig verbessern. Sollten wir wesentliche \u00c4nderungen bei der Sammlung, der Nutzung und\/oder der Weitergabe der uns von Ihnen zur Verf\u00fcgung gestellten personenbezogenen Daten vornehmen, werden wir Sie durch einen eindeutigen und gut sichtbaren Hinweis auf der Website darauf aufmerksam machen. Mit der Nutzung der Webseite erkl\u00e4ren Sie sich mit den Bedingungen dieser Richtlinien zum Schutz pers\u00f6nlicher Daten einverstanden.<br \/>Bei Fragen zu diesen Datenschutzbestimmungen wenden Sie sich bitte \u00fcber unsere Kontakt-Seite an uns.<\/p>\n<p>[\/et_pb_text][\/et_pb_column][\/et_pb_row][et_pb_row disabled_on=&#8220;off|on|on&#8220; module_class=&#8220;ZeileKulturforumLogo&#8220; _builder_version=&#8220;4.17.4&#8243; _module_preset=&#8220;default&#8220; width_tablet=&#8220;92%&#8220; width_phone=&#8220;92%&#8220; width_last_edited=&#8220;on|desktop&#8220; custom_margin=&#8220;0px||||false|false&#8220; custom_margin_tablet=&#8220;1px||0px||false|false&#8220; custom_margin_phone=&#8220;20px||||false|false&#8220; custom_margin_last_edited=&#8220;on|desktop&#8220; custom_padding=&#8220;0px||0px||false|false&#8220; global_colors_info=&#8220;{}&#8220;][et_pb_column type=&#8220;4_4&#8243; _builder_version=&#8220;4.16.1&#8243; _module_preset=&#8220;default&#8220; global_colors_info=&#8220;{}&#8220;][et_pb_image src=&#8220;https:\/\/www.muenster.org\/kulturforum-nienberge\/wordpress\/wp-content\/uploads\/Kulturforum_500x150-2-1.png&#8220; title_text=&#8220;Kulturforum_500x150-2&#8243; align=&#8220;center&#8220; _builder_version=&#8220;4.17.4&#8243; _module_preset=&#8220;default&#8220; global_colors_info=&#8220;{}&#8220;][\/et_pb_image][\/et_pb_column][\/et_pb_row][et_pb_row module_class=&#8220;Home_Line_Logo-Adress-Kufo-png&#8220; _builder_version=&#8220;4.19.0&#8243; _module_preset=&#8220;default&#8220; custom_margin=&#8220;22px||||false|false&#8220; hover_enabled=&#8220;0&#8243; global_colors_info=&#8220;{}&#8220; sticky_enabled=&#8220;0&#8243;][et_pb_column type=&#8220;4_4&#8243; _builder_version=&#8220;4.17.4&#8243; _module_preset=&#8220;default&#8220; global_colors_info=&#8220;{}&#8220;][\/et_pb_column][\/et_pb_row][et_pb_row _builder_version=&#8220;4.17.4&#8243; _module_preset=&#8220;default&#8220; width_tablet=&#8220;90%&#8220; width_phone=&#8220;100%&#8220; width_last_edited=&#8220;on|desktop&#8220; module_alignment=&#8220;center&#8220; custom_margin=&#8220;0px||||false|false&#8220; custom_padding=&#8220;16px||0px||false|false&#8220; module_alignment_tablet=&#8220;center&#8220; module_alignment_phone=&#8220;center&#8220; module_alignment_last_edited=&#8220;on|phone&#8220; global_colors_info=&#8220;{}&#8220;][et_pb_column type=&#8220;4_4&#8243; _builder_version=&#8220;4.17.4&#8243; _module_preset=&#8220;default&#8220; global_colors_info=&#8220;{}&#8220;][et_pb_divider _builder_version=&#8220;4.19.0&#8243; _module_preset=&#8220;default&#8220; hover_enabled=&#8220;0&#8243; global_colors_info=&#8220;{}&#8220; sticky_enabled=&#8220;0&#8243;][\/et_pb_divider][\/et_pb_column][\/et_pb_row][et_pb_row column_structure=&#8220;1_4,1_4,1_4,1_4&#8243; custom_padding_last_edited=&#8220;on|tablet&#8220; module_class=&#8220;Footer_Line_width&#8220; _builder_version=&#8220;4.17.4&#8243; _module_preset=&#8220;default&#8220; background_color=&#8220;RGBA(255,255,255,0)&#8220; background_enable_image=&#8220;off&#8220; background_blend=&#8220;multiply&#8220; width=&#8220;86%&#8220; width_tablet=&#8220;96%&#8220; width_phone=&#8220;96%&#8220; width_last_edited=&#8220;on|phone&#8220; max_width=&#8220;1200px&#8220; module_alignment=&#8220;center&#8220; max_height_tablet=&#8220;375px&#8220; max_height_phone=&#8220;&#8220; max_height_last_edited=&#8220;on|phone&#8220; custom_margin=&#8220;-12px||-13px||false|false&#8220; custom_margin_tablet=&#8220;-12px||-2px||false|false&#8220; custom_margin_phone=&#8220;-16px||3px||false|false&#8220; custom_margin_last_edited=&#8220;on|phone&#8220; custom_padding=&#8220;||||false|false&#8220; custom_padding_tablet=&#8220;||||false|false&#8220; custom_padding_phone=&#8220;0px||0px||false|false&#8220; border_radii=&#8220;on|5px|5px|5px|5px&#8220; global_module=&#8220;18214&#8243; saved_tabs=&#8220;all&#8220; global_colors_info=&#8220;{}&#8220;][et_pb_column type=&#8220;1_4&#8243; module_class=&#8220;footer_col_1&#8243; _builder_version=&#8220;4.17.4&#8243; _module_preset=&#8220;default&#8220; global_colors_info=&#8220;{}&#8220;][et_pb_text module_class=&#8220;Footer_Text_col_1&#8243; _builder_version=&#8220;4.17.4&#8243; _module_preset=&#8220;default&#8220; text_font=&#8220;montserrat-regular||||||||&#8220; text_text_color=&#8220;#FFFFFF&#8220; max_width=&#8220;180px&#8220; module_alignment=&#8220;left&#8220; custom_margin=&#8220;||||false|false&#8220; custom_margin_tablet=&#8220;&#8220; custom_margin_phone=&#8220;&#8220; custom_margin_last_edited=&#8220;on|phone&#8220; custom_padding=&#8220;|0px|||false|false&#8220; inline_fonts=&#8220;montserrat-regular&#8220; global_colors_info=&#8220;{}&#8220;]<\/p>\n<p>KURATORIUM<\/p>\n<p>Dr. Karin Obst (Vorsitzende)<br \/>Martin Bensmann<br \/><span style=\"font-family: montserrat-regular;\">Magdalena<\/span> Berendsen<br \/>Benjamin Kreckel<\/p>\n<p>[\/et_pb_text][\/et_pb_column][et_pb_column type=&#8220;1_4&#8243; module_class=&#8220;footer_col_2&#8243; _builder_version=&#8220;4.17.4&#8243; _module_preset=&#8220;default&#8220; custom_padding=&#8220;|0px|||false|false&#8220; global_colors_info=&#8220;{}&#8220;][et_pb_text module_class=&#8220;Footer_Text_col_2&#8243; _builder_version=&#8220;4.19.0&#8243; _module_preset=&#8220;default&#8220; text_font=&#8220;montserrat-regular||||||||&#8220; text_text_color=&#8220;#FFFFFF&#8220; width=&#8220;261px&#8220; module_alignment=&#8220;left&#8220; custom_margin=&#8220;||||false|false&#8220; custom_padding=&#8220;||||false|false&#8220; custom_padding_tablet=&#8220;||||false|false&#8220; custom_padding_phone=&#8220;||||false|false&#8220; custom_padding_last_edited=&#8220;on|tablet&#8220; inline_fonts=&#8220;montserrat-regular&#8220; global_colors_info=&#8220;{}&#8220;]<\/p>\n<p>Martin Lehmann<br \/>Heike Liebezeit<br \/><span style=\"font-family: montserrat-regular;\">Andrea<\/span> Ottenjann<br \/>Andr\u00e8 Weber<\/p>\n<p>[\/et_pb_text][\/et_pb_column][et_pb_column type=&#8220;1_4&#8243; module_class=&#8220;footer_col_3&#8243; _builder_version=&#8220;4.17.4&#8243; _module_preset=&#8220;default&#8220; global_colors_info=&#8220;{}&#8220;][et_pb_text module_class=&#8220;Footer_Text_col_3&#8243; _builder_version=&#8220;4.19.0&#8243; _module_preset=&#8220;default&#8220; text_font=&#8220;montserrat-regular||||||||&#8220; text_text_color=&#8220;#FFFFFF&#8220; module_alignment=&#8220;left&#8220; custom_margin=&#8220;||||false|false&#8220; custom_padding=&#8220;||||false|false&#8220; custom_padding_tablet=&#8220;&#8220; custom_padding_phone=&#8220;&#8220; custom_padding_last_edited=&#8220;on|phone&#8220; inline_fonts=&#8220;montserrat-regular&#8220; global_colors_info=&#8220;{}&#8220;]<\/p>\n<p>VORSTAND<\/p>\n<p>Dr. <span style=\"font-family: montserrat-regular;\">Agneta<\/span> B\u00f6lling<br \/>Georg Fischer<br \/>Anneliese Janning<br \/><span style=\"font-family: montserrat-regular;\">Gertrud<\/span> Ligas-Zumnorde<br \/>Dr. Karin Obst<\/p>\n<p>[\/et_pb_text][\/et_pb_column][et_pb_column type=&#8220;1_4&#8243; module_class=&#8220;footer_col_4&#8243; _builder_version=&#8220;4.17.4&#8243; _module_preset=&#8220;default&#8220; global_colors_info=&#8220;{}&#8220;][et_pb_text module_class=&#8220;Footer_Text_col_4&#8243; _builder_version=&#8220;4.17.4&#8243; _module_preset=&#8220;default&#8220; text_font=&#8220;montserrat-regular||||||||&#8220; text_text_color=&#8220;#FFFFFF&#8220; custom_margin=&#8220;||||false|false&#8220; custom_padding=&#8220;||||false|false&#8220; custom_padding_tablet=&#8220;||14px||false|false&#8220; custom_padding_phone=&#8220;||16px||false|false&#8220; custom_padding_last_edited=&#8220;on|phone&#8220; inline_fonts=&#8220;montserrat-regular&#8220; global_colors_info=&#8220;{}&#8220;]<\/p>\n<p>\u00a0KONTAKT<\/p>\n<p>Anneliese Janning<br \/>Grienkenswell 82<br \/>48161 M\u00fcnster<\/p>\n<p><a href=\"tel:02533-1677\"><span class=\"et-pb-icon\" style=\"font-size: 23px; color: white;\">\ue090<\/span> <\/a><a href=\"tel:02533-1677\"><span style=\"font-size: 14px; color: white;\"><span style=\"font-family: montserrat-regular;\"> Tel<\/span>. 02533-1677<br \/><\/span><\/a><a href=\"mailto:a.janning@muenster.de\"><span class=\"et-pb-icon\" style=\"margin-top: 10px; font-size: 24px; vertical-align: -3px; color: white; padding-bottom: 0px;\">\ue010<\/span>\u00a0 <\/a><a href=\"mailto:a.janning@muenster.de\"><span style=\"font-size: 14px; color: white; vertical-align: 0px;\">E-mail senden<\/span><\/a><\/p>\n<p>[\/et_pb_text][\/et_pb_column][\/et_pb_row][et_pb_row _builder_version=&#8220;4.17.4&#8243; _module_preset=&#8220;default&#8220; width_tablet=&#8220;90%&#8220; width_phone=&#8220;100%&#8220; width_last_edited=&#8220;on|desktop&#8220; module_alignment=&#8220;center&#8220; custom_margin=&#8220;0px||0px||false|false&#8220; custom_padding=&#8220;0px||0px||false|false&#8220; global_colors_info=&#8220;{}&#8220;][et_pb_column type=&#8220;4_4&#8243; _builder_version=&#8220;4.17.4&#8243; _module_preset=&#8220;default&#8220; global_colors_info=&#8220;{}&#8220;][et_pb_divider _builder_version=&#8220;4.17.4&#8243; _module_preset=&#8220;default&#8220; global_colors_info=&#8220;{}&#8220;][\/et_pb_divider][\/et_pb_column][\/et_pb_row][et_pb_row custom_padding_last_edited=&#8220;on|tablet&#8220; _builder_version=&#8220;4.17.4&#8243; _module_preset=&#8220;default&#8220; custom_padding=&#8220;0px||0px||false|false&#8220; custom_padding_tablet=&#8220;0px||0px||false|false&#8220; custom_padding_phone=&#8220;0px||0px||false|false&#8220; global_module=&#8220;19163&#8243; saved_tabs=&#8220;all&#8220; global_colors_info=&#8220;{}&#8220;][et_pb_column type=&#8220;4_4&#8243; _builder_version=&#8220;4.17.4&#8243; _module_preset=&#8220;default&#8220; global_colors_info=&#8220;{}&#8220;][et_pb_text content_tablet=&#8220;<\/p>\n<p style=%22text-align: center;%22><span style=%22color: white;%22><a href=%22https:\/\/www.muenster.org\/kulturforum-nienberge\/wordpress\/Satzung\/%22><span style=%22color: white;%22>Satzung <\/span><\/a><\/span><span style=%22color: white;%22>| <a href=%22https:\/\/www.muenster.org\/kulturforum-nienberge\/wordpress\/Datenschutz\/%22><span style=%22color: white;%22>Datenschutz <\/span><\/a>| <a href=%22https:\/\/www.muenster.org\/kulturforum-nienberge\/wordpress\/impressum\/%22><span style=%22color: white;%22>Impressum<\/span><\/a><\/span><span style=%22color: white;%22> <\/span><\/p>\n<p>&#8220; content_phone=&#8220;<\/p>\n<p style=%22text-align: center;%22><span style=%22color: white;%22><a href=%22https:\/\/www.muenster.org\/kulturforum-nienberge\/wordpress\/Satzung\/%22><span style=%22color: white;%22>Satzung <\/span><\/a><\/span><span style=%22color: white;%22>| <a href=%22https:\/\/www.muenster.org\/kulturforum-nienberge\/wordpress\/Datenschutz\/%22><span style=%22color: white;%22>Datenschutz <\/span><\/a>| <a href=%22https:\/\/www.muenster.org\/kulturforum-nienberge\/wordpress\/impressum\/%22><span style=%22color: white;%22>Impressum<\/span><\/a><\/span><span style=%22color: white;%22> <\/span><\/p>\n<p>&#8220; content_last_edited=&#8220;on|desktop&#8220; _builder_version=&#8220;4.19.0&#8243; _module_preset=&#8220;default&#8220; text_font=&#8220;montserrat-regular||||||||&#8220; hover_enabled=&#8220;0&#8243; inline_fonts=&#8220;montserrat-regular&#8220; global_colors_info=&#8220;{}&#8220; sticky_enabled=&#8220;0&#8243;]<\/p>\n<p style=\"text-align: center;\"><span style=\"font-family: montserrat-regular; font-weight: normal;\"><span style=\"color: white;\"><a href=\"https:\/\/www.muenster.org\/kulturforum-nienberge\/wordpress\/Satzung\/\"><span style=\"color: white;\">Satzung <\/span><\/a><\/span><span style=\"color: white;\">| <a href=\"https:\/\/www.muenster.org\/kulturforum-nienberge\/wordpress\/Datenschutz\/\"><span style=\"color: white;\">Datenschutz <\/span><\/a>| <a href=\"https:\/\/www.muenster.org\/kulturforum-nienberge\/wordpress\/impressum\/\"><span style=\"color: white;\">Impressum<\/span><\/a><\/span><\/span><\/p>\n<p>[\/et_pb_text][\/et_pb_column][\/et_pb_row][et_pb_row module_class=&#8220;Footer_Line_width&#8220; _builder_version=&#8220;4.17.4&#8243; _module_preset=&#8220;default&#8220; background_color=&#8220;RGBA(255,255,255,0)&#8220; background_enable_image=&#8220;off&#8220; background_blend=&#8220;multiply&#8220; width=&#8220;86%&#8220; width_tablet=&#8220;96%&#8220; width_phone=&#8220;96%&#8220; width_last_edited=&#8220;on|tablet&#8220; max_width=&#8220;1200px&#8220; module_alignment=&#8220;center&#8220; max_height_tablet=&#8220;375px&#8220; max_height_phone=&#8220;375px&#8220; max_height_last_edited=&#8220;on|phone&#8220; custom_margin=&#8220;-3px||0px|-5px|false|false&#8220; custom_margin_tablet=&#8220;-3px||1px|-5px|false|false&#8220; custom_margin_phone=&#8220;||20px||false|false&#8220; custom_margin_last_edited=&#8220;on|desktop&#8220; custom_padding=&#8220;2%||0%|5%|false|false&#8220; border_radii=&#8220;on|5px|5px|5px|5px&#8220; global_colors_info=&#8220;{}&#8220;][et_pb_column type=&#8220;4_4&#8243; module_class=&#8220;footer_col_1&#8243; _builder_version=&#8220;4.17.3&#8243; _module_preset=&#8220;default&#8220; global_colors_info=&#8220;{}&#8220;][\/et_pb_column][\/et_pb_row][\/et_pb_section]<\/p>\n","protected":false},"excerpt":{"rendered":"<p>Datenschutzerkl\u00e4rungDer Schutz und die Sicherheit von pers\u00f6nlichen Daten hat bei uns eine hohe Priorit\u00e4t. Daher halten wir uns strikt an die Regeln des deutschen Bundesdatenschutzgesetzes (BDSG). Nachfolgend werden Sie dar\u00fcber informiert, welche Art von Daten erfasst und zu welchem Zweck sie erhoben werden: 1. Daten\u00fcbermittlung \/DatenprotokollierungBeim Besuch dieser Seite verzeichnet der Web-Server automatisch Log-Files, die [&hellip;]<\/p>\n","protected":false},"author":1,"featured_media":0,"parent":0,"menu_order":0,"comment_status":"closed","ping_status":"closed","template":"","meta":{"_et_pb_use_builder":"on","_et_pb_old_content":"","_et_gb_content_width":"","footnotes":""},"class_list":["post-18442","page","type-page","status-publish","hentry"],"_links":{"self":[{"href":"https:\/\/www.muenster.org\/kulturforum-nienberge\/wordpress\/wp-json\/wp\/v2\/pages\/18442","targetHints":{"allow":["GET"]}}],"collection":[{"href":"https:\/\/www.muenster.org\/kulturforum-nienberge\/wordpress\/wp-json\/wp\/v2\/pages"}],"about":[{"href":"https:\/\/www.muenster.org\/kulturforum-nienberge\/wordpress\/wp-json\/wp\/v2\/types\/page"}],"author":[{"embeddable":true,"href":"https:\/\/www.muenster.org\/kulturforum-nienberge\/wordpress\/wp-json\/wp\/v2\/users\/1"}],"replies":[{"embeddable":true,"href":"https:\/\/www.muenster.org\/kulturforum-nienberge\/wordpress\/wp-json\/wp\/v2\/comments?post=18442"}],"version-history":[{"count":0,"href":"https:\/\/www.muenster.org\/kulturforum-nienberge\/wordpress\/wp-json\/wp\/v2\/pages\/18442\/revisions"}],"wp:attachment":[{"href":"https:\/\/www.muenster.org\/kulturforum-nienberge\/wordpress\/wp-json\/wp\/v2\/media?parent=18442"}],"curies":[{"name":"wp","href":"https:\/\/api.w.org\/{rel}","templated":true}]}}