{"id":9,"date":"2010-09-24T14:55:15","date_gmt":"2010-09-24T14:55:15","guid":{"rendered":"http:\/\/localhost:8080\/wordpress\/?page_id=9"},"modified":"2012-03-30T22:43:42","modified_gmt":"2012-03-30T22:43:42","slug":"hilfen","status":"publish","type":"page","link":"https:\/\/www.muenster.org\/jgh-verein\/hilfen\/","title":{"rendered":"Hilfen"},"content":{"rendered":"<h2>Zielsetzung<\/h2>\n<p>Ziel ist es Opfern von jugendlichen Straftaten au\u00dferhalb eines zivilrechtlichen Verfahrens im Rahmen des T\u00e4ter-Opfer-Ausgleichs bzw. im Rahmen von pers\u00f6nlichen Vereinbarungen zu einem friedenstiftenden Ausgleich zu verhelfen.<\/p>\n<h2>Opferfonds<\/h2>\n<p>Aus dem Opferfonds werden im Rahmen eines T\u00e4ter-Opfer-Ausgleiches Darlehen zur (schnellen) Entsch\u00e4digung von Opfern vergeben. Dadurch wird den Opfern jugendlicher Straftaten schnell und unb\u00fcrokratische zu Ausgleichsleistungen verholfen und der T\u00e4ter kann eine angemessene Wiedergutmachung leisten.\u00a0Der Opferfonds steht allen Jugendgerichtshilfe- und T\u00e4ter-Opfer-Ausgleichsf\u00e4llen, die Jugendliche und Erwachsene aus M\u00fcnster betreffen, zur Verf\u00fcgung (bei Vorlage eines Ausgleichskonzeptes).\u00a0Die Mittel werden direkt an das Opfer \u00fcberwiesen; Rechtsanwaltskosten, Versicherungssch\u00e4den o.\u00e4. werden nicht \u00fcbernommen.\u00a0Darlehen werden in der Regel zu 100% an den Verein zur\u00fcckgezahlt oder \u00fcber Sozialstunden abgearbeitet. F\u00fcr die Darlehensvergabe wird ein Vertrag zwischen Verein und jugendlichem T\u00e4ter vereinbart.<\/p>\n<h2>Projekte<\/h2>\n<p>Der Verein unterst\u00fctzt sozialp\u00e4dagogische Projekte und Einzelfallhilfen in M\u00fcnster, die der Pr\u00e4vention von Straftaten dienen.<\/p>\n","protected":false},"excerpt":{"rendered":"<p>Zielsetzung Ziel ist es Opfern von jugendlichen Straftaten au\u00dferhalb eines zivilrechtlichen Verfahrens im Rahmen des T\u00e4ter-Opfer-Ausgleichs bzw. im Rahmen von pers\u00f6nlichen Vereinbarungen zu einem friedenstiftenden Ausgleich zu verhelfen. Opferfonds Aus dem Opferfonds werden im Rahmen eines T\u00e4ter-Opfer-Ausgleiches Darlehen zur (schnellen) &hellip; <a href=\"https:\/\/www.muenster.org\/jgh-verein\/hilfen\/\">Weiterlesen <span class=\"meta-nav\">&rarr;<\/span><\/a><\/p>\n","protected":false},"author":1,"featured_media":0,"parent":0,"menu_order":2,"comment_status":"closed","ping_status":"closed","template":"","meta":[],"_links":{"self":[{"href":"https:\/\/www.muenster.org\/jgh-verein\/wp-json\/wp\/v2\/pages\/9"}],"collection":[{"href":"https:\/\/www.muenster.org\/jgh-verein\/wp-json\/wp\/v2\/pages"}],"about":[{"href":"https:\/\/www.muenster.org\/jgh-verein\/wp-json\/wp\/v2\/types\/page"}],"author":[{"embeddable":true,"href":"https:\/\/www.muenster.org\/jgh-verein\/wp-json\/wp\/v2\/users\/1"}],"replies":[{"embeddable":true,"href":"https:\/\/www.muenster.org\/jgh-verein\/wp-json\/wp\/v2\/comments?post=9"}],"version-history":[{"count":6,"href":"https:\/\/www.muenster.org\/jgh-verein\/wp-json\/wp\/v2\/pages\/9\/revisions"}],"predecessor-version":[{"id":372,"href":"https:\/\/www.muenster.org\/jgh-verein\/wp-json\/wp\/v2\/pages\/9\/revisions\/372"}],"wp:attachment":[{"href":"https:\/\/www.muenster.org\/jgh-verein\/wp-json\/wp\/v2\/media?parent=9"}],"curies":[{"name":"wp","href":"https:\/\/api.w.org\/{rel}","templated":true}]}}