{"id":506,"date":"2012-10-30T16:22:00","date_gmt":"2012-10-30T16:22:00","guid":{"rendered":"http:\/\/www.muenster.org\/jgh-verein\/?page_id=506"},"modified":"2021-04-08T12:07:26","modified_gmt":"2021-04-08T12:07:26","slug":"mitglieder-und-vorstand-des-vereins","status":"publish","type":"page","link":"https:\/\/www.muenster.org\/jgh-verein\/mitglieder-und-vorstand-des-vereins\/","title":{"rendered":"\u00dcber uns"},"content":{"rendered":"<h2><strong>Unser Anliegen:<\/strong><\/h2>\n<p>Die Rauferei unter Jugendlichen, die zerissene Jacke, der zerst\u00f6rte Walkman haben strafrechtliche Folgen, die junge Menschen vor nicht bedachte Probleme stellen. In solchen F\u00e4llen kann der Verein zur F\u00f6rderung der Jugendgerichtshilfe M\u00fcnster e.V. schnell und unb\u00fcrokratisch helfen.<\/p>\n<p>In Zusammenarbeit mit den Jugendgerichten, der Staatsanwaltschaft, freien Tr\u00e4gern und vor allem mit dem Amt f\u00fcr soziale Dienste, zu dessen Aufgaben die Jugendgerichtshilfe geh\u00f6rt, k\u00f6nnen im Rahmen eines T\u00e4ter-Opfer-Ausgleichs (TOA) in Einzelf\u00e4llen finanzielle Schadenswiedergutmach-ungen geleistet werden.<\/p>\n<p>Ein TOA tr\u00e4gt sowohl den berechtigten Forderungen des Opfers als auch den M\u00f6glichkeiten des T\u00e4ters Rechnung. Die finanziellen Hilfen werden aus einem vom Verein verwalteten Opferfonds als zinslose Darlehen ge w\u00e4hrt, die auch durch gemeinn\u00fctzige Arbeit getilgt werden k\u00f6nnen. Die Staatsanwaltschaft erhebt in diesen F\u00e4llen dann zumeist keine Anklage. Den jugendlichen Straft\u00e4tern und deren Opfern bleibt so ein jugendgericht-liches Verfahren erspart.<\/p>\n","protected":false},"excerpt":{"rendered":"<p>Unser Anliegen: Die Rauferei unter Jugendlichen, die zerissene Jacke, der zerst\u00f6rte Walkman haben strafrechtliche Folgen, die junge Menschen vor nicht bedachte Probleme stellen. In solchen F\u00e4llen kann der Verein zur F\u00f6rderung der Jugendgerichtshilfe M\u00fcnster e.V. schnell und unb\u00fcrokratisch helfen. In &hellip; <a href=\"https:\/\/www.muenster.org\/jgh-verein\/mitglieder-und-vorstand-des-vereins\/\">Weiterlesen <span class=\"meta-nav\">&rarr;<\/span><\/a><\/p>\n","protected":false},"author":3,"featured_media":508,"parent":0,"menu_order":7,"comment_status":"closed","ping_status":"open","template":"","meta":[],"_links":{"self":[{"href":"https:\/\/www.muenster.org\/jgh-verein\/wp-json\/wp\/v2\/pages\/506"}],"collection":[{"href":"https:\/\/www.muenster.org\/jgh-verein\/wp-json\/wp\/v2\/pages"}],"about":[{"href":"https:\/\/www.muenster.org\/jgh-verein\/wp-json\/wp\/v2\/types\/page"}],"author":[{"embeddable":true,"href":"https:\/\/www.muenster.org\/jgh-verein\/wp-json\/wp\/v2\/users\/3"}],"replies":[{"embeddable":true,"href":"https:\/\/www.muenster.org\/jgh-verein\/wp-json\/wp\/v2\/comments?post=506"}],"version-history":[{"count":15,"href":"https:\/\/www.muenster.org\/jgh-verein\/wp-json\/wp\/v2\/pages\/506\/revisions"}],"predecessor-version":[{"id":1145,"href":"https:\/\/www.muenster.org\/jgh-verein\/wp-json\/wp\/v2\/pages\/506\/revisions\/1145"}],"wp:featuredmedia":[{"embeddable":true,"href":"https:\/\/www.muenster.org\/jgh-verein\/wp-json\/wp\/v2\/media\/508"}],"wp:attachment":[{"href":"https:\/\/www.muenster.org\/jgh-verein\/wp-json\/wp\/v2\/media?parent=506"}],"curies":[{"name":"wp","href":"https:\/\/api.w.org\/{rel}","templated":true}]}}