{"id":400,"date":"2015-02-22T00:50:43","date_gmt":"2015-02-21T23:50:43","guid":{"rendered":"https:\/\/www.muenster.org\/jaeb\/?page_id=400"},"modified":"2026-04-08T21:17:34","modified_gmt":"2026-04-08T19:17:34","slug":"gremien","status":"publish","type":"page","link":"https:\/\/www.muenster.org\/jaeb\/ueber-uns\/gremien\/","title":{"rendered":"Gremien"},"content":{"rendered":"\n<p>Die folgenden Vertreterinnen und Vertreter haben wir entsendet:<\/p>\n\n\n\n<h2 class=\"wp-block-heading has-vivid-cyan-blue-color has-text-color has-medium-font-size\"><a href=\"https:\/\/www.muenster.org\/jaeb\/ueber-uns\/gremien\/akjf\/\" data-type=\"page\" data-id=\"1551\">Ausschuss f\u00fcr Kinder, Jugendliche und Familien (AKJF)<\/a><\/h2>\n\n\n\n<p>Marc Schmittka<br>Benedikt Brahm<\/p>\n\n\n\n<h2 class=\"wp-block-heading has-vivid-cyan-blue-color has-text-color has-medium-font-size\"><a href=\"https:\/\/www.muenster.org\/jaeb\/ueber-uns\/gremien\/ag-78\/\" data-type=\"page\" data-id=\"1555\">AG 78<\/a><\/h2>\n\n\n\n<p>Marius Herwig<br>Cathrin Huesmann<\/p>\n\n\n\n<p><a href=\"https:\/\/www.muenster.org\/jaeb\/ueber-uns\/gremien\/ag-art\/\" data-type=\"page\" data-id=\"1559\">AG ART<\/a><\/p>\n\n\n\n<p>Max Terhaer &amp; Elke Timme<\/p>\n\n\n\n<p><\/p>\n\n\n\n<h2 class=\"wp-block-heading has-vivid-cyan-blue-color has-text-color has-medium-font-size\"><a href=\"https:\/\/www.muenster.org\/jaeb\/ueber-uns\/gremien\/landeselternbeirat\/\">Landeselternbeirat (LEB)<\/a><\/h2>\n\n\n\n<p>Yvonne Drath<\/p>\n\n\n\n<h2 class=\"wp-block-heading has-vivid-cyan-blue-color has-text-color has-medium-font-size\"><a href=\"https:\/\/www.muenster.org\/jaeb\/ueber-uns\/gremien\/familienforum-muenster\/\" data-type=\"page\" data-id=\"1565\">Familienforum M\u00fcnster<\/a><\/h2>\n\n\n\n<p>Eltern helfen Eltern, M\u00fcnsteraner Tageseltern, VBE M\u00fcnster, Familienbund der Katholiken, GEW M\u00fcnster, Der Parit\u00e4tische,  Ev. Aktionsgemeinschaft f\u00fcr Familienfragen, JAEB M\u00fcnster, Deutscher Kinderschutzbund<\/p>\n\n\n\n<p class=\"has-text-align-right\"><a title=\"zur\u00fcck\" href=\"https:\/\/www.muenster.org\/jaeb\/?page_id=371\">zur\u00fcck<\/a><\/p>\n","protected":false},"excerpt":{"rendered":"<p>Die folgenden Vertreterinnen und Vertreter haben wir entsendet: Ausschuss f\u00fcr Kinder, Jugendliche und Familien (AKJF) Marc SchmittkaBenedikt Brahm AG 78 Marius HerwigCathrin Huesmann AG ART Max Terhaer &amp; Elke Timme [&hellip;]<\/p>\n","protected":false},"author":6,"featured_media":0,"parent":1078,"menu_order":5,"comment_status":"closed","ping_status":"closed","template":"","meta":{"zakra_page_container_layout":"customizer","zakra_page_sidebar_layout":"customizer","zakra_remove_content_margin":false,"zakra_sidebar":"customizer","zakra_transparent_header":"customizer","zakra_logo":0,"zakra_main_header_style":"default","zakra_menu_item_color":"","zakra_menu_item_hover_color":"","zakra_menu_item_active_color":"","zakra_menu_active_style":"","zakra_page_header":true,"footnotes":""},"class_list":["post-400","page","type-page","status-publish","hentry"],"post_mailing_queue_ids":[],"_links":{"self":[{"href":"https:\/\/www.muenster.org\/jaeb\/wp-json\/wp\/v2\/pages\/400","targetHints":{"allow":["GET"]}}],"collection":[{"href":"https:\/\/www.muenster.org\/jaeb\/wp-json\/wp\/v2\/pages"}],"about":[{"href":"https:\/\/www.muenster.org\/jaeb\/wp-json\/wp\/v2\/types\/page"}],"author":[{"embeddable":true,"href":"https:\/\/www.muenster.org\/jaeb\/wp-json\/wp\/v2\/users\/6"}],"replies":[{"embeddable":true,"href":"https:\/\/www.muenster.org\/jaeb\/wp-json\/wp\/v2\/comments?post=400"}],"version-history":[{"count":13,"href":"https:\/\/www.muenster.org\/jaeb\/wp-json\/wp\/v2\/pages\/400\/revisions"}],"predecessor-version":[{"id":2708,"href":"https:\/\/www.muenster.org\/jaeb\/wp-json\/wp\/v2\/pages\/400\/revisions\/2708"}],"up":[{"embeddable":true,"href":"https:\/\/www.muenster.org\/jaeb\/wp-json\/wp\/v2\/pages\/1078"}],"wp:attachment":[{"href":"https:\/\/www.muenster.org\/jaeb\/wp-json\/wp\/v2\/media?parent=400"}],"curies":[{"name":"wp","href":"https:\/\/api.w.org\/{rel}","templated":true}]}}