{"id":1976,"date":"2021-09-28T16:43:08","date_gmt":"2021-09-28T14:43:08","guid":{"rendered":"https:\/\/www.muenster.org\/jaeb\/?page_id=1976"},"modified":"2024-11-18T13:11:22","modified_gmt":"2024-11-18T12:11:22","slug":"downloads","status":"publish","type":"page","link":"https:\/\/www.muenster.org\/jaeb\/downloads\/","title":{"rendered":"Downloads"},"content":{"rendered":"\n<h2 class=\"wp-block-heading has-black-color has-text-color has-medium-font-size\">Gesch\u00e4fts- und Wahlordnungen<\/h2>\n\n\n\n<p><a href=\"https:\/\/www.muenster.org\/jaeb\/wp-content\/uploads\/2024\/11\/WahlO-2023pdf.pdf\">Wahlordnung Jugendamtselternbeirat ( JAEB) der Stadt M\u00fcnster<\/a> ( Stand 2023)<\/p>\n\n\n\n<p><a href=\"https:\/\/www.muenster.org\/jaeb\/wp-content\/uploads\/2022\/11\/JAEB-Wahlordnung-2021-.pdf\" target=\"_blank\" rel=\"noreferrer noopener\">Wahlordnung Jugendamtelternbeirat (JAEB) der Stadt M\u00fcnster<\/a> (Stand 2021)<\/p>\n\n\n\n<p><a href=\"https:\/\/www.muenster.org\/jaeb\/wp-content\/uploads\/2022\/11\/Neufassung-Geschaeftsordnung-JAEB-2021.pdf\" target=\"_blank\" rel=\"noreferrer noopener\">Gesch\u00e4ftsordnung Jugendamtselternbeirat (JAEB) der Stadt M\u00fcnster<\/a> (Stand 2021)<\/p>\n\n\n\n<p><a rel=\"noreferrer noopener\" href=\"https:\/\/www.muenster.org\/jaeb\/wp-content\/uploads\/2021\/09\/Wahlordnung_07112013.pdf\" target=\"_blank\">Wahlordnung Jugendamtselternbeirat (JAEB) der Stadt M\u00fcnster<\/a> (Stand 2013)<\/p>\n\n\n\n<h2 class=\"wp-block-heading has-black-color has-text-color has-medium-font-size\">Infos<\/h2>\n\n\n\n<p><a rel=\"noreferrer noopener\" href=\"https:\/\/www.muenster.org\/jaeb\/wp-content\/uploads\/2021\/09\/LEB_Handbuch-fu\u0308r-Elternbeira\u0308te-2021.pdf\" target=\"_blank\">Handbuch f\u00fcr Elternbeir\u00e4te<\/a> (Ver\u00f6ffentlichung des Landeselternbeirats NRW &#8211; Stand August 2021)<\/p>\n\n\n\n<p><a href=\"https:\/\/www.muenster.org\/jaeb\/wp-content\/uploads\/2021\/05\/Neues-KiBiz-ab-01.08.2020.pdf\" target=\"_blank\" rel=\"noreferrer noopener\">Kinderbildungsgesetz<\/a> &#8211; KiBiz NRW (geltend ab 01.08.2020)<\/p>\n\n\n\n<p><a rel=\"noreferrer noopener\" href=\"https:\/\/www.muenster.org\/jaeb\/wp-content\/uploads\/2021\/09\/Informationen-zum-Elternbeitrag.pdf\" target=\"_blank\">Informationen zum Elternbeitrag<\/a> (Elternbeitragstabelle &#8211; Stand 2020)<\/p>\n\n\n\n<p><a rel=\"noreferrer noopener\" href=\"https:\/\/www.muenster.org\/jaeb\/wp-content\/uploads\/2021\/10\/Pra\u0308sentation-JAEB-2021-hd.mp4\" target=\"_blank\">Pr\u00e4sentation JAEB 2021<\/a><\/p>\n\n\n\n<p><a href=\"https:\/\/www.muenster.org\/jaeb\/wp-content\/uploads\/2023\/09\/Fragen-an-das-JA-zur-geplanten-Reduzierung-von-Betreuungszeit-und-umfang-1.pdf\">Fragenkatalog zur Stundenreduzierung im September 2023<\/a><\/p>\n\n\n\n<p><a href=\"https:\/\/www.muenster.org\/jaeb\/wp-content\/uploads\/2023\/11\/00524259.pdf\">Beschlussvorlage V\/0027\/2023<\/a><\/p>\n\n\n\n<p><a href=\"https:\/\/www.muenster.org\/jaeb\/wp-content\/uploads\/2023\/11\/anlage_kita_meldungen_gem__47_sgb_viii.pdf\">Handreichung zum Umgang mit Meldungen gem. \u00a7 47 Satz 1 Nr. 2 SGB VIII<\/a><\/p>\n","protected":false},"excerpt":{"rendered":"<p>Gesch\u00e4fts- und Wahlordnungen Wahlordnung Jugendamtselternbeirat ( JAEB) der Stadt M\u00fcnster ( Stand 2023) Wahlordnung Jugendamtelternbeirat (JAEB) der Stadt M\u00fcnster (Stand 2021) Gesch\u00e4ftsordnung Jugendamtselternbeirat (JAEB) der Stadt M\u00fcnster (Stand 2021) Wahlordnung [&hellip;]<\/p>\n","protected":false},"author":10,"featured_media":0,"parent":0,"menu_order":0,"comment_status":"closed","ping_status":"closed","template":"","meta":{"zakra_page_container_layout":"customizer","zakra_page_sidebar_layout":"customizer","zakra_remove_content_margin":false,"zakra_sidebar":"customizer","zakra_transparent_header":"customizer","zakra_logo":0,"zakra_main_header_style":"default","zakra_menu_item_color":"","zakra_menu_item_hover_color":"","zakra_menu_item_active_color":"","zakra_menu_active_style":"","zakra_page_header":true,"footnotes":""},"class_list":["post-1976","page","type-page","status-publish","hentry"],"post_mailing_queue_ids":[],"_links":{"self":[{"href":"https:\/\/www.muenster.org\/jaeb\/wp-json\/wp\/v2\/pages\/1976","targetHints":{"allow":["GET"]}}],"collection":[{"href":"https:\/\/www.muenster.org\/jaeb\/wp-json\/wp\/v2\/pages"}],"about":[{"href":"https:\/\/www.muenster.org\/jaeb\/wp-json\/wp\/v2\/types\/page"}],"author":[{"embeddable":true,"href":"https:\/\/www.muenster.org\/jaeb\/wp-json\/wp\/v2\/users\/10"}],"replies":[{"embeddable":true,"href":"https:\/\/www.muenster.org\/jaeb\/wp-json\/wp\/v2\/comments?post=1976"}],"version-history":[{"count":17,"href":"https:\/\/www.muenster.org\/jaeb\/wp-json\/wp\/v2\/pages\/1976\/revisions"}],"predecessor-version":[{"id":2484,"href":"https:\/\/www.muenster.org\/jaeb\/wp-json\/wp\/v2\/pages\/1976\/revisions\/2484"}],"wp:attachment":[{"href":"https:\/\/www.muenster.org\/jaeb\/wp-json\/wp\/v2\/media?parent=1976"}],"curies":[{"name":"wp","href":"https:\/\/api.w.org\/{rel}","templated":true}]}}