{"id":1555,"date":"2021-05-26T18:41:19","date_gmt":"2021-05-26T16:41:19","guid":{"rendered":"https:\/\/www.muenster.org\/jaeb\/?page_id=1555"},"modified":"2021-06-14T18:39:19","modified_gmt":"2021-06-14T16:39:19","slug":"ag-78","status":"publish","type":"page","link":"https:\/\/www.muenster.org\/jaeb\/ueber-uns\/gremien\/ag-78\/","title":{"rendered":"AG 78"},"content":{"rendered":"\n<h2 class=\"has-vivid-cyan-blue-color has-text-color has-medium-font-size wp-block-heading\">Was ist die AG 78?<\/h2>\n\n\n\n<p>Das partnerschaftliche Miteinander \u00f6ffentlicher und freier Tr\u00e4ger ist konstitutioneller Bestandteil der Jugendhilfe. Das gilt selbstverst\u00e4ndlich auch f\u00fcr den Bereich der Kindertagesbetreuung. Regelm\u00e4\u00dfiger Austausch und Koordinierung in Arbeitsgemeinschaften ist sogar gesetzliche Pflicht nach \u00a7 78 des Achten Sozialgesetzbuches. Daher kommt die Bezeichnung AG 78. In gr\u00f6\u00dferen St\u00e4dten gibt es oft mehrere dieser AGs f\u00fcr verschiedene Fachbereiche. In M\u00fcnster lautet die Bezeichnung AG 5 Tagesbetreuung f\u00fcr Kinder nach \u00a7 78 SGB VIII.<\/p>\n\n\n\n<h2 class=\"has-vivid-cyan-blue-color has-text-color has-medium-font-size wp-block-heading\">Wer geh\u00f6rt zur AG 78?<\/h2>\n\n\n\n<p>In der AG 78 sitzen die Praktiker aus Verwaltung, Tr\u00e4gerverb\u00e4nden und Leitungen und entwickeln Konzepte. Die Zusammensetzung regelt dieses auch als Tr\u00e4gerkonferenz im Jugendamtsbezirk bezeichnete Gremium selbst (in einer Gesch\u00e4ftsordnung). Der JAEB ist zwar kein Tr\u00e4ger der Jugendhilfe, dennoch sollte er auch in der AG 78 vertreten sein. Schlie\u00dflich ist dem JAEB nach \u00a7 11 Abs. 2 KiBiz in allen wesentlichen Kita-Angelegenheiten Gelegenheit zur Mitwirkung zu geben.<\/p>\n\n\n\n<h2 class=\"has-vivid-cyan-blue-color has-text-color has-medium-font-size wp-block-heading\">Was tut die AG 78?<\/h2>\n\n\n\n<p>Die AG bietet die M\u00f6glichkeit zum direkten Austausch zwischen Tr\u00e4gern der Jugendhilfe. Eine wesentliche Aufgabe ist nat\u00fcrlich die Vorbereitung der Beschlussvorlagen f\u00fcr den Jugendhilfeausschuss. Ziel der AG ist es aber auch, darauf hinzuwirken, dass geplante Ma\u00dfnahmen und Ver\u00e4nderungen im Bereich &#8222;Kindertagesbetreuung&#8220; aufeinander abgestimmt werden und sich gegenseitig erg\u00e4nzen. In M\u00fcnster wurden in den vergangenen Jahren daneben noch zahlreiche Modellprojekte zu verschiedenen Themenbereichen entwickelt (Flexibilisierung der Betreuungszeiten, Sprachf\u00f6rderung, Extrazeit oder Schutz gegen Kindeswohlgef\u00e4hrdung).<\/p>\n\n\n\n<h2 class=\"has-vivid-cyan-blue-color has-text-color has-medium-font-size wp-block-heading\">Was tun wir in der AG 78?<\/h2>\n\n\n\n<p>In M\u00fcnster besteht mit der Teilnahme an der AG 78 die M\u00f6glichkeit f\u00fcr die Vertreterin\/den Vertreter des JAEB, sich mit den Entscheidungstr\u00e4gern in der Kindertagesbetreuung direkt auszutauschen sowie grunds\u00e4tzliche Anliegen der Eltern vorzubringen oder bei R\u00fcckfragen auf kurzem Wege Stellung zu nehmen. Die\/der Delegierte des JAEB M\u00fcnster wird zu den ca. alle 6 bis 8 Wochen stattfindenden Sitzungen der AG eingeladen, die in der Regel jeweils an einem Dienstag um 14.00 Uhr stattfindet. Die Gesch\u00e4ftsf\u00fchrung der Arbeitsgemeinschaft liegt immer beim Jugendamt, Sprecherin ist derzeit Frau Juliane Wieching von der &#8222;Outlaw GmbH&#8220;.<\/p>\n","protected":false},"excerpt":{"rendered":"<p>Was ist die AG 78? Das partnerschaftliche Miteinander \u00f6ffentlicher und freier Tr\u00e4ger ist konstitutioneller Bestandteil der Jugendhilfe. Das gilt selbstverst\u00e4ndlich auch f\u00fcr den Bereich der Kindertagesbetreuung. Regelm\u00e4\u00dfiger Austausch und Koordinierung [&hellip;]<\/p>\n","protected":false},"author":10,"featured_media":0,"parent":400,"menu_order":0,"comment_status":"closed","ping_status":"closed","template":"","meta":{"zakra_page_container_layout":"customizer","zakra_page_sidebar_layout":"customizer","zakra_remove_content_margin":false,"zakra_sidebar":"customizer","zakra_transparent_header":"customizer","zakra_logo":0,"zakra_main_header_style":"default","zakra_menu_item_color":"","zakra_menu_item_hover_color":"","zakra_menu_item_active_color":"","zakra_menu_active_style":"","zakra_page_header":true,"footnotes":""},"class_list":["post-1555","page","type-page","status-publish","hentry"],"post_mailing_queue_ids":[],"_links":{"self":[{"href":"https:\/\/www.muenster.org\/jaeb\/wp-json\/wp\/v2\/pages\/1555","targetHints":{"allow":["GET"]}}],"collection":[{"href":"https:\/\/www.muenster.org\/jaeb\/wp-json\/wp\/v2\/pages"}],"about":[{"href":"https:\/\/www.muenster.org\/jaeb\/wp-json\/wp\/v2\/types\/page"}],"author":[{"embeddable":true,"href":"https:\/\/www.muenster.org\/jaeb\/wp-json\/wp\/v2\/users\/10"}],"replies":[{"embeddable":true,"href":"https:\/\/www.muenster.org\/jaeb\/wp-json\/wp\/v2\/comments?post=1555"}],"version-history":[{"count":4,"href":"https:\/\/www.muenster.org\/jaeb\/wp-json\/wp\/v2\/pages\/1555\/revisions"}],"predecessor-version":[{"id":1842,"href":"https:\/\/www.muenster.org\/jaeb\/wp-json\/wp\/v2\/pages\/1555\/revisions\/1842"}],"up":[{"embeddable":true,"href":"https:\/\/www.muenster.org\/jaeb\/wp-json\/wp\/v2\/pages\/400"}],"wp:attachment":[{"href":"https:\/\/www.muenster.org\/jaeb\/wp-json\/wp\/v2\/media?parent=1555"}],"curies":[{"name":"wp","href":"https:\/\/api.w.org\/{rel}","templated":true}]}}