{"id":1162,"date":"2021-03-29T13:26:22","date_gmt":"2021-03-29T11:26:22","guid":{"rendered":"https:\/\/www.muenster.org\/jaeb\/?page_id=1162"},"modified":"2021-09-28T18:01:11","modified_gmt":"2021-09-28T16:01:11","slug":"rueckblick","status":"publish","type":"page","link":"https:\/\/www.muenster.org\/jaeb\/ueber-uns\/rueckblick\/","title":{"rendered":"R\u00fcckblick"},"content":{"rendered":"\n<h2 class=\"has-vivid-cyan-blue-color has-text-color has-medium-font-size wp-block-heading\"><a href=\"https:\/\/www.muenster.org\/jaeb\/rueckblick\/aktionen\/\">Aktionen<\/a><\/h2>\n\n\n\n<p>Hier findet ihr einen \u00dcberblick \u00fcber unsere zahlreichen und interessanten Aktionen.<\/p>\n\n\n\n<h2 class=\"has-vivid-cyan-blue-color has-text-color has-medium-font-size wp-block-heading\"><a href=\"https:\/\/www.muenster.org\/jaeb\/rueckblick\/pressespiegel\/\">Pressespiegel<\/a><\/h2>\n\n\n\n<p>Eine Auswahl der Pressestimmen zum JAEB M\u00fcnster.<\/p>\n","protected":false},"excerpt":{"rendered":"<p>Aktionen Hier findet ihr einen \u00dcberblick \u00fcber unsere zahlreichen und interessanten Aktionen. Pressespiegel Eine Auswahl der Pressestimmen zum JAEB M\u00fcnster.<\/p>\n","protected":false},"author":3,"featured_media":0,"parent":1078,"menu_order":0,"comment_status":"closed","ping_status":"closed","template":"","meta":{"zakra_page_container_layout":"customizer","zakra_page_sidebar_layout":"customizer","zakra_remove_content_margin":false,"zakra_sidebar":"customizer","zakra_transparent_header":"customizer","zakra_logo":0,"zakra_main_header_style":"default","zakra_menu_item_color":"","zakra_menu_item_hover_color":"","zakra_menu_item_active_color":"","zakra_menu_active_style":"","zakra_page_header":true,"footnotes":""},"class_list":["post-1162","page","type-page","status-publish","hentry"],"post_mailing_queue_ids":[],"_links":{"self":[{"href":"https:\/\/www.muenster.org\/jaeb\/wp-json\/wp\/v2\/pages\/1162","targetHints":{"allow":["GET"]}}],"collection":[{"href":"https:\/\/www.muenster.org\/jaeb\/wp-json\/wp\/v2\/pages"}],"about":[{"href":"https:\/\/www.muenster.org\/jaeb\/wp-json\/wp\/v2\/types\/page"}],"author":[{"embeddable":true,"href":"https:\/\/www.muenster.org\/jaeb\/wp-json\/wp\/v2\/users\/3"}],"replies":[{"embeddable":true,"href":"https:\/\/www.muenster.org\/jaeb\/wp-json\/wp\/v2\/comments?post=1162"}],"version-history":[{"count":2,"href":"https:\/\/www.muenster.org\/jaeb\/wp-json\/wp\/v2\/pages\/1162\/revisions"}],"predecessor-version":[{"id":1975,"href":"https:\/\/www.muenster.org\/jaeb\/wp-json\/wp\/v2\/pages\/1162\/revisions\/1975"}],"up":[{"embeddable":true,"href":"https:\/\/www.muenster.org\/jaeb\/wp-json\/wp\/v2\/pages\/1078"}],"wp:attachment":[{"href":"https:\/\/www.muenster.org\/jaeb\/wp-json\/wp\/v2\/media?parent=1162"}],"curies":[{"name":"wp","href":"https:\/\/api.w.org\/{rel}","templated":true}]}}