{"id":1078,"date":"2021-03-21T15:00:47","date_gmt":"2021-03-21T14:00:47","guid":{"rendered":"https:\/\/www.muenster.org\/jaeb\/?page_id=1078"},"modified":"2021-06-07T13:10:20","modified_gmt":"2021-06-07T11:10:20","slug":"ueber-uns","status":"publish","type":"page","link":"https:\/\/www.muenster.org\/jaeb\/ueber-uns\/","title":{"rendered":"\u00dcber uns"},"content":{"rendered":"\n<p>Als Stimme der Kita-Eltern \u00fcbernimmt der JAEB seit 2011 eine wichtige Mitwirkungsfunktion in der kommunalen Familienpolitik. Die rechtlichen Grundlagen hierf\u00fcr wurden zuvor durch die Neufassung des Kinderbildungsgesetzes des Landes NRW geschaffen. Die Elternvertretung auf Stadtebene unterst\u00fctzt die Elternbeir\u00e4te in den Einrichtungen und steht im Austausch mit Jugendhilfe, Tr\u00e4gern und Politik. Wichtige Themen sind die Kitaplatz- und Bedarfsplanung, die bessere Vereinbarkeit von Familie und Beruf, ein transparentes und gerechtes Anmeldeverfahren, fr\u00fchkindliche Bildung sowie die Qualit\u00e4tssicherung.<\/p>\n","protected":false},"excerpt":{"rendered":"<p>Als Stimme der Kita-Eltern \u00fcbernimmt der JAEB seit 2011 eine wichtige Mitwirkungsfunktion in der kommunalen Familienpolitik. Die rechtlichen Grundlagen hierf\u00fcr wurden zuvor durch die Neufassung des Kinderbildungsgesetzes des Landes NRW [&hellip;]<\/p>\n","protected":false},"author":3,"featured_media":0,"parent":0,"menu_order":0,"comment_status":"closed","ping_status":"closed","template":"","meta":{"zakra_page_container_layout":"centered","zakra_page_sidebar_layout":"no_sidebar","zakra_remove_content_margin":false,"zakra_sidebar":"customizer","zakra_transparent_header":"customizer","zakra_logo":0,"zakra_main_header_style":"default","zakra_menu_item_color":"","zakra_menu_item_hover_color":"","zakra_menu_item_active_color":"","zakra_menu_active_style":"","zakra_page_header":true,"footnotes":""},"class_list":["post-1078","page","type-page","status-publish","hentry"],"post_mailing_queue_ids":[],"_links":{"self":[{"href":"https:\/\/www.muenster.org\/jaeb\/wp-json\/wp\/v2\/pages\/1078","targetHints":{"allow":["GET"]}}],"collection":[{"href":"https:\/\/www.muenster.org\/jaeb\/wp-json\/wp\/v2\/pages"}],"about":[{"href":"https:\/\/www.muenster.org\/jaeb\/wp-json\/wp\/v2\/types\/page"}],"author":[{"embeddable":true,"href":"https:\/\/www.muenster.org\/jaeb\/wp-json\/wp\/v2\/users\/3"}],"replies":[{"embeddable":true,"href":"https:\/\/www.muenster.org\/jaeb\/wp-json\/wp\/v2\/comments?post=1078"}],"version-history":[{"count":5,"href":"https:\/\/www.muenster.org\/jaeb\/wp-json\/wp\/v2\/pages\/1078\/revisions"}],"predecessor-version":[{"id":1835,"href":"https:\/\/www.muenster.org\/jaeb\/wp-json\/wp\/v2\/pages\/1078\/revisions\/1835"}],"wp:attachment":[{"href":"https:\/\/www.muenster.org\/jaeb\/wp-json\/wp\/v2\/media?parent=1078"}],"curies":[{"name":"wp","href":"https:\/\/api.w.org\/{rel}","templated":true}]}}