{"id":683,"date":"2021-02-03T11:29:19","date_gmt":"2021-02-03T10:29:19","guid":{"rendered":"http:\/\/www.muenster.org\/gvc-schule\/?page_id=683"},"modified":"2021-02-03T11:29:20","modified_gmt":"2021-02-03T10:29:20","slug":"vertretung","status":"publish","type":"page","link":"https:\/\/www.muenster.org\/gvc-schule\/vertretung\/","title":{"rendered":"Vertretung"},"content":{"rendered":"\n<p>F\u00fcr den Fall der Abwesenheit von Lehrkr\u00e4ften wird deren Vertretung durch das  Vertretungskonzept geregelt.<\/p>\n\n\n\n<p>Gr\u00fcnde f\u00fcr die Abwesenheit von Lehrkr\u00e4ften k\u00f6nnen sein:<\/p>\n\n\n\n<ul class=\"wp-block-list\"><li>Erkrankung<\/li><li>Fortbildung<\/li><li>schulisch bedingte Abwesenheit (z.B. Klassenausflug, Klassenfahrt)<\/li><li>Abordnung zu dienstlichen Verpflichtungen (z.B. Moderatorent\u00e4tigkeit)<\/li><li>Beurlaubung oder Unterrichtsbefreiung aus pers\u00f6nlichen Gr\u00fcnden<\/li><li>Ausgleich von Mehrarbeit<\/li><\/ul>\n\n\n\n<p>Die verantwortungsvolle Kooperation aller Lehrkr\u00e4fte gemeinsam mit dem Team in der Nachmittagsbetreuung und eine verl\u00e4ssliche Information der Elternvertretung der betroffenen Klassen bei l\u00e4ngerfristiger Erkrankung stellt im Vertretungsfall eine m\u00f6glichst st\u00f6rungsfreie Arbeit in der Schule sicher.<\/p>\n\n\n\n<p>Die im Folgenden aufgef\u00fchrten Eckpunkte des Vertretungskonzeptes beschreiben Grunds\u00e4tze f\u00fcr Vertretungsregelungen, wobei jede Vertretungsma\u00dfnahme flexibel gehandhabt und der jeweiligen Situation angepasst wird.<\/p>\n\n\n\n<p>Der Vertretungsplan ist darauf ausgerichtet, so wenig Unterricht wie m\u00f6glich ausfallen zu lassen und den Vertretungsunterricht p\u00e4dagogisch sinnvoll zu gestalten. Lehrerstunden im Nachmittag werden nach M\u00f6glichkeit direkt durch Kollegen vertreten. Daf\u00fcr h\u00e4ngt am Vertretungsplan eine Liste aller Kollegen mit priorisierten Tagen, an denen spontan eingesprungen werden kann. Sollte dies ad hoc nicht gelingen, werden die Stunden zu einem sp\u00e4teren Zeitpunkt in Absprache mit der Koordinatorin des Offenen Ganztags nachgeholt.<\/p>\n\n\n\n<p>Bei unvorhergesehenen Ad-hoc-Vertretungsf\u00e4llen werden die Kinder am ersten Tag stundenplanm\u00e4\u00dfig versorgt. Dieses kann geschehen durch &#8211; nach M\u00f6glichkeit in dieser Reihenfolge &#8211;&nbsp;<\/p>\n\n\n\n<ul class=\"wp-block-list\"><li>Vertretung im Rahmen der zur Verf\u00fcgung stehenden Stunden (Einsatz von Lehrkr\u00e4ften aus Doppelbesetzung, Lehramtsanw\u00e4rter\/-innen im Rahmen des BDU)<\/li><li>stundenweise Zusammenlegung (z.B. Sportunterricht)<\/li><li>Aufteilen von Klassen<\/li><li>Ausfall von DaZ\/ sonderp\u00e4dagogischer Unterst\u00fctzung *<\/li><\/ul>\n\n\n\n<p>angeordnete Mehrarbeit und Schulleitungsstunden nach R\u00fccksprache.<\/p>\n\n\n\n<p><em>* Aufgaben der DaZ-Kraft und der Sonderp\u00e4dagogen sind nur qualitativ m\u00f6glich, wenn regelm\u00e4\u00dfige Arbeit stattfindet (in Anlehnung an F\u00f6rderpl\u00e4ne). Sonderp\u00e4dagogen k\u00f6nnen in Klassen mit ihren F\u00f6rderkindern in den gesetzten Stunden kurzfristig Vertretung \u00fcbernehmen. R\u00fccksprache \u00fcber die Dauer muss umgehend mit der Sonderp\u00e4dagogin erfolgen.<\/em><\/p>\n\n\n\n<p><em>Der Ausfall von DaZ\/ sonderp\u00e4dagogischer F\u00f6rderung soll nur im Extremfall stattfinden und muss individuell gekl\u00e4rt werden.<\/em><\/p>\n\n\n\n<p>Dauert die Vertretungssituation l\u00e4nger an, werden die Eltern der betroffenen Kinder schriftlich \u00fcber den Vertretungsplan informiert. Alle Vertretungspl\u00e4ne sind auch f\u00fcr BMB\/OGS transparent.<\/p>\n\n\n\n<p>Wenn Unterrichtsausfall unvermeidlich ist, fallen zun\u00e4chst Stunden f\u00fcr zus\u00e4tzliche Ma\u00dfnahmen aus, um die Unterrichtsgrundversorgung sicherzustellen. Das bedeutet, dass bei langzeitigen Vertretungsf\u00e4llen gepr\u00fcft wird, inwieweit AGs, F\u00f6rderstunden etc. zugunsten der Grundversorgung vor\u00fcbergehend ausfallen k\u00f6nnen. Die Eltern werden informiert, wenn ein Kind fr\u00fcher nach Hause kommt. Die Betreuung findet immer wie gewohnt statt.<\/p>\n\n\n\n<p>Bei unvermeidlichem Unterrichtsausfall wird der Unterricht zur Nachteilsvermeidung m\u00f6glichst gleichm\u00e4\u00dfig in allen Klassen gek\u00fcrzt.<\/p>\n","protected":false},"excerpt":{"rendered":"<p>F\u00fcr den Fall der Abwesenheit von Lehrkr\u00e4ften wird deren Vertretung durch das Vertretungskonzept geregelt. Gr\u00fcnde f\u00fcr die Abwesenheit von Lehrkr\u00e4ften k\u00f6nnen sein: Erkrankung Fortbildung schulisch bedingte Abwesenheit (z.B. Klassenausflug, Klassenfahrt) Abordnung zu dienstlichen Verpflichtungen (z.B. Moderatorent\u00e4tigkeit) Beurlaubung oder Unterrichtsbefreiung aus pers\u00f6nlichen Gr\u00fcnden Ausgleich von Mehrarbeit Die verantwortungsvolle Kooperation aller Lehrkr\u00e4fte gemeinsam mit dem Team in [&hellip;]<\/p>\n","protected":false},"author":1,"featured_media":0,"parent":0,"menu_order":0,"comment_status":"closed","ping_status":"closed","template":"","meta":{"_uag_custom_page_level_css":"","site-sidebar-layout":"default","site-content-layout":"default","ast-site-content-layout":"default","site-content-style":"default","site-sidebar-style":"default","ast-global-header-display":"","ast-banner-title-visibility":"","ast-main-header-display":"","ast-hfb-above-header-display":"","ast-hfb-below-header-display":"","ast-hfb-mobile-header-display":"","site-post-title":"","ast-breadcrumbs-content":"","ast-featured-img":"","footer-sml-layout":"","theme-transparent-header-meta":"default","adv-header-id-meta":"","stick-header-meta":"","header-above-stick-meta":"","header-main-stick-meta":"","header-below-stick-meta":"","astra-migrate-meta-layouts":"default","ast-page-background-enabled":"default","ast-page-background-meta":{"desktop":{"background-color":"","background-image":"","background-repeat":"repeat","background-position":"center center","background-size":"auto","background-attachment":"scroll","background-type":"","background-media":"","overlay-type":"","overlay-color":"","overlay-opacity":"","overlay-gradient":""},"tablet":{"background-color":"","background-image":"","background-repeat":"repeat","background-position":"center center","background-size":"auto","background-attachment":"scroll","background-type":"","background-media":"","overlay-type":"","overlay-color":"","overlay-opacity":"","overlay-gradient":""},"mobile":{"background-color":"","background-image":"","background-repeat":"repeat","background-position":"center center","background-size":"auto","background-attachment":"scroll","background-type":"","background-media":"","overlay-type":"","overlay-color":"","overlay-opacity":"","overlay-gradient":""}},"ast-content-background-meta":{"desktop":{"background-color":"var(--ast-global-color-5)","background-image":"","background-repeat":"repeat","background-position":"center center","background-size":"auto","background-attachment":"scroll","background-type":"","background-media":"","overlay-type":"","overlay-color":"","overlay-opacity":"","overlay-gradient":""},"tablet":{"background-color":"var(--ast-global-color-5)","background-image":"","background-repeat":"repeat","background-position":"center center","background-size":"auto","background-attachment":"scroll","background-type":"","background-media":"","overlay-type":"","overlay-color":"","overlay-opacity":"","overlay-gradient":""},"mobile":{"background-color":"var(--ast-global-color-5)","background-image":"","background-repeat":"repeat","background-position":"center center","background-size":"auto","background-attachment":"scroll","background-type":"","background-media":"","overlay-type":"","overlay-color":"","overlay-opacity":"","overlay-gradient":""}},"footnotes":""},"class_list":["post-683","page","type-page","status-publish","hentry"],"uagb_featured_image_src":{"full":false,"thumbnail":false,"medium":false,"medium_large":false,"large":false,"wpsm_team_pro_small":false,"wpsm_team_pro_small3":false,"wpsm_team_pro_small4":false,"wpsm_team_pro_small5":false,"wpsm_team_pro_small6":false,"1536x1536":false,"2048x2048":false},"uagb_author_info":{"display_name":"gvc","author_link":"https:\/\/www.muenster.org\/gvc-schule\/author\/gvc\/"},"uagb_comment_info":0,"uagb_excerpt":"F\u00fcr den Fall der Abwesenheit von Lehrkr\u00e4ften wird deren Vertretung durch das Vertretungskonzept geregelt. Gr\u00fcnde f\u00fcr die Abwesenheit von Lehrkr\u00e4ften k\u00f6nnen sein: Erkrankung Fortbildung schulisch bedingte Abwesenheit (z.B. Klassenausflug, Klassenfahrt) Abordnung zu dienstlichen Verpflichtungen (z.B. Moderatorent\u00e4tigkeit) Beurlaubung oder Unterrichtsbefreiung aus pers\u00f6nlichen Gr\u00fcnden Ausgleich von Mehrarbeit Die verantwortungsvolle Kooperation aller Lehrkr\u00e4fte gemeinsam mit dem Team in&hellip;","_links":{"self":[{"href":"https:\/\/www.muenster.org\/gvc-schule\/wp-json\/wp\/v2\/pages\/683","targetHints":{"allow":["GET"]}}],"collection":[{"href":"https:\/\/www.muenster.org\/gvc-schule\/wp-json\/wp\/v2\/pages"}],"about":[{"href":"https:\/\/www.muenster.org\/gvc-schule\/wp-json\/wp\/v2\/types\/page"}],"author":[{"embeddable":true,"href":"https:\/\/www.muenster.org\/gvc-schule\/wp-json\/wp\/v2\/users\/1"}],"replies":[{"embeddable":true,"href":"https:\/\/www.muenster.org\/gvc-schule\/wp-json\/wp\/v2\/comments?post=683"}],"version-history":[{"count":1,"href":"https:\/\/www.muenster.org\/gvc-schule\/wp-json\/wp\/v2\/pages\/683\/revisions"}],"predecessor-version":[{"id":686,"href":"https:\/\/www.muenster.org\/gvc-schule\/wp-json\/wp\/v2\/pages\/683\/revisions\/686"}],"wp:attachment":[{"href":"https:\/\/www.muenster.org\/gvc-schule\/wp-json\/wp\/v2\/media?parent=683"}],"curies":[{"name":"wp","href":"https:\/\/api.w.org\/{rel}","templated":true}]}}