{"id":642,"date":"2021-02-02T08:38:03","date_gmt":"2021-02-02T07:38:03","guid":{"rendered":"http:\/\/www.muenster.org\/gvc-schule\/?page_id=642"},"modified":"2023-09-09T12:36:06","modified_gmt":"2023-09-09T10:36:06","slug":"schulanmeldung","status":"publish","type":"page","link":"https:\/\/www.muenster.org\/gvc-schule\/schulanmeldung\/","title":{"rendered":"Schulanmeldung"},"content":{"rendered":"\n<h2 class=\"wp-block-heading\">\u00dcbersicht des Ablaufs<\/h2>\n\n\n\n<p class=\"has-text-align-center\"><mark style=\"background-color:#ffea9f\" class=\"has-inline-color\"><span style=\"text-decoration: underline;\">Wichtig:<\/span><br>Die <strong>aktualisierten Daten und Zeiten<\/strong> f\u00fcr Informationsabend, Tag der offenen T\u00fcr sowie Schulanmeldung<\/mark><br><mark style=\"background-color:#ffea9f\" class=\"has-inline-color\"><strong>entnehmen Sie bitte <a href=\"https:\/\/www.muenster.org\/gvc-schule\/termine\/\" data-type=\"page\" data-id=\"2016\">unserem Terminkalender<\/a><\/strong>.<\/mark><\/p>\n\n\n\n<div class=\"wp-block-uagb-content-timeline uagb-timeline__outer-wrap uagb-block-894ebc65-2eba-46af-b699-641db29184b3 uagb-timeline__content-wrap uagb-timeline__center-block  uagb-timeline__arrow-center uagb-timeline\">\n<article class=\"wp-block-uagb-content-timeline-child uagb-timeline__field uagb-timeline-child-e0e84d09-d857-44e9-a868-d2fdd244abd1 uagb-timeline__right\"><div class=\"uagb-timeline__marker out-view-uagb-timeline__icon\"><svg xmlns=\"https:\/\/www.w3.org\/2000\/svg\" viewBox=\"0 0 448 512\"><path d=\"M160 32V64H288V32C288 14.33 302.3 0 320 0C337.7 0 352 14.33 352 32V64H400C426.5 64 448 85.49 448 112V160H0V112C0 85.49 21.49 64 48 64H96V32C96 14.33 110.3 0 128 0C145.7 0 160 14.33 160 32zM0 192H448V464C448 490.5 426.5 512 400 512H48C21.49 512 0 490.5 0 464V192zM64 304C64 312.8 71.16 320 80 320H112C120.8 320 128 312.8 128 304V272C128 263.2 120.8 256 112 256H80C71.16 256 64 263.2 64 272V304zM192 304C192 312.8 199.2 320 208 320H240C248.8 320 256 312.8 256 304V272C256 263.2 248.8 256 240 256H208C199.2 256 192 263.2 192 272V304zM336 256C327.2 256 320 263.2 320 272V304C320 312.8 327.2 320 336 320H368C376.8 320 384 312.8 384 304V272C384 263.2 376.8 256 368 256H336zM64 432C64 440.8 71.16 448 80 448H112C120.8 448 128 440.8 128 432V400C128 391.2 120.8 384 112 384H80C71.16 384 64 391.2 64 400V432zM208 384C199.2 384 192 391.2 192 400V432C192 440.8 199.2 448 208 448H240C248.8 448 256 440.8 256 432V400C256 391.2 248.8 384 240 384H208zM320 432C320 440.8 327.2 448 336 448H368C376.8 448 384 440.8 384 432V400C384 391.2 376.8 384 368 384H336C327.2 384 320 391.2 320 400V432z\"><\/path><\/svg><\/div><div class=\"uagb-timeline__day-new uagb-timeline__day-right uagb-timeline__events-inner-new\"><div class=\"uagb-timeline__events-inner--content\"><h4 class=\"uagb-timeline__heading\">Informationsabend f\u00fcr Eltern<\/h4><p class=\"uagb-timeline-desc-content\">An diesem Abend informieren wir \u00fcber das Anmeldeverfahren und das Leben an unserer Schule.<br><br>Der \u00dcbergang vom Kindergarten in die Schule ist ein wichtiger Schritt f\u00fcr Ihr Kind. Nutzen Sie diese Gelegenheit, um eine gute Entscheidung treffen zu k\u00f6nnen.<\/p><div class=\"uagb-timeline__arrow\"><\/div><\/div><\/div><div class=\"uagb-timeline__date-new\"><\/div><\/article>\n\n\n\n<article class=\"wp-block-uagb-content-timeline-child uagb-timeline__field uagb-timeline-child-35165414-6742-4bb0-b6b6-d70332c5c0b2 uagb-timeline__left\"><div class=\"uagb-timeline__marker out-view-uagb-timeline__icon\"><svg xmlns=\"https:\/\/www.w3.org\/2000\/svg\" viewBox=\"0 0 448 512\"><path d=\"M160 32V64H288V32C288 14.33 302.3 0 320 0C337.7 0 352 14.33 352 32V64H400C426.5 64 448 85.49 448 112V160H0V112C0 85.49 21.49 64 48 64H96V32C96 14.33 110.3 0 128 0C145.7 0 160 14.33 160 32zM0 192H448V464C448 490.5 426.5 512 400 512H48C21.49 512 0 490.5 0 464V192zM64 304C64 312.8 71.16 320 80 320H112C120.8 320 128 312.8 128 304V272C128 263.2 120.8 256 112 256H80C71.16 256 64 263.2 64 272V304zM192 304C192 312.8 199.2 320 208 320H240C248.8 320 256 312.8 256 304V272C256 263.2 248.8 256 240 256H208C199.2 256 192 263.2 192 272V304zM336 256C327.2 256 320 263.2 320 272V304C320 312.8 327.2 320 336 320H368C376.8 320 384 312.8 384 304V272C384 263.2 376.8 256 368 256H336zM64 432C64 440.8 71.16 448 80 448H112C120.8 448 128 440.8 128 432V400C128 391.2 120.8 384 112 384H80C71.16 384 64 391.2 64 400V432zM208 384C199.2 384 192 391.2 192 400V432C192 440.8 199.2 448 208 448H240C248.8 448 256 440.8 256 432V400C256 391.2 248.8 384 240 384H208zM320 432C320 440.8 327.2 448 336 448H368C376.8 448 384 440.8 384 432V400C384 391.2 376.8 384 368 384H336C327.2 384 320 391.2 320 400V432z\"><\/path><\/svg><\/div><div class=\"uagb-timeline__day-new uagb-timeline__day-left uagb-timeline__events-inner-new\"><div class=\"uagb-timeline__events-inner--content\"><h4 class=\"uagb-timeline__heading\">Tag der offenen T\u00fcr<\/h4><p class=\"uagb-timeline-desc-content\">Der Tag der offenen T\u00fcr findet im Herbst vor der Schulanmeldung statt. Hier haben Sie und Ihr Kind die Gelegenheit, die Schule, Lehrkr\u00e4fte und Mitarbeiter kennenzulernen. <\/p><div class=\"uagb-timeline__arrow\"><\/div><\/div><\/div><div class=\"uagb-timeline__date-new\"><\/div><\/article>\n\n\n\n<article class=\"wp-block-uagb-content-timeline-child uagb-timeline__field uagb-timeline-child-003657f4-a7d2-41b2-a1f5-4418cb53fba0 uagb-timeline__right\"><div class=\"uagb-timeline__marker out-view-uagb-timeline__icon\"><svg xmlns=\"https:\/\/www.w3.org\/2000\/svg\" viewBox=\"0 0 448 512\"><path d=\"M160 32V64H288V32C288 14.33 302.3 0 320 0C337.7 0 352 14.33 352 32V64H400C426.5 64 448 85.49 448 112V160H0V112C0 85.49 21.49 64 48 64H96V32C96 14.33 110.3 0 128 0C145.7 0 160 14.33 160 32zM0 192H448V464C448 490.5 426.5 512 400 512H48C21.49 512 0 490.5 0 464V192zM64 304C64 312.8 71.16 320 80 320H112C120.8 320 128 312.8 128 304V272C128 263.2 120.8 256 112 256H80C71.16 256 64 263.2 64 272V304zM192 304C192 312.8 199.2 320 208 320H240C248.8 320 256 312.8 256 304V272C256 263.2 248.8 256 240 256H208C199.2 256 192 263.2 192 272V304zM336 256C327.2 256 320 263.2 320 272V304C320 312.8 327.2 320 336 320H368C376.8 320 384 312.8 384 304V272C384 263.2 376.8 256 368 256H336zM64 432C64 440.8 71.16 448 80 448H112C120.8 448 128 440.8 128 432V400C128 391.2 120.8 384 112 384H80C71.16 384 64 391.2 64 400V432zM208 384C199.2 384 192 391.2 192 400V432C192 440.8 199.2 448 208 448H240C248.8 448 256 440.8 256 432V400C256 391.2 248.8 384 240 384H208zM320 432C320 440.8 327.2 448 336 448H368C376.8 448 384 440.8 384 432V400C384 391.2 376.8 384 368 384H336C327.2 384 320 391.2 320 400V432z\"><\/path><\/svg><\/div><div class=\"uagb-timeline__day-new uagb-timeline__day-right uagb-timeline__events-inner-new\"><div class=\"uagb-timeline__events-inner--content\"><h4 class=\"uagb-timeline__heading\">Anmeldung<\/h4><p class=\"uagb-timeline-desc-content\"><strong>Bitte vereinbaren Sie telefonisch einen Anmeldetermin<\/strong> im daf\u00fcr vorgesehenen Zeitfenster (laut <a href=\"https:\/\/www.muenster.org\/gvc-schule\/termine\/\" data-type=\"page\" data-id=\"2016\">Terminkalender<\/a>, i.d.R. im November).<br><br>Bringen Sie zur Anmeldung das <strong>Familienstammbuch<\/strong>, <br>den <strong>Anmeldebogen<\/strong> (von beiden sorgeberechtigten Elternteilen unterschriebenen) und nat\u00fcrlich <strong>Ihr Kind<\/strong> mit.<br><br>Die Dauer der Anmeldung betr\u00e4gt ca. 45 Minuten (evtl. zzgl. Wartezeit), in denen Ihr Kind kleine Aufgaben erledigen darf, mit Ihnen ein Gespr\u00e4ch gef\u00fchrt wird und die schriftlichen Unterlagen ausgef\u00fcllt werden.<\/p><div class=\"uagb-timeline__arrow\"><\/div><\/div><\/div><div class=\"uagb-timeline__date-new\"><\/div><\/article>\n<div class=\"uagb-timeline__line\"><div class=\"uagb-timeline__line__inner\"><\/div><\/div><\/div>\n\n\n\n<p>In Nordrhein-Westfalen wird jedes Kind, das bis zum Beginn des 30. September das sechste Lebensjahr vollendet hat, zum 1. August des gleichen Jahres schulpflichtig. Alle Kinder, die am 1. Oktober oder sp\u00e4ter sechs Jahre alt werden, sind erst im folgenden Kalenderjahr schulpflichtig.<\/p>\n\n\n\n<p>Bis zum 15. November eines Jahres m\u00fcssen alle Kinder angemeldet sein, die im folgenden Jahr schulpflichtig sind. Wenn ein Kind schulpflichtig wird, erhalten die Eltern etwa zehn bis elf Monate vor Schulbeginn ein Schreiben vom Schulverwaltungsamt Ihrer Stadt oder Gemeinde. Darin werden sie gebeten, ihr Kind an einer Grundschule anzumelden. Eltern sollten ihr Kind zur Anmeldung mitnehmen. Es lernt auf diesem Wege \u201eseine\u201c Schule wieder ein wenig n\u00e4her kennen. Die Anmeldung zur Grundschule bedeutet noch nicht automatisch, dass ein Kind auch wirklich aufgenommen ist. \u00dcber die tats\u00e4chliche Aufnahme in die Schule entscheidet die Schulleiterin oder der Schulleiter nach Abschluss des Anmeldeverfahrens. Kann die Schule nicht alle angemeldeten Kinder aufnehmen, findet ein Auswahlverfahren gem\u00e4\u00df \u00a7 1 der Ausbildungsordnung Grundschule (AO-GS) statt.<\/p>\n\n\n\n<p><a href=\"https:\/\/www.schulministerium.nrw.de\/themen\/schulsystem\/schulformen\/grundschule\/anmeldung-zur-grundschule\">https:\/\/www.schulministerium.nrw.de\/themen\/schulsystem\/schulformen\/grundschule\/anmeldung-zur-grundschule<\/a><\/p>\n\n\n\n<h3 class=\"wp-block-heading has-light-green-cyan-background-color has-background\">Grundschulen<\/h3>\n\n\n\n<p>In der Stadt M\u00fcnster gibt es evangelische, katholische und Gemeinschaftsgrundschulen in st\u00e4dtischer Tr\u00e4gerschaft. Die meisten Grundschulen und F\u00f6rderschulen sind (offene) Ganztagsschulen. Daneben gibt es Schulen in freier Tr\u00e4gerschaft: die Montessorischule und die Waldorfschule.<\/p>\n\n\n\n<h4 class=\"wp-block-heading\">\u00dcbergang Kindergarten &#8211; Schule<\/h4>\n\n\n\n<p>Beim \u00dcbergang in die Grundschule beraten Sie die Kinderg\u00e4rten, die Kindertagesst\u00e4tten und die Grundschulen. Auch im Amt f\u00fcr Schule und Weiterbildung werden Ihre Fragen beantwortet.<\/p>\n\n\n\n<p>Informationen f\u00fcr Eltern, deren Kinder eingeschult werden, gibt es regelm\u00e4\u00dfig im Rahmen der Veranstaltung &#8222;Mein Kind kommt in die Schule&#8220; in der Schulpsychologischen Beratungsstelle.<\/p>\n\n\n\n<p>Wenn Sie Fragen zur Entwicklung Ihres Kindes haben, wenden Sie sich an die Beratungsstelle f\u00fcr Entwicklungsfragen im Kindes- und Jugendalter im Gesundheitsamt.<\/p>\n\n\n\n<ul class=\"wp-block-list\">\n<li><a href=\"https:\/\/www.stadt-muenster.de\/schulamt\/schulpsychologische-beratungsstelle\" class=\"\">Zur Seite der Schulpsychologischen Beratungsstelle<\/a><\/li>\n\n\n\n<li><a href=\"https:\/\/www.stadt-muenster.de\/gesundheit\/startseite.html\" target=\"_blank\" class=\"\" rel=\"noreferrer noopener\">Zur Homepage des Gesundheitsamtes<\/a><\/li>\n<\/ul>\n\n\n\n<h4 class=\"wp-block-heading\">Schulpflicht<\/h4>\n\n\n\n<p>Die Schulpflicht beginnt f\u00fcr Kinder, die bis einschlie\u00dflich 30. September eines Jahres sechs Jahre alt werden, am 1. August desselben Jahres (\u00a7 35 Schulgesetz NW &#8211; SchulG NW).<br>Die nach \u00a7\u00a7 34 ff SchulG NW bestehende Schulpflicht wird von der Stadt M\u00fcnster \u00fcberwacht. Schulpflichtverletzungen werden von den Schulen gemeldet und ordnungsrechtlich verfolgt.<br><br><\/p>\n\n\n\n<p><strong>Schuleingangsphase<\/strong><\/p>\n\n\n\n<p>Die Schuleingangsphase ist eine Einheit der Klassen 1 und 2. Ihr Ziel ist, alle schulpflichtigen Kinder eines Jahrgangs in die Grundschule aufzunehmen und sie dem Grad ihrer individuellen Entwicklung entsprechend zu f\u00f6rdern. Gleichaltrige Kinder sind in ihrer Entwicklung unterschiedlich. Sie lernen unterschiedlich schnell, unterschiedlich viel und ben\u00f6tigen daf\u00fcr unterschiedliche Lernwege und Lernstrategien. Die Schuleingangsphase kann deshalb in einem Jahr, in zwei oder in drei Jahren durchlaufen werden. Erst im Verlauf des zweiten Schulbesuchsjahres wird entschieden, ob ein Kind f\u00fcr ein drittes Jahr in der Schuleingangsphase bleibt. Unabh\u00e4ngig von der individuellen Verweildauer erwerben alle Sch\u00fclerinnen und Sch\u00fcler in der Schuleingangsphase tragf\u00e4hige Grundlagen f\u00fcr das weitere Lernen in den Klassen 3 und 4.<br><\/p>\n\n\n\n<p><strong>Vorzeitige Einschulung<\/strong><\/p>\n\n\n\n<p>Eltern, die die Einschulung ihres Kindes w\u00fcnschen, das nach dem Einschulungsstichtag, dem 30. September, geboren ist, k\u00f6nnen einen formlosen Antrag an die Grundschule richten. Die Schulleitung entscheidet nach eingehender Beratung mit den Eltern \u00fcber die Aufnahme des Kindes. Als Entscheidungshilfe kann die Schulleitung ein schul\u00e4rztliches oder im Einzelfall auch ein schulpsychologisches Gutachten heranziehen. Eine Aufnahme ist immer dann m\u00f6glich, wenn erwartet werden kann, dass das Kind erfolgreich in der Schule mitarbeiten wird. Eine Altersbegrenzung nach unten besteht dabei in Nordrhein-Westfalen nicht.<\/p>\n\n\n\n<p><strong>Zur\u00fcckstellung vom Schulbesuch<\/strong><\/p>\n\n\n\n<p>Schulpflichtige Kinder k\u00f6nnen aus erheblichen gesundheitlichen Gr\u00fcnden f\u00fcr ein Jahr zur\u00fcckgestellt werden. Bei der Anmeldung werden die Eltern aufgefordert, im Anmeldebogen anzugeben, ob eine Zur\u00fcckstellung beantragt wird. Die Entscheidung trifft die Schulleiterin oder der Schulleiter auf der Grundlage des schul\u00e4rztlichen Gutachtens.<\/p>\n\n\n\n<h4 class=\"wp-block-heading\">Schulwahl<\/h4>\n\n\n\n<p>Eltern k\u00f6nnen ihr Kind in jeder Grundschule in der Stadt M\u00fcnster anmelden.<br>Daneben k\u00f6nnen die Eltern ihre Kinder an der freien Waldorfschule oder der Montessorischule anmelden.<\/p>\n\n\n\n<h4 class=\"wp-block-heading\">Schulanmeldung<\/h4>\n\n\n\n<p>Die Anmeldung an den Grundschulen findet immer im Oktober\/November des Jahres vor der Einschulung statt. Das Amt f\u00fcr Schule und Weiterbildung informiert die Eltern der schulpflichtigen Kinder per Brief \u00fcber die Anmeldetermine.<br><br>Die Grundschulen veranstalten f\u00fcr interessierte Eltern Tage der Offenen T\u00fcr. Die Termine geben die Kinderg\u00e4rten und Tagesst\u00e4tten und das Amt f\u00fcr Schule und Weiterbildung auf der Startseite dieser Homepage jeweils aktuell bekannt. Das Kind kann immer nur an einer Grundschule angemeldet werden.<\/p>\n\n\n\n<p>F\u00fcr die Anmeldung werden die Geburtsurkunde des Kindes oder das Familienstammbuch und der Personalausweis der Eltern bzw. eine Meldebescheinigung ben\u00f6tigt. Nach dem Infektionsschutzgesetz m\u00fcssen Schulkinder \u00fcber einen ausreichenden <strong>Masernschutz<\/strong> verf\u00fcgen.<br>Dieser Masernschutz ist durch Vorlage des Originalimpfausweises oder eines \u00e4rztlichen Zeugnisses zur Masernimmunit\u00e4t des Kindes oder zu medizinischen Gr\u00fcnden, aus denen das Kind nicht gegen Masern geimpft werden kann, nachzuweisen.<\/p>\n\n\n\n<p>Die Stadt M\u00fcnster als Schultr\u00e4ger hat f\u00fcr jede einzelne Grundschule die H\u00f6chstzahl der zu bildenden Eingangsklassen festgelegt. Wird der Unterricht an einer Schule jahrgangs\u00fcbergreifend erteilt, gelten alle Klassen, in denen Schulanf\u00e4nger jahrgangs\u00fcbergreifend unterrichtet werden, als Eingangsklassen. Diese Bestimmung wurde bei der Festlegung der Anzahl der Eingangsklassen durch die Stadt M\u00fcnster ber\u00fccksichtigt. Wie viele Kinder maximal pro Klasse aufgenommen werden k\u00f6nnen (maximale Klassenst\u00e4rke), h\u00e4ngt von der festgelegten Anzahl der Eingangsklassen der jeweiligen Grundschule ab:<\/p>\n\n\n\n<ul class=\"wp-block-list\">\n<li>Eine Eingangsklasse: bis zu 29 Kinder<\/li>\n\n\n\n<li>Zwei Eingangsklassen: 30 bis 56 Kinder<\/li>\n\n\n\n<li>Drei Eingangsklassen: 57 bis 81 Kinder<\/li>\n\n\n\n<li>Vier Eingangsklassen: 82 bis 104 Kinder<\/li>\n\n\n\n<li>F\u00fcnf Eingangsklassen: 105 bis 125 Kinder<\/li>\n<\/ul>\n\n\n\n<p>F\u00fcr den Fall, dass mehr Schulanf\u00e4nger\/innen an einer Grundschule angemeldet werden, als aufgenommen werden k\u00f6nnen, haben vorrangig die Kinder einen Anspruch auf Aufnahme in die Schule, f\u00fcr die es die n\u00e4chstgelegene Grundschule der gew\u00fcnschten Schulart (Katholische-, Evangelische- oder Gemeinschaftsgrundschule) ist. Im Rahmen dann noch freier Kapazit\u00e4ten wird von den Schulleitungen nach bestimmten Kriterien die Aufnahmeentscheidung getroffen. Sollte Ihr Kind an der von Ihnen gew\u00fcnschten Grundschule nicht aufgenommen werden k\u00f6nnen, werden Sie von der Schule, an der Sie Ihr Kind angemeldet haben, informiert und beraten.<br><br>Auf Antrag k\u00f6nnen auch j\u00fcngere Kinder eingeschult werden. Informationen dazu finden Sie oben unter: Schulpflicht &#8211; Vorzeitige Einschulung<\/p>\n\n\n\n<p><strong>Wenn Sie bei uns angemeldet haben und aufgenommen wurden finden folgen Aktionen vor Schuleintritt bei uns statt:<\/strong><\/p>\n\n\n\n<ul class=\"wp-block-list\">\n<li>Kooperatives Spielefest<\/li>\n\n\n\n<li>Hospitation in der Gottfried-von-Cappenberg-Schule<\/li>\n\n\n\n<li>Elternabend vor den Sommerferien mit Infos zur Klasseneinteilung und zum Ablauf der ersten Schulmonate\n<ul class=\"wp-block-list\">\n<li><\/li>\n<\/ul>\n<\/li>\n\n\n\n<li>Elternabend innerhalb der ersten sechs Schulwochen und Elternsprechtag im November oder nach Bedarf <\/li>\n<\/ul>\n\n\n\n<ul class=\"wp-block-list\">\n<li><\/li>\n<\/ul>\n\n\n\n<h4 class=\"wp-block-heading has-light-green-cyan-background-color has-background\">\u00dcbergang in weiterf\u00fchrende Schulen<\/h4>\n\n\n\n<p class=\"has-medium-font-size\">Einschulung<\/p>\n\n\n\n<p>Nach Ende der Grundschulzeit (Klasse 1-4) beginnt die Schulpflicht der Sekundarstufe I. Mit dem Halbjahreszeugnis der Klasse 4 erhalten die Eltern eine Empfehlung f\u00fcr eine Schulform &#8211; f\u00fcr die Hauptschule, die Realschule oder f\u00fcr das Gymnasium sowie f\u00fcr die Gesamtschule und die Sekundarschule.<\/p>\n\n\n\n<p>Diese Schulformempfehlung ist f\u00fcr die Eltern jedoch nicht verbindlich. Das hei\u00dft, die Eltern melden nach Beratung durch die aufnehmende Schule ihr Kind bei der Schulform ihrer Wahl an.<\/p>\n\n\n\n<p>Bei der Anmeldung sind die Geburtsurkunde oder das Familienstammbuch, das letzte Zeugnis der Grundschule sowie ein Anmeldeformular, das die Grundschulen mit den Halbjahreszeugnissen ausgeben, vorzulegen. Sofern das Kind eine Grundschule au\u00dferhalb der Stadt M\u00fcnster besucht und an einer weiterf\u00fchrenden Schule in M\u00fcnster angemeldet werden soll, erhalten Sie das Anmeldeformular im Sekretariat der neuen Schule.<\/p>\n\n\n\n<p>Sollten an den st\u00e4dtischen Schulen mehr Sch\u00fclerinnen und Sch\u00fcler angemeldet werden, als in den Eingangsklassen aufgenommen werden k\u00f6nnen, legt die Schulleitung der betroffenen Schule bei der Entscheidung \u00fcber die Aufnahme die nachstehenden Kriterien in der angegebenen Reihenfolge zugrunde:<\/p>\n\n\n\n<ol class=\"wp-block-list\">\n<li>vorrangig aufgenommen werden Geschwisterkinder<\/li>\n\n\n\n<li>in den Gesamtschulen Ber\u00fccksichtigung von Sch\u00fclerinnen und Sch\u00fclern unterschiedlicher Leistungsf\u00e4higkeit (Leistungsheterogenit\u00e4t)<\/li>\n\n\n\n<li>Losverfahren<\/li>\n<\/ol>\n\n\n\n<p>Sollte der vorrangige Schulwunsch nicht erf\u00fcllt werden k\u00f6nnen, werden die betroffenen Eltern von der Schulleiterin bzw. dem Schulleiter der weiterf\u00fchrenden Schule bei der das Kind angemeldet ist, informiert und beraten.<\/p>\n\n\n\n<p><a href=\"https:\/\/www.stadt-muenster.de\/schulamt\/schule-in-muenster\/schulformen\/grundschule\">https:\/\/www.stadt-muenster.de\/schulamt\/schule-in-muenster\/schulformen\/grundschule<\/a><\/p>\n","protected":false},"excerpt":{"rendered":"<p>\u00dcbersicht des Ablaufs Wichtig:Die aktualisierten Daten und Zeiten f\u00fcr Informationsabend, Tag der offenen T\u00fcr sowie Schulanmeldungentnehmen Sie bitte unserem Terminkalender. In Nordrhein-Westfalen wird jedes Kind, das bis zum Beginn des 30. September das sechste Lebensjahr vollendet hat, zum 1. August des gleichen Jahres schulpflichtig. Alle Kinder, die am 1. Oktober oder sp\u00e4ter sechs Jahre alt [&hellip;]<\/p>\n","protected":false},"author":1,"featured_media":0,"parent":0,"menu_order":0,"comment_status":"closed","ping_status":"closed","template":"","meta":{"_uag_custom_page_level_css":"","site-sidebar-layout":"default","site-content-layout":"default","ast-site-content-layout":"default","site-content-style":"default","site-sidebar-style":"default","ast-global-header-display":"","ast-banner-title-visibility":"","ast-main-header-display":"","ast-hfb-above-header-display":"","ast-hfb-below-header-display":"","ast-hfb-mobile-header-display":"","site-post-title":"","ast-breadcrumbs-content":"","ast-featured-img":"","footer-sml-layout":"","theme-transparent-header-meta":"default","adv-header-id-meta":"","stick-header-meta":"","header-above-stick-meta":"","header-main-stick-meta":"","header-below-stick-meta":"","astra-migrate-meta-layouts":"set","ast-page-background-enabled":"default","ast-page-background-meta":{"desktop":{"background-color":"","background-image":"","background-repeat":"repeat","background-position":"center center","background-size":"auto","background-attachment":"scroll","background-type":"","background-media":"","overlay-type":"","overlay-color":"","overlay-opacity":"","overlay-gradient":""},"tablet":{"background-color":"","background-image":"","background-repeat":"repeat","background-position":"center center","background-size":"auto","background-attachment":"scroll","background-type":"","background-media":"","overlay-type":"","overlay-color":"","overlay-opacity":"","overlay-gradient":""},"mobile":{"background-color":"","background-image":"","background-repeat":"repeat","background-position":"center center","background-size":"auto","background-attachment":"scroll","background-type":"","background-media":"","overlay-type":"","overlay-color":"","overlay-opacity":"","overlay-gradient":""}},"ast-content-background-meta":{"desktop":{"background-color":"var(--ast-global-color-5)","background-image":"","background-repeat":"repeat","background-position":"center center","background-size":"auto","background-attachment":"scroll","background-type":"","background-media":"","overlay-type":"","overlay-color":"","overlay-opacity":"","overlay-gradient":""},"tablet":{"background-color":"var(--ast-global-color-5)","background-image":"","background-repeat":"repeat","background-position":"center center","background-size":"auto","background-attachment":"scroll","background-type":"","background-media":"","overlay-type":"","overlay-color":"","overlay-opacity":"","overlay-gradient":""},"mobile":{"background-color":"var(--ast-global-color-5)","background-image":"","background-repeat":"repeat","background-position":"center center","background-size":"auto","background-attachment":"scroll","background-type":"","background-media":"","overlay-type":"","overlay-color":"","overlay-opacity":"","overlay-gradient":""}},"footnotes":""},"class_list":["post-642","page","type-page","status-publish","hentry"],"uagb_featured_image_src":{"full":false,"thumbnail":false,"medium":false,"medium_large":false,"large":false,"wpsm_team_pro_small":false,"wpsm_team_pro_small3":false,"wpsm_team_pro_small4":false,"wpsm_team_pro_small5":false,"wpsm_team_pro_small6":false,"1536x1536":false,"2048x2048":false},"uagb_author_info":{"display_name":"gvc","author_link":"https:\/\/www.muenster.org\/gvc-schule\/author\/gvc\/"},"uagb_comment_info":0,"uagb_excerpt":"\u00dcbersicht des Ablaufs Wichtig:Die aktualisierten Daten und Zeiten f\u00fcr Informationsabend, Tag der offenen T\u00fcr sowie Schulanmeldungentnehmen Sie bitte unserem Terminkalender. In Nordrhein-Westfalen wird jedes Kind, das bis zum Beginn des 30. September das sechste Lebensjahr vollendet hat, zum 1. August des gleichen Jahres schulpflichtig. Alle Kinder, die am 1. Oktober oder sp\u00e4ter sechs Jahre alt&hellip;","_links":{"self":[{"href":"https:\/\/www.muenster.org\/gvc-schule\/wp-json\/wp\/v2\/pages\/642","targetHints":{"allow":["GET"]}}],"collection":[{"href":"https:\/\/www.muenster.org\/gvc-schule\/wp-json\/wp\/v2\/pages"}],"about":[{"href":"https:\/\/www.muenster.org\/gvc-schule\/wp-json\/wp\/v2\/types\/page"}],"author":[{"embeddable":true,"href":"https:\/\/www.muenster.org\/gvc-schule\/wp-json\/wp\/v2\/users\/1"}],"replies":[{"embeddable":true,"href":"https:\/\/www.muenster.org\/gvc-schule\/wp-json\/wp\/v2\/comments?post=642"}],"version-history":[{"count":30,"href":"https:\/\/www.muenster.org\/gvc-schule\/wp-json\/wp\/v2\/pages\/642\/revisions"}],"predecessor-version":[{"id":2509,"href":"https:\/\/www.muenster.org\/gvc-schule\/wp-json\/wp\/v2\/pages\/642\/revisions\/2509"}],"wp:attachment":[{"href":"https:\/\/www.muenster.org\/gvc-schule\/wp-json\/wp\/v2\/media?parent=642"}],"curies":[{"name":"wp","href":"https:\/\/api.w.org\/{rel}","templated":true}]}}