{"id":2743,"date":"2024-03-07T20:28:56","date_gmt":"2024-03-07T19:28:56","guid":{"rendered":"https:\/\/www.muenster.org\/gvc-schule\/?page_id=2743"},"modified":"2024-04-07T20:51:45","modified_gmt":"2024-04-07T18:51:45","slug":"pausenhelfer","status":"publish","type":"page","link":"https:\/\/www.muenster.org\/gvc-schule\/pausenhelfer\/","title":{"rendered":"Pausenhilfe"},"content":{"rendered":"\n<p>33 Viertkl\u00e4ssler haben sich zur Aufgabe gemacht, die Aufsicht in den gro\u00dfen Pausen zu unterst\u00fctzen. Die Pausenhilfe setzt sich aktiv f\u00fcr ein friedliches und harmonisches Miteinander auf dem Schulhof ein, unterst\u00fctzen Sch\u00fcler*innen z.B. bei Streitigkeiten und Verletzungen, sie st\u00e4rken das Gemeinschaftsgef\u00fchl und k\u00fcmmern sich um den Umweltschutz.<\/p>\n\n\n\n<p>Gekennzeichnet mit einer Warnweste sind t\u00e4glich vier Pausenhelfer*innen in den beiden gro\u00dfen Pausen im Einsatz sein. Ein Zweier-Team unterst\u00fctzt die Aufsicht auf dem vorderen Schulhof, das andere Team im Garten. Ausgebildet, unterst\u00fctzt und begleitet wird das Team der Pausenhilfe von Frau M\u00fcnch.<\/p>\n","protected":false},"excerpt":{"rendered":"<p>33 Viertkl\u00e4ssler haben sich zur Aufgabe gemacht, die Aufsicht in den gro\u00dfen Pausen zu unterst\u00fctzen. Die Pausenhilfe setzt sich aktiv f\u00fcr ein friedliches und harmonisches Miteinander auf dem Schulhof ein, unterst\u00fctzen Sch\u00fcler*innen z.B. bei Streitigkeiten und Verletzungen, sie st\u00e4rken das Gemeinschaftsgef\u00fchl und k\u00fcmmern sich um den Umweltschutz. Gekennzeichnet mit einer Warnweste sind t\u00e4glich vier Pausenhelfer*innen [&hellip;]<\/p>\n","protected":false},"author":10,"featured_media":0,"parent":0,"menu_order":0,"comment_status":"closed","ping_status":"closed","template":"","meta":{"_uag_custom_page_level_css":"","site-sidebar-layout":"default","site-content-layout":"","ast-site-content-layout":"default","site-content-style":"default","site-sidebar-style":"default","ast-global-header-display":"","ast-banner-title-visibility":"","ast-main-header-display":"","ast-hfb-above-header-display":"","ast-hfb-below-header-display":"","ast-hfb-mobile-header-display":"","site-post-title":"","ast-breadcrumbs-content":"","ast-featured-img":"","footer-sml-layout":"","theme-transparent-header-meta":"","adv-header-id-meta":"","stick-header-meta":"","header-above-stick-meta":"","header-main-stick-meta":"","header-below-stick-meta":"","astra-migrate-meta-layouts":"set","ast-page-background-enabled":"default","ast-page-background-meta":{"desktop":{"background-color":"","background-image":"","background-repeat":"repeat","background-position":"center center","background-size":"auto","background-attachment":"scroll","background-type":"","background-media":"","overlay-type":"","overlay-color":"","overlay-opacity":"","overlay-gradient":""},"tablet":{"background-color":"","background-image":"","background-repeat":"repeat","background-position":"center center","background-size":"auto","background-attachment":"scroll","background-type":"","background-media":"","overlay-type":"","overlay-color":"","overlay-opacity":"","overlay-gradient":""},"mobile":{"background-color":"","background-image":"","background-repeat":"repeat","background-position":"center center","background-size":"auto","background-attachment":"scroll","background-type":"","background-media":"","overlay-type":"","overlay-color":"","overlay-opacity":"","overlay-gradient":""}},"ast-content-background-meta":{"desktop":{"background-color":"var(--ast-global-color-5)","background-image":"","background-repeat":"repeat","background-position":"center center","background-size":"auto","background-attachment":"scroll","background-type":"","background-media":"","overlay-type":"","overlay-color":"","overlay-opacity":"","overlay-gradient":""},"tablet":{"background-color":"var(--ast-global-color-5)","background-image":"","background-repeat":"repeat","background-position":"center center","background-size":"auto","background-attachment":"scroll","background-type":"","background-media":"","overlay-type":"","overlay-color":"","overlay-opacity":"","overlay-gradient":""},"mobile":{"background-color":"var(--ast-global-color-5)","background-image":"","background-repeat":"repeat","background-position":"center center","background-size":"auto","background-attachment":"scroll","background-type":"","background-media":"","overlay-type":"","overlay-color":"","overlay-opacity":"","overlay-gradient":""}},"footnotes":""},"class_list":["post-2743","page","type-page","status-publish","hentry"],"uagb_featured_image_src":{"full":false,"thumbnail":false,"medium":false,"medium_large":false,"large":false,"wpsm_team_pro_small":false,"wpsm_team_pro_small3":false,"wpsm_team_pro_small4":false,"wpsm_team_pro_small5":false,"wpsm_team_pro_small6":false,"1536x1536":false,"2048x2048":false},"uagb_author_info":{"display_name":"Martina Pascher","author_link":"https:\/\/www.muenster.org\/gvc-schule\/author\/martinapascheradmim\/"},"uagb_comment_info":0,"uagb_excerpt":"33 Viertkl\u00e4ssler haben sich zur Aufgabe gemacht, die Aufsicht in den gro\u00dfen Pausen zu unterst\u00fctzen. Die Pausenhilfe setzt sich aktiv f\u00fcr ein friedliches und harmonisches Miteinander auf dem Schulhof ein, unterst\u00fctzen Sch\u00fcler*innen z.B. bei Streitigkeiten und Verletzungen, sie st\u00e4rken das Gemeinschaftsgef\u00fchl und k\u00fcmmern sich um den Umweltschutz. Gekennzeichnet mit einer Warnweste sind t\u00e4glich vier Pausenhelfer*innen&hellip;","_links":{"self":[{"href":"https:\/\/www.muenster.org\/gvc-schule\/wp-json\/wp\/v2\/pages\/2743","targetHints":{"allow":["GET"]}}],"collection":[{"href":"https:\/\/www.muenster.org\/gvc-schule\/wp-json\/wp\/v2\/pages"}],"about":[{"href":"https:\/\/www.muenster.org\/gvc-schule\/wp-json\/wp\/v2\/types\/page"}],"author":[{"embeddable":true,"href":"https:\/\/www.muenster.org\/gvc-schule\/wp-json\/wp\/v2\/users\/10"}],"replies":[{"embeddable":true,"href":"https:\/\/www.muenster.org\/gvc-schule\/wp-json\/wp\/v2\/comments?post=2743"}],"version-history":[{"count":2,"href":"https:\/\/www.muenster.org\/gvc-schule\/wp-json\/wp\/v2\/pages\/2743\/revisions"}],"predecessor-version":[{"id":2842,"href":"https:\/\/www.muenster.org\/gvc-schule\/wp-json\/wp\/v2\/pages\/2743\/revisions\/2842"}],"wp:attachment":[{"href":"https:\/\/www.muenster.org\/gvc-schule\/wp-json\/wp\/v2\/media?parent=2743"}],"curies":[{"name":"wp","href":"https:\/\/api.w.org\/{rel}","templated":true}]}}